{"id":620,"date":"2024-03-05T08:15:05","date_gmt":"2024-03-05T11:15:05","guid":{"rendered":"https:\/\/wp.ufpel.edu.br\/projetov\/?page_id=620"},"modified":"2024-03-24T08:31:06","modified_gmt":"2024-03-24T11:31:06","slug":"2023-2","status":"publish","type":"page","link":"https:\/\/wp.ufpel.edu.br\/projetov\/2023-2\/","title":{"rendered":"2023-2"},"content":{"rendered":"<h1><strong>Tema: O.C.A.+NUGEN<\/strong><\/h1>\n<p><strong>Exposi\u00e7\u00e3o Projeto V em Processo 2024 &#8211; Pelotas\/RS\/Brasil<\/strong><\/p>\n<div style=\"width: 840px;\" class=\"wp-video\"><video class=\"wp-video-shortcode\" id=\"video-620-1\" width=\"840\" height=\"473\" preload=\"metadata\" controls=\"controls\"><source type=\"video\/mp4\" src=\"https:\/\/wp.ufpel.edu.br\/projetov\/files\/2024\/03\/PROJETO-V_2023_2-Vi\u0301deo.mp4?_=1\" \/><a href=\"https:\/\/wp.ufpel.edu.br\/projetov\/files\/2024\/03\/PROJETO-V_2023_2-Vi\u0301deo.mp4\">https:\/\/wp.ufpel.edu.br\/projetov\/files\/2024\/03\/PROJETO-V_2023_2-Vi\u0301deo.mp4<\/a><\/video><\/div>\n<p>&nbsp;<\/p>\n<p><b>CAMILA NICOLAO+<\/b><b>MANUELLA MARTINEZ<\/b><a href=\"https:\/\/drive.google.com\/file\/d\/1zk5wsiSxlecqo7U2RXXHiV43O_99ccyd\/view?usp=drive_link\"><img loading=\"lazy\" decoding=\"async\" class=\"alignnone wp-image-634 size-medium\" src=\"https:\/\/wp.ufpel.edu.br\/projetov\/files\/2024\/03\/capas_page-0004-400x283.jpg\" alt=\"\" width=\"400\" height=\"283\" srcset=\"https:\/\/wp.ufpel.edu.br\/projetov\/files\/2024\/03\/capas_page-0004-400x283.jpg 400w, https:\/\/wp.ufpel.edu.br\/projetov\/files\/2024\/03\/capas_page-0004-1024x724.jpg 1024w, https:\/\/wp.ufpel.edu.br\/projetov\/files\/2024\/03\/capas_page-0004-768x543.jpg 768w, https:\/\/wp.ufpel.edu.br\/projetov\/files\/2024\/03\/capas_page-0004-1536x1087.jpg 1536w, https:\/\/wp.ufpel.edu.br\/projetov\/files\/2024\/03\/capas_page-0004-1200x849.jpg 1200w, https:\/\/wp.ufpel.edu.br\/projetov\/files\/2024\/03\/capas_page-0004.jpg 1753w\" sizes=\"auto, (max-width: 400px) 85vw, 400px\" \/><\/a><\/p>\n<p><strong><b>VIN\u00cdCIUS VIDAL+MARIANA WARDELMANN<\/b><\/strong><a href=\"https:\/\/drive.google.com\/file\/d\/1e4PysGL_0kHKDw-KUQ3_XqLBz3hJgi1F\/view?usp=drive_link\"><img loading=\"lazy\" decoding=\"async\" class=\"alignnone wp-image-645 size-medium\" src=\"https:\/\/wp.ufpel.edu.br\/projetov\/files\/2024\/03\/capas_page-0015-400x283.jpg\" alt=\"\" width=\"400\" height=\"283\" srcset=\"https:\/\/wp.ufpel.edu.br\/projetov\/files\/2024\/03\/capas_page-0015-400x283.jpg 400w, https:\/\/wp.ufpel.edu.br\/projetov\/files\/2024\/03\/capas_page-0015-1024x724.jpg 1024w, https:\/\/wp.ufpel.edu.br\/projetov\/files\/2024\/03\/capas_page-0015-768x543.jpg 768w, https:\/\/wp.ufpel.edu.br\/projetov\/files\/2024\/03\/capas_page-0015-1536x1087.jpg 1536w, https:\/\/wp.ufpel.edu.br\/projetov\/files\/2024\/03\/capas_page-0015-1200x849.jpg 1200w, https:\/\/wp.ufpel.edu.br\/projetov\/files\/2024\/03\/capas_page-0015.jpg 1753w\" sizes=\"auto, (max-width: 400px) 85vw, 400px\" \/><\/a><\/p>\n<p><strong><b>JO\u00c3O PEDRO GRIEP+BRUNO EV+MURILO COSTA<\/b><\/strong><a href=\"https:\/\/drive.google.com\/file\/d\/1bCK7BFQM2cy5-eKN1cSl6-s2fHHUpH_e\/view?usp=drive_link\"><img loading=\"lazy\" decoding=\"async\" class=\"alignnone wp-image-641 size-medium\" src=\"https:\/\/wp.ufpel.edu.br\/projetov\/files\/2024\/03\/capas_page-0011-400x283.jpg\" alt=\"\" width=\"400\" height=\"283\" srcset=\"https:\/\/wp.ufpel.edu.br\/projetov\/files\/2024\/03\/capas_page-0011-400x283.jpg 400w, https:\/\/wp.ufpel.edu.br\/projetov\/files\/2024\/03\/capas_page-0011-1024x724.jpg 1024w, https:\/\/wp.ufpel.edu.br\/projetov\/files\/2024\/03\/capas_page-0011-768x543.jpg 768w, https:\/\/wp.ufpel.edu.br\/projetov\/files\/2024\/03\/capas_page-0011-1536x1087.jpg 1536w, https:\/\/wp.ufpel.edu.br\/projetov\/files\/2024\/03\/capas_page-0011-1200x849.jpg 1200w, https:\/\/wp.ufpel.edu.br\/projetov\/files\/2024\/03\/capas_page-0011.jpg 1753w\" sizes=\"auto, (max-width: 400px) 85vw, 400px\" \/><\/a><\/p>\n<p><b>MATHEUS KEIDANN+NAT\u00c1LIA QUINTAS<\/b><a href=\"https:\/\/drive.google.com\/file\/d\/1YqF8p3r37t9FxUlTqBYnANFJteH6KYDd\/view?usp=drive_link\"><img loading=\"lazy\" decoding=\"async\" class=\"alignnone wp-image-635 size-medium\" src=\"https:\/\/wp.ufpel.edu.br\/projetov\/files\/2024\/03\/capas_page-0005-400x283.jpg\" alt=\"\" width=\"400\" height=\"283\" srcset=\"https:\/\/wp.ufpel.edu.br\/projetov\/files\/2024\/03\/capas_page-0005-400x283.jpg 400w, https:\/\/wp.ufpel.edu.br\/projetov\/files\/2024\/03\/capas_page-0005-1024x724.jpg 1024w, https:\/\/wp.ufpel.edu.br\/projetov\/files\/2024\/03\/capas_page-0005-768x543.jpg 768w, https:\/\/wp.ufpel.edu.br\/projetov\/files\/2024\/03\/capas_page-0005-1536x1087.jpg 1536w, https:\/\/wp.ufpel.edu.br\/projetov\/files\/2024\/03\/capas_page-0005-1200x849.jpg 1200w, https:\/\/wp.ufpel.edu.br\/projetov\/files\/2024\/03\/capas_page-0005.jpg 1753w\" sizes=\"auto, (max-width: 400px) 85vw, 400px\" \/><\/a><\/p>\n<p><b>NATHALIA MALTZAHN+VAL\u00c9RIA MENDON\u00c7A<\/b><a href=\"https:\/\/drive.google.com\/file\/d\/1dLThvqtECTzef8NZIm5MK2n9LmbHY7Tj\/view?usp=drive_link\"><img loading=\"lazy\" decoding=\"async\" class=\"alignnone wp-image-642 size-medium\" src=\"https:\/\/wp.ufpel.edu.br\/projetov\/files\/2024\/03\/capas_page-0012-400x283.jpg\" alt=\"\" width=\"400\" height=\"283\" srcset=\"https:\/\/wp.ufpel.edu.br\/projetov\/files\/2024\/03\/capas_page-0012-400x283.jpg 400w, https:\/\/wp.ufpel.edu.br\/projetov\/files\/2024\/03\/capas_page-0012-1024x724.jpg 1024w, https:\/\/wp.ufpel.edu.br\/projetov\/files\/2024\/03\/capas_page-0012-768x543.jpg 768w, https:\/\/wp.ufpel.edu.br\/projetov\/files\/2024\/03\/capas_page-0012-1536x1087.jpg 1536w, https:\/\/wp.ufpel.edu.br\/projetov\/files\/2024\/03\/capas_page-0012-1200x849.jpg 1200w, https:\/\/wp.ufpel.edu.br\/projetov\/files\/2024\/03\/capas_page-0012.jpg 1753w\" sizes=\"auto, (max-width: 400px) 85vw, 400px\" \/><\/a><\/p>\n<p><b>AGNES RAMOS+ALEXSANDRA <\/b><b>DE LOS SANTOS<\/b><a href=\"https:\/\/drive.google.com\/file\/d\/1pBeP9aYuK5ZdB7_aW5tfiyStG9TDgKPy\/view?usp=drive_link\"><img loading=\"lazy\" decoding=\"async\" class=\"alignnone wp-image-633 size-medium\" src=\"https:\/\/wp.ufpel.edu.br\/projetov\/files\/2024\/03\/capas_page-0003-400x283.jpg\" alt=\"\" width=\"400\" height=\"283\" srcset=\"https:\/\/wp.ufpel.edu.br\/projetov\/files\/2024\/03\/capas_page-0003-400x283.jpg 400w, https:\/\/wp.ufpel.edu.br\/projetov\/files\/2024\/03\/capas_page-0003-1024x724.jpg 1024w, https:\/\/wp.ufpel.edu.br\/projetov\/files\/2024\/03\/capas_page-0003-768x543.jpg 768w, https:\/\/wp.ufpel.edu.br\/projetov\/files\/2024\/03\/capas_page-0003-1536x1087.jpg 1536w, https:\/\/wp.ufpel.edu.br\/projetov\/files\/2024\/03\/capas_page-0003-1200x849.jpg 1200w, https:\/\/wp.ufpel.edu.br\/projetov\/files\/2024\/03\/capas_page-0003.jpg 1753w\" sizes=\"auto, (max-width: 400px) 85vw, 400px\" \/><\/a><\/p>\n<p><b>LARISSA MESQUITA+N\u00c1TALIN PUCINELLI+RA\u00cdSSA FLORES<\/b><a href=\"https:\/\/drive.google.com\/file\/d\/1vPX0_FTDg33h4qFD92rjcgD2hypR39vX\/view?usp=drive_link\"><img loading=\"lazy\" decoding=\"async\" class=\"alignnone wp-image-636 size-medium\" src=\"https:\/\/wp.ufpel.edu.br\/projetov\/files\/2024\/03\/capas_page-0006-400x283.jpg\" alt=\"\" width=\"400\" height=\"283\" srcset=\"https:\/\/wp.ufpel.edu.br\/projetov\/files\/2024\/03\/capas_page-0006-400x283.jpg 400w, https:\/\/wp.ufpel.edu.br\/projetov\/files\/2024\/03\/capas_page-0006-1024x724.jpg 1024w, https:\/\/wp.ufpel.edu.br\/projetov\/files\/2024\/03\/capas_page-0006-768x543.jpg 768w, https:\/\/wp.ufpel.edu.br\/projetov\/files\/2024\/03\/capas_page-0006-1536x1087.jpg 1536w, https:\/\/wp.ufpel.edu.br\/projetov\/files\/2024\/03\/capas_page-0006-1200x849.jpg 1200w, https:\/\/wp.ufpel.edu.br\/projetov\/files\/2024\/03\/capas_page-0006.jpg 1753w\" sizes=\"auto, (max-width: 400px) 85vw, 400px\" \/><\/a><\/p>\n<p><b>LUIZA SACCO+LUCIANO PADILHA<\/b><a href=\"https:\/\/drive.google.com\/file\/d\/1rCYjysNvB-p6jHNW73lBMxU9KhRyBehf\/view?usp=drive_link\"><img loading=\"lazy\" decoding=\"async\" class=\"alignnone wp-image-639 size-medium\" src=\"https:\/\/wp.ufpel.edu.br\/projetov\/files\/2024\/03\/capas_page-0009-400x283.jpg\" alt=\"\" width=\"400\" height=\"283\" srcset=\"https:\/\/wp.ufpel.edu.br\/projetov\/files\/2024\/03\/capas_page-0009-400x283.jpg 400w, https:\/\/wp.ufpel.edu.br\/projetov\/files\/2024\/03\/capas_page-0009-1024x724.jpg 1024w, https:\/\/wp.ufpel.edu.br\/projetov\/files\/2024\/03\/capas_page-0009-768x543.jpg 768w, https:\/\/wp.ufpel.edu.br\/projetov\/files\/2024\/03\/capas_page-0009-1536x1087.jpg 1536w, https:\/\/wp.ufpel.edu.br\/projetov\/files\/2024\/03\/capas_page-0009-1200x849.jpg 1200w, https:\/\/wp.ufpel.edu.br\/projetov\/files\/2024\/03\/capas_page-0009.jpg 1753w\" sizes=\"auto, (max-width: 400px) 85vw, 400px\" \/><\/a><\/p>\n<p><b>ARTHUR SAMPAIO+JULIA CONEDERA<\/b><a href=\"https:\/\/drive.google.com\/file\/d\/1YDXzChWSN6Nhu-CX6cSOMuCZxLAfuaK5\/view?usp=drive_link\"><img loading=\"lazy\" decoding=\"async\" class=\"alignnone wp-image-640 size-medium\" src=\"https:\/\/wp.ufpel.edu.br\/projetov\/files\/2024\/03\/capas_page-0010-400x283.jpg\" alt=\"\" width=\"400\" height=\"283\" srcset=\"https:\/\/wp.ufpel.edu.br\/projetov\/files\/2024\/03\/capas_page-0010-400x283.jpg 400w, https:\/\/wp.ufpel.edu.br\/projetov\/files\/2024\/03\/capas_page-0010-1024x724.jpg 1024w, https:\/\/wp.ufpel.edu.br\/projetov\/files\/2024\/03\/capas_page-0010-768x543.jpg 768w, https:\/\/wp.ufpel.edu.br\/projetov\/files\/2024\/03\/capas_page-0010-1536x1087.jpg 1536w, https:\/\/wp.ufpel.edu.br\/projetov\/files\/2024\/03\/capas_page-0010-1200x849.jpg 1200w, https:\/\/wp.ufpel.edu.br\/projetov\/files\/2024\/03\/capas_page-0010.jpg 1753w\" sizes=\"auto, (max-width: 400px) 85vw, 400px\" \/><\/a><\/p>\n<p><b>ANTONIO ALVES+MARIA FERNANDA KAWANA<\/b><a href=\"https:\/\/drive.google.com\/file\/d\/1OEZ1QvYJhRaj2KArJr4g14ivhMVf9nyy\/view?usp=drive_link\"><img loading=\"lazy\" decoding=\"async\" class=\"alignnone wp-image-644 size-medium\" src=\"https:\/\/wp.ufpel.edu.br\/projetov\/files\/2024\/03\/capas_page-0014-400x283.jpg\" alt=\"\" width=\"400\" height=\"283\" srcset=\"https:\/\/wp.ufpel.edu.br\/projetov\/files\/2024\/03\/capas_page-0014-400x283.jpg 400w, https:\/\/wp.ufpel.edu.br\/projetov\/files\/2024\/03\/capas_page-0014-1024x724.jpg 1024w, https:\/\/wp.ufpel.edu.br\/projetov\/files\/2024\/03\/capas_page-0014-768x543.jpg 768w, https:\/\/wp.ufpel.edu.br\/projetov\/files\/2024\/03\/capas_page-0014-1536x1087.jpg 1536w, https:\/\/wp.ufpel.edu.br\/projetov\/files\/2024\/03\/capas_page-0014-1200x849.jpg 1200w, https:\/\/wp.ufpel.edu.br\/projetov\/files\/2024\/03\/capas_page-0014.jpg 1753w\" sizes=\"auto, (max-width: 400px) 85vw, 400px\" \/><\/a><\/p>\n<p><b>NIKOLE MACKEDANZ<\/b><a href=\"https:\/\/drive.google.com\/file\/d\/1o_-to7jky2q9-nOH3w_QtwQ88D97bTWj\/view?usp=drive_link\"><img loading=\"lazy\" decoding=\"async\" class=\"alignnone wp-image-638 size-medium\" src=\"https:\/\/wp.ufpel.edu.br\/projetov\/files\/2024\/03\/capas_page-0008-400x283.jpg\" alt=\"\" width=\"400\" height=\"283\" srcset=\"https:\/\/wp.ufpel.edu.br\/projetov\/files\/2024\/03\/capas_page-0008-400x283.jpg 400w, https:\/\/wp.ufpel.edu.br\/projetov\/files\/2024\/03\/capas_page-0008-1024x724.jpg 1024w, https:\/\/wp.ufpel.edu.br\/projetov\/files\/2024\/03\/capas_page-0008-768x543.jpg 768w, https:\/\/wp.ufpel.edu.br\/projetov\/files\/2024\/03\/capas_page-0008-1536x1087.jpg 1536w, https:\/\/wp.ufpel.edu.br\/projetov\/files\/2024\/03\/capas_page-0008-1200x849.jpg 1200w, https:\/\/wp.ufpel.edu.br\/projetov\/files\/2024\/03\/capas_page-0008.jpg 1753w\" sizes=\"auto, (max-width: 400px) 85vw, 400px\" \/><\/a><\/p>\n<p><b>ELISA AGUIAR<\/b><a href=\"https:\/\/drive.google.com\/file\/d\/1L6GKqNAUtdIAZ7YVeAVyi6VOUxk5JPQc\/view?usp=drive_link\"><img loading=\"lazy\" decoding=\"async\" class=\"alignnone wp-image-637 size-medium\" src=\"https:\/\/wp.ufpel.edu.br\/projetov\/files\/2024\/03\/capas_page-0007-400x283.jpg\" alt=\"\" width=\"400\" height=\"283\" srcset=\"https:\/\/wp.ufpel.edu.br\/projetov\/files\/2024\/03\/capas_page-0007-400x283.jpg 400w, https:\/\/wp.ufpel.edu.br\/projetov\/files\/2024\/03\/capas_page-0007-1024x724.jpg 1024w, https:\/\/wp.ufpel.edu.br\/projetov\/files\/2024\/03\/capas_page-0007-768x543.jpg 768w, https:\/\/wp.ufpel.edu.br\/projetov\/files\/2024\/03\/capas_page-0007-1536x1087.jpg 1536w, https:\/\/wp.ufpel.edu.br\/projetov\/files\/2024\/03\/capas_page-0007-1200x849.jpg 1200w, https:\/\/wp.ufpel.edu.br\/projetov\/files\/2024\/03\/capas_page-0007.jpg 1753w\" sizes=\"auto, (max-width: 400px) 85vw, 400px\" \/><\/a><\/p>\n<p><b>ALESSANDRA BORK+KAROLAEN ARMINDO<\/b><a href=\"https:\/\/drive.google.com\/file\/d\/1oG3f_i_gTzNxsdwEuaVmW4K7vn2B0SYF\/view?usp=drive_link\"><img loading=\"lazy\" decoding=\"async\" class=\"alignnone wp-image-632 size-medium\" src=\"https:\/\/wp.ufpel.edu.br\/projetov\/files\/2024\/03\/capas_page-0002-400x283.jpg\" alt=\"\" width=\"400\" height=\"283\" srcset=\"https:\/\/wp.ufpel.edu.br\/projetov\/files\/2024\/03\/capas_page-0002-400x283.jpg 400w, https:\/\/wp.ufpel.edu.br\/projetov\/files\/2024\/03\/capas_page-0002-1024x724.jpg 1024w, https:\/\/wp.ufpel.edu.br\/projetov\/files\/2024\/03\/capas_page-0002-768x543.jpg 768w, https:\/\/wp.ufpel.edu.br\/projetov\/files\/2024\/03\/capas_page-0002-1536x1087.jpg 1536w, https:\/\/wp.ufpel.edu.br\/projetov\/files\/2024\/03\/capas_page-0002-1200x849.jpg 1200w, https:\/\/wp.ufpel.edu.br\/projetov\/files\/2024\/03\/capas_page-0002.jpg 1753w\" sizes=\"auto, (max-width: 400px) 85vw, 400px\" \/><\/a><\/p>\n<p><b>EDUARDA RAMOS+ISADORA CAUMO<\/b><a href=\"https:\/\/drive.google.com\/file\/d\/1r5qplBWd-0gFi2COtL402oBxfZCYQnNd\/view?usp=drive_link\"><img loading=\"lazy\" decoding=\"async\" class=\"alignnone wp-image-631 size-medium\" src=\"https:\/\/wp.ufpel.edu.br\/projetov\/files\/2024\/03\/capas_page-0001-400x283.jpg\" alt=\"\" width=\"400\" height=\"283\" srcset=\"https:\/\/wp.ufpel.edu.br\/projetov\/files\/2024\/03\/capas_page-0001-400x283.jpg 400w, https:\/\/wp.ufpel.edu.br\/projetov\/files\/2024\/03\/capas_page-0001-1024x724.jpg 1024w, https:\/\/wp.ufpel.edu.br\/projetov\/files\/2024\/03\/capas_page-0001-768x543.jpg 768w, https:\/\/wp.ufpel.edu.br\/projetov\/files\/2024\/03\/capas_page-0001-1536x1087.jpg 1536w, https:\/\/wp.ufpel.edu.br\/projetov\/files\/2024\/03\/capas_page-0001-1200x849.jpg 1200w, https:\/\/wp.ufpel.edu.br\/projetov\/files\/2024\/03\/capas_page-0001.jpg 1753w\" sizes=\"auto, (max-width: 400px) 85vw, 400px\" \/><\/a><\/p>\n<p>&nbsp;<\/p>\n","protected":false},"excerpt":{"rendered":"<p>Tema: O.C.A.+NUGEN Exposi\u00e7\u00e3o Projeto V em Processo 2024 &#8211; Pelotas\/RS\/Brasil &nbsp; CAMILA NICOLAO+MANUELLA MARTINEZ VIN\u00cdCIUS VIDAL+MARIANA WARDELMANN JO\u00c3O PEDRO GRIEP+BRUNO EV+MURILO COSTA MATHEUS KEIDANN+NAT\u00c1LIA QUINTAS NATHALIA MALTZAHN+VAL\u00c9RIA MENDON\u00c7A AGNES RAMOS+ALEXSANDRA DE LOS SANTOS LARISSA MESQUITA+N\u00c1TALIN PUCINELLI+RA\u00cdSSA FLORES LUIZA SACCO+LUCIANO PADILHA ARTHUR SAMPAIO+JULIA CONEDERA ANTONIO ALVES+MARIA FERNANDA KAWANA NIKOLE MACKEDANZ ELISA AGUIAR ALESSANDRA BORK+KAROLAEN ARMINDO EDUARDA &hellip; <a href=\"https:\/\/wp.ufpel.edu.br\/projetov\/2023-2\/\" class=\"more-link\">Continue lendo<span class=\"screen-reader-text\"> &#8220;2023-2&#8221;<\/span><\/a><\/p>\n","protected":false},"author":868,"featured_media":0,"parent":0,"menu_order":0,"comment_status":"closed","ping_status":"closed","template":"","meta":{"footnotes":""},"class_list":["post-620","page","type-page","status-publish","hentry"],"_links":{"self":[{"href":"https:\/\/wp.ufpel.edu.br\/projetov\/wp-json\/wp\/v2\/pages\/620","targetHints":{"allow":["GET"]}}],"collection":[{"href":"https:\/\/wp.ufpel.edu.br\/projetov\/wp-json\/wp\/v2\/pages"}],"about":[{"href":"https:\/\/wp.ufpel.edu.br\/projetov\/wp-json\/wp\/v2\/types\/page"}],"author":[{"embeddable":true,"href":"https:\/\/wp.ufpel.edu.br\/projetov\/wp-json\/wp\/v2\/users\/868"}],"replies":[{"embeddable":true,"href":"https:\/\/wp.ufpel.edu.br\/projetov\/wp-json\/wp\/v2\/comments?post=620"}],"version-history":[{"count":36,"href":"https:\/\/wp.ufpel.edu.br\/projetov\/wp-json\/wp\/v2\/pages\/620\/revisions"}],"predecessor-version":[{"id":676,"href":"https:\/\/wp.ufpel.edu.br\/projetov\/wp-json\/wp\/v2\/pages\/620\/revisions\/676"}],"wp:attachment":[{"href":"https:\/\/wp.ufpel.edu.br\/projetov\/wp-json\/wp\/v2\/media?parent=620"}],"curies":[{"name":"wp","href":"https:\/\/api.w.org\/{rel}","templated":true}]}}