{"id":566,"date":"2023-09-30T07:38:52","date_gmt":"2023-09-30T10:38:52","guid":{"rendered":"https:\/\/wp.ufpel.edu.br\/projetov\/?page_id=566"},"modified":"2023-09-30T09:01:23","modified_gmt":"2023-09-30T12:01:23","slug":"2023-1","status":"publish","type":"page","link":"https:\/\/wp.ufpel.edu.br\/projetov\/2023-1\/","title":{"rendered":"2023-1"},"content":{"rendered":"<h1><strong>Tema: Velho-Novo REX Hotel<\/strong><\/h1>\n<p><strong>REX Hotel | Exposi\u00e7\u00e3o Dia do Patrim\u00f4nio 2023 &#8211; Pelotas\/RS\/Brasil<\/strong><\/p>\n<div style=\"width: 640px;\" class=\"wp-video\"><video class=\"wp-video-shortcode\" id=\"video-566-1\" width=\"640\" height=\"360\" preload=\"metadata\" controls=\"controls\"><source type=\"video\/mp4\" src=\"https:\/\/wp.ufpel.edu.br\/projetov\/files\/2023\/09\/REX_Helena-SD-480p.mp4?_=1\" \/><a href=\"https:\/\/wp.ufpel.edu.br\/projetov\/files\/2023\/09\/REX_Helena-SD-480p.mp4\">https:\/\/wp.ufpel.edu.br\/projetov\/files\/2023\/09\/REX_Helena-SD-480p.mp4<\/a><\/video><\/div>\n<div style=\"width: 640px;\" class=\"wp-video\"><video class=\"wp-video-shortcode\" id=\"video-566-2\" width=\"640\" height=\"360\" preload=\"metadata\" controls=\"controls\"><source type=\"video\/mp4\" src=\"https:\/\/wp.ufpel.edu.br\/projetov\/files\/2023\/08\/projeto_Vmini_-_SD_480p.mp4?_=2\" \/><a href=\"https:\/\/wp.ufpel.edu.br\/projetov\/files\/2023\/08\/projeto_Vmini_-_SD_480p.mp4\">https:\/\/wp.ufpel.edu.br\/projetov\/files\/2023\/08\/projeto_Vmini_-_SD_480p.mp4<\/a><\/video><\/div>\n<div style=\"width: 640px;\" class=\"wp-video\"><video class=\"wp-video-shortcode\" id=\"video-566-3\" width=\"640\" height=\"360\" preload=\"metadata\" controls=\"controls\"><source type=\"video\/mp4\" src=\"https:\/\/wp.ufpel.edu.br\/projetov\/files\/2023\/08\/teste.mp4?_=3\" \/><a href=\"https:\/\/wp.ufpel.edu.br\/projetov\/files\/2023\/08\/teste.mp4\">https:\/\/wp.ufpel.edu.br\/projetov\/files\/2023\/08\/teste.mp4<\/a><\/video><\/div>\n<p><strong>RAFAELA ETGES+ISABELLA\u00a0 DAL-RI<\/strong><a href=\"https:\/\/drive.google.com\/file\/d\/1m-_0QC3dNcNa6illql-kpWFNFSdNAmnu\/view?usp=drive_link\"><img loading=\"lazy\" decoding=\"async\" class=\"alignnone wp-image-578 size-medium\" src=\"https:\/\/wp.ufpel.edu.br\/projetov\/files\/2023\/09\/\u200eRAFAELA-ETGESISABELLA-DAL-RI.\u200e001-400x283.png\" alt=\"\" width=\"400\" height=\"283\" srcset=\"https:\/\/wp.ufpel.edu.br\/projetov\/files\/2023\/09\/\u200eRAFAELA-ETGESISABELLA-DAL-RI.\u200e001-400x283.png 400w, https:\/\/wp.ufpel.edu.br\/projetov\/files\/2023\/09\/\u200eRAFAELA-ETGESISABELLA-DAL-RI.\u200e001-1024x724.png 1024w, https:\/\/wp.ufpel.edu.br\/projetov\/files\/2023\/09\/\u200eRAFAELA-ETGESISABELLA-DAL-RI.\u200e001-768x543.png 768w, https:\/\/wp.ufpel.edu.br\/projetov\/files\/2023\/09\/\u200eRAFAELA-ETGESISABELLA-DAL-RI.\u200e001-1536x1086.png 1536w, https:\/\/wp.ufpel.edu.br\/projetov\/files\/2023\/09\/\u200eRAFAELA-ETGESISABELLA-DAL-RI.\u200e001-2048x1448.png 2048w, https:\/\/wp.ufpel.edu.br\/projetov\/files\/2023\/09\/\u200eRAFAELA-ETGESISABELLA-DAL-RI.\u200e001-1200x848.png 1200w\" sizes=\"auto, (max-width: 400px) 85vw, 400px\" \/><\/a><\/p>\n<p><strong>VALENTINA KAUL+ANANDHA DEWES<\/strong><a href=\"https:\/\/drive.google.com\/file\/d\/1rsyo96QOW137s_b1uRabQaS1BjNnBnML\/view?usp=drive_link\"><img loading=\"lazy\" decoding=\"async\" class=\"alignnone wp-image-580 size-medium\" src=\"https:\/\/wp.ufpel.edu.br\/projetov\/files\/2023\/09\/\u200eANANDHA-DEWESVALENTINA-KAUL.\u200e001-400x283.png\" alt=\"\" width=\"400\" height=\"283\" srcset=\"https:\/\/wp.ufpel.edu.br\/projetov\/files\/2023\/09\/\u200eANANDHA-DEWESVALENTINA-KAUL.\u200e001-400x283.png 400w, https:\/\/wp.ufpel.edu.br\/projetov\/files\/2023\/09\/\u200eANANDHA-DEWESVALENTINA-KAUL.\u200e001-1024x724.png 1024w, https:\/\/wp.ufpel.edu.br\/projetov\/files\/2023\/09\/\u200eANANDHA-DEWESVALENTINA-KAUL.\u200e001-768x543.png 768w, https:\/\/wp.ufpel.edu.br\/projetov\/files\/2023\/09\/\u200eANANDHA-DEWESVALENTINA-KAUL.\u200e001-1536x1086.png 1536w, https:\/\/wp.ufpel.edu.br\/projetov\/files\/2023\/09\/\u200eANANDHA-DEWESVALENTINA-KAUL.\u200e001-2048x1448.png 2048w, https:\/\/wp.ufpel.edu.br\/projetov\/files\/2023\/09\/\u200eANANDHA-DEWESVALENTINA-KAUL.\u200e001-1200x848.png 1200w\" sizes=\"auto, (max-width: 400px) 85vw, 400px\" \/><\/a><\/p>\n<p><strong>MARIA FERNANDA NETO+PAULA VENDRUSCULO<\/strong><a href=\"https:\/\/drive.google.com\/file\/d\/1D4L4XIf3UaOAuVTN3IhCYq1E0TzNZ1i4\/view?usp=drive_link\"><img loading=\"lazy\" decoding=\"async\" class=\"alignnone wp-image-582 size-medium\" src=\"https:\/\/wp.ufpel.edu.br\/projetov\/files\/2023\/09\/\u200eMARIA-FERNANDA-NETOPAULA-VENDRUSCULO.\u200e001-400x283.png\" alt=\"\" width=\"400\" height=\"283\" srcset=\"https:\/\/wp.ufpel.edu.br\/projetov\/files\/2023\/09\/\u200eMARIA-FERNANDA-NETOPAULA-VENDRUSCULO.\u200e001-400x283.png 400w, https:\/\/wp.ufpel.edu.br\/projetov\/files\/2023\/09\/\u200eMARIA-FERNANDA-NETOPAULA-VENDRUSCULO.\u200e001-1024x724.png 1024w, https:\/\/wp.ufpel.edu.br\/projetov\/files\/2023\/09\/\u200eMARIA-FERNANDA-NETOPAULA-VENDRUSCULO.\u200e001-768x543.png 768w, https:\/\/wp.ufpel.edu.br\/projetov\/files\/2023\/09\/\u200eMARIA-FERNANDA-NETOPAULA-VENDRUSCULO.\u200e001-1536x1086.png 1536w, https:\/\/wp.ufpel.edu.br\/projetov\/files\/2023\/09\/\u200eMARIA-FERNANDA-NETOPAULA-VENDRUSCULO.\u200e001-2048x1448.png 2048w, https:\/\/wp.ufpel.edu.br\/projetov\/files\/2023\/09\/\u200eMARIA-FERNANDA-NETOPAULA-VENDRUSCULO.\u200e001-1200x848.png 1200w\" sizes=\"auto, (max-width: 400px) 85vw, 400px\" \/><\/a><\/p>\n<p><strong>ANDERSON AFONSO+ANA LUIZA CASSALTA+FELIPE VILELA<\/strong><a href=\"https:\/\/drive.google.com\/file\/d\/1vWMjNoMNkX8cEyV-xtQnlbicjxx_DkBu\/view?usp=drive_link\"><img loading=\"lazy\" decoding=\"async\" class=\"alignnone wp-image-583 size-medium\" src=\"https:\/\/wp.ufpel.edu.br\/projetov\/files\/2023\/09\/\u200eANDERSON-AFONSOANA-LUIZA-CASSALTAFELIPE-VILELA.\u200e001-400x283.png\" alt=\"\" width=\"400\" height=\"283\" srcset=\"https:\/\/wp.ufpel.edu.br\/projetov\/files\/2023\/09\/\u200eANDERSON-AFONSOANA-LUIZA-CASSALTAFELIPE-VILELA.\u200e001-400x283.png 400w, https:\/\/wp.ufpel.edu.br\/projetov\/files\/2023\/09\/\u200eANDERSON-AFONSOANA-LUIZA-CASSALTAFELIPE-VILELA.\u200e001-1024x724.png 1024w, https:\/\/wp.ufpel.edu.br\/projetov\/files\/2023\/09\/\u200eANDERSON-AFONSOANA-LUIZA-CASSALTAFELIPE-VILELA.\u200e001-768x543.png 768w, https:\/\/wp.ufpel.edu.br\/projetov\/files\/2023\/09\/\u200eANDERSON-AFONSOANA-LUIZA-CASSALTAFELIPE-VILELA.\u200e001-1536x1086.png 1536w, https:\/\/wp.ufpel.edu.br\/projetov\/files\/2023\/09\/\u200eANDERSON-AFONSOANA-LUIZA-CASSALTAFELIPE-VILELA.\u200e001-2048x1448.png 2048w, https:\/\/wp.ufpel.edu.br\/projetov\/files\/2023\/09\/\u200eANDERSON-AFONSOANA-LUIZA-CASSALTAFELIPE-VILELA.\u200e001-1200x848.png 1200w\" sizes=\"auto, (max-width: 400px) 85vw, 400px\" \/><\/a><\/p>\n<p><strong>AMANDA COSTA+LETICIA DAMBROS<\/strong><a href=\"https:\/\/drive.google.com\/file\/d\/1ZHBo9v96x68E98r1PbzeI7nm9aJ6RRjs\/view?usp=drive_link\"><img loading=\"lazy\" decoding=\"async\" class=\"alignnone wp-image-585 size-medium\" src=\"https:\/\/wp.ufpel.edu.br\/projetov\/files\/2023\/09\/\u200eAMANDA-COSTALETICIA-DAMBROS.\u200e001-400x283.png\" alt=\"\" width=\"400\" height=\"283\" srcset=\"https:\/\/wp.ufpel.edu.br\/projetov\/files\/2023\/09\/\u200eAMANDA-COSTALETICIA-DAMBROS.\u200e001-400x283.png 400w, https:\/\/wp.ufpel.edu.br\/projetov\/files\/2023\/09\/\u200eAMANDA-COSTALETICIA-DAMBROS.\u200e001-1024x724.png 1024w, https:\/\/wp.ufpel.edu.br\/projetov\/files\/2023\/09\/\u200eAMANDA-COSTALETICIA-DAMBROS.\u200e001-768x543.png 768w, https:\/\/wp.ufpel.edu.br\/projetov\/files\/2023\/09\/\u200eAMANDA-COSTALETICIA-DAMBROS.\u200e001-1536x1086.png 1536w, https:\/\/wp.ufpel.edu.br\/projetov\/files\/2023\/09\/\u200eAMANDA-COSTALETICIA-DAMBROS.\u200e001-2048x1448.png 2048w, https:\/\/wp.ufpel.edu.br\/projetov\/files\/2023\/09\/\u200eAMANDA-COSTALETICIA-DAMBROS.\u200e001-1200x848.png 1200w\" sizes=\"auto, (max-width: 400px) 85vw, 400px\" \/><\/a><\/p>\n<p><strong>KARINA MOREIRA+NATHALIE VALADAO<\/strong><a href=\"https:\/\/drive.google.com\/file\/d\/1LYzKsi2o6bZM2nPUCx-8G-phsLjjkhVS\/view?usp=drive_link\"><img loading=\"lazy\" decoding=\"async\" class=\"alignnone wp-image-587 size-medium\" src=\"https:\/\/wp.ufpel.edu.br\/projetov\/files\/2023\/09\/\u200eKARINA-MOREIRANATALIE-VALADAO.\u200e001-400x283.png\" alt=\"\" width=\"400\" height=\"283\" srcset=\"https:\/\/wp.ufpel.edu.br\/projetov\/files\/2023\/09\/\u200eKARINA-MOREIRANATALIE-VALADAO.\u200e001-400x283.png 400w, https:\/\/wp.ufpel.edu.br\/projetov\/files\/2023\/09\/\u200eKARINA-MOREIRANATALIE-VALADAO.\u200e001-1024x724.png 1024w, https:\/\/wp.ufpel.edu.br\/projetov\/files\/2023\/09\/\u200eKARINA-MOREIRANATALIE-VALADAO.\u200e001-768x543.png 768w, https:\/\/wp.ufpel.edu.br\/projetov\/files\/2023\/09\/\u200eKARINA-MOREIRANATALIE-VALADAO.\u200e001-1536x1086.png 1536w, https:\/\/wp.ufpel.edu.br\/projetov\/files\/2023\/09\/\u200eKARINA-MOREIRANATALIE-VALADAO.\u200e001-2048x1448.png 2048w, https:\/\/wp.ufpel.edu.br\/projetov\/files\/2023\/09\/\u200eKARINA-MOREIRANATALIE-VALADAO.\u200e001-1200x848.png 1200w\" sizes=\"auto, (max-width: 400px) 85vw, 400px\" \/><\/a><\/p>\n<p><strong>GUSTAVO BENEDETTI+MARIA ALICE\u00a0 CEZARINO<\/strong><a href=\"https:\/\/drive.google.com\/file\/d\/1srmNuAilCQy-RwvRpFH_fmXytBtezXkO\/view?usp=drive_link\"><img loading=\"lazy\" decoding=\"async\" class=\"alignnone wp-image-588 size-medium\" src=\"https:\/\/wp.ufpel.edu.br\/projetov\/files\/2023\/09\/\u200eGUSTAVO-BENEDETTIMARIA-ALICE-CEZARINO.\u200e001-400x283.png\" alt=\"\" width=\"400\" height=\"283\" srcset=\"https:\/\/wp.ufpel.edu.br\/projetov\/files\/2023\/09\/\u200eGUSTAVO-BENEDETTIMARIA-ALICE-CEZARINO.\u200e001-400x283.png 400w, https:\/\/wp.ufpel.edu.br\/projetov\/files\/2023\/09\/\u200eGUSTAVO-BENEDETTIMARIA-ALICE-CEZARINO.\u200e001-1024x724.png 1024w, https:\/\/wp.ufpel.edu.br\/projetov\/files\/2023\/09\/\u200eGUSTAVO-BENEDETTIMARIA-ALICE-CEZARINO.\u200e001-768x543.png 768w, https:\/\/wp.ufpel.edu.br\/projetov\/files\/2023\/09\/\u200eGUSTAVO-BENEDETTIMARIA-ALICE-CEZARINO.\u200e001-1536x1086.png 1536w, https:\/\/wp.ufpel.edu.br\/projetov\/files\/2023\/09\/\u200eGUSTAVO-BENEDETTIMARIA-ALICE-CEZARINO.\u200e001-2048x1448.png 2048w, https:\/\/wp.ufpel.edu.br\/projetov\/files\/2023\/09\/\u200eGUSTAVO-BENEDETTIMARIA-ALICE-CEZARINO.\u200e001-1200x848.png 1200w\" sizes=\"auto, (max-width: 400px) 85vw, 400px\" \/><\/a><\/p>\n<p><strong>ALINE FERREIRA+ANELISE FERREIRA<\/strong><a href=\"https:\/\/drive.google.com\/file\/d\/1dSCU-NMofmSEGG7S0wU2cdi6Q5Eu5gDl\/view?usp=drive_link\"><img loading=\"lazy\" decoding=\"async\" class=\"alignnone wp-image-589 size-medium\" src=\"https:\/\/wp.ufpel.edu.br\/projetov\/files\/2023\/09\/\u200eALINE-FERREIRAANELISE-FERREIRA.\u200e001-400x283.png\" alt=\"\" width=\"400\" height=\"283\" srcset=\"https:\/\/wp.ufpel.edu.br\/projetov\/files\/2023\/09\/\u200eALINE-FERREIRAANELISE-FERREIRA.\u200e001-400x283.png 400w, https:\/\/wp.ufpel.edu.br\/projetov\/files\/2023\/09\/\u200eALINE-FERREIRAANELISE-FERREIRA.\u200e001-1024x724.png 1024w, https:\/\/wp.ufpel.edu.br\/projetov\/files\/2023\/09\/\u200eALINE-FERREIRAANELISE-FERREIRA.\u200e001-768x543.png 768w, https:\/\/wp.ufpel.edu.br\/projetov\/files\/2023\/09\/\u200eALINE-FERREIRAANELISE-FERREIRA.\u200e001-1536x1086.png 1536w, https:\/\/wp.ufpel.edu.br\/projetov\/files\/2023\/09\/\u200eALINE-FERREIRAANELISE-FERREIRA.\u200e001-2048x1448.png 2048w, https:\/\/wp.ufpel.edu.br\/projetov\/files\/2023\/09\/\u200eALINE-FERREIRAANELISE-FERREIRA.\u200e001-1200x848.png 1200w\" sizes=\"auto, (max-width: 400px) 85vw, 400px\" \/><\/a><\/p>\n<p><strong>AMANDA NOGUEIRA+ANA LAURA SILVEIRA<\/strong><a href=\"https:\/\/drive.google.com\/file\/d\/1hj4VJ6OP3M-BPZuvC_DOx1mT7aTBXrHx\/view?usp=sharing\"><img loading=\"lazy\" decoding=\"async\" class=\"alignnone wp-image-591 size-medium\" src=\"https:\/\/wp.ufpel.edu.br\/projetov\/files\/2023\/09\/\u200eAMANDA-NOGUEIRAANA-LAURA.\u200e001-400x283.png\" alt=\"\" width=\"400\" height=\"283\" srcset=\"https:\/\/wp.ufpel.edu.br\/projetov\/files\/2023\/09\/\u200eAMANDA-NOGUEIRAANA-LAURA.\u200e001-400x283.png 400w, https:\/\/wp.ufpel.edu.br\/projetov\/files\/2023\/09\/\u200eAMANDA-NOGUEIRAANA-LAURA.\u200e001-1024x724.png 1024w, https:\/\/wp.ufpel.edu.br\/projetov\/files\/2023\/09\/\u200eAMANDA-NOGUEIRAANA-LAURA.\u200e001-768x543.png 768w, https:\/\/wp.ufpel.edu.br\/projetov\/files\/2023\/09\/\u200eAMANDA-NOGUEIRAANA-LAURA.\u200e001-1536x1086.png 1536w, https:\/\/wp.ufpel.edu.br\/projetov\/files\/2023\/09\/\u200eAMANDA-NOGUEIRAANA-LAURA.\u200e001-2048x1448.png 2048w, https:\/\/wp.ufpel.edu.br\/projetov\/files\/2023\/09\/\u200eAMANDA-NOGUEIRAANA-LAURA.\u200e001-1200x848.png 1200w\" sizes=\"auto, (max-width: 400px) 85vw, 400px\" \/><\/a><\/p>\n<p><strong>FERNANDA FERNANDES+LAURA FERREIRA+LUIZA PEGLOW<\/strong><a href=\"https:\/\/drive.google.com\/file\/d\/1Ybczc3uA4AwnYNKqPxxIF3lVPRz9HAsQ\/view?usp=drive_link\"><img loading=\"lazy\" decoding=\"async\" class=\"alignnone wp-image-594 size-medium\" src=\"https:\/\/wp.ufpel.edu.br\/projetov\/files\/2023\/09\/\u200eFERNANDA-FERNANDESLAURA-FERREIRALUIZA-PEGLOW.\u200e001-400x283.png\" alt=\"\" width=\"400\" height=\"283\" srcset=\"https:\/\/wp.ufpel.edu.br\/projetov\/files\/2023\/09\/\u200eFERNANDA-FERNANDESLAURA-FERREIRALUIZA-PEGLOW.\u200e001-400x283.png 400w, https:\/\/wp.ufpel.edu.br\/projetov\/files\/2023\/09\/\u200eFERNANDA-FERNANDESLAURA-FERREIRALUIZA-PEGLOW.\u200e001-1024x724.png 1024w, https:\/\/wp.ufpel.edu.br\/projetov\/files\/2023\/09\/\u200eFERNANDA-FERNANDESLAURA-FERREIRALUIZA-PEGLOW.\u200e001-768x543.png 768w, https:\/\/wp.ufpel.edu.br\/projetov\/files\/2023\/09\/\u200eFERNANDA-FERNANDESLAURA-FERREIRALUIZA-PEGLOW.\u200e001-1536x1086.png 1536w, https:\/\/wp.ufpel.edu.br\/projetov\/files\/2023\/09\/\u200eFERNANDA-FERNANDESLAURA-FERREIRALUIZA-PEGLOW.\u200e001-2048x1448.png 2048w, https:\/\/wp.ufpel.edu.br\/projetov\/files\/2023\/09\/\u200eFERNANDA-FERNANDESLAURA-FERREIRALUIZA-PEGLOW.\u200e001-1200x848.png 1200w\" sizes=\"auto, (max-width: 400px) 85vw, 400px\" \/><\/a><\/p>\n<p><strong>MARCO ANTONIO COI+LAURA BRAYER<\/strong><a href=\"https:\/\/drive.google.com\/file\/d\/16xrkhtHT_WZY7MwMGxr-WAN8C3VKOZpD\/view?usp=drive_link\"><img loading=\"lazy\" decoding=\"async\" class=\"alignnone wp-image-592 size-medium\" src=\"https:\/\/wp.ufpel.edu.br\/projetov\/files\/2023\/09\/\u200eMARCO-ANTONIO-COILAURA-BRAYER.\u200e001-400x283.png\" alt=\"\" width=\"400\" height=\"283\" srcset=\"https:\/\/wp.ufpel.edu.br\/projetov\/files\/2023\/09\/\u200eMARCO-ANTONIO-COILAURA-BRAYER.\u200e001-400x283.png 400w, https:\/\/wp.ufpel.edu.br\/projetov\/files\/2023\/09\/\u200eMARCO-ANTONIO-COILAURA-BRAYER.\u200e001-1024x724.png 1024w, https:\/\/wp.ufpel.edu.br\/projetov\/files\/2023\/09\/\u200eMARCO-ANTONIO-COILAURA-BRAYER.\u200e001-768x543.png 768w, https:\/\/wp.ufpel.edu.br\/projetov\/files\/2023\/09\/\u200eMARCO-ANTONIO-COILAURA-BRAYER.\u200e001-1536x1086.png 1536w, https:\/\/wp.ufpel.edu.br\/projetov\/files\/2023\/09\/\u200eMARCO-ANTONIO-COILAURA-BRAYER.\u200e001-2048x1448.png 2048w, https:\/\/wp.ufpel.edu.br\/projetov\/files\/2023\/09\/\u200eMARCO-ANTONIO-COILAURA-BRAYER.\u200e001-1200x848.png 1200w\" sizes=\"auto, (max-width: 400px) 85vw, 400px\" \/><\/a><\/p>\n","protected":false},"excerpt":{"rendered":"<p>Tema: Velho-Novo REX Hotel REX Hotel | Exposi\u00e7\u00e3o Dia do Patrim\u00f4nio 2023 &#8211; Pelotas\/RS\/Brasil RAFAELA ETGES+ISABELLA\u00a0 DAL-RI VALENTINA KAUL+ANANDHA DEWES MARIA FERNANDA NETO+PAULA VENDRUSCULO ANDERSON AFONSO+ANA LUIZA CASSALTA+FELIPE VILELA AMANDA COSTA+LETICIA DAMBROS KARINA MOREIRA+NATHALIE VALADAO GUSTAVO BENEDETTI+MARIA ALICE\u00a0 CEZARINO ALINE FERREIRA+ANELISE FERREIRA AMANDA NOGUEIRA+ANA LAURA SILVEIRA FERNANDA FERNANDES+LAURA FERREIRA+LUIZA PEGLOW MARCO ANTONIO COI+LAURA BRAYER<\/p>\n","protected":false},"author":868,"featured_media":0,"parent":0,"menu_order":0,"comment_status":"closed","ping_status":"closed","template":"","meta":{"footnotes":""},"class_list":["post-566","page","type-page","status-publish","hentry"],"_links":{"self":[{"href":"https:\/\/wp.ufpel.edu.br\/projetov\/wp-json\/wp\/v2\/pages\/566","targetHints":{"allow":["GET"]}}],"collection":[{"href":"https:\/\/wp.ufpel.edu.br\/projetov\/wp-json\/wp\/v2\/pages"}],"about":[{"href":"https:\/\/wp.ufpel.edu.br\/projetov\/wp-json\/wp\/v2\/types\/page"}],"author":[{"embeddable":true,"href":"https:\/\/wp.ufpel.edu.br\/projetov\/wp-json\/wp\/v2\/users\/868"}],"replies":[{"embeddable":true,"href":"https:\/\/wp.ufpel.edu.br\/projetov\/wp-json\/wp\/v2\/comments?post=566"}],"version-history":[{"count":29,"href":"https:\/\/wp.ufpel.edu.br\/projetov\/wp-json\/wp\/v2\/pages\/566\/revisions"}],"predecessor-version":[{"id":616,"href":"https:\/\/wp.ufpel.edu.br\/projetov\/wp-json\/wp\/v2\/pages\/566\/revisions\/616"}],"wp:attachment":[{"href":"https:\/\/wp.ufpel.edu.br\/projetov\/wp-json\/wp\/v2\/media?parent=566"}],"curies":[{"name":"wp","href":"https:\/\/api.w.org\/{rel}","templated":true}]}}