{"id":49,"date":"2018-07-23T18:25:02","date_gmt":"2018-07-23T21:25:02","guid":{"rendered":"https:\/\/wp.ufpel.edu.br\/projetov\/?page_id=49"},"modified":"2022-11-25T13:34:10","modified_gmt":"2022-11-25T16:34:10","slug":"2017-2","status":"publish","type":"page","link":"https:\/\/wp.ufpel.edu.br\/projetov\/2017-2\/","title":{"rendered":"2017-2"},"content":{"rendered":"<h1><strong>Tema: Extens\u00e3o UFPel\/Empilhamento de Containers<\/strong><\/h1>\n<p><strong>FRANCIELLE SILVEIRA+GABRIEL LOPES<\/strong><a href=\"https:\/\/drive.google.com\/file\/d\/1H0c7wqou2eQfMP3PfQPiN8a2rP4yKdEE\/view?usp=share_link\"><img loading=\"lazy\" decoding=\"async\" class=\"alignnone wp-image-440 size-medium\" src=\"https:\/\/wp.ufpel.edu.br\/projetov\/files\/2022\/11\/gabriel-400x286.png\" alt=\"\" width=\"400\" height=\"286\" srcset=\"https:\/\/wp.ufpel.edu.br\/projetov\/files\/2022\/11\/gabriel-400x286.png 400w, https:\/\/wp.ufpel.edu.br\/projetov\/files\/2022\/11\/gabriel-768x549.png 768w, https:\/\/wp.ufpel.edu.br\/projetov\/files\/2022\/11\/gabriel.png 827w\" sizes=\"auto, (max-width: 400px) 85vw, 400px\" \/><\/a><\/p>\n<p><strong>LU\u00cdSA ROSA+MARINA TRENTIN<\/strong><a href=\"https:\/\/drive.google.com\/file\/d\/1Ig6yYLk0Xp_KfVODqQt82AcImV5vO8ro\/view?usp=share_link\"><img loading=\"lazy\" decoding=\"async\" class=\"alignnone wp-image-442 size-medium\" src=\"https:\/\/wp.ufpel.edu.br\/projetov\/files\/2022\/11\/luisa-400x286.png\" alt=\"\" width=\"400\" height=\"286\" srcset=\"https:\/\/wp.ufpel.edu.br\/projetov\/files\/2022\/11\/luisa-400x286.png 400w, https:\/\/wp.ufpel.edu.br\/projetov\/files\/2022\/11\/luisa-768x549.png 768w, https:\/\/wp.ufpel.edu.br\/projetov\/files\/2022\/11\/luisa.png 827w\" sizes=\"auto, (max-width: 400px) 85vw, 400px\" \/><\/a><\/p>\n<p><strong>CAROLINA SERAFIM+PEDRO RIZZOLO<\/strong><a href=\"https:\/\/drive.google.com\/file\/d\/1B-_hlQW6C7EzY_Oj6mbEXLl-UrtpeeCN\/view?usp=share_link\"><img loading=\"lazy\" decoding=\"async\" class=\"alignnone wp-image-438 size-medium\" src=\"https:\/\/wp.ufpel.edu.br\/projetov\/files\/2022\/11\/carolina-2-400x286.png\" alt=\"\" width=\"400\" height=\"286\" srcset=\"https:\/\/wp.ufpel.edu.br\/projetov\/files\/2022\/11\/carolina-2-400x286.png 400w, https:\/\/wp.ufpel.edu.br\/projetov\/files\/2022\/11\/carolina-2-768x549.png 768w, https:\/\/wp.ufpel.edu.br\/projetov\/files\/2022\/11\/carolina-2.png 827w\" sizes=\"auto, (max-width: 400px) 85vw, 400px\" \/><\/a><\/p>\n<p><strong>MARIANA OSMAR\u00c9+LEONARDO LOURENCO<\/strong><a href=\"https:\/\/drive.google.com\/file\/d\/1aF7iPxtaNrBtqGgZbtc-ZV9YWsSMDjof\/view?usp=share_link\"><img loading=\"lazy\" decoding=\"async\" class=\"alignnone wp-image-443 size-medium\" src=\"https:\/\/wp.ufpel.edu.br\/projetov\/files\/2022\/11\/mariana-400x286.png\" alt=\"\" width=\"400\" height=\"286\" srcset=\"https:\/\/wp.ufpel.edu.br\/projetov\/files\/2022\/11\/mariana-400x286.png 400w, https:\/\/wp.ufpel.edu.br\/projetov\/files\/2022\/11\/mariana-768x549.png 768w, https:\/\/wp.ufpel.edu.br\/projetov\/files\/2022\/11\/mariana.png 827w\" sizes=\"auto, (max-width: 400px) 85vw, 400px\" \/><\/a><\/p>\n<p><strong>NAT\u00c1LIA\u00a0 D&#8217;\u00c1VILA+GABRIEL MARTINS<\/strong><a href=\"https:\/\/drive.google.com\/file\/d\/1uDvzma5vLVsdwDVOlPacM3TOdP8TiBxQ\/view?usp=share_link\"><img loading=\"lazy\" decoding=\"async\" class=\"alignnone wp-image-444 size-medium\" src=\"https:\/\/wp.ufpel.edu.br\/projetov\/files\/2022\/11\/natalia-400x286.png\" alt=\"\" width=\"400\" height=\"286\" srcset=\"https:\/\/wp.ufpel.edu.br\/projetov\/files\/2022\/11\/natalia-400x286.png 400w, https:\/\/wp.ufpel.edu.br\/projetov\/files\/2022\/11\/natalia-768x549.png 768w, https:\/\/wp.ufpel.edu.br\/projetov\/files\/2022\/11\/natalia.png 827w\" sizes=\"auto, (max-width: 400px) 85vw, 400px\" \/><\/a><\/p>\n<p><strong>KATHERINE BUJES+TAUANE UARTH<\/strong><a href=\"https:\/\/drive.google.com\/file\/d\/1Cj6NHcYTc4c2SYoyanwvYwJNi7DNs1ZU\/view?usp=share_link\"><img loading=\"lazy\" decoding=\"async\" class=\"alignnone wp-image-445 size-medium\" src=\"https:\/\/wp.ufpel.edu.br\/projetov\/files\/2022\/11\/katherine-400x286.png\" alt=\"\" width=\"400\" height=\"286\" srcset=\"https:\/\/wp.ufpel.edu.br\/projetov\/files\/2022\/11\/katherine-400x286.png 400w, https:\/\/wp.ufpel.edu.br\/projetov\/files\/2022\/11\/katherine-768x549.png 768w, https:\/\/wp.ufpel.edu.br\/projetov\/files\/2022\/11\/katherine.png 827w\" sizes=\"auto, (max-width: 400px) 85vw, 400px\" \/><\/a><\/p>\n<p><strong>EDUARDO XAVIER+ARTHUR DAVESAC<\/strong><a href=\"https:\/\/drive.google.com\/file\/d\/18gsK9Kh6dP2du-QGUaf9tGq0N-8X8urY\/view?usp=share_linkhttp:\/\/\"><img loading=\"lazy\" decoding=\"async\" class=\"alignnone wp-image-439 size-medium\" src=\"https:\/\/wp.ufpel.edu.br\/projetov\/files\/2022\/11\/eduardo-400x286.png\" alt=\"\" width=\"400\" height=\"286\" srcset=\"https:\/\/wp.ufpel.edu.br\/projetov\/files\/2022\/11\/eduardo-400x286.png 400w, https:\/\/wp.ufpel.edu.br\/projetov\/files\/2022\/11\/eduardo-768x549.png 768w, https:\/\/wp.ufpel.edu.br\/projetov\/files\/2022\/11\/eduardo.png 827w\" sizes=\"auto, (max-width: 400px) 85vw, 400px\" \/><\/a><\/p>\n<p><strong>KARINA NUNES+RAFAEL SIGNORINI+CARINA FRANCO<\/strong><a href=\"https:\/\/drive.google.com\/file\/d\/1Jv4O8ZSnEZEhcE-LrI3CqyKA49zkEnA2\/view?usp=share_link\"><img loading=\"lazy\" decoding=\"async\" class=\"alignnone wp-image-441 size-medium\" src=\"https:\/\/wp.ufpel.edu.br\/projetov\/files\/2022\/11\/karina-400x286.png\" alt=\"\" width=\"400\" height=\"286\" srcset=\"https:\/\/wp.ufpel.edu.br\/projetov\/files\/2022\/11\/karina-400x286.png 400w, https:\/\/wp.ufpel.edu.br\/projetov\/files\/2022\/11\/karina-768x549.png 768w, https:\/\/wp.ufpel.edu.br\/projetov\/files\/2022\/11\/karina.png 827w\" sizes=\"auto, (max-width: 400px) 85vw, 400px\" \/><\/a><\/p>\n<p><strong>ALINE XAVIER+RAFAELA CECCONI<\/strong><a href=\"https:\/\/drive.google.com\/file\/d\/1XrBSXfXRL_prWsH1plIGRpM5RU8InBhN\/view?usp=share_link\"><img loading=\"lazy\" decoding=\"async\" class=\"alignnone wp-image-437 size-medium\" src=\"https:\/\/wp.ufpel.edu.br\/projetov\/files\/2022\/11\/aline-400x286.png\" alt=\"\" width=\"400\" height=\"286\" srcset=\"https:\/\/wp.ufpel.edu.br\/projetov\/files\/2022\/11\/aline-400x286.png 400w, https:\/\/wp.ufpel.edu.br\/projetov\/files\/2022\/11\/aline-768x549.png 768w, https:\/\/wp.ufpel.edu.br\/projetov\/files\/2022\/11\/aline.png 827w\" sizes=\"auto, (max-width: 400px) 85vw, 400px\" \/><\/a><\/p>\n","protected":false},"excerpt":{"rendered":"<p>Tema: Extens\u00e3o UFPel\/Empilhamento de Containers FRANCIELLE SILVEIRA+GABRIEL LOPES LU\u00cdSA ROSA+MARINA TRENTIN CAROLINA SERAFIM+PEDRO RIZZOLO MARIANA OSMAR\u00c9+LEONARDO LOURENCO NAT\u00c1LIA\u00a0 D&#8217;\u00c1VILA+GABRIEL MARTINS KATHERINE BUJES+TAUANE UARTH EDUARDO XAVIER+ARTHUR DAVESAC KARINA NUNES+RAFAEL SIGNORINI+CARINA FRANCO ALINE XAVIER+RAFAELA CECCONI<\/p>\n","protected":false},"author":868,"featured_media":0,"parent":0,"menu_order":0,"comment_status":"closed","ping_status":"closed","template":"","meta":{"footnotes":""},"class_list":["post-49","page","type-page","status-publish","hentry"],"_links":{"self":[{"href":"https:\/\/wp.ufpel.edu.br\/projetov\/wp-json\/wp\/v2\/pages\/49","targetHints":{"allow":["GET"]}}],"collection":[{"href":"https:\/\/wp.ufpel.edu.br\/projetov\/wp-json\/wp\/v2\/pages"}],"about":[{"href":"https:\/\/wp.ufpel.edu.br\/projetov\/wp-json\/wp\/v2\/types\/page"}],"author":[{"embeddable":true,"href":"https:\/\/wp.ufpel.edu.br\/projetov\/wp-json\/wp\/v2\/users\/868"}],"replies":[{"embeddable":true,"href":"https:\/\/wp.ufpel.edu.br\/projetov\/wp-json\/wp\/v2\/comments?post=49"}],"version-history":[{"count":34,"href":"https:\/\/wp.ufpel.edu.br\/projetov\/wp-json\/wp\/v2\/pages\/49\/revisions"}],"predecessor-version":[{"id":462,"href":"https:\/\/wp.ufpel.edu.br\/projetov\/wp-json\/wp\/v2\/pages\/49\/revisions\/462"}],"wp:attachment":[{"href":"https:\/\/wp.ufpel.edu.br\/projetov\/wp-json\/wp\/v2\/media?parent=49"}],"curies":[{"name":"wp","href":"https:\/\/api.w.org\/{rel}","templated":true}]}}