{"id":249,"date":"2022-06-05T11:08:46","date_gmt":"2022-06-05T14:08:46","guid":{"rendered":"https:\/\/wp.ufpel.edu.br\/projetov\/?page_id=249"},"modified":"2022-06-05T11:08:46","modified_gmt":"2022-06-05T14:08:46","slug":"referencias","status":"publish","type":"page","link":"https:\/\/wp.ufpel.edu.br\/projetov\/referencias\/","title":{"rendered":"refer\u00eancias"},"content":{"rendered":"<p><strong>Bibliografia b\u00e1sica<\/strong><\/p>\n<p>ASSOCIA\u00c7\u00c3O BRASILEIRA DE NORMAS T\u00c9CNICAS \u2013 ABNT. NBR-ISO 8995-1: Ilumina\u00e7\u00e3o de ambientes de trabalho \u2013 Parte 1: Interior Rio de Janeiro: ABNT; 2013.<\/p>\n<p>BOOTH, Sam; PLUNKETT, Drew. Mobili\u00e1rio para o design de interiores. S\u00e3o Paulo: Gustavo Gili, 2015. BROWN, Rachel; FARRELLY, Lorraine. Materiais no design de interiores. S\u00e3o Paulo: Gustavo Gili, 2014.<\/p>\n<p>COLES, John; HOUSE, Naomi. Fundamentos de Arquitectura de Interiores. Barcelona: PROMOPRESS, 2008.<\/p>\n<p>INNES, Malcolm. Ilumina\u00e7\u00e3o no design de interiores. Barcelona: Gustavo Gili, 2014.<\/p>\n<p>MOXON, Sian. Sustentabilidade no design de interiores. Barcelona: Gustavo Gili, SL, 2012.<\/p>\n<p>PANERO, Julius Panero; ZELNIK, Martin. Dimensionamento humano para espa\u00e7os interiores. Gustavo Gili Portugal, 2003.<\/p>\n<p>VIANNA, Nelson S. Ilumina\u00e7\u00e3o e Arquitetura. S\u00e3o Paulo: Virtus s\/c Ltda.; 2001.<\/p>\n<p>&nbsp;<\/p>\n<p><strong>Bibliografia complementar<\/strong><\/p>\n<p>BROOKER, Graeme; STONE Sally. O que \u00e9 design de interiores? S\u00e3o Paulo: SENAC, 2014.<\/p>\n<p>CAMBIAGHI, Silvana. Desenho universal. M\u00e9todos e t\u00e9cnicas para arquitetos e urbanistas. S\u00e3o Paulo: SENAC, 2012.<\/p>\n<p>CHING, Francis C.K.; BINGGELLI, Corky: Arquitetura de Interiores Ilustrada. Porto Alegre: Bookman, 2006.<\/p>\n<p>GIBBS, Jenny. Design de interiores. Guia \u00fatil para estudantes e profissionais. Barcelona: Gustavo Gili, 2015.<\/p>\n<p>GURGEL, Miriam. Projetando espa\u00e7os. Guia de Arquitetura de Interiores para \u00e1reas residenciais. S\u00e3o Paulo: SENAC, 2013.<\/p>\n<p>HIGGINS, Ian. Planejar espa\u00e7os para design de interiores. Barcelona: Gustavo Gili, 2015.<\/p>\n<p>KARLEN, Mark. Planejamento de espa\u00e7os internos. Porto Alegre: Bookman, 2010.<\/p>\n<p>KROEMER, Karl H. E., GRANDJEAN, Etienne. Manual de Ergononia. Porto Alegre: Bookman, 2005.<\/p>\n<p>LIMA, Mariana. Percep\u00e7\u00e3o visual aplicada a Arquitetura e Ilumina\u00e7\u00e3o. Rio de Janeiro: Editora Ci\u00eancia Moderna Ltda, 2010.<\/p>\n<p>LOVE, Mimi; GRIMLEY, Chris. Color, espacio y estilo. Detalles para disenadores de interiores. Gustavo Gili, Barcelona, 2014.<\/p>\n<p>MANCUSO, Clarice. Arquitetura de interiores e decora\u00e7\u00e3o. Porto Alegre, Sulina, 2012.<\/p>\n<p>MEEL, Juriaan, MARTENS, Yuri; JAN VAN REE, Hermes. Como planejar os espa\u00e7os de escrit\u00f3rios. Guia pr\u00e1tico para gestores e designers. Barcelona: Gustavo Gili, 2014.<\/p>\n","protected":false},"excerpt":{"rendered":"<p>Bibliografia b\u00e1sica ASSOCIA\u00c7\u00c3O BRASILEIRA DE NORMAS T\u00c9CNICAS \u2013 ABNT. NBR-ISO 8995-1: Ilumina\u00e7\u00e3o de ambientes de trabalho \u2013 Parte 1: Interior Rio de Janeiro: ABNT; 2013. BOOTH, Sam; PLUNKETT, Drew. Mobili\u00e1rio para o design de interiores. S\u00e3o Paulo: Gustavo Gili, 2015. BROWN, Rachel; FARRELLY, Lorraine. Materiais no design de interiores. S\u00e3o Paulo: Gustavo Gili, 2014. COLES, &hellip; <a href=\"https:\/\/wp.ufpel.edu.br\/projetov\/referencias\/\" class=\"more-link\">Continue lendo<span class=\"screen-reader-text\"> &#8220;refer\u00eancias&#8221;<\/span><\/a><\/p>\n","protected":false},"author":868,"featured_media":0,"parent":0,"menu_order":0,"comment_status":"closed","ping_status":"closed","template":"","meta":{"footnotes":""},"class_list":["post-249","page","type-page","status-publish","hentry"],"_links":{"self":[{"href":"https:\/\/wp.ufpel.edu.br\/projetov\/wp-json\/wp\/v2\/pages\/249","targetHints":{"allow":["GET"]}}],"collection":[{"href":"https:\/\/wp.ufpel.edu.br\/projetov\/wp-json\/wp\/v2\/pages"}],"about":[{"href":"https:\/\/wp.ufpel.edu.br\/projetov\/wp-json\/wp\/v2\/types\/page"}],"author":[{"embeddable":true,"href":"https:\/\/wp.ufpel.edu.br\/projetov\/wp-json\/wp\/v2\/users\/868"}],"replies":[{"embeddable":true,"href":"https:\/\/wp.ufpel.edu.br\/projetov\/wp-json\/wp\/v2\/comments?post=249"}],"version-history":[{"count":1,"href":"https:\/\/wp.ufpel.edu.br\/projetov\/wp-json\/wp\/v2\/pages\/249\/revisions"}],"predecessor-version":[{"id":251,"href":"https:\/\/wp.ufpel.edu.br\/projetov\/wp-json\/wp\/v2\/pages\/249\/revisions\/251"}],"wp:attachment":[{"href":"https:\/\/wp.ufpel.edu.br\/projetov\/wp-json\/wp\/v2\/media?parent=249"}],"curies":[{"name":"wp","href":"https:\/\/api.w.org\/{rel}","templated":true}]}}