{"id":2,"date":"2018-07-23T14:34:13","date_gmt":"2018-07-23T17:34:13","guid":{"rendered":"https:\/\/wp.ufpel.edu.br\/projetov\/?page_id=2"},"modified":"2025-09-01T09:29:35","modified_gmt":"2025-09-01T12:29:35","slug":"pagina-exemplo","status":"publish","type":"page","link":"https:\/\/wp.ufpel.edu.br\/projetov\/","title":{"rendered":"projeto V"},"content":{"rendered":"<p style=\"text-align: justify;\">A disciplina de &#8220;Projeto de Arquitetura V&#8221; \u00e9 ministrada no Departamento de Arquitetura e Urbanismo (DAUrb), Faculdade de Arquitetura e Urbanismo (<a href=\"https:\/\/wp.ufpel.edu.br\/faurb\/\" target=\"_blank\" rel=\"noopener\">FAUrb<\/a>), da Universidade Federal de Pelotas (<a href=\"https:\/\/portal.ufpel.edu.br\/\" target=\"_blank\" rel=\"noopener\">UFPel<\/a>), tem como objetivo geral: conceber projetos de arquitetura de interiores e de ilumina\u00e7\u00e3o considerando o potencial do espa\u00e7o f\u00edsico pr\u00e9-existente, o perfil do cliente, o conceito do projeto, da fun\u00e7\u00e3o e das caracter\u00edsticas espaciais do espa\u00e7o, a adequa\u00e7\u00e3o dos materiais e equipamentos e a compatibiliza\u00e7\u00e3o dos sistemas complementares.<\/p>\n<p style=\"text-align: justify;\">Tendo iniciado no ano de 2012 como disciplina optativa semestral, chama de &#8220;Arquitetura de Interiores e Ilumina\u00e7\u00e3o&#8221;. Em 2017, passou a disciplina obrigat\u00f3ria, a partir do <strong><a href=\"https:\/\/wp.ufpel.edu.br\/faurb\/projeto-pedagogico\/\" target=\"_blank\" rel=\"noopener\">Novo Projeto Pegag\u00f3gico<\/a><\/strong>, do curso de Arquitetura e Urbanismo, sendo nomeada como &#8220;Projeto de Arquitetura V&#8221;.\u00a0 Desde seu inicio a disciplina vem sendo ministrada pelos professores <strong><a href=\"http:\/\/lattes.cnpq.br\/2741252699364572\" target=\"_blank\" rel=\"noopener\">Celina Britto Correa<\/a><\/strong> e <strong><a href=\"http:\/\/lattes.cnpq.br\/6927803856702261\" target=\"_blank\" rel=\"noopener\">Eduardo Rocha<\/a><\/strong>, com a participa\u00e7\u00e3o de professoras colaboradoras e estagi\u00e1rias docentes.<\/p>\n<p style=\"text-align: justify;\">Professoras colaboradoras:<\/p>\n<p style=\"text-align: justify;\"><strong>Laura Lopes Cezar, Alessandra do Amaral Brito, Isabel Salamoni, Emanuela Di Felice, Adriana Portella e Shirley dos Santos.<\/strong><\/p>\n<p>Est\u00e1gi\u00e1rias docentes:<\/p>\n<p style=\"text-align: justify;\"><strong>Jaqueline Harumi, Renata Schornack, <\/strong><strong>Monique Grechi, Singoala Miranda, Luana Detoni, Brenda Tejada, Lorena Maia, Isabella Maricatto, Vanessa Forneck, Gabriele Vargas, Paula Del Fiol e B\u00e1rbara Ribeiro Couto.<\/strong><\/p>\n<p>Monitoria:<\/p>\n<p style=\"text-align: justify;\"><strong>Larissa Mesquita (2024\/1, 2024\/2 e 2025\/1).<\/strong><\/p>\n<p>Bolsista projeto de ensino:<\/p>\n<p style=\"text-align: justify;\"><strong>Danielle Lima (2024\/1).<\/strong><\/p>\n<p>Participa\u00e7\u00e3o e Apoio:<\/p>\n<p style=\"text-align: justify;\"><strong>Arquiteta Helena Guerra\u00a0 (2023\/1, 2024\/2 e 2025\/1 ).<\/strong><\/p>\n","protected":false},"excerpt":{"rendered":"<p>A disciplina de &#8220;Projeto de Arquitetura V&#8221; \u00e9 ministrada no Departamento de Arquitetura e Urbanismo (DAUrb), Faculdade de Arquitetura e Urbanismo (FAUrb), da Universidade Federal de Pelotas (UFPel), tem como objetivo geral: conceber projetos de arquitetura de interiores e de ilumina\u00e7\u00e3o considerando o potencial do espa\u00e7o f\u00edsico pr\u00e9-existente, o perfil do cliente, o conceito do &hellip; <a href=\"https:\/\/wp.ufpel.edu.br\/projetov\/\" class=\"more-link\">Continue lendo<span class=\"screen-reader-text\"> &#8220;projeto V&#8221;<\/span><\/a><\/p>\n","protected":false},"author":868,"featured_media":0,"parent":0,"menu_order":0,"comment_status":"closed","ping_status":"closed","template":"","meta":{"footnotes":""},"class_list":["post-2","page","type-page","status-publish","hentry"],"_links":{"self":[{"href":"https:\/\/wp.ufpel.edu.br\/projetov\/wp-json\/wp\/v2\/pages\/2","targetHints":{"allow":["GET"]}}],"collection":[{"href":"https:\/\/wp.ufpel.edu.br\/projetov\/wp-json\/wp\/v2\/pages"}],"about":[{"href":"https:\/\/wp.ufpel.edu.br\/projetov\/wp-json\/wp\/v2\/types\/page"}],"author":[{"embeddable":true,"href":"https:\/\/wp.ufpel.edu.br\/projetov\/wp-json\/wp\/v2\/users\/868"}],"replies":[{"embeddable":true,"href":"https:\/\/wp.ufpel.edu.br\/projetov\/wp-json\/wp\/v2\/comments?post=2"}],"version-history":[{"count":3,"href":"https:\/\/wp.ufpel.edu.br\/projetov\/wp-json\/wp\/v2\/pages\/2\/revisions"}],"predecessor-version":[{"id":795,"href":"https:\/\/wp.ufpel.edu.br\/projetov\/wp-json\/wp\/v2\/pages\/2\/revisions\/795"}],"wp:attachment":[{"href":"https:\/\/wp.ufpel.edu.br\/projetov\/wp-json\/wp\/v2\/media?parent=2"}],"curies":[{"name":"wp","href":"https:\/\/api.w.org\/{rel}","templated":true}]}}