{"id":8,"date":"2015-11-09T14:47:01","date_gmt":"2015-11-09T16:47:01","guid":{"rendered":"https:\/\/wp.ufpel.edu.br\/projetospalma\/?page_id=8"},"modified":"2015-11-27T11:27:22","modified_gmt":"2015-11-27T13:27:22","slug":"docentes","status":"publish","type":"page","link":"https:\/\/wp.ufpel.edu.br\/projetospalma\/docentes\/","title":{"rendered":"Docentes"},"content":{"rendered":"<p><strong>COORDENADORA<\/strong><\/p>\n<p><img loading=\"lazy\" decoding=\"async\" class=\"alignleft\" src=\"http:\/\/servicosweb.cnpq.br\/wspessoa\/servletrecuperafoto?tipo=1&amp;id=K4735014E3\" alt=\"\" width=\"108\" height=\"131\" \/><\/p>\n<p><b>Prof\u00aa. Rosane Elvira Ferrazza Nardes\u00a0<a href=\"http:\/\/buscatextual.cnpq.br\/buscatextual\/visualizacv.do?id=K4735014E3\"><img decoding=\"async\" src=\"http:\/\/fvet.ufpel.tche.br\/inspleite\/fotos\/linkcnpq.gif\" alt=\"Curr\u00edculo Lattes\" \/><\/a><\/b><\/p>\n<p>&nbsp;<\/p>\n<p>&nbsp;<\/p>\n<p>&nbsp;<\/p>\n<p><strong>FACULDADE DE NUTRI\u00c7\u00c3O<\/strong><\/p>\n<p><b><img loading=\"lazy\" decoding=\"async\" class=\"alignleft\" src=\"http:\/\/servicosweb.cnpq.br\/wspessoa\/servletrecuperafoto?tipo=1&amp;id=K4321692Y7\" alt=\"\" width=\"95\" height=\"136\" \/>\u00a0Prof\u00aa. \u00c2ngela Galvan de Lima\u00a0<a href=\"http:\/\/buscatextual.cnpq.br\/buscatextual\/visualizacv.do?id=K4321692Y7\"><img decoding=\"async\" src=\"http:\/\/fvet.ufpel.tche.br\/inspleite\/fotos\/linkcnpq.gif\" alt=\"Curr\u00edculo Lattes\" \/><\/a><\/b><\/p>\n<p>&nbsp;<\/p>\n<p>&nbsp;<\/p>\n<p>&nbsp;<\/p>\n<p><b><img loading=\"lazy\" decoding=\"async\" class=\"alignleft\" src=\"https:\/\/scontent-gru1-1.xx.fbcdn.net\/hphotos-frc3\/v\/t1.0-9\/10398038_719741381417529_5278219742615168010_n.jpg?oh=34ebdb0cb2ab7bab1a285883bc5a9128&amp;oe=56AF2006\" alt=\"\" width=\"97\" height=\"128\" \/>Prof\u00aa. Leila Fagundes Conter\u00a0<a href=\"http:\/\/buscatextual.cnpq.br\/buscatextual\/visualizacv.do?id=K4795222P0\"><img decoding=\"async\" src=\"http:\/\/fvet.ufpel.tche.br\/inspleite\/fotos\/linkcnpq.gif\" alt=\"Curr\u00edculo Lattes\" \/><\/a><\/b><\/p>\n<p>&nbsp;<\/p>\n<p><b>Pro<\/b><b>f\u00aa. Let\u00edcia Masca<\/b><b>renhas Pereira Barbosa\u00a0<a href=\"http:\/\/buscatextual.cnpq.br\/buscatextual\/visualizacv.do?id=K4733928U9\" target=\"_blank\"><img decoding=\"async\" src=\"http:\/\/fvet.ufpel.tche.br\/inspleite\/fotos\/linkcnpq.gif\" alt=\"Curr\u00edculo Lattes\" \/><\/a><\/b><\/p>\n<p><strong>FACULDADE DE AGRONOMIA ELISEU MACIAL<\/strong><\/p>\n<p><b><img loading=\"lazy\" decoding=\"async\" class=\"alignleft\" src=\"http:\/\/servicosweb.cnpq.br\/wspessoa\/servletrecuperafoto?tipo=1&amp;id=K4774248A5\" alt=\"\" width=\"116\" height=\"131\" \/>Prof. \u00a0Marcelo Barbosa Malgarim\u00a0<a href=\"http:\/\/buscatextual.cnpq.br\/buscatextual\/visualizacv.do?id=K4774248A5\"><img decoding=\"async\" src=\"http:\/\/fvet.ufpel.tche.br\/inspleite\/fotos\/linkcnpq.gif\" alt=\"Curr\u00edculo Lattes\" \/><\/a><\/b><\/p>\n<p>&nbsp;<\/p>\n<p>&nbsp;<\/p>\n<p>&nbsp;<\/p>\n<p><b><img loading=\"lazy\" decoding=\"async\" class=\"alignleft\" src=\"http:\/\/servicosweb.cnpq.br\/wspessoa\/servletrecuperafoto?tipo=1&amp;id=K4799994E0\" alt=\"\" width=\"93\" height=\"144\" \/>Prof. \u00a0Jerri Teixeira Zanusso\u00a0<a href=\"http:\/\/buscatextual.cnpq.br\/buscatextual\/visualizacv.do?id=K4799994E0\"><img decoding=\"async\" src=\"http:\/\/fvet.ufpel.tche.br\/inspleite\/fotos\/linkcnpq.gif\" alt=\"Curr\u00edculo Lattes\" \/><\/a><\/b><\/p>\n<p>&nbsp;<\/p>\n<p>&nbsp;<\/p>\n<p>&nbsp;<\/p>\n<p><b><img loading=\"lazy\" decoding=\"async\" class=\"alignleft\" src=\"http:\/\/servicosweb.cnpq.br\/wspessoa\/servletrecuperafoto?tipo=1&amp;id=K4709306T2\" alt=\"\" width=\"112\" height=\"141\" \/><\/b><\/p>\n<p><b>Prof\u00aa. Isabella Dias Barbosa Silveira\u00a0<a href=\"http:\/\/buscatextual.cnpq.br\/buscatextual\/visualizacv.do?id=K4709306T2\"><img decoding=\"async\" src=\"http:\/\/fvet.ufpel.tche.br\/inspleite\/fotos\/linkcnpq.gif\" alt=\"Curr\u00edculo Lattes\" \/><\/a><\/b><\/p>\n<p>&nbsp;<\/p>\n<p>&nbsp;<\/p>\n<p>&nbsp;<\/p>\n<p><strong>CENTO DE CI\u00caNCIAS QU\u00cdMICAS. FARMAC\u00caUTICAS E DE ALIMENTOS<\/strong><\/p>\n<p><b><img loading=\"lazy\" decoding=\"async\" class=\"alignleft\" src=\"http:\/\/servicosweb.cnpq.br\/wspessoa\/servletrecuperafoto?tipo=1&amp;id=K4796509D4\" alt=\"\" width=\"93\" height=\"127\" \/><\/b><\/p>\n<p><b>P<\/b><b>rof. \u00a0Valdecir Carlos Ferri\u00a0<a href=\"http:\/\/buscatextual.cnpq.br\/buscatextual\/visualizacv.do?id=K4796509D4\"><img decoding=\"async\" src=\"http:\/\/fvet.ufpel.tche.br\/inspleite\/fotos\/linkcnpq.gif\" alt=\"Curr\u00edculo Lattes\" \/><\/a><\/b><\/p>\n<p>&nbsp;<\/p>\n<p>&nbsp;<\/p>\n<p>&nbsp;<\/p>\n<p><img loading=\"lazy\" decoding=\"async\" class=\"alignleft\" src=\"http:\/\/servicosweb.cnpq.br\/wspessoa\/servletrecuperafoto?tipo=1&amp;id=K4700009Z2\" alt=\"\" width=\"126\" height=\"161\" \/>\u00a0 \u00a0<b>Prof. \u00a0Fabrizio da Fonseca Barbosa\u00a0<a href=\"http:\/\/buscatextual.cnpq.br\/buscatextual\/visualizacv.do?id=K4783776U1\"><img decoding=\"async\" src=\"http:\/\/fvet.ufpel.tche.br\/inspleite\/fotos\/linkcnpq.gif\" alt=\"Curr\u00edculo Lattes\" \/><\/a><\/b><\/p>\n<p>&nbsp;<\/p>\n<p>&nbsp;<\/p>\n<p>&nbsp;<\/p>\n<p><strong>CENTRO DE INTEGRA\u00c7\u00c3O DO MERCOSUL<\/strong><\/p>\n<p><b><img loading=\"lazy\" decoding=\"async\" class=\"alignleft\" src=\"http:\/\/servicosweb.cnpq.br\/wspessoa\/servletrecuperafoto?tipo=1&amp;id=K4758037P6\" alt=\"\" width=\"137\" height=\"104\" \/>Prof\u00aa. Priscila Vasconcellos Chiattone\u00a0<a href=\"http:\/\/buscatextual.cnpq.br\/buscatextual\/visualizacv.do?id=K4758037P6\"><img decoding=\"async\" src=\"http:\/\/fvet.ufpel.tche.br\/inspleite\/fotos\/linkcnpq.gif\" alt=\"Curr\u00edculo Lattes\" \/><\/a><\/b><\/p>\n<p>&nbsp;<\/p>\n<p>&nbsp;<\/p>\n<p><b>FACULDADE DE VETERIN\u00c1RIA<\/b><\/p>\n<p><b><br \/>\n<img loading=\"lazy\" decoding=\"async\" class=\"alignleft\" src=\"http:\/\/fvet.ufpel.tche.br\/inspleite\/fotos\/Helenice.jpg\" alt=\"\" width=\"85\" height=\"142\" \/><\/b><b>Prof<sup>a<\/sup>. Helenice de Lima Gonzalez\u00a0<a href=\"http:\/\/buscatextual.cnpq.br\/buscatextual\/visualizacv.do?id=K4701396H6\"><img decoding=\"async\" src=\"http:\/\/fvet.ufpel.tche.br\/inspleite\/fotos\/linkcnpq.gif\" alt=\"Curr\u00edculo Lattes\" \/><\/a><\/b><\/p>\n<p>&nbsp;<\/p>\n<p>&nbsp;<\/p>\n<p>&nbsp;<\/p>\n<p><b><img loading=\"lazy\" decoding=\"async\" class=\"alignleft\" src=\"http:\/\/fvet.ufpel.tche.br\/inspleite\/fotos\/Natacha.jpg\" alt=\"\" width=\"105\" height=\"140\" \/><\/b><\/p>\n<p><b>Prof<sup>a<\/sup>. Natacha Deboni Cereser\u00a0<a href=\"http:\/\/buscatextual.cnpq.br\/buscatextual\/visualizacv.do?id=K4706124A6\"><img decoding=\"async\" src=\"http:\/\/fvet.ufpel.tche.br\/inspleite\/fotos\/linkcnpq.gif\" alt=\"Curr\u00edculo Lattes\" \/><\/a><\/b><\/p>\n<p>&nbsp;<\/p>\n<p>&nbsp;<\/p>\n<p>&nbsp;<\/p>\n<p><b>Prof<sup>a<\/sup>. <img loading=\"lazy\" decoding=\"async\" class=\"alignleft\" src=\"https:\/\/fbcdn-profile-a.akamaihd.net\/hprofile-ak-xat1\/v\/t1.0-1\/p160x160\/11406934_723021027823977_7277590141249663192_n.jpg?oh=4147bc72d5d927b61d7cf84a9a29a9af&amp;oe=56B8C485&amp;__gda__=1459201698_9d9df7ac2181d0834c79663ef23b7a5a\" alt=\"Fernanda Rezende\" width=\"105\" height=\"105\" \/>Fernanda de Rezende Pinto\u00a0<a href=\"http:\/\/buscatextual.cnpq.br\/buscatextual\/visualizacv.do?id=K4263518D4\"><img decoding=\"async\" src=\"http:\/\/fvet.ufpel.tche.br\/inspleite\/fotos\/linkcnpq.gif\" alt=\"Curr\u00edculo Lattes\" \/><\/a><\/b><\/p>\n<p>&nbsp;<\/p>\n<p>&nbsp;<\/p>\n<p><b><img loading=\"lazy\" decoding=\"async\" class=\"alignleft\" src=\"http:\/\/servicosweb.cnpq.br\/wspessoa\/servletrecuperafoto?tipo=1&amp;id=K4776806J5\" alt=\"\" width=\"109\" height=\"143\" \/><\/b><\/p>\n<p><b>Prof\u00aa. Rita de C\u00e1ssia dos Santos da Concei\u00e7\u00e3o\u00a0<a href=\"http:\/\/buscatextual.cnpq.br\/buscatextual\/visualizacv.do?id=K4776806J5\" target=\"_blank\"><img decoding=\"async\" src=\"http:\/\/fvet.ufpel.tche.br\/inspleite\/fotos\/linkcnpq.gif\" alt=\"Curr\u00edculo Lattes\" \/><\/a><\/b><\/p>\n<p>&nbsp;<\/p>\n<p>&nbsp;<\/p>\n<p><b>Prof\u00aa. Eduarda Hallal Duval\u00a0<a href=\"http:\/\/buscatextual.cnpq.br\/buscatextual\/visualizacv.do?id=K4708026P5\"><img decoding=\"async\" src=\"http:\/\/fvet.ufpel.tche.br\/inspleite\/fotos\/linkcnpq.gif\" alt=\"Curr\u00edculo Lattes\" \/><\/a><\/b><\/p>\n<p>&nbsp;<\/p>\n","protected":false},"excerpt":{"rendered":"<p>COORDENADORA Prof\u00aa. Rosane Elvira Ferrazza Nardes\u00a0 &nbsp; &nbsp; &nbsp; FACULDADE DE NUTRI\u00c7\u00c3O \u00a0Prof\u00aa. \u00c2ngela Galvan de Lima\u00a0 &nbsp; &nbsp; &nbsp; Prof\u00aa. Leila Fagundes Conter\u00a0 &nbsp; Prof\u00aa. Let\u00edcia Mascarenhas Pereira Barbosa\u00a0 FACULDADE DE AGRONOMIA ELISEU MACIAL Prof. \u00a0Marcelo Barbosa Malgarim\u00a0 &nbsp; &hellip; <a href=\"https:\/\/wp.ufpel.edu.br\/projetospalma\/docentes\/\">Continue lendo <span class=\"meta-nav\">&rarr;<\/span><\/a><\/p>\n","protected":false},"author":584,"featured_media":0,"parent":0,"menu_order":0,"comment_status":"closed","ping_status":"closed","template":"","meta":{"footnotes":""},"class_list":["post-8","page","type-page","status-publish","hentry"],"jetpack_sharing_enabled":true,"_links":{"self":[{"href":"https:\/\/wp.ufpel.edu.br\/projetospalma\/wp-json\/wp\/v2\/pages\/8","targetHints":{"allow":["GET"]}}],"collection":[{"href":"https:\/\/wp.ufpel.edu.br\/projetospalma\/wp-json\/wp\/v2\/pages"}],"about":[{"href":"https:\/\/wp.ufpel.edu.br\/projetospalma\/wp-json\/wp\/v2\/types\/page"}],"author":[{"embeddable":true,"href":"https:\/\/wp.ufpel.edu.br\/projetospalma\/wp-json\/wp\/v2\/users\/584"}],"replies":[{"embeddable":true,"href":"https:\/\/wp.ufpel.edu.br\/projetospalma\/wp-json\/wp\/v2\/comments?post=8"}],"version-history":[{"count":20,"href":"https:\/\/wp.ufpel.edu.br\/projetospalma\/wp-json\/wp\/v2\/pages\/8\/revisions"}],"predecessor-version":[{"id":33,"href":"https:\/\/wp.ufpel.edu.br\/projetospalma\/wp-json\/wp\/v2\/pages\/8\/revisions\/33"}],"wp:attachment":[{"href":"https:\/\/wp.ufpel.edu.br\/projetospalma\/wp-json\/wp\/v2\/media?parent=8"}],"curies":[{"name":"wp","href":"https:\/\/api.w.org\/{rel}","templated":true}]}}