{"id":419,"date":"2022-10-11T10:09:24","date_gmt":"2022-10-11T13:09:24","guid":{"rendered":"https:\/\/wp.ufpel.edu.br\/projetoimplantes\/?page_id=419"},"modified":"2024-06-20T14:13:12","modified_gmt":"2024-06-20T17:13:12","slug":"processo-seletivo","status":"publish","type":"page","link":"https:\/\/wp.ufpel.edu.br\/projetoimplantes\/processo-seletivo\/","title":{"rendered":"Processo seletivo &#8211; Inscri\u00e7\u00e3o"},"content":{"rendered":"<p>Para se inscrever no processo seletivo para o projeto basta preencher todos os campos e submeter o formul\u00e1rio at\u00e9 o dia 26\/06\/2024 at\u00e9 \u00e0s 23:59h.<\/p>\n<p>&nbsp;<\/p>\n<p><strong>IMPORTANTE:<\/strong> Formul\u00e1rios submetidos ap\u00f3s o hor\u00e1rio limite n\u00e3o ser\u00e3o considerados para o processo.<\/p>\n\n<!-- iframe plugin v.6.0 wordpress.org\/plugins\/iframe\/ -->\n<iframe loading=\"lazy\" src=\"https:\/\/docs.google.com\/forms\/d\/e\/1FAIpQLSeLGt0-uneKPN7N7RPNxeg22NdAk_ovzvfNHGZfk42YHnZQLQ\/viewform?embedded=true\" width=\"640\" height=\"1821\" frameborder=\"0\" marginheight=\"0\" marginwidth=\"0\" scrolling=\"yes\" class=\"iframe-class\"><\/iframe>\n\n<p>&nbsp;<\/p>\n","protected":false},"excerpt":{"rendered":"<p>Para se inscrever no processo seletivo para o projeto basta preencher todos os campos e submeter o formul\u00e1rio at\u00e9 o dia 26\/06\/2024 at\u00e9 \u00e0s 23:59h. &nbsp; IMPORTANTE: Formul\u00e1rios submetidos ap\u00f3s o hor\u00e1rio limite n\u00e3o ser\u00e3o considerados para o processo. &nbsp;<\/p>\n","protected":false},"author":511,"featured_media":0,"parent":0,"menu_order":0,"comment_status":"closed","ping_status":"closed","template":"","meta":{"jetpack_post_was_ever_published":false,"footnotes":""},"class_list":["post-419","page","type-page","status-publish","hentry"],"jetpack_sharing_enabled":true,"jetpack_shortlink":"https:\/\/wp.me\/Pau6CR-6L","jetpack-related-posts":[],"_links":{"self":[{"href":"https:\/\/wp.ufpel.edu.br\/projetoimplantes\/wp-json\/wp\/v2\/pages\/419","targetHints":{"allow":["GET"]}}],"collection":[{"href":"https:\/\/wp.ufpel.edu.br\/projetoimplantes\/wp-json\/wp\/v2\/pages"}],"about":[{"href":"https:\/\/wp.ufpel.edu.br\/projetoimplantes\/wp-json\/wp\/v2\/types\/page"}],"author":[{"embeddable":true,"href":"https:\/\/wp.ufpel.edu.br\/projetoimplantes\/wp-json\/wp\/v2\/users\/511"}],"replies":[{"embeddable":true,"href":"https:\/\/wp.ufpel.edu.br\/projetoimplantes\/wp-json\/wp\/v2\/comments?post=419"}],"version-history":[{"count":17,"href":"https:\/\/wp.ufpel.edu.br\/projetoimplantes\/wp-json\/wp\/v2\/pages\/419\/revisions"}],"predecessor-version":[{"id":1645,"href":"https:\/\/wp.ufpel.edu.br\/projetoimplantes\/wp-json\/wp\/v2\/pages\/419\/revisions\/1645"}],"wp:attachment":[{"href":"https:\/\/wp.ufpel.edu.br\/projetoimplantes\/wp-json\/wp\/v2\/media?parent=419"}],"curies":[{"name":"wp","href":"https:\/\/api.w.org\/{rel}","templated":true}]}}