{"id":172,"date":"2018-11-28T13:44:23","date_gmt":"2018-11-28T15:44:23","guid":{"rendered":"https:\/\/wp.ufpel.edu.br\/projetoimplantes\/?page_id=172"},"modified":"2021-11-03T13:27:48","modified_gmt":"2021-11-03T16:27:48","slug":"pacientes","status":"publish","type":"page","link":"https:\/\/wp.ufpel.edu.br\/projetoimplantes\/pacientes\/","title":{"rendered":"Informa\u00e7\u00f5es para Pacientes"},"content":{"rendered":"<div id=\"pl-172\"  class=\"panel-layout\" ><div id=\"pg-172-0\"  class=\"panel-grid panel-no-style\" ><div id=\"pgc-172-0-0\"  class=\"panel-grid-cell\" ><div id=\"panel-172-0-0-0\" class=\"so-panel widget widget_sow-editor panel-first-child\" data-index=\"0\" ><div\n\t\t\t\n\t\t\tclass=\"so-widget-sow-editor so-widget-sow-editor-base\"\n\t\t\t\n\t\t>\n<div class=\"siteorigin-widget-tinymce textwidget\">\n\t<p><span style=\"font-family: arial, helvetica, sans-serif;font-size: 12pt\"><span class=\"collapseomatic \" id=\"id69d665446d0f0\"  tabindex=\"0\" title=\"&lt;strong&gt;O que \u00e9 implante dent\u00e1rio?&lt;\/strong&gt;\"    ><strong>O que \u00e9 implante dent\u00e1rio?<\/strong><\/span><div id=\"target-id69d665446d0f0\" class=\"collapseomatic_content \"> <\/span><\/p>\n<p style=\"text-align: justify\"><span style=\"font-family: arial, helvetica, sans-serif;font-size: 12pt\">O implante dent\u00e1rio \u00e9 uma estrutura, que na maioria das vezes \u00e9 de Tit\u00e2nio,\u00a0em formato de parafuso.\u00a0 Esse implante dent\u00e1rio tem a fun\u00e7\u00e3o de servir de ancoragem r\u00edgida dentro do osso para posterior confec\u00e7\u00e3o de pr\u00f3tese dent\u00e1ria que, por sua vez, ter\u00e1 a fun\u00e7\u00e3o de restabelecer est\u00e9tica e fun\u00e7\u00e3o perdidas.<\/span><\/p>\n<p style=\"text-align: justify\"><span style=\"font-family: arial, helvetica, sans-serif;font-size: 12pt\">Abaixo se podem ver imagens ilustrativas de um tipo de implante:<\/span><\/p>\n<p>\u00a0<img data-attachment-id=\"278\" data-permalink=\"https:\/\/wp.ufpel.edu.br\/projetoimplantes\/pacientes\/he\/#main\" data-orig-file=\"https:\/\/wp.ufpel.edu.br\/projetoimplantes\/files\/2018\/11\/he-e1544447000842.gif\" data-orig-size=\"440,526\" data-comments-opened=\"0\" data-image-meta=\"{&quot;aperture&quot;:&quot;0&quot;,&quot;credit&quot;:&quot;&quot;,&quot;camera&quot;:&quot;&quot;,&quot;caption&quot;:&quot;&quot;,&quot;created_timestamp&quot;:&quot;0&quot;,&quot;copyright&quot;:&quot;&quot;,&quot;focal_length&quot;:&quot;0&quot;,&quot;iso&quot;:&quot;0&quot;,&quot;shutter_speed&quot;:&quot;0&quot;,&quot;title&quot;:&quot;&quot;,&quot;orientation&quot;:&quot;0&quot;}\" data-image-title=\"he\" data-image-description=\"\" data-image-caption=\"\" data-medium-file=\"https:\/\/wp.ufpel.edu.br\/projetoimplantes\/files\/2018\/11\/he-335x400.gif\" data-large-file=\"https:\/\/wp.ufpel.edu.br\/projetoimplantes\/files\/2018\/11\/he-e1544447000842.gif\" loading=\"lazy\" decoding=\"async\" class=\"alignnone  wp-image-278\" src=\"https:\/\/wp.ufpel.edu.br\/projetoimplantes\/files\/2018\/11\/he-335x400.gif\" alt=\"\" width=\"310\" height=\"370\" \/> <img data-attachment-id=\"279\" data-permalink=\"https:\/\/wp.ufpel.edu.br\/projetoimplantes\/pacientes\/he2\/#main\" data-orig-file=\"https:\/\/wp.ufpel.edu.br\/projetoimplantes\/files\/2018\/11\/he2.gif\" data-orig-size=\"260,484\" data-comments-opened=\"0\" data-image-meta=\"{&quot;aperture&quot;:&quot;0&quot;,&quot;credit&quot;:&quot;&quot;,&quot;camera&quot;:&quot;&quot;,&quot;caption&quot;:&quot;&quot;,&quot;created_timestamp&quot;:&quot;0&quot;,&quot;copyright&quot;:&quot;&quot;,&quot;focal_length&quot;:&quot;0&quot;,&quot;iso&quot;:&quot;0&quot;,&quot;shutter_speed&quot;:&quot;0&quot;,&quot;title&quot;:&quot;&quot;,&quot;orientation&quot;:&quot;0&quot;}\" data-image-title=\"he2\" data-image-description=\"\" data-image-caption=\"\" data-medium-file=\"https:\/\/wp.ufpel.edu.br\/projetoimplantes\/files\/2018\/11\/he2-215x400.gif\" data-large-file=\"https:\/\/wp.ufpel.edu.br\/projetoimplantes\/files\/2018\/11\/he2.gif\" loading=\"lazy\" decoding=\"async\" class=\"alignnone  wp-image-279\" src=\"https:\/\/wp.ufpel.edu.br\/projetoimplantes\/files\/2018\/11\/he2-215x400.gif\" alt=\"\" width=\"199\" height=\"370\" \/><\/p>\n<p><span style=\"font-family: arial, helvetica, sans-serif;font-size: 12pt\"><\/div><\/span><\/p>\n<\/div>\n<\/div><\/div><div id=\"panel-172-0-0-1\" class=\"so-panel widget widget_sow-editor\" data-index=\"1\" ><div\n\t\t\t\n\t\t\tclass=\"so-widget-sow-editor so-widget-sow-editor-base\"\n\t\t\t\n\t\t>\n<div class=\"siteorigin-widget-tinymce textwidget\">\n\t<p><span style=\"font-family: arial, helvetica, sans-serif;font-size: 12pt\"><span class=\"collapseomatic \" id=\"id69d665446d9ac\"  tabindex=\"0\" title=\"&lt;strong&gt;O que \u00e9 osseointegra\u00e7\u00e3o?&lt;\/strong&gt;\"    ><strong>O que \u00e9 osseointegra\u00e7\u00e3o?<\/strong><\/span><div id=\"target-id69d665446d9ac\" class=\"collapseomatic_content \"> <\/span><\/p>\n<p style=\"text-align: justify\"><span style=\"font-family: arial, helvetica, sans-serif;font-size: 12pt\">Para que os implantes possam servir de alicerce para a constru\u00e7\u00e3o das pr\u00f3teses dent\u00e1rias o implante precisa se unir ao osso que o circunda. Esse processo de uni\u00e3o entre o osso e o implante \u00e9 denominado Osseointegra\u00e7\u00e3o, que consiste na forma\u00e7\u00e3o de tecido \u00f3sseo justaposto ao implante. \u00c9 importante frisar que, na maioria das vezes, a pr\u00f3tese (dente) s\u00f3 pode ser confeccionada ap\u00f3s a correta osseointegra\u00e7\u00e3o dos implantes, o que ocorre em um per\u00edodo entre 4 a 6 meses ap\u00f3s a cirurgia de instala\u00e7\u00e3o.<\/span><\/p>\n<p><span style=\"font-family: arial, helvetica, sans-serif;font-size: 12pt\">A imagem abaixo apresenta a forma\u00e7\u00e3o de osso (regi\u00e3o r\u00f3sea) ao redor de um implante de Tit\u00e2nio (regi\u00e3o escura).<\/span><\/p>\n<p><span style=\"font-family: arial, helvetica, sans-serif;font-size: 12pt\"><img data-attachment-id=\"292\" data-permalink=\"https:\/\/wp.ufpel.edu.br\/projetoimplantes\/pacientes\/dsc00014\/#main\" data-orig-file=\"https:\/\/wp.ufpel.edu.br\/projetoimplantes\/files\/2018\/11\/DSC00014.jpg\" data-orig-size=\"1280,960\" data-comments-opened=\"0\" data-image-meta=\"{&quot;aperture&quot;:&quot;2.2&quot;,&quot;credit&quot;:&quot;&quot;,&quot;camera&quot;:&quot;CYBERSHOT&quot;,&quot;caption&quot;:&quot;&quot;,&quot;created_timestamp&quot;:&quot;1223043579&quot;,&quot;copyright&quot;:&quot;&quot;,&quot;focal_length&quot;:&quot;12.2&quot;,&quot;iso&quot;:&quot;320&quot;,&quot;shutter_speed&quot;:&quot;0.033333333333333&quot;,&quot;title&quot;:&quot;&quot;,&quot;orientation&quot;:&quot;1&quot;}\" data-image-title=\"DSC00014\" data-image-description=\"\" data-image-caption=\"\" data-medium-file=\"https:\/\/wp.ufpel.edu.br\/projetoimplantes\/files\/2018\/11\/DSC00014-400x300.jpg\" data-large-file=\"https:\/\/wp.ufpel.edu.br\/projetoimplantes\/files\/2018\/11\/DSC00014-1024x768.jpg\" loading=\"lazy\" decoding=\"async\" class=\"size-medium wp-image-292 aligncenter\" src=\"https:\/\/wp.ufpel.edu.br\/projetoimplantes\/files\/2018\/11\/DSC00014-400x300.jpg\" alt=\"\" width=\"400\" height=\"300\" srcset=\"https:\/\/wp.ufpel.edu.br\/projetoimplantes\/files\/2018\/11\/DSC00014-400x300.jpg 400w, https:\/\/wp.ufpel.edu.br\/projetoimplantes\/files\/2018\/11\/DSC00014-768x576.jpg 768w, https:\/\/wp.ufpel.edu.br\/projetoimplantes\/files\/2018\/11\/DSC00014-1024x768.jpg 1024w, https:\/\/wp.ufpel.edu.br\/projetoimplantes\/files\/2018\/11\/DSC00014-619x464.jpg 619w, https:\/\/wp.ufpel.edu.br\/projetoimplantes\/files\/2018\/11\/DSC00014.jpg 1280w\" sizes=\"auto, (max-width: 400px) 100vw, 400px\" \/>\u00a0<\/span><\/p>\n<p><span style=\"font-family: arial, helvetica, sans-serif;font-size: 12pt\">Para saber mais sobre esta imagem e o estudo que deu origem a ela, <a href=\"http:\/\/www.joionline.org\/doi\/abs\/10.1563\/AAID-JOI-D-10-00048\">acesse o artigo clicando aqui<\/a>.\u00a0<\/span><\/p>\n<p><span style=\"font-family: arial, helvetica, sans-serif;font-size: 12pt\"><\/div><\/span><\/p>\n<\/div>\n<\/div><\/div><div id=\"panel-172-0-0-2\" class=\"so-panel widget widget_sow-editor\" data-index=\"2\" ><div\n\t\t\t\n\t\t\tclass=\"so-widget-sow-editor so-widget-sow-editor-base\"\n\t\t\t\n\t\t>\n<div class=\"siteorigin-widget-tinymce textwidget\">\n\t<p style=\"text-align: justify\"><span style=\"font-family: arial, helvetica, sans-serif;font-size: 12pt\"><span class=\"collapseomatic \" id=\"id69d665446dbee\"  tabindex=\"0\" title=\"&lt;strong&gt;O tratamento com implantes dent\u00e1rios \u00e9 seguro? Qual a chance de sucesso?&lt;\/strong&gt;\"    ><strong>O tratamento com implantes dent\u00e1rios \u00e9 seguro? Qual a chance de sucesso?<\/strong><\/span><div id=\"target-id69d665446dbee\" class=\"collapseomatic_content \"> <\/span><\/p>\n<p style=\"text-align: justify\"><span style=\"font-family: arial, helvetica, sans-serif;font-size: 12pt\">O tratamento com implantes dent\u00e1rios \u00e9 um tratamento amplamente consolidade na literatura cient\u00edfica odontol\u00f3gica e a sua indica\u00e7\u00e3o \u00e9 segura para praticamente todos os paciente. A contraindica\u00e7\u00e3o da realiza\u00e7\u00e3o de implantes dent\u00e1rios \u00e9 geralmente relacionada \u00e0 problemas de sa\u00fade geral do paciente que possam inviabilizar o mesmo de ser submetido \u00e0 procedimentos cir\u00fargicos. A literatura relata as principais contraindica\u00e7\u00f5es como sendo pessoas que tenham feito quimio ou radioterapia nos \u00faltimos 5 anos ou que fa\u00e7am uso de medica\u00e7\u00e3o espec\u00edfica para osteoporose (bifosfonatos).<\/span><\/p>\n<p style=\"text-align: justify\"><span style=\"font-family: arial, helvetica, sans-serif;font-size: 12pt\">Para que o implante tenha sucesso, o mesmo precisa se osseointegrar, ou seja, tecido \u00f3sseo tem de ser formado ao redor do implante de modo \u00e0 garantir a fixa\u00e7\u00e3o do implante e, posteriormente, da pr\u00f3tese dent\u00e1ria. As taxas de sucesso dos diferentes tipos de implante varia em torno de 95%.<\/span><\/p>\n<p style=\"text-align: justify\"><span style=\"font-family: arial, helvetica, sans-serif;font-size: 12pt\"><\/div><\/span><\/p>\n<\/div>\n<\/div><\/div><div id=\"panel-172-0-0-3\" class=\"so-panel widget widget_sow-editor\" data-index=\"3\" ><div\n\t\t\t\n\t\t\tclass=\"so-widget-sow-editor so-widget-sow-editor-base\"\n\t\t\t\n\t\t>\n<div class=\"siteorigin-widget-tinymce textwidget\">\n\t<p style=\"text-align: justify\"><span style=\"font-family: arial, helvetica, sans-serif;font-size: 12pt\"><span class=\"collapseomatic \" id=\"id69d665446de04\"  tabindex=\"0\" title=\"&lt;strong&gt;Quando estou apto \u00e0 realizar tratamento com implantes dent\u00e1rios?&lt;\/strong&gt;\"    ><strong>Quando estou apto \u00e0 realizar tratamento com implantes dent\u00e1rios?<\/strong><\/span><div id=\"target-id69d665446de04\" class=\"collapseomatic_content \"><\/span><\/p>\n<p style=\"text-align: justify\"><span style=\"font-family: arial, helvetica, sans-serif;font-size: 12pt\">A realiza\u00e7\u00e3o de implantes dent\u00e1rios \u00e9 dependente principalmente da disponibilidade de osso na regi\u00e3o onde se deseja instalar o implante. Em casos onde os dentes foram perdidos h\u00e1 muito tempo ou onde alguma reabsor\u00e7\u00e3o exagerada aconteceu a instala\u00e7\u00e3o de implantes pode ser inviabilizada ou necessitar de outros procedimentos com o intuito de aumentar a quantidade \u00f3ssea para posterior instala\u00e7\u00e3o dos mesmos.<\/span><\/p>\n<p style=\"text-align: justify\"><span style=\"font-family: arial, helvetica, sans-serif;font-size: 12pt\">De maneira geral, os implantes s\u00e3o indicados para quaisquer regi\u00f5es onde se houve perda dent\u00e1ria ou, ainda, em regi\u00f5es de dentes que precisam ser extra\u00eddos por motivos como doen\u00e7a periodontal, c\u00e1rie, trinca ou fratura, entre outras.<\/span><\/p>\n<p style=\"text-align: justify\"><span style=\"font-family: arial, helvetica, sans-serif;font-size: 12pt\">Para se ter certeza do volume e quantidade \u00f3ssea \u00e9 necess\u00e1rio que se realize exames de imagem do tipo tomografia computadorizadas, para assim, se ter certeza de que o seu caso \u00e9 apto \u00e0 instala\u00e7\u00e3o de implantes dent\u00e1rios<\/span><\/p>\n<p style=\"text-align: justify\"><span style=\"font-family: arial, helvetica, sans-serif;font-size: 12pt\"><\/div><\/span><\/p>\n<\/div>\n<\/div><\/div><div id=\"panel-172-0-0-4\" class=\"so-panel widget widget_sow-editor\" data-index=\"4\" ><div\n\t\t\t\n\t\t\tclass=\"so-widget-sow-editor so-widget-sow-editor-base\"\n\t\t\t\n\t\t>\n<div class=\"siteorigin-widget-tinymce textwidget\">\n\t<p><span style=\"font-family: arial, helvetica, sans-serif;font-size: 12pt\"><span class=\"collapseomatic \" id=\"id69d665446ea5e\"  tabindex=\"0\" title=\"&lt;strong&gt;Quais as possibilidades de tratamento com implantes dent\u00e1rios?&lt;\/strong&gt;\"    ><strong>Quais as possibilidades de tratamento com implantes dent\u00e1rios?<\/strong><\/span><div id=\"target-id69d665446ea5e\" class=\"collapseomatic_content \"> <\/span><\/p>\n<p style=\"text-align: justify\"><span style=\"font-family: arial, helvetica, sans-serif;font-size: 12pt\">Os implantes dent\u00e1rios podem ser realizados em reabilita\u00e7\u00f5es que envolvam apenas a reabilita\u00e7\u00e3o de um dente perdido at\u00e9 a reabilita\u00e7\u00e3o de toda a arcada dent\u00e1ria. De uma maneira simples, podemos dividir as possibilidades de tratamento em:<\/span><\/p>\n<ul>\n<li><span style=\"font-size: 12pt\"><span style=\"font-family: arial, helvetica, sans-serif\"><span style=\"font-size: 14pt\"><strong>Pr\u00f3teses Unit\u00e1rias<\/strong><\/span> -\u00a0<\/span>Quando apenas um dente foi perdido ou precisa ser extra\u00eddo.<\/span><\/li>\n<\/ul>\n<p><img data-attachment-id=\"285\" data-permalink=\"https:\/\/wp.ufpel.edu.br\/projetoimplantes\/pacientes\/unitaria\/#main\" data-orig-file=\"https:\/\/wp.ufpel.edu.br\/projetoimplantes\/files\/2018\/11\/unit\u00e1ria.jpg\" data-orig-size=\"1181,787\" data-comments-opened=\"0\" data-image-meta=\"{&quot;aperture&quot;:&quot;22&quot;,&quot;credit&quot;:&quot;&quot;,&quot;camera&quot;:&quot;Canon EOS DIGITAL REBEL XS&quot;,&quot;caption&quot;:&quot;&quot;,&quot;created_timestamp&quot;:&quot;1534884804&quot;,&quot;copyright&quot;:&quot;&quot;,&quot;focal_length&quot;:&quot;100&quot;,&quot;iso&quot;:&quot;100&quot;,&quot;shutter_speed&quot;:&quot;0.00625&quot;,&quot;title&quot;:&quot;&quot;,&quot;orientation&quot;:&quot;1&quot;}\" data-image-title=\"unit\u00e1ria\" data-image-description=\"\" data-image-caption=\"\" data-medium-file=\"https:\/\/wp.ufpel.edu.br\/projetoimplantes\/files\/2018\/11\/unit\u00e1ria-400x267.jpg\" data-large-file=\"https:\/\/wp.ufpel.edu.br\/projetoimplantes\/files\/2018\/11\/unit\u00e1ria-1024x682.jpg\" loading=\"lazy\" decoding=\"async\" class=\"size-medium wp-image-285 aligncenter\" src=\"https:\/\/wp.ufpel.edu.br\/projetoimplantes\/files\/2018\/11\/unit\u00e1ria-400x267.jpg\" alt=\"\" width=\"400\" height=\"267\" srcset=\"https:\/\/wp.ufpel.edu.br\/projetoimplantes\/files\/2018\/11\/unit\u00e1ria-400x267.jpg 400w, https:\/\/wp.ufpel.edu.br\/projetoimplantes\/files\/2018\/11\/unit\u00e1ria-768x512.jpg 768w, https:\/\/wp.ufpel.edu.br\/projetoimplantes\/files\/2018\/11\/unit\u00e1ria-1024x682.jpg 1024w, https:\/\/wp.ufpel.edu.br\/projetoimplantes\/files\/2018\/11\/unit\u00e1ria-619x412.jpg 619w, https:\/\/wp.ufpel.edu.br\/projetoimplantes\/files\/2018\/11\/unit\u00e1ria-272x182.jpg 272w, https:\/\/wp.ufpel.edu.br\/projetoimplantes\/files\/2018\/11\/unit\u00e1ria.jpg 1181w\" sizes=\"auto, (max-width: 400px) 100vw, 400px\" \/><\/p>\n<ul>\n<li><span style=\"font-size: 12pt\"><span style=\"font-family: arial, helvetica, sans-serif\"><span style=\"font-size: 14pt\"><strong>Pr\u00f3teses Parciais<\/strong><\/span> -\u00a0<\/span>Quando mais de um dente adjacente foi perdido ou precisa ser extra\u00eddo. Realiza-se a confec\u00e7\u00e3o de apenas uma pr\u00f3tese que ficar\u00e1 unida entre alguns implantes de modo a reabilitar todos os elementos faltantes.<\/span><\/li>\n<\/ul>\n<p><img data-attachment-id=\"284\" data-permalink=\"https:\/\/wp.ufpel.edu.br\/projetoimplantes\/pacientes\/prot-parcial\/#main\" data-orig-file=\"https:\/\/wp.ufpel.edu.br\/projetoimplantes\/files\/2018\/11\/prot-parcial.jpg\" data-orig-size=\"709,447\" data-comments-opened=\"0\" data-image-meta=\"{&quot;aperture&quot;:&quot;18&quot;,&quot;credit&quot;:&quot;&quot;,&quot;camera&quot;:&quot;Canon EOS DIGITAL REBEL XS&quot;,&quot;caption&quot;:&quot;&quot;,&quot;created_timestamp&quot;:&quot;1542730406&quot;,&quot;copyright&quot;:&quot;&quot;,&quot;focal_length&quot;:&quot;100&quot;,&quot;iso&quot;:&quot;100&quot;,&quot;shutter_speed&quot;:&quot;0.008&quot;,&quot;title&quot;:&quot;&quot;,&quot;orientation&quot;:&quot;1&quot;}\" data-image-title=\"prot-parcial\" data-image-description=\"\" data-image-caption=\"\" data-medium-file=\"https:\/\/wp.ufpel.edu.br\/projetoimplantes\/files\/2018\/11\/prot-parcial-400x252.jpg\" data-large-file=\"https:\/\/wp.ufpel.edu.br\/projetoimplantes\/files\/2018\/11\/prot-parcial.jpg\" loading=\"lazy\" decoding=\"async\" class=\"size-medium wp-image-284 aligncenter\" src=\"https:\/\/wp.ufpel.edu.br\/projetoimplantes\/files\/2018\/11\/prot-parcial-400x252.jpg\" alt=\"\" width=\"400\" height=\"252\" srcset=\"https:\/\/wp.ufpel.edu.br\/projetoimplantes\/files\/2018\/11\/prot-parcial-400x252.jpg 400w, https:\/\/wp.ufpel.edu.br\/projetoimplantes\/files\/2018\/11\/prot-parcial-619x390.jpg 619w, https:\/\/wp.ufpel.edu.br\/projetoimplantes\/files\/2018\/11\/prot-parcial.jpg 709w\" sizes=\"auto, (max-width: 400px) 100vw, 400px\" \/><\/p>\n<ul>\n<li><span style=\"font-size: 14pt\"><strong><span style=\"font-family: arial, helvetica, sans-serif\">Pr\u00f3teses Totais<\/span><\/strong><\/span>\n<ul>\n<li><span style=\"font-size: 12pt\"><strong>Overdentures<\/strong> - Pr\u00f3tese total remov\u00edvel que fica retida na boca com aux\u00edlio de sistemas de reten\u00e7\u00e3o.<\/span><\/li>\n<li><img data-attachment-id=\"286\" data-permalink=\"https:\/\/wp.ufpel.edu.br\/projetoimplantes\/pacientes\/overdenture\/#main\" data-orig-file=\"https:\/\/wp.ufpel.edu.br\/projetoimplantes\/files\/2018\/11\/overdenture.jpg\" data-orig-size=\"1181,787\" data-comments-opened=\"0\" data-image-meta=\"{&quot;aperture&quot;:&quot;22&quot;,&quot;credit&quot;:&quot;&quot;,&quot;camera&quot;:&quot;Canon EOS DIGITAL REBEL XS&quot;,&quot;caption&quot;:&quot;&quot;,&quot;created_timestamp&quot;:&quot;1534884804&quot;,&quot;copyright&quot;:&quot;&quot;,&quot;focal_length&quot;:&quot;100&quot;,&quot;iso&quot;:&quot;100&quot;,&quot;shutter_speed&quot;:&quot;0.00625&quot;,&quot;title&quot;:&quot;&quot;,&quot;orientation&quot;:&quot;1&quot;}\" data-image-title=\"overdenture\" data-image-description=\"\" data-image-caption=\"\" data-medium-file=\"https:\/\/wp.ufpel.edu.br\/projetoimplantes\/files\/2018\/11\/overdenture-400x267.jpg\" data-large-file=\"https:\/\/wp.ufpel.edu.br\/projetoimplantes\/files\/2018\/11\/overdenture-1024x682.jpg\" loading=\"lazy\" decoding=\"async\" class=\"size-medium wp-image-286 aligncenter\" src=\"https:\/\/wp.ufpel.edu.br\/projetoimplantes\/files\/2018\/11\/overdenture-400x267.jpg\" alt=\"\" width=\"400\" height=\"267\" srcset=\"https:\/\/wp.ufpel.edu.br\/projetoimplantes\/files\/2018\/11\/overdenture-400x267.jpg 400w, https:\/\/wp.ufpel.edu.br\/projetoimplantes\/files\/2018\/11\/overdenture-768x512.jpg 768w, https:\/\/wp.ufpel.edu.br\/projetoimplantes\/files\/2018\/11\/overdenture-1024x682.jpg 1024w, https:\/\/wp.ufpel.edu.br\/projetoimplantes\/files\/2018\/11\/overdenture-619x412.jpg 619w, https:\/\/wp.ufpel.edu.br\/projetoimplantes\/files\/2018\/11\/overdenture-272x182.jpg 272w, https:\/\/wp.ufpel.edu.br\/projetoimplantes\/files\/2018\/11\/overdenture.jpg 1181w\" sizes=\"auto, (max-width: 400px) 100vw, 400px\" \/><\/li>\n<li><span style=\"font-size: 12pt\"><strong>Protocolo<\/strong> - Pr\u00f3tese total fixa que fica parafusada na boca e n\u00e3o permite remo\u00e7\u00e3o da mesma pelo paciente.<\/span><\/li>\n<\/ul>\n<\/li>\n<\/ul>\n<p><img data-attachment-id=\"287\" data-permalink=\"https:\/\/wp.ufpel.edu.br\/projetoimplantes\/pacientes\/protocolo\/#main\" data-orig-file=\"https:\/\/wp.ufpel.edu.br\/projetoimplantes\/files\/2018\/11\/protocolo.jpg\" data-orig-size=\"1171,774\" data-comments-opened=\"0\" data-image-meta=\"{&quot;aperture&quot;:&quot;22&quot;,&quot;credit&quot;:&quot;&quot;,&quot;camera&quot;:&quot;Canon EOS DIGITAL REBEL XS&quot;,&quot;caption&quot;:&quot;&quot;,&quot;created_timestamp&quot;:&quot;1534884804&quot;,&quot;copyright&quot;:&quot;&quot;,&quot;focal_length&quot;:&quot;100&quot;,&quot;iso&quot;:&quot;100&quot;,&quot;shutter_speed&quot;:&quot;0.00625&quot;,&quot;title&quot;:&quot;&quot;,&quot;orientation&quot;:&quot;1&quot;}\" data-image-title=\"protocolo\" data-image-description=\"\" data-image-caption=\"\" data-medium-file=\"https:\/\/wp.ufpel.edu.br\/projetoimplantes\/files\/2018\/11\/protocolo-400x264.jpg\" data-large-file=\"https:\/\/wp.ufpel.edu.br\/projetoimplantes\/files\/2018\/11\/protocolo-1024x677.jpg\" loading=\"lazy\" decoding=\"async\" class=\"size-medium wp-image-287 aligncenter\" src=\"https:\/\/wp.ufpel.edu.br\/projetoimplantes\/files\/2018\/11\/protocolo-400x264.jpg\" alt=\"\" width=\"400\" height=\"264\" srcset=\"https:\/\/wp.ufpel.edu.br\/projetoimplantes\/files\/2018\/11\/protocolo-400x264.jpg 400w, https:\/\/wp.ufpel.edu.br\/projetoimplantes\/files\/2018\/11\/protocolo-768x508.jpg 768w, https:\/\/wp.ufpel.edu.br\/projetoimplantes\/files\/2018\/11\/protocolo-1024x677.jpg 1024w, https:\/\/wp.ufpel.edu.br\/projetoimplantes\/files\/2018\/11\/protocolo-619x409.jpg 619w, https:\/\/wp.ufpel.edu.br\/projetoimplantes\/files\/2018\/11\/protocolo.jpg 1171w\" sizes=\"auto, (max-width: 400px) 100vw, 400px\" \/><\/p>\n<p><span style=\"font-family: arial, helvetica, sans-serif;font-size: 12pt\"><\/div><\/span><\/p>\n<\/div>\n<\/div><\/div><div id=\"panel-172-0-0-5\" class=\"so-panel widget widget_sow-editor panel-last-child\" data-index=\"5\" ><div\n\t\t\t\n\t\t\tclass=\"so-widget-sow-editor so-widget-sow-editor-base\"\n\t\t\t\n\t\t>\n<div class=\"siteorigin-widget-tinymce textwidget\">\n\t<p><span style=\"font-family: arial, helvetica, sans-serif;font-size: 12pt\"><span class=\"collapseomatic \" id=\"id69d665446ec72\"  tabindex=\"0\" title=\"&lt;strong&gt;Como fa\u00e7o para ser inclu\u00eddo na lista de espera para atendimentos?&lt;\/strong&gt;\"    ><strong>Como fa\u00e7o para ser inclu\u00eddo na lista de espera para atendimentos?<\/strong><\/span><div id=\"target-id69d665446ec72\" class=\"collapseomatic_content \"> <\/span><\/p>\n<p style=\"text-align: justify\"><span style=\"font-family: arial, helvetica, sans-serif;font-size: 12pt\">No momento a inclus\u00e3o de pacientes est\u00e1 sendo somente via indica\u00e7\u00e3o dentro da Faculdade de Odontologia.<\/span><\/p>\n<p style=\"text-align: justify\">\n<p><span style=\"font-family: arial, helvetica, sans-serif;font-size: 12pt\"><\/div><\/span><\/p>\n<\/div>\n<\/div><\/div><\/div><\/div><\/div>","protected":false},"excerpt":{"rendered":"<p>O que \u00e9 implante dent\u00e1rio? O implante dent\u00e1rio \u00e9 uma estrutura, que na maioria das vezes \u00e9 de Tit\u00e2nio,\u00a0em formato de parafuso.\u00a0 Esse implante dent\u00e1rio tem a fun\u00e7\u00e3o de servir de ancoragem r\u00edgida dentro do osso para posterior confec\u00e7\u00e3o de pr\u00f3tese dent\u00e1ria que, por sua vez, ter\u00e1 a fun\u00e7\u00e3o de restabelecer est\u00e9tica e fun\u00e7\u00e3o perdidas. [&hellip;]<\/p>\n","protected":false},"author":511,"featured_media":0,"parent":0,"menu_order":0,"comment_status":"closed","ping_status":"closed","template":"","meta":{"jetpack_post_was_ever_published":false,"footnotes":""},"class_list":["post-172","page","type-page","status-publish","hentry"],"jetpack_sharing_enabled":true,"jetpack_shortlink":"https:\/\/wp.me\/Pau6CR-2M","jetpack-related-posts":[],"_links":{"self":[{"href":"https:\/\/wp.ufpel.edu.br\/projetoimplantes\/wp-json\/wp\/v2\/pages\/172","targetHints":{"allow":["GET"]}}],"collection":[{"href":"https:\/\/wp.ufpel.edu.br\/projetoimplantes\/wp-json\/wp\/v2\/pages"}],"about":[{"href":"https:\/\/wp.ufpel.edu.br\/projetoimplantes\/wp-json\/wp\/v2\/types\/page"}],"author":[{"embeddable":true,"href":"https:\/\/wp.ufpel.edu.br\/projetoimplantes\/wp-json\/wp\/v2\/users\/511"}],"replies":[{"embeddable":true,"href":"https:\/\/wp.ufpel.edu.br\/projetoimplantes\/wp-json\/wp\/v2\/comments?post=172"}],"version-history":[{"count":38,"href":"https:\/\/wp.ufpel.edu.br\/projetoimplantes\/wp-json\/wp\/v2\/pages\/172\/revisions"}],"predecessor-version":[{"id":1253,"href":"https:\/\/wp.ufpel.edu.br\/projetoimplantes\/wp-json\/wp\/v2\/pages\/172\/revisions\/1253"}],"wp:attachment":[{"href":"https:\/\/wp.ufpel.edu.br\/projetoimplantes\/wp-json\/wp\/v2\/media?parent=172"}],"curies":[{"name":"wp","href":"https:\/\/api.w.org\/{rel}","templated":true}]}}