{"id":167,"date":"2018-11-28T13:40:43","date_gmt":"2018-11-28T15:40:43","guid":{"rendered":"https:\/\/wp.ufpel.edu.br\/projetoimplantes\/?page_id=167"},"modified":"2022-05-31T12:07:33","modified_gmt":"2022-05-31T15:07:33","slug":"arquivos","status":"publish","type":"page","link":"https:\/\/wp.ufpel.edu.br\/projetoimplantes\/arquivos\/","title":{"rendered":"Downloads"},"content":{"rendered":"<div id=\"pl-167\"  class=\"panel-layout\" ><div id=\"pg-167-0\"  class=\"panel-grid panel-no-style\" ><div id=\"pgc-167-0-0\"  class=\"panel-grid-cell\" ><div id=\"panel-167-0-0-0\" class=\"so-panel widget widget_sow-image panel-first-child\" data-index=\"0\" ><div\n\t\t\t\n\t\t\tclass=\"so-widget-sow-image so-widget-sow-image-default-8b5b6f678277-167\"\n\t\t\t\n\t\t><h3 class=\"widget-title\">Logotipo do projeto:<\/h3>\n<div class=\"sow-image-container\">\n\t\t<img \n\tsrc=\"https:\/\/wp.ufpel.edu.br\/projetoimplantes\/files\/2018\/11\/logo_giphy-400x400.gif\" width=\"400\" height=\"400\" srcset=\"https:\/\/wp.ufpel.edu.br\/projetoimplantes\/files\/2018\/11\/logo_giphy-400x400.gif 400w, https:\/\/wp.ufpel.edu.br\/projetoimplantes\/files\/2018\/11\/logo_giphy-200x200.gif 200w, https:\/\/wp.ufpel.edu.br\/projetoimplantes\/files\/2018\/11\/logo_giphy-768x768.gif 768w, https:\/\/wp.ufpel.edu.br\/projetoimplantes\/files\/2018\/11\/logo_giphy-1024x1024.gif 1024w, https:\/\/wp.ufpel.edu.br\/projetoimplantes\/files\/2018\/11\/logo_giphy-619x619.gif 619w\" sizes=\"(max-width: 400px) 100vw, 400px\" title=\"Logotipo do projeto:\" alt=\"\" \t\tclass=\"so-widget-image\"\/>\n\t<\/div>\n\n<\/div><\/div><div id=\"panel-167-0-0-1\" class=\"so-panel widget widget_sow-editor\" data-index=\"1\" ><div\n\t\t\t\n\t\t\tclass=\"so-widget-sow-editor so-widget-sow-editor-base\"\n\t\t\t\n\t\t>\n<div class=\"siteorigin-widget-tinymce textwidget\">\n\t<p><span style=\"font-size: 12pt;font-family: georgia, palatino, serif\"><strong>Templates para apresenta\u00e7\u00f5es:<\/strong><\/span><\/p>\n<p><span style=\"font-family: georgia, palatino, serif;font-size: 12pt\"><a href=\"https:\/\/wp.ufpel.edu.br\/projetoimplantes\/files\/2019\/03\/Template-slides-powerpoint.pptx\">Template slides - powerpoint<\/a><\/span><\/p>\n<\/div>\n<\/div><\/div><div id=\"panel-167-0-0-2\" class=\"so-panel widget widget_sow-editor panel-last-child\" data-index=\"2\" ><div\n\t\t\t\n\t\t\tclass=\"so-widget-sow-editor so-widget-sow-editor-base\"\n\t\t\t\n\t\t>\n<div class=\"siteorigin-widget-tinymce textwidget\">\n\t<p><span style=\"font-size: 12pt;\"><strong><span style=\"font-family: arial, helvetica, sans-serif;\">Cat\u00e1logo Imp<span style=\"font-size: 12pt;\">lantes:<\/span><\/span><\/strong><\/span><\/p>\n<p><span style=\"font-size: 12pt;\"><a href=\"https:\/\/wp.ufpel.edu.br\/projetoimplantes\/files\/2018\/12\/catalogo2018.pdf\"><span style=\"font-family: georgia, palatino, serif; font-size: 12pt;\">Cat\u00e1logo Neodent<\/span><\/a><\/span><\/p>\n<p><span style=\"font-size: 12pt; font-family: georgia, palatino, serif;\"><a href=\"https:\/\/wp.ufpel.edu.br\/projetoimplantes\/files\/2019\/02\/arcsys_catalogo_view.pdf\">Cat\u00e1logo Arcsys<\/a><\/span><\/p>\n<p><span style=\"font-size: 12pt; font-family: georgia, palatino, serif;\"><a href=\"https:\/\/wp.ufpel.edu.br\/projetoimplantes\/files\/2022\/05\/catalogo-implacil-2022.pdf\">Cat\u00e1logo Implacil<\/a><\/span><\/p>\n<\/div>\n<\/div><\/div><\/div><\/div><\/div>","protected":false},"excerpt":{"rendered":"<p>Templates para apresenta\u00e7\u00f5es: Template slides &#8211; powerpoint Cat\u00e1logo Implantes: Cat\u00e1logo Neodent Cat\u00e1logo Arcsys Cat\u00e1logo Implacil<\/p>\n","protected":false},"author":511,"featured_media":0,"parent":0,"menu_order":0,"comment_status":"closed","ping_status":"closed","template":"","meta":{"jetpack_post_was_ever_published":false,"footnotes":""},"class_list":["post-167","page","type-page","status-publish","hentry"],"jetpack_sharing_enabled":true,"jetpack_shortlink":"https:\/\/wp.me\/Pau6CR-2H","jetpack-related-posts":[],"_links":{"self":[{"href":"https:\/\/wp.ufpel.edu.br\/projetoimplantes\/wp-json\/wp\/v2\/pages\/167","targetHints":{"allow":["GET"]}}],"collection":[{"href":"https:\/\/wp.ufpel.edu.br\/projetoimplantes\/wp-json\/wp\/v2\/pages"}],"about":[{"href":"https:\/\/wp.ufpel.edu.br\/projetoimplantes\/wp-json\/wp\/v2\/types\/page"}],"author":[{"embeddable":true,"href":"https:\/\/wp.ufpel.edu.br\/projetoimplantes\/wp-json\/wp\/v2\/users\/511"}],"replies":[{"embeddable":true,"href":"https:\/\/wp.ufpel.edu.br\/projetoimplantes\/wp-json\/wp\/v2\/comments?post=167"}],"version-history":[{"count":22,"href":"https:\/\/wp.ufpel.edu.br\/projetoimplantes\/wp-json\/wp\/v2\/pages\/167\/revisions"}],"predecessor-version":[{"id":1303,"href":"https:\/\/wp.ufpel.edu.br\/projetoimplantes\/wp-json\/wp\/v2\/pages\/167\/revisions\/1303"}],"wp:attachment":[{"href":"https:\/\/wp.ufpel.edu.br\/projetoimplantes\/wp-json\/wp\/v2\/media?parent=167"}],"curies":[{"name":"wp","href":"https:\/\/api.w.org\/{rel}","templated":true}]}}