{"id":12,"date":"2018-11-27T09:14:16","date_gmt":"2018-11-27T11:14:16","guid":{"rendered":"https:\/\/wp.ufpel.edu.br\/projetoimplantes\/?page_id=12"},"modified":"2020-01-20T12:23:40","modified_gmt":"2020-01-20T15:23:40","slug":"pesquisa","status":"publish","type":"page","link":"https:\/\/wp.ufpel.edu.br\/projetoimplantes\/pesquisa\/","title":{"rendered":"Pesquisa"},"content":{"rendered":"<div id=\"pl-12\"  class=\"panel-layout\" ><div id=\"pg-12-0\"  class=\"panel-grid panel-no-style\" ><div id=\"pgc-12-0-0\"  class=\"panel-grid-cell\" ><div id=\"panel-12-0-0-0\" class=\"so-panel widget widget_sow-editor panel-first-child\" data-index=\"0\" ><div\n\t\t\t\n\t\t\tclass=\"so-widget-sow-editor so-widget-sow-editor-base\"\n\t\t\t\n\t\t>\n<div class=\"siteorigin-widget-tinymce textwidget\">\n\t<div style=\"text-align: justify\"><span style=\"font-family: arial, helvetica, sans-serif;font-size: 12pt\">No que diz respeito \u00e0 pesquisa o Projeto Unificado de Pr\u00f3teses Sobre Implantes visa avaliar as taxas de sobreviv\u00eancia de implantes e pr\u00f3teses sobre implantes inseridas nos pacientes atendidos pelo projeto. Dentro das atividades do projeto s\u00e3o desenvolvidos acompanhamentos longitudinais e ensaios cl\u00ednicos randomizados (ECRs), todos com pr\u00e9via aprova\u00e7\u00e3o do Comit\u00ea de \u00c9tica em Pesquisa da Faculdade de Odontologia da UFPel e registro dos ensaios cl\u00ednicos na plataforma ReBEC (Registro Brasileiro de Ensaios Cl\u00ednicos).<\/span><\/div>\n<\/div>\n<\/div><\/div><div id=\"panel-12-0-0-1\" class=\"so-panel widget widget_sow-editor panel-last-child\" data-index=\"1\" ><div\n\t\t\t\n\t\t\tclass=\"so-widget-sow-editor so-widget-sow-editor-base\"\n\t\t\t\n\t\t>\n<div class=\"siteorigin-widget-tinymce textwidget\">\n\t<div style=\"text-align: justify\">\n<div><strong><span style=\"font-size: 12pt;font-family: arial, helvetica, sans-serif\">No momento os projetos de pesquisa desenvolvidos s\u00e3o:<\/span><\/strong><\/div>\n<div><\/div>\n<div><span style=\"font-size: 12pt;font-family: arial, helvetica, sans-serif\">- ACOMPANHAMENTO DE PACIENTES SUBMETIDOS A INSTALA\u00c7\u00c3O DE IMPLANTES E CONFEC\u00c7\u00c3O DE PR\u00d3TESES DENT\u00c1RIAS<\/span><\/div>\n<div><span style=\"font-size: 10pt;font-family: arial, helvetica, sans-serif\">\u00a0 \u00a0 - ReBEC TRIAL: RBR-463SK7<\/span><\/div>\n<div><span style=\"font-size: 10pt;font-family: arial, helvetica, sans-serif\">\u00a0 \u00a0 - Parecer\u00a0 CEP: 2.792.042; CAAE: 91767718.6.0000.5318<\/span><\/div>\n<div>\n<hr \/>\n<\/div>\n<div><span style=\"font-size: 12pt;font-family: arial, helvetica, sans-serif\">- EFEITO DO LASER EM ASPECTOS CL\u00cdNICOS E SUBJETIVOS AP\u00d3S A INSTALA\u00c7\u00c3O DE IMPLANTES: ESTUDO CL\u00cdNICO RANDOMIZADO<\/span><\/div>\n<div><span style=\"font-size: 10pt;font-family: arial, helvetica, sans-serif\">\u00a0 \u00a0 - ReBEC\u00a0TRIAL: RBR-35TNJ7<\/span><\/div>\n<div><span style=\"font-size: 10pt;font-family: arial, helvetica, sans-serif\">\u00a0 \u00a0 - Parecer CEP:\u00a0: 2.369.402; CAAE:\u00a069947717.1.0000.5318<\/span><\/div>\n<div>\n<hr \/>\n<\/div>\n<div><span style=\"font-size: 12pt;font-family: arial, helvetica, sans-serif\">\u00a0- AVALIA\u00c7\u00c3O DO SUCESSO, SOBREVIV\u00caNCIA, PERDA \u00d3SSEA MARGINAL E COMPLICA\u00c7\u00d5ES DE PR\u00d3TESES SOBRE IMPLANTES DENT\u00c1RIOS COM DIFERENTES TIPOS DE CONEX\u00c3O IMPLANTE-PR\u00d3TESE: ENSAIO CL\u00cdNICO RANDOMIZADO<\/span><\/div>\n<div><span style=\"font-size: 10pt;font-family: arial, helvetica, sans-serif\">\u00a0 \u00a0- ReBEC TRIAL: RBR-2W83NH<\/span><\/div>\n<div><span style=\"font-size: 10pt;font-family: arial, helvetica, sans-serif\">\u00a0 \u00a0- Parecer CEP: 3.282.944; CAAE: 09533919.1.0000.5318<\/span><\/div>\n<div>\n<hr \/>\n<p><span style=\"font-family: arial, helvetica, sans-serif;font-size: 12pt\">-AVALIA\u00c7\u00c3O DE COROAS UNIT\u00c1RIAS TEMPOR\u00c1RIAS SOBRE IMPLANTES CONFECCIONADAS POR FLUXO CONVENCIONAL E DIGITAL: ENSAIO CL\u00cdNICO RANDOMIZADO<\/span><\/p>\n<\/div>\n<div><span style=\"font-family: arial, helvetica, sans-serif;font-size: 10pt\"><span style=\"font-family: arial, helvetica, sans-serif;font-size: 10pt\">\u00a0 \u00a0- ReBEC TR<\/span>IAL: <\/span><span style=\"font-family: arial, helvetica, sans-serif;font-size: 10pt\">RBR-4msyxn<\/span><\/div>\n<div><span style=\"font-size: 10pt;font-family: arial, helvetica, sans-serif\">\u00a0 \u00a0- Parecer CEP: 3.699.946; CAAE:22785019.5.0000.5318<\/span><\/div>\n<div><\/div>\n<div>\n<hr \/>\n<p><span style=\"font-family: arial, helvetica, sans-serif\"><span style=\"font-size: 12pt\">- AV<span style=\"font-family: arial, helvetica, sans-serif\">ALIA\u00c7\u00c3O DO SUCESSO, SO<\/span>BREVIV\u00caNCIA, DOR P\u00d3S-OPERAT\u00d3RIA E ALTERA\u00c7\u00c3O \u00d3SSEA MARGINAL EM IMPLANTES INSTALADOS COM FRESAGEM \u00daNICA OU ESCALONADA: ENSAIO CL\u00cdNICO RANDOMIZADO<\/span><\/span><span style=\"font-family: arial, helvetica, sans-serif;font-size: 10pt\">\u00a0 \u00a0<\/span><\/p>\n<p><span style=\"font-family: arial, helvetica, sans-serif;font-size: 10pt\">\u00a0 \u00a0- ReBEC TRIAL:\u00a0<\/span><span style=\"font-family: arial, helvetica, sans-serif;font-size: 10pt\">RBR-6vs56t<\/span><\/p>\n<p><span style=\"font-family: arial, helvetica, sans-serif;font-size: 10pt\">\u00a0 \u00a0- Parecer CEP: 3.715.575; CAAE:24363819.1.0000.5318<\/span><\/p>\n<\/div>\n<\/div>\n<\/div>\n<\/div><\/div><\/div><\/div><div id=\"pg-12-1\"  class=\"panel-grid panel-no-style\" ><div id=\"pgc-12-1-0\"  class=\"panel-grid-cell\" ><div id=\"panel-12-1-0-0\" class=\"so-panel widget widget_sow-editor panel-first-child panel-last-child\" data-index=\"2\" ><div\n\t\t\t\n\t\t\tclass=\"so-widget-sow-editor so-widget-sow-editor-base\"\n\t\t\t\n\t\t>\n<div class=\"siteorigin-widget-tinymce textwidget\">\n\t<p style=\"text-align: justify\"><span style=\"font-family: arial, helvetica, sans-serif;font-size: 12pt\"><strong>Artigos relacionados \u00e0 \u00e1rea publicados por membros do projeto:<\/strong><\/span><\/p>\n<p style=\"text-align: justify\"><span style=\"font-family: georgia, palatino, serif;font-size: 12pt\"><\/span><\/p>\n<p style=\"text-align: justify\">\n<\/div>\n<\/div><\/div><\/div><\/div><\/div>","protected":false},"excerpt":{"rendered":"<p>No que diz respeito \u00e0 pesquisa o Projeto Unificado de Pr\u00f3teses Sobre Implantes visa avaliar as taxas de sobreviv\u00eancia de implantes e pr\u00f3teses sobre implantes inseridas nos pacientes atendidos pelo projeto. Dentro das atividades do projeto s\u00e3o desenvolvidos acompanhamentos longitudinais e ensaios cl\u00ednicos randomizados (ECRs), todos com pr\u00e9via aprova\u00e7\u00e3o do Comit\u00ea de \u00c9tica em Pesquisa [&hellip;]<\/p>\n","protected":false},"author":511,"featured_media":0,"parent":0,"menu_order":0,"comment_status":"closed","ping_status":"closed","template":"","meta":{"jetpack_post_was_ever_published":false,"footnotes":""},"class_list":["post-12","page","type-page","status-publish","hentry"],"jetpack_sharing_enabled":true,"jetpack_shortlink":"https:\/\/wp.me\/Pau6CR-c","jetpack-related-posts":[],"_links":{"self":[{"href":"https:\/\/wp.ufpel.edu.br\/projetoimplantes\/wp-json\/wp\/v2\/pages\/12","targetHints":{"allow":["GET"]}}],"collection":[{"href":"https:\/\/wp.ufpel.edu.br\/projetoimplantes\/wp-json\/wp\/v2\/pages"}],"about":[{"href":"https:\/\/wp.ufpel.edu.br\/projetoimplantes\/wp-json\/wp\/v2\/types\/page"}],"author":[{"embeddable":true,"href":"https:\/\/wp.ufpel.edu.br\/projetoimplantes\/wp-json\/wp\/v2\/users\/511"}],"replies":[{"embeddable":true,"href":"https:\/\/wp.ufpel.edu.br\/projetoimplantes\/wp-json\/wp\/v2\/comments?post=12"}],"version-history":[{"count":30,"href":"https:\/\/wp.ufpel.edu.br\/projetoimplantes\/wp-json\/wp\/v2\/pages\/12\/revisions"}],"predecessor-version":[{"id":723,"href":"https:\/\/wp.ufpel.edu.br\/projetoimplantes\/wp-json\/wp\/v2\/pages\/12\/revisions\/723"}],"wp:attachment":[{"href":"https:\/\/wp.ufpel.edu.br\/projetoimplantes\/wp-json\/wp\/v2\/media?parent=12"}],"curies":[{"name":"wp","href":"https:\/\/api.w.org\/{rel}","templated":true}]}}