{"id":10,"date":"2018-11-27T09:13:57","date_gmt":"2018-11-27T11:13:57","guid":{"rendered":"https:\/\/wp.ufpel.edu.br\/projetoimplantes\/?page_id=10"},"modified":"2021-06-14T16:50:48","modified_gmt":"2021-06-14T19:50:48","slug":"ensino","status":"publish","type":"page","link":"https:\/\/wp.ufpel.edu.br\/projetoimplantes\/ensino\/","title":{"rendered":"Ensino"},"content":{"rendered":"<div id=\"pl-10\"  class=\"panel-layout\" ><div id=\"pg-10-0\"  class=\"panel-grid panel-no-style\" ><div id=\"pgc-10-0-0\"  class=\"panel-grid-cell\" ><div id=\"panel-10-0-0-0\" class=\"so-panel widget widget_siteorigin-panels-builder panel-first-child panel-last-child\" data-index=\"0\" ><div id=\"pl-w5f7e2c0153625\"  class=\"panel-layout\" ><div id=\"pg-w5f7e2c0153625-0\"  class=\"panel-grid panel-no-style\" ><div id=\"pgc-w5f7e2c0153625-0-0\"  class=\"panel-grid-cell\" ><div id=\"panel-w5f7e2c0153625-0-0-0\" class=\"so-panel widget widget_sow-editor panel-first-child panel-last-child\" data-index=\"0\" ><div\n\t\t\t\n\t\t\tclass=\"so-widget-sow-editor so-widget-sow-editor-base\"\n\t\t\t\n\t\t>\n<div class=\"siteorigin-widget-tinymce textwidget\">\n\t<p style=\"text-align: justify\"><span style=\"font-size: 14pt;font-family: georgia, palatino, serif\"><strong>Voc\u00ea sabe o que \u00e9 PBL?<\/strong><\/span><\/p>\n<p style=\"text-align: justify\"><span style=\"font-size: 12pt;font-family: georgia, palatino, serif\">O Problem-based learning (PBL), que em portugu\u00eas \u00e9 denominado \"Aprendizagem Baseada em Problemas\", foi implementado nas ci\u00eancias da sa\u00fade no final da d\u00e9cada de 1960. O PBL \u00e9 um m\u00e9todo no qual o foco do aprendizado est\u00e1 em pequenos grupos de estudantes que trabalham, sob tutoria, com diferentes cen\u00e1rios de problemas relacionados \u00e0 sa\u00fade e que ir\u00e3o encontrar em suas carreiras profissionais. Os objetivos desses \"problemas\" s\u00e3o promover um contexto para aprendizado, ativando o conhecimento pr\u00e9vio, motivando os alunos e estimulando a discuss\u00e3o. Diferentemente do aprendizado tradicional, o PBL prioriza o aprendizado centrado no estudante, onde o estudo autodirecionado \u00e9 enfatizado.<\/span><\/p>\n<hr \/>\n<p style=\"text-align: justify\"><a href=\"https:\/\/wp.me\/Pau6CR-fE\"><span style=\"font-size: 14pt;font-family: georgia, palatino, serif\"><strong>ATIVIDADES PBL - IMPLANTO UFPEL<\/strong><\/span><\/a><\/p>\n<p style=\"text-align: justify\"><a href=\"https:\/\/wp.me\/Pau6CR-fE\"><span style=\"font-size: 12pt;font-family: georgia, palatino, serif\">Em virtude da pandemia, as nossas atividades de ensino, que eram presenciais, est\u00e3o retornando agora de um modo diferente. Para esse retorno planejamos nosso conte\u00fado para ser todo realizado usando a metodologia PBL (ensino baseado em problemas). Todos os exerc\u00edcios para a realiza\u00e7\u00e3o das atividades (e os gabaritos das mesmas) ser\u00e3o disponibilizados aqui nosso site e, assim, mesmo quem n\u00e3o \u00e9 aluno inscrito no projeto ter\u00e1 a possibilidade de se envolver e aprender com a gente.<\/span><\/a><\/p>\n<\/div>\n<\/div><\/div><\/div><\/div><\/div><\/div><\/div><\/div><div id=\"pg-10-1\"  class=\"panel-grid panel-no-style\" ><div id=\"pgc-10-1-0\"  class=\"panel-grid-cell\" ><div id=\"panel-10-1-0-0\" class=\"so-panel widget widget_siteorigin-panels-builder panel-first-child panel-last-child\" data-index=\"1\" ><div id=\"pl-w9bxy9nefzbd\"  class=\"panel-layout\" ><div id=\"pg-w9bxy9nefzbd-0\"  class=\"panel-grid panel-no-style\" ><div id=\"pgc-w9bxy9nefzbd-0-0\"  class=\"panel-grid-cell\" ><div id=\"panel-w9bxy9nefzbd-0-0-0\" class=\"so-panel widget widget_text panel-first-child panel-last-child\" data-index=\"0\" ><div class=\"panel-widget-style panel-widget-style-for-w9bxy9nefzbd-0-0-0\" >\t\t\t<div class=\"textwidget\"><p><span style=\"font-size: 12pt;font-family: arial, helvetica, sans-serif\">O Projeto Unificado de Pr\u00f3teses Sobre implante tem como objetivo voltado ao ensino suprir a aus\u00eancia do conte\u00fado te\u00f3rico e pr\u00e1tico deste tema como disciplina no Plano Pol\u00edtico Pedag\u00f3gico atual da F.O. UFPel. Assim, \u00e0 partir do segundo semestre letivo de 2019 o projeto realiza encontros todas as ter\u00e7as-feiras no per\u00edodo das 12:30-13:30 com o intuito <\/span><span style=\"font-size: 12pt;font-family: arial, helvetica, sans-serif\">de abordar todo o conte\u00fado te\u00f3rico que envolve a implantodontia, sejam eles de car\u00e1ter cir\u00fargico ou prot\u00e9tico. Al\u00e9m disso, atividades peri\u00f3dicas s\u00e3o realizadas sob tutoria da Profa. Daniela Vilas Boas com o intuito de fortalecimento da vis\u00e3o do grupo como um todo, al\u00e9m do objetivo de desenvolver um fio condutor entre os conhecimentos conceituais e pr\u00e1ticos envolvidos em todo o projeto, com a meta de aumentar o conhecimento do aluno sem descuidar do paciente. Saiba mais <a href=\"https:\/\/wp.me\/pau6CR-8s\">clicando aqui<\/a>.<\/span><\/p>\n<\/div>\n\t\t<\/div><\/div><\/div><\/div><\/div><\/div><\/div><\/div><div id=\"pg-10-2\"  class=\"panel-grid panel-no-style\" ><div id=\"pgc-10-2-0\"  class=\"panel-grid-cell\" ><div id=\"panel-10-2-0-0\" class=\"so-panel widget widget_siteorigin-panels-builder panel-first-child panel-last-child\" data-index=\"2\" ><div id=\"pl-w5f66674b4dcf0\"  class=\"panel-layout\" ><div id=\"pg-w5f66674b4dcf0-0\"  class=\"panel-grid panel-no-style\" ><div id=\"pgc-w5f66674b4dcf0-0-0\"  class=\"panel-grid-cell\" ><div id=\"panel-w5f66674b4dcf0-0-0-0\" class=\"so-panel widget widget_text panel-first-child panel-last-child\" data-index=\"0\" ><div class=\"panel-widget-style panel-widget-style-for-w5f66674b4dcf0-0-0-0\" >\t\t\t<div class=\"textwidget\"><p><strong><span style=\"font-size: 12pt;font-family: arial, helvetica, sans-serif\">Canal no youtube &#8211; IMPLANTO UFPEL<\/span><\/strong><\/p>\n<p><span style=\"font-size: 12pt;font-family: arial, helvetica, sans-serif\">Desde o m\u00eas de abril de 2020, o projeto conta com um canal do youtube onde ser\u00e3o disponibilizados v\u00eddeos (1) contextualizando teoria e pr\u00e1tica de t\u00f3picos que envolvem a implantodontia e (2) discuss\u00e3o de artigos cient\u00edficos recentemente publicados.<\/span><\/p>\n<span class=\"embed-youtube\" style=\"text-align:center; display: block;\"><iframe class=\"youtube-player\" src=\"https:\/\/www.youtube.com\/embed\/zO_r7Hn7kBo?version=3&#038;rel=1&#038;showsearch=0&#038;showinfo=1&#038;iv_load_policy=1&#038;fs=1&#038;hl=pt-BR&#038;autohide=2&#038;wmode=transparent\" allowfullscreen=\"true\" style=\"border:0;\" sandbox=\"allow-scripts allow-same-origin allow-popups allow-presentation allow-popups-to-escape-sandbox\"><\/iframe><\/span>\n<p>&nbsp;<\/p>\n<\/div>\n\t\t<\/div><\/div><\/div><\/div><\/div><\/div><\/div><\/div><div id=\"pg-10-3\"  class=\"panel-grid panel-no-style\" ><div id=\"pgc-10-3-0\"  class=\"panel-grid-cell\" ><div id=\"panel-10-3-0-0\" class=\"so-panel widget widget_siteorigin-panels-builder panel-first-child panel-last-child\" data-index=\"3\" ><div id=\"pl-w5f6664a2398ad\"  class=\"panel-layout\" ><div id=\"pg-w5f6664a2398ad-0\"  class=\"panel-grid panel-no-style\" ><div id=\"pgc-w5f6664a2398ad-0-0\"  class=\"panel-grid-cell\" ><div id=\"panel-w5f6664a2398ad-0-0-0\" class=\"so-panel widget widget_text panel-first-child panel-last-child\" data-index=\"0\" >\t\t\t<div class=\"textwidget\"><p><strong>Fotos de algumas aulas realizadas nas atividades de ensino do projeto:<\/strong><\/p>\n\n<\/div>\n\t\t<\/div><\/div><\/div><\/div><\/div><\/div><\/div><div id=\"pg-10-4\"  class=\"panel-grid panel-no-style\" ><div id=\"pgc-10-4-0\"  class=\"panel-grid-cell\" ><div id=\"panel-10-4-0-0\" class=\"so-panel widget widget_siteorigin-panels-builder panel-first-child panel-last-child\" data-index=\"4\" ><div id=\"pl-w5f6664a23ac30\"  class=\"panel-layout\" ><div id=\"pg-w5f6664a23ac30-0\"  class=\"panel-grid panel-no-style\" ><div id=\"pgc-w5f6664a23ac30-0-0\"  class=\"panel-grid-cell\" ><div id=\"panel-w5f6664a23ac30-0-0-0\" class=\"so-panel widget widget_text panel-first-child\" data-index=\"0\" ><div class=\"panel-widget-style panel-widget-style-for-w5f6664a23ac30-0-0-0\" >\t\t\t<div class=\"textwidget\"><p><span style=\"font-size: 12pt;font-family: arial, helvetica, sans-serif\">Al\u00e9m disso, realizamos eventos tipo <em>hands-on<\/em> de maneira espor\u00e1dica com o intuito de apresentar aos alunos a parte te\u00f3rica e pr\u00e1tica relacionada \u00e0 implantodontia, bem como as novidades e lan\u00e7amentos que aparecem no mercado.<\/span><\/p>\n<\/div>\n\t\t<\/div><\/div><div id=\"panel-w5f6664a23ac30-0-0-1\" class=\"so-panel widget widget_sow-image panel-last-child\" data-index=\"1\" ><div\n\t\t\t\n\t\t\tclass=\"so-widget-sow-image so-widget-sow-image-default-8b5b6f678277\"\n\t\t\t\n\t\t>\n<div class=\"sow-image-container\">\n\t\t<img \n\tsrc=\"https:\/\/wp.ufpel.edu.br\/projetoimplantes\/files\/2018\/11\/WhatsApp-Image-2018-11-29-at-10.24.40.jpeg\" width=\"1280\" height=\"960\" srcset=\"https:\/\/wp.ufpel.edu.br\/projetoimplantes\/files\/2018\/11\/WhatsApp-Image-2018-11-29-at-10.24.40.jpeg 1280w, https:\/\/wp.ufpel.edu.br\/projetoimplantes\/files\/2018\/11\/WhatsApp-Image-2018-11-29-at-10.24.40-400x300.jpeg 400w, https:\/\/wp.ufpel.edu.br\/projetoimplantes\/files\/2018\/11\/WhatsApp-Image-2018-11-29-at-10.24.40-768x576.jpeg 768w, https:\/\/wp.ufpel.edu.br\/projetoimplantes\/files\/2018\/11\/WhatsApp-Image-2018-11-29-at-10.24.40-1024x768.jpeg 1024w, https:\/\/wp.ufpel.edu.br\/projetoimplantes\/files\/2018\/11\/WhatsApp-Image-2018-11-29-at-10.24.40-619x464.jpeg 619w\" sizes=\"(max-width: 1280px) 100vw, 1280px\" title=\"Hands-on: Sistema Arcys. 22\/11\/2018\" alt=\"Hands-on: Sistema Arcys. 22\/11\/2018\" \t\tclass=\"so-widget-image\"\/>\n\t<\/div>\n\n<\/div><\/div><\/div><\/div><\/div><\/div><\/div><\/div><\/div>","protected":false},"excerpt":{"rendered":"<p>Voc\u00ea sabe o que \u00e9 PBL? O Problem-based learning (PBL), que em portugu\u00eas \u00e9 denominado &#8220;Aprendizagem Baseada em Problemas&#8221;, foi implementado nas ci\u00eancias da sa\u00fade no final da d\u00e9cada de 1960. O PBL \u00e9 um m\u00e9todo no qual o foco do aprendizado est\u00e1 em pequenos grupos de estudantes que trabalham, sob tutoria, com diferentes cen\u00e1rios [&hellip;]<\/p>\n","protected":false},"author":511,"featured_media":0,"parent":0,"menu_order":0,"comment_status":"closed","ping_status":"closed","template":"","meta":{"jetpack_post_was_ever_published":false,"footnotes":""},"class_list":["post-10","page","type-page","status-publish","hentry"],"jetpack_sharing_enabled":true,"jetpack_shortlink":"https:\/\/wp.me\/Pau6CR-a","jetpack-related-posts":[],"_links":{"self":[{"href":"https:\/\/wp.ufpel.edu.br\/projetoimplantes\/wp-json\/wp\/v2\/pages\/10","targetHints":{"allow":["GET"]}}],"collection":[{"href":"https:\/\/wp.ufpel.edu.br\/projetoimplantes\/wp-json\/wp\/v2\/pages"}],"about":[{"href":"https:\/\/wp.ufpel.edu.br\/projetoimplantes\/wp-json\/wp\/v2\/types\/page"}],"author":[{"embeddable":true,"href":"https:\/\/wp.ufpel.edu.br\/projetoimplantes\/wp-json\/wp\/v2\/users\/511"}],"replies":[{"embeddable":true,"href":"https:\/\/wp.ufpel.edu.br\/projetoimplantes\/wp-json\/wp\/v2\/comments?post=10"}],"version-history":[{"count":51,"href":"https:\/\/wp.ufpel.edu.br\/projetoimplantes\/wp-json\/wp\/v2\/pages\/10\/revisions"}],"predecessor-version":[{"id":896,"href":"https:\/\/wp.ufpel.edu.br\/projetoimplantes\/wp-json\/wp\/v2\/pages\/10\/revisions\/896"}],"wp:attachment":[{"href":"https:\/\/wp.ufpel.edu.br\/projetoimplantes\/wp-json\/wp\/v2\/media?parent=10"}],"curies":[{"name":"wp","href":"https:\/\/api.w.org\/{rel}","templated":true}]}}