{"id":892,"date":"2016-02-26T14:53:02","date_gmt":"2016-02-26T17:53:02","guid":{"rendered":"https:\/\/wp.ufpel.edu.br\/projetogama\/?page_id=892"},"modified":"2026-03-26T13:55:17","modified_gmt":"2026-03-26T16:55:17","slug":"monitorias","status":"publish","type":"page","link":"https:\/\/wp.ufpel.edu.br\/projetogama\/monitorias\/","title":{"rendered":"Monitorias"},"content":{"rendered":"<p><span style=\"color: #000000;\">Confira os locais e hor\u00e1rios de atendimento dos monitores:<\/span><\/p>\n<p><a href=\"https:\/\/wp.ufpel.edu.br\/projetogama\/files\/2026\/03\/horarios_2026_1.jpg\"><img class=\" wp-image-6138 aligncenter\" src=\"https:\/\/wp.ufpel.edu.br\/projetogama\/files\/2026\/03\/horarios_2026_1-400x321.jpg\" alt=\"\" width=\"795\" height=\"638\" srcset=\"https:\/\/wp.ufpel.edu.br\/projetogama\/files\/2026\/03\/horarios_2026_1-400x321.jpg 400w, https:\/\/wp.ufpel.edu.br\/projetogama\/files\/2026\/03\/horarios_2026_1-1024x822.jpg 1024w, https:\/\/wp.ufpel.edu.br\/projetogama\/files\/2026\/03\/horarios_2026_1-768x616.jpg 768w, https:\/\/wp.ufpel.edu.br\/projetogama\/files\/2026\/03\/horarios_2026_1.jpg 1275w\" sizes=\"(max-width: 795px) 100vw, 795px\" \/><\/a><\/p>\n<p style=\"text-align: justify;\"><strong><span style=\"color: #993300;\">Observa\u00e7\u00e3o:<\/span> <\/strong><span style=\"color: #000000;\">Quem procurar as monitorias do projeto GAMA em pelo menos 15 oportunidades, no mesmo semestre, ter\u00e1 direito a um comprovante de participa\u00e7\u00e3o com carga-hor\u00e1ria de 20 horas. Para isso, o monitor precisa preencher o formul\u00e1rio de registro abaixo.<\/span><\/p>\n<p style=\"text-align: center;\"><span style=\"color: #000000;\">Sua opini\u00e3o \u00e9 muito importante para o projeto.<\/span><\/p>\n<p style=\"text-align: center;\"><span style=\"color: #000000;\">Deixe seu coment\u00e1rio, cr\u00edtica ou sugest\u00e3o no formul\u00e1rio<\/span>\u00a0<a href=\"https:\/\/forms.gle\/H9m9s7axeabkTDWc9\"><span style=\"color: #0000ff;\">AQUI<\/span><\/a><\/p>\n<p>Alguns levantamentos:<\/p>\n<p><a href=\"https:\/\/wp.ufpel.edu.br\/projetogama\/files\/2023\/11\/dados.jpg\"><br \/>\n<img class=\"wp-image-5473 aligncenter\" src=\"https:\/\/wp.ufpel.edu.br\/projetogama\/files\/2023\/11\/dados-400x225.jpg\" alt=\"\" width=\"737\" height=\"414\" srcset=\"https:\/\/wp.ufpel.edu.br\/projetogama\/files\/2023\/11\/dados-400x225.jpg 400w, https:\/\/wp.ufpel.edu.br\/projetogama\/files\/2023\/11\/dados-1024x576.jpg 1024w, https:\/\/wp.ufpel.edu.br\/projetogama\/files\/2023\/11\/dados-768x432.jpg 768w, https:\/\/wp.ufpel.edu.br\/projetogama\/files\/2023\/11\/dados.jpg 1280w\" sizes=\"(max-width: 737px) 100vw, 737px\" \/><\/a><\/p>\n<p style=\"text-align: center;\"><strong><span style=\"color: #800000;\">Motiva\u00e7\u00e3o a mais para procurar as monitorias do GAMA<\/span><\/strong><\/p>\n<p><span style=\"color: #808080;\"><span style=\"color: #000000;\">\u00a0\u00a0\u00a0\u00a0\u00a0\u00a0\u00a0\u00a0\u00a0\u00a0\u00a0\u00a0\u00a0\u00a0\u00a0\u00a0\u00a0 Os percentuais de aprova\u00e7\u00e3o\/reprova\u00e7\u00e3o\/infrequ\u00eancia dos estudantes que procuraram as monitorias do GAMA em 2018\/1 est\u00e3o dispostos nos gr\u00e1ficos abaixo.<\/span><\/span><\/p>\n<p><a href=\"https:\/\/wp.ufpel.edu.br\/projetogama\/files\/2018\/08\/Grafico_2018_1.jpg\"><img class=\"aligncenter size-full wp-image-3112\" src=\"https:\/\/wp.ufpel.edu.br\/projetogama\/files\/2018\/08\/Grafico_2018_1.jpg\" alt=\"\" width=\"1191\" height=\"254\" srcset=\"https:\/\/wp.ufpel.edu.br\/projetogama\/files\/2018\/08\/Grafico_2018_1.jpg 1191w, https:\/\/wp.ufpel.edu.br\/projetogama\/files\/2018\/08\/Grafico_2018_1-400x85.jpg 400w, https:\/\/wp.ufpel.edu.br\/projetogama\/files\/2018\/08\/Grafico_2018_1-768x164.jpg 768w, https:\/\/wp.ufpel.edu.br\/projetogama\/files\/2018\/08\/Grafico_2018_1-1024x218.jpg 1024w\" sizes=\"(max-width: 1191px) 100vw, 1191px\" \/><\/a><\/p>\n<p><span style=\"color: #808080;\">\u00a0\u00a0\u00a0\u00a0\u00a0\u00a0\u00a0\u00a0\u00a0\u00a0\u00a0\u00a0\u00a0\u00a0\u00a0\u00a0\u00a0\u00a0\u00a0 <span style=\"color: #000000;\">O primeiro gr\u00e1fico representa todos os estudantes que procuraram as monitorias do GAMA em 2018\/1.<\/span><\/span><\/p>\n<p><span style=\"color: #000000;\">\u00a0\u00a0\u00a0\u00a0\u00a0\u00a0\u00a0\u00a0\u00a0\u00a0\u00a0\u00a0\u00a0\u00a0\u00a0\u00a0\u00a0\u00a0\u00a0 O segundo gr\u00e1fico representa todos os estudantes que procuraram as monitorias do GAMA em pelo menos tr\u00eas oportunidades ao longo de 2018\/1, o que representaria uma procura antes de cada prova de c\u00e1lculo, por exemplo.<\/span><\/p>\n<p><span style=\"color: #000000;\">\u00a0\u00a0\u00a0\u00a0\u00a0\u00a0\u00a0\u00a0\u00a0\u00a0\u00a0\u00a0\u00a0\u00a0\u00a0\u00a0\u00a0\u00a0\u00a0 O terceiro gr\u00e1fico representa todos os estudantes que procuraram as monitorias do GAMA, em m\u00e9dia, uma vez a cada duas semanas ao longo de 2018\/1.<\/span><\/p>\n<p><span style=\"color: #000000;\">\u00a0\u00a0\u00a0\u00a0\u00a0\u00a0\u00a0\u00a0\u00a0\u00a0\u00a0\u00a0\u00a0\u00a0\u00a0\u00a0\u00a0\u00a0\u00a0 O quarto gr\u00e1fico representa todos os estudantes que procuraram as monitorias do GAMA, em m\u00e9dia, uma vez por semana ao longo de 2018\/1.<\/span><\/p>\n<p>&nbsp;<\/p>\n<p>&nbsp;<\/p>\n","protected":false},"excerpt":{"rendered":"<p>Confira os locais e hor\u00e1rios de atendimento dos monitores: Observa\u00e7\u00e3o: Quem procurar as monitorias do projeto GAMA em pelo menos 15 oportunidades, no mesmo semestre, ter\u00e1 direito a um comprovante de participa\u00e7\u00e3o com carga-hor\u00e1ria de 20 horas. Para isso, o monitor precisa preencher o formul\u00e1rio de registro abaixo. Sua opini\u00e3o \u00e9 muito importante para o [&hellip;]<\/p>\n","protected":false},"author":437,"featured_media":0,"parent":0,"menu_order":0,"comment_status":"closed","ping_status":"closed","template":"","meta":{"jetpack_post_was_ever_published":false,"footnotes":""},"class_list":["post-892","page","type-page","status-publish","hentry"],"jetpack_sharing_enabled":true,"jetpack_shortlink":"https:\/\/wp.me\/P6Slop-eo","_links":{"self":[{"href":"https:\/\/wp.ufpel.edu.br\/projetogama\/wp-json\/wp\/v2\/pages\/892","targetHints":{"allow":["GET"]}}],"collection":[{"href":"https:\/\/wp.ufpel.edu.br\/projetogama\/wp-json\/wp\/v2\/pages"}],"about":[{"href":"https:\/\/wp.ufpel.edu.br\/projetogama\/wp-json\/wp\/v2\/types\/page"}],"author":[{"embeddable":true,"href":"https:\/\/wp.ufpel.edu.br\/projetogama\/wp-json\/wp\/v2\/users\/437"}],"replies":[{"embeddable":true,"href":"https:\/\/wp.ufpel.edu.br\/projetogama\/wp-json\/wp\/v2\/comments?post=892"}],"version-history":[{"count":3,"href":"https:\/\/wp.ufpel.edu.br\/projetogama\/wp-json\/wp\/v2\/pages\/892\/revisions"}],"predecessor-version":[{"id":6139,"href":"https:\/\/wp.ufpel.edu.br\/projetogama\/wp-json\/wp\/v2\/pages\/892\/revisions\/6139"}],"wp:attachment":[{"href":"https:\/\/wp.ufpel.edu.br\/projetogama\/wp-json\/wp\/v2\/media?parent=892"}],"curies":[{"name":"wp","href":"https:\/\/api.w.org\/{rel}","templated":true}]}}