{"id":6196,"date":"2026-04-16T14:06:58","date_gmt":"2026-04-16T17:06:58","guid":{"rendered":"https:\/\/wp.ufpel.edu.br\/projetogama\/?page_id=6196"},"modified":"2026-04-16T14:06:58","modified_gmt":"2026-04-16T17:06:58","slug":"desenvolvedores-da-pagina","status":"publish","type":"page","link":"https:\/\/wp.ufpel.edu.br\/projetogama\/desenvolvedores-da-pagina\/","title":{"rendered":"Desenvolvedores da P\u00e1gina"},"content":{"rendered":"<p>Conhe\u00e7a os desenvolvedores da p\u00e1gina do GAMA.<\/p>\n","protected":false},"excerpt":{"rendered":"<p>Conhe\u00e7a os desenvolvedores da p\u00e1gina do GAMA.<\/p>\n","protected":false},"author":437,"featured_media":0,"parent":0,"menu_order":0,"comment_status":"closed","ping_status":"closed","template":"","meta":{"jetpack_post_was_ever_published":false,"footnotes":""},"class_list":["post-6196","page","type-page","status-publish","hentry","post"],"jetpack_sharing_enabled":true,"jetpack_shortlink":"https:\/\/wp.me\/P6Slop-1BW","_links":{"self":[{"href":"https:\/\/wp.ufpel.edu.br\/projetogama\/wp-json\/wp\/v2\/pages\/6196","targetHints":{"allow":["GET"]}}],"collection":[{"href":"https:\/\/wp.ufpel.edu.br\/projetogama\/wp-json\/wp\/v2\/pages"}],"about":[{"href":"https:\/\/wp.ufpel.edu.br\/projetogama\/wp-json\/wp\/v2\/types\/page"}],"author":[{"embeddable":true,"href":"https:\/\/wp.ufpel.edu.br\/projetogama\/wp-json\/wp\/v2\/users\/437"}],"replies":[{"embeddable":true,"href":"https:\/\/wp.ufpel.edu.br\/projetogama\/wp-json\/wp\/v2\/comments?post=6196"}],"version-history":[{"count":1,"href":"https:\/\/wp.ufpel.edu.br\/projetogama\/wp-json\/wp\/v2\/pages\/6196\/revisions"}],"predecessor-version":[{"id":6198,"href":"https:\/\/wp.ufpel.edu.br\/projetogama\/wp-json\/wp\/v2\/pages\/6196\/revisions\/6198"}],"wp:attachment":[{"href":"https:\/\/wp.ufpel.edu.br\/projetogama\/wp-json\/wp\/v2\/media?parent=6196"}],"curies":[{"name":"wp","href":"https:\/\/api.w.org\/{rel}","templated":true}]}}