{"id":486,"date":"2015-05-06T18:20:03","date_gmt":"2015-05-06T21:20:03","guid":{"rendered":"https:\/\/wp.ufpel.edu.br\/projetogama\/?page_id=486"},"modified":"2023-01-29T21:59:11","modified_gmt":"2023-01-30T00:59:11","slug":"area-do-bolsista","status":"publish","type":"page","link":"https:\/\/wp.ufpel.edu.br\/projetogama\/area-do-bolsista\/","title":{"rendered":"\u00c1rea do Bolsista"},"content":{"rendered":"<p><strong>Avisos: <\/strong><\/p>\n<p>Mantenha seus hor\u00e1rios de monitoria atualizados. Sempre que houver mudan\u00e7as de hor\u00e1rio encaminhar um email com as atualiza\u00e7\u00f5es. Envie semanalmente os atendimentos para a secretaria do Projeto atrav\u00e9s do email <span style=\"color: #ff0000;\"><em>secretaria.gama.ufpel@gmail.com<\/em><\/span><\/p>\n<p>&nbsp;<\/p>\n<p><strong><span style=\"color: #0000ff;\"><a style=\"color: #0000ff;\" href=\"https:\/\/wp.ufpel.edu.br\/projetogama\/files\/2015\/05\/Reunioes_com_os_Orientadores_2017.pdf\">Reuni\u00f5es_com_os_Orientadores<\/a><\/span><\/strong><\/p>\n<p>Fa\u00e7a o download das orienta\u00e7\u00f5es gerais aos bolsistas<strong>\u00a0<span style=\"color: #0000ff;\"><a style=\"color: #0000ff;\" href=\"https:\/\/wp.ufpel.edu.br\/projetogama\/files\/2015\/05\/Orientacoes-Iniciais-2016_2.pdf\" target=\"_blank\" rel=\"noopener noreferrer\">AQUI.<\/a><\/span><\/strong><\/p>\n","protected":false},"excerpt":{"rendered":"<p>Avisos: Mantenha seus hor\u00e1rios de monitoria atualizados. Sempre que houver mudan\u00e7as de hor\u00e1rio encaminhar um email com as atualiza\u00e7\u00f5es. Envie semanalmente os atendimentos para a secretaria do Projeto atrav\u00e9s do email secretaria.gama.ufpel@gmail.com &nbsp; Reuni\u00f5es_com_os_Orientadores Fa\u00e7a o download das orienta\u00e7\u00f5es gerais aos bolsistas\u00a0AQUI.<\/p>\n","protected":false},"author":437,"featured_media":0,"parent":0,"menu_order":0,"comment_status":"closed","ping_status":"closed","template":"","meta":{"jetpack_post_was_ever_published":false,"footnotes":""},"class_list":["post-486","page","type-page","status-publish","hentry"],"jetpack_sharing_enabled":true,"jetpack_shortlink":"https:\/\/wp.me\/P6Slop-7Q","_links":{"self":[{"href":"https:\/\/wp.ufpel.edu.br\/projetogama\/wp-json\/wp\/v2\/pages\/486","targetHints":{"allow":["GET"]}}],"collection":[{"href":"https:\/\/wp.ufpel.edu.br\/projetogama\/wp-json\/wp\/v2\/pages"}],"about":[{"href":"https:\/\/wp.ufpel.edu.br\/projetogama\/wp-json\/wp\/v2\/types\/page"}],"author":[{"embeddable":true,"href":"https:\/\/wp.ufpel.edu.br\/projetogama\/wp-json\/wp\/v2\/users\/437"}],"replies":[{"embeddable":true,"href":"https:\/\/wp.ufpel.edu.br\/projetogama\/wp-json\/wp\/v2\/comments?post=486"}],"version-history":[{"count":19,"href":"https:\/\/wp.ufpel.edu.br\/projetogama\/wp-json\/wp\/v2\/pages\/486\/revisions"}],"predecessor-version":[{"id":5091,"href":"https:\/\/wp.ufpel.edu.br\/projetogama\/wp-json\/wp\/v2\/pages\/486\/revisions\/5091"}],"wp:attachment":[{"href":"https:\/\/wp.ufpel.edu.br\/projetogama\/wp-json\/wp\/v2\/media?parent=486"}],"curies":[{"name":"wp","href":"https:\/\/api.w.org\/{rel}","templated":true}]}}