{"id":4575,"date":"2021-06-24T11:10:26","date_gmt":"2021-06-24T14:10:26","guid":{"rendered":"https:\/\/wp.ufpel.edu.br\/projetogama\/?page_id=4575"},"modified":"2024-01-05T18:42:39","modified_gmt":"2024-01-05T21:42:39","slug":"geometria-analitica","status":"publish","type":"page","link":"https:\/\/wp.ufpel.edu.br\/projetogama\/geometria-analitica\/","title":{"rendered":"Geometria Anal\u00edtica"},"content":{"rendered":"<p style=\"text-align: center;\"><span style=\"font-size: 14pt; color: #800000;\"><strong>Videoaulas do M\u00f3dulo de Geometria Anal\u00edtica<\/strong><\/span><\/p>\n<p>Os v\u00eddeos a seguir abordam os conte\u00fados deste m\u00f3dulo, por meio de uma sequ\u00eancia did\u00e1tica organizada e detalhada.<\/p>\n<p style=\"text-align: left;\"><span style=\"font-size: 12pt;\">Acesse tamb\u00e9m o material em PDF com o <a href=\"https:\/\/wp.ufpel.edu.br\/projetogama\/files\/2024\/01\/Aulas_GeometriaAnalitica_GAMA_2024.pdf\"><strong><span style=\"color: #0000ff;\">conte\u00fado e exerc\u00edcios<\/span><\/strong><\/a><\/span><\/p>\n<p>&nbsp;<\/p>\n<p style=\"text-align: left;\"><span style=\"color: #800000; font-size: 14pt;\"><strong>Aula 01<\/strong><\/span><\/p>\n<p><a href=\"https:\/\/youtu.be\/Fcf6qFRVOWA\"><strong><span style=\"color: #0000ff;\">Vetores &#8211; parte 1<\/span><\/strong><\/a><\/p>\n<p><a href=\"https:\/\/youtu.be\/6vmBf1SCBmI\"><strong><span style=\"color: #0000ff;\">Vetores &#8211; parte 2<\/span><\/strong><\/a><\/p>\n<p><a href=\"https:\/\/youtu.be\/QVr-tzRMDuI\"><strong><span style=\"color: #0000ff;\">Vetores &#8211; parte 3<\/span><\/strong><\/a><\/p>\n<p><a href=\"https:\/\/youtu.be\/UvuaS6gEuPs\"><strong><span style=\"color: #0000ff;\">Vetores &#8211; parte 4<\/span><\/strong><\/a><\/p>\n<p>&nbsp;<\/p>\n<p><span style=\"color: #800000; font-size: 14pt;\"><strong>Aula 02<\/strong><\/span><\/p>\n<p><a href=\"https:\/\/youtu.be\/h_wr1dceG1c\"><strong><span style=\"color: #0000ff;\">Produto escalar<\/span><\/strong><\/a><\/p>\n<p>&nbsp;<\/p>\n<p><span style=\"color: #800000; font-size: 14pt;\"><strong>Aula 03<\/strong><\/span><\/p>\n<p><a href=\"https:\/\/youtu.be\/MUoShJc7kD0\"><strong><span style=\"color: #0000ff;\">Produto vetorial<\/span><\/strong><\/a><\/p>\n<p><a href=\"https:\/\/youtu.be\/FfYXxgzve64\"><strong><span style=\"color: #0000ff;\">Produto misto<\/span><\/strong><\/a><\/p>\n<p>&nbsp;<\/p>\n<p><strong><span style=\"color: #800000; font-size: 14pt;\">Aula 04<\/span><\/strong><\/p>\n<p><strong><span style=\"color: #0000ff;\"><a style=\"color: #0000ff;\" href=\"https:\/\/youtu.be\/1xkhM9v0P2A\">Tipos de equa\u00e7\u00f5es de retas<\/a><\/span><\/strong><\/p>\n<p><a href=\"https:\/\/youtu.be\/r5a4hflC3OA\"><strong><span style=\"color: #0000ff;\">Retas &#8211; parte 1<\/span><\/strong><\/a><\/p>\n<p><span style=\"color: #0000ff;\"><a style=\"color: #0000ff;\" href=\"https:\/\/youtu.be\/9GRiCxutjN8\"><strong>Retas &#8211; parte 2<\/strong><\/a><\/span><\/p>\n<p><a href=\"https:\/\/youtu.be\/3gii9neL6wA\"><strong><span style=\"color: #0000ff;\">Retas &#8211; parte 3<\/span><\/strong><\/a><\/p>\n<p>&nbsp;<\/p>\n<p><span style=\"color: #800000; font-size: 14pt;\"><strong>Aula 05<\/strong><\/span><\/p>\n<p><a href=\"https:\/\/youtu.be\/VK-Na4JLI3g\"><strong><span style=\"color: #0000ff;\">Planos &#8211; parte 1<\/span><\/strong><\/a><\/p>\n<p><a href=\"https:\/\/youtu.be\/AmTYlYXa7ns\"><strong><span style=\"color: #0000ff;\">Planos &#8211; parte 2<\/span><\/strong><\/a><\/p>\n<p><a href=\"https:\/\/youtu.be\/PE4m-3vrU7o\"><strong><span style=\"color: #0000ff;\">Dist\u00e2ncias<\/span><\/strong><\/a><\/p>\n<p>&nbsp;<\/p>\n<p><span style=\"color: #800000; font-size: 14pt;\"><strong>Aula 06<\/strong><\/span><\/p>\n<p><a href=\"https:\/\/youtu.be\/K9BnO44TSic\"><strong><span style=\"color: #0000ff;\">Se\u00e7\u00f5es c\u00f4nicas &#8211; circunfer\u00eancias<\/span><\/strong><\/a><\/p>\n<p><span style=\"color: #0000ff;\"><a style=\"color: #0000ff;\" href=\"https:\/\/youtu.be\/vY4R2dN7JRY\"><strong>Se\u00e7\u00f5es c\u00f4nicas &#8211; par\u00e1bolas<\/strong><\/a><\/span><\/p>\n<p><a href=\"https:\/\/youtu.be\/aie2jP1oG8A\"><strong><span style=\"color: #0000ff;\">Se\u00e7\u00f5es c\u00f4nicas &#8211; elipses<\/span><\/strong><\/a><\/p>\n<p><a href=\"https:\/\/youtu.be\/TAUENSOU9Uo\"><strong><span style=\"color: #0000ff;\">Se\u00e7\u00f5es c\u00f4nicas &#8211; hip\u00e9rboles<\/span><\/strong><\/a><\/p>\n","protected":false},"excerpt":{"rendered":"<p>Videoaulas do M\u00f3dulo de Geometria Anal\u00edtica Os v\u00eddeos a seguir abordam os conte\u00fados deste m\u00f3dulo, por meio de uma sequ\u00eancia did\u00e1tica organizada e detalhada. Acesse tamb\u00e9m o material em PDF com o conte\u00fado e exerc\u00edcios &nbsp; Aula 01 Vetores &#8211; parte 1 Vetores &#8211; parte 2 Vetores &#8211; parte 3 Vetores &#8211; parte 4 &nbsp; [&hellip;]<\/p>\n","protected":false},"author":437,"featured_media":0,"parent":0,"menu_order":0,"comment_status":"closed","ping_status":"closed","template":"","meta":{"jetpack_post_was_ever_published":false,"footnotes":""},"class_list":["post-4575","page","type-page","status-publish","hentry"],"jetpack_sharing_enabled":true,"jetpack_shortlink":"https:\/\/wp.me\/P6Slop-1bN","_links":{"self":[{"href":"https:\/\/wp.ufpel.edu.br\/projetogama\/wp-json\/wp\/v2\/pages\/4575","targetHints":{"allow":["GET"]}}],"collection":[{"href":"https:\/\/wp.ufpel.edu.br\/projetogama\/wp-json\/wp\/v2\/pages"}],"about":[{"href":"https:\/\/wp.ufpel.edu.br\/projetogama\/wp-json\/wp\/v2\/types\/page"}],"author":[{"embeddable":true,"href":"https:\/\/wp.ufpel.edu.br\/projetogama\/wp-json\/wp\/v2\/users\/437"}],"replies":[{"embeddable":true,"href":"https:\/\/wp.ufpel.edu.br\/projetogama\/wp-json\/wp\/v2\/comments?post=4575"}],"version-history":[{"count":15,"href":"https:\/\/wp.ufpel.edu.br\/projetogama\/wp-json\/wp\/v2\/pages\/4575\/revisions"}],"predecessor-version":[{"id":5532,"href":"https:\/\/wp.ufpel.edu.br\/projetogama\/wp-json\/wp\/v2\/pages\/4575\/revisions\/5532"}],"wp:attachment":[{"href":"https:\/\/wp.ufpel.edu.br\/projetogama\/wp-json\/wp\/v2\/media?parent=4575"}],"curies":[{"name":"wp","href":"https:\/\/api.w.org\/{rel}","templated":true}]}}