{"id":3053,"date":"2018-08-06T20:25:12","date_gmt":"2018-08-06T23:25:12","guid":{"rendered":"https:\/\/wp.ufpel.edu.br\/projetogama\/?page_id=3053"},"modified":"2024-01-05T18:45:21","modified_gmt":"2024-01-05T21:45:21","slug":"derivadas","status":"publish","type":"page","link":"https:\/\/wp.ufpel.edu.br\/projetogama\/derivadas\/","title":{"rendered":"Derivadas"},"content":{"rendered":"<p style=\"text-align: center;\"><span style=\"font-size: 14pt; color: #800000;\"><strong>Videoaulas do M\u00f3dulo de Derivadas<\/strong><\/span><\/p>\n<p>Os v\u00eddeos a seguir abordam os conte\u00fados deste m\u00f3dulo, por meio de uma sequ\u00eancia did\u00e1tica organizada e detalhada.<\/p>\n<p style=\"text-align: left;\"><span style=\"font-size: 12pt;\">Acesse tamb\u00e9m o material em PDF com o <a href=\"https:\/\/wp.ufpel.edu.br\/projetogama\/files\/2024\/01\/Aulas_Derivadas_GAMA_2024.pdf\"><strong><span style=\"color: #0000ff;\">conte\u00fado e exerc\u00edcios<\/span><\/strong><\/a><\/span><\/p>\n<p>&nbsp;<\/p>\n<p style=\"text-align: left;\"><span style=\"color: #800000; font-size: 14pt;\"><strong>Aula 01<\/strong><\/span><\/p>\n<p><a href=\"https:\/\/youtu.be\/Qwsj2jevSFo\"><span style=\"color: #0000ff;\">Equa\u00e7\u00e3o da reta e reta tangente<\/span><\/a><\/p>\n<p><a href=\"https:\/\/youtu.be\/ZjVR7-pXV2E\"><span style=\"color: #0000ff;\">Defini\u00e7\u00e3o de derivada<\/span><\/a><\/p>\n<p><span style=\"color: #800000; font-size: 14pt;\"><strong>Aula 02<\/strong><\/span><\/p>\n<p><span style=\"color: #0000ff;\"><a href=\"https:\/\/youtu.be\/xjFLTaBbj6M\">Regras de deriva\u00e7\u00e3o &#8211; Parte 1<\/a><\/span><\/p>\n<p><a href=\"https:\/\/youtu.be\/n4TxaTOkO9o\"><span style=\"color: #0000ff;\">Regras de deriva\u00e7\u00e3o &#8211; Parte 2 e Derivada de algumas fun\u00e7\u00f5es elementares<\/span><\/a><\/p>\n<p><span style=\"color: #800000; font-size: 14pt;\"><strong>Aula 03<\/strong><\/span><\/p>\n<p><span style=\"color: #0000ff;\"><a href=\"https:\/\/youtu.be\/EMINBEostUM\">Derivadas de ordem superior<\/a><\/span><\/p>\n<p><span style=\"color: #0000ff;\"><a href=\"https:\/\/youtu.be\/OG_XT9mOGgU\">Regra da cadeia<\/a><\/span><\/p>\n<p><span style=\"color: #800000; font-size: 14pt;\"><strong>Aula 04<\/strong><\/span><\/p>\n<p><span style=\"color: #0000ff;\"><a href=\"https:\/\/youtu.be\/LLlgUhkG5F0\">Deriva\u00e7\u00e3o Impl\u00edcita<\/a><\/span><\/p>\n<p><span style=\"color: #0000ff;\"><a href=\"https:\/\/youtu.be\/YxVOKY8Q3aQ\">Regra de L&#8217;H\u00f4spital<\/a><\/span><\/p>\n<p><span style=\"color: #800000; font-size: 14pt;\"><strong>Aula 05<\/strong><\/span><\/p>\n<p><a href=\"https:\/\/youtu.be\/uquekYuoEI0\"><span style=\"color: #0000ff;\">Teste da primeira derivada<\/span><\/a><\/p>\n<p><a href=\"https:\/\/youtu.be\/XuUQe_6qbds\"><span style=\"color: #0000ff;\">Pontos cr\u00edticos, m\u00e1ximos e m\u00ednimos locais<\/span><\/a><\/p>\n<p><span style=\"color: #800000; font-size: 14pt;\"><strong>Aula 06<\/strong><\/span><\/p>\n<p><a href=\"https:\/\/youtu.be\/GYOtGknr2kE\"><span style=\"color: #0000ff;\">Teste da segunda derivada e concavidade<\/span><\/a><\/p>\n<p><a href=\"https:\/\/youtu.be\/B3RVxVd-9PQ\"><span style=\"color: #0000ff;\">Teste da segunda derivada e pontos de inflex\u00e3o<\/span><\/a><\/p>\n<p>&nbsp;<\/p>\n<p style=\"text-align: center;\" align=\"center\"><span style=\"font-size: 14.0pt; color: red;\">Inscreva-se no Canal do Projeto GAMA!!<\/span><\/p>\n<p style=\"text-align: center;\" align=\"center\">Al\u00e9m da<span style=\"color: black;\">s aulas te\u00f3ricas de Derivadas voc\u00ea encontrar\u00e1, <span style=\"color: #0000ff;\"><a style=\"color: #0000ff;\" href=\"https:\/\/www.youtube.com\/channel\/UCB3NUeew6Ji_k39-_GDA3iQ\/playlists\">canal do GAMA<\/a><\/span> no YOUTUBE, v\u00eddeos pedag\u00f3gicos dos conte\u00fados de Matem\u00e1tica B\u00e1sica, Fun\u00e7\u00f5es,\u00a0 Fun\u00e7\u00f5es Trigonom\u00e9tricas, Exponenciais e Logar\u00edtmicas, Limites e Integrais.<\/span><\/p>\n<p style=\"text-align: center;\" align=\"center\"><a href=\"https:\/\/www.youtube.com\/playlist?list=PLyrTV5WwNPaxc6fMhIHjM1-pbj2Xlte0c\"><span style=\"color: #0000ff;\">Exerc\u00edcios resolvidos<\/span><\/a> <span style=\"color: black;\">de Derivadas tamb\u00e9m est\u00e3o dispon\u00edveis!<\/span><\/p>\n","protected":false},"excerpt":{"rendered":"<p>Videoaulas do M\u00f3dulo de Derivadas Os v\u00eddeos a seguir abordam os conte\u00fados deste m\u00f3dulo, por meio de uma sequ\u00eancia did\u00e1tica organizada e detalhada. Acesse tamb\u00e9m o material em PDF com o conte\u00fado e exerc\u00edcios &nbsp; Aula 01 Equa\u00e7\u00e3o da reta e reta tangente Defini\u00e7\u00e3o de derivada Aula 02 Regras de deriva\u00e7\u00e3o &#8211; Parte 1 Regras [&hellip;]<\/p>\n","protected":false},"author":437,"featured_media":0,"parent":0,"menu_order":0,"comment_status":"closed","ping_status":"closed","template":"","meta":{"jetpack_post_was_ever_published":false,"footnotes":""},"class_list":["post-3053","page","type-page","status-publish","hentry"],"jetpack_sharing_enabled":true,"jetpack_shortlink":"https:\/\/wp.me\/P6Slop-Nf","_links":{"self":[{"href":"https:\/\/wp.ufpel.edu.br\/projetogama\/wp-json\/wp\/v2\/pages\/3053","targetHints":{"allow":["GET"]}}],"collection":[{"href":"https:\/\/wp.ufpel.edu.br\/projetogama\/wp-json\/wp\/v2\/pages"}],"about":[{"href":"https:\/\/wp.ufpel.edu.br\/projetogama\/wp-json\/wp\/v2\/types\/page"}],"author":[{"embeddable":true,"href":"https:\/\/wp.ufpel.edu.br\/projetogama\/wp-json\/wp\/v2\/users\/437"}],"replies":[{"embeddable":true,"href":"https:\/\/wp.ufpel.edu.br\/projetogama\/wp-json\/wp\/v2\/comments?post=3053"}],"version-history":[{"count":12,"href":"https:\/\/wp.ufpel.edu.br\/projetogama\/wp-json\/wp\/v2\/pages\/3053\/revisions"}],"predecessor-version":[{"id":5536,"href":"https:\/\/wp.ufpel.edu.br\/projetogama\/wp-json\/wp\/v2\/pages\/3053\/revisions\/5536"}],"wp:attachment":[{"href":"https:\/\/wp.ufpel.edu.br\/projetogama\/wp-json\/wp\/v2\/media?parent=3053"}],"curies":[{"name":"wp","href":"https:\/\/api.w.org\/{rel}","templated":true}]}}