{"id":3050,"date":"2018-08-06T20:24:53","date_gmt":"2018-08-06T23:24:53","guid":{"rendered":"https:\/\/wp.ufpel.edu.br\/projetogama\/?page_id=3050"},"modified":"2024-01-05T18:43:28","modified_gmt":"2024-01-05T21:43:28","slug":"limites","status":"publish","type":"page","link":"https:\/\/wp.ufpel.edu.br\/projetogama\/limites\/","title":{"rendered":"Limites"},"content":{"rendered":"<p style=\"text-align: center;\"><span style=\"font-size: 14pt; color: #800000;\"><strong>Videoaulas do M\u00f3dulo de Limites<\/strong><\/span><\/p>\n<p>Os v\u00eddeos a seguir abordam os conte\u00fados deste m\u00f3dulo, por meio de uma sequ\u00eancia did\u00e1tica organizada e detalhada.<\/p>\n<p style=\"text-align: left;\"><span style=\"font-size: 12pt;\">Acesse tamb\u00e9m o material em PDF com o <a href=\"https:\/\/wp.ufpel.edu.br\/projetogama\/files\/2024\/01\/Aulas_Limites_GAMA_2024.pdf\"><strong><span style=\"color: #0000ff;\">conte\u00fado e exerc\u00edcios<\/span><\/strong><\/a><\/span><\/p>\n<p>&nbsp;<\/p>\n<p style=\"text-align: left;\"><span style=\"color: #800000; font-size: 14pt;\"><strong>Aula 01<\/strong><\/span><\/p>\n<p><a href=\"https:\/\/youtu.be\/TIHr5iGp3IE\"><span style=\"color: #0000ff;\">Ideia intuitiva de limite. Defini\u00e7\u00e3o de limite. Limites laterais e limite bilateral<\/span><\/a><\/p>\n<p><a href=\"https:\/\/youtu.be\/GJi3-cwzCCs\"><span style=\"color: #0000ff;\">Propriedades dos limites<\/span><\/a><\/p>\n<p><span style=\"color: #800000; font-size: 14pt;\"><strong>Aula 02<\/strong><\/span><\/p>\n<p><span style=\"color: #0000ff;\"><a style=\"color: #0000ff;\" href=\"https:\/\/youtu.be\/Nh003cd4vxY\">Limites infinitos e ass\u00edntotas verticais<\/a><\/span><\/p>\n<p><a href=\"https:\/\/youtu.be\/EDANQOMT1Wg\"><span style=\"color: #0000ff;\">Limites infinitos e fun\u00e7\u00f5es quocientes<\/span><\/a><\/p>\n<p><span style=\"color: #800000; font-size: 14pt;\"><strong>Aula 03<\/strong><\/span><\/p>\n<p><span style=\"color: #0000ff;\"><a style=\"color: #0000ff;\" href=\"https:\/\/youtu.be\/8qEadzlrj4I\">Limites no infinito, propriedades e assintotas horizontais<\/a><\/span><\/p>\n<p><a href=\"https:\/\/youtu.be\/1SmMqsXtCYU\"><span style=\"color: #0000ff;\">Limites no infinito e fun\u00e7\u00f5es quocientes<\/span><\/a><\/p>\n<p><span style=\"color: #0000ff;\"><a style=\"color: #0000ff;\" href=\"https:\/\/youtu.be\/GrgCWcx1lGg\">Limites infinitos no infinito, fun\u00e7\u00f5es quocientes, fun\u00e7\u00f5es polinomiais e fun\u00e7\u00f5es racionais<\/a><\/span><\/p>\n<p><span style=\"color: #0000ff;\"><span style=\"color: #800000; font-size: 14pt;\"><strong>Aula 04<\/strong><\/span><\/span><\/p>\n<p><span style=\"color: #0000ff;\"><a style=\"color: #0000ff;\" href=\"https:\/\/youtu.be\/6ycmplJRGnU\">Fun\u00e7\u00f5es cont\u00ednuas<\/a><\/span><\/p>\n<p><span style=\"color: #0000ff;\"><a style=\"color: #0000ff;\" href=\"https:\/\/youtu.be\/uJVh4d6cqHA\">Classifica\u00e7\u00e3o de descontinuidades, continuidade lateral e propriedades das fun\u00e7\u00f5es cont\u00ednuas<\/a><\/span><\/p>\n<p><a href=\"https:\/\/youtu.be\/rIUmkxRTNQ0\"><span style=\"color: #0000ff;\">Continuidade das fun\u00e7\u00f5es elementares<\/span><\/a><\/p>\n<p><span style=\"color: #800000; font-size: 14pt;\"><strong>Aula 05<\/strong><\/span><\/p>\n<p><a href=\"https:\/\/youtu.be\/q1E5HwGSG70\"><span style=\"color: #0000ff;\">Indetermina\u00e7\u00f5es<\/span><\/a><\/p>\n<p><span style=\"color: #800000; font-size: 14pt;\"><strong>Aula 06<\/strong><\/span><\/p>\n<p><a href=\"https:\/\/youtu.be\/kE2eI5FE07w\"><span style=\"color: #0000ff;\">Teorema do confronto<\/span><\/a><\/p>\n<p><span style=\"color: #0000ff;\"><a style=\"color: #0000ff;\" href=\"https:\/\/youtu.be\/huDF1zWIZ7k\">Limites fundamentais<\/a><\/span><\/p>\n<p>&nbsp;<\/p>\n<p style=\"text-align: center;\" align=\"center\"><span style=\"font-size: 14.0pt; color: red;\">Inscreva-se no Canal do Projeto GAMA!!<\/span><\/p>\n<p style=\"text-align: center;\" align=\"center\">Al\u00e9m da<span style=\"color: black;\">s aulas te\u00f3ricas de Limites voc\u00ea encontrar\u00e1, <span style=\"color: #0000ff;\"><a style=\"color: #0000ff;\" href=\"https:\/\/www.youtube.com\/channel\/UCB3NUeew6Ji_k39-_GDA3iQ\/playlists\">canal do GAMA<\/a><\/span> no YOUTUBE, v\u00eddeos pedag\u00f3gicos dos conte\u00fados de Matem\u00e1tica B\u00e1sica, Fun\u00e7\u00f5es, Fun\u00e7\u00f5es Trigonom\u00e9tricas, Exponenciais e Logar\u00edtmicas, Derivadas e Integrais.<\/span><\/p>\n<p style=\"text-align: center;\" align=\"center\"><a href=\"https:\/\/www.youtube.com\/playlist?list=PLyrTV5WwNPawnp1HsKgq27p85LIuXkpOZ\"><span style=\"color: #0000ff;\">Exerc\u00edcios resolvidos<\/span><\/a> <span style=\"color: black;\">de limites tamb\u00e9m est\u00e3o dispon\u00edveis!<\/span><\/p>\n","protected":false},"excerpt":{"rendered":"<p>Videoaulas do M\u00f3dulo de Limites Os v\u00eddeos a seguir abordam os conte\u00fados deste m\u00f3dulo, por meio de uma sequ\u00eancia did\u00e1tica organizada e detalhada. Acesse tamb\u00e9m o material em PDF com o conte\u00fado e exerc\u00edcios &nbsp; Aula 01 Ideia intuitiva de limite. Defini\u00e7\u00e3o de limite. Limites laterais e limite bilateral Propriedades dos limites Aula 02 Limites [&hellip;]<\/p>\n","protected":false},"author":437,"featured_media":0,"parent":0,"menu_order":0,"comment_status":"closed","ping_status":"closed","template":"","meta":{"jetpack_post_was_ever_published":false,"footnotes":""},"class_list":["post-3050","page","type-page","status-publish","hentry"],"jetpack_sharing_enabled":true,"jetpack_shortlink":"https:\/\/wp.me\/P6Slop-Nc","_links":{"self":[{"href":"https:\/\/wp.ufpel.edu.br\/projetogama\/wp-json\/wp\/v2\/pages\/3050","targetHints":{"allow":["GET"]}}],"collection":[{"href":"https:\/\/wp.ufpel.edu.br\/projetogama\/wp-json\/wp\/v2\/pages"}],"about":[{"href":"https:\/\/wp.ufpel.edu.br\/projetogama\/wp-json\/wp\/v2\/types\/page"}],"author":[{"embeddable":true,"href":"https:\/\/wp.ufpel.edu.br\/projetogama\/wp-json\/wp\/v2\/users\/437"}],"replies":[{"embeddable":true,"href":"https:\/\/wp.ufpel.edu.br\/projetogama\/wp-json\/wp\/v2\/comments?post=3050"}],"version-history":[{"count":22,"href":"https:\/\/wp.ufpel.edu.br\/projetogama\/wp-json\/wp\/v2\/pages\/3050\/revisions"}],"predecessor-version":[{"id":5533,"href":"https:\/\/wp.ufpel.edu.br\/projetogama\/wp-json\/wp\/v2\/pages\/3050\/revisions\/5533"}],"wp:attachment":[{"href":"https:\/\/wp.ufpel.edu.br\/projetogama\/wp-json\/wp\/v2\/media?parent=3050"}],"curies":[{"name":"wp","href":"https:\/\/api.w.org\/{rel}","templated":true}]}}