{"id":3047,"date":"2018-08-06T20:24:25","date_gmt":"2018-08-06T23:24:25","guid":{"rendered":"https:\/\/wp.ufpel.edu.br\/projetogama\/?page_id=3047"},"modified":"2025-10-14T09:57:40","modified_gmt":"2025-10-14T12:57:40","slug":"funcoes-trigonometricas-exponenciais-e-logaritmicas","status":"publish","type":"page","link":"https:\/\/wp.ufpel.edu.br\/projetogama\/funcoes-trigonometricas-exponenciais-e-logaritmicas\/","title":{"rendered":"Fun\u00e7\u00f5es Trigonom\u00e9tricas, Exponenciais e Logar\u00edtmicas"},"content":{"rendered":"<p style=\"text-align: center;\"><span style=\"font-size: 14pt; color: #800000;\"><strong>Videoaulas do M\u00f3dulo de Fun\u00e7\u00f5es Trigonom\u00e9trica, Exponenciais e Logar\u00edtmicas<\/strong><\/span><\/p>\n<p>&nbsp;<\/p>\n<p>Os v\u00eddeos a seguir abordam os conte\u00fados deste m\u00f3dulo, por meio de uma sequ\u00eancia did\u00e1tica organizada e detalhada.<\/p>\n<p><span style=\"font-size: 12pt;\">Acesse tamb\u00e9m o material em PDF com o <span style=\"color: #0000ff;\"><a href=\"https:\/\/wp.ufpel.edu.br\/projetogama\/files\/2025\/10\/Funcoes_Trigonometricas_Exponenciais_e_Logaritmicas_GAMA_2025.pdf\"><strong>conte\u00fado e exerc\u00edcios<\/strong><\/a>.<\/span><\/span><\/p>\n<p>&nbsp;<\/p>\n<p style=\"text-align: left;\"><span style=\"color: #800000; font-size: 14pt;\"><strong>Aula 01<\/strong><\/span><\/p>\n<p><span style=\"color: #0000ff;\"><a style=\"color: #0000ff;\" href=\"https:\/\/youtu.be\/8yQT4YAHL6Q\">Raz\u00f5es Trigonom\u00e9tricas no Tri\u00e2ngulo Ret\u00e2ngulo<\/a><\/span><\/p>\n<p><span style=\"color: #0000ff;\"><a style=\"color: #0000ff;\" href=\"https:\/\/youtu.be\/iEg9Pfq8vD0\">Rela\u00e7\u00e3o entre as raz\u00f5es Trigonom\u00e9tricas<\/a><\/span><\/p>\n<p><span style=\"color: #0000ff;\"><a style=\"color: #0000ff;\" href=\"https:\/\/youtu.be\/IeUD946lwYU\">Identidades Trigonom\u00e9tricas no Tri\u00e2ngulo Ret\u00e2ngulo<\/a><\/span><\/p>\n<p><span style=\"color: #0000ff;\"><a style=\"color: #0000ff;\" href=\"https:\/\/youtu.be\/rH8ujyDSc-8\">Raz\u00f5es Trigonom\u00e9tricas de 30\u00ba, 45\u00b0 e 60\u00b0<\/a><\/span><\/p>\n<p><span style=\"color: #0000ff;\"><a style=\"color: #0000ff;\" href=\"https:\/\/youtu.be\/_rILGu9HSqg\">Ciclo Trigonom\u00e9trico<\/a><\/span><\/p>\n<p><span style=\"color: #0000ff;\"><a style=\"color: #0000ff;\" href=\"https:\/\/youtu.be\/DEjHeq_S0dA\">Trigonometria e Imagem dos Arcos Especiais no Ciclo<\/a><\/span><\/p>\n<p><span style=\"color: #0000ff;\"><a style=\"color: #0000ff;\" href=\"https:\/\/youtu.be\/ABRzs7afHFg\">Arcos C\u00f4ngruos no Ciclo e Menor Determina\u00e7\u00e3o Positiva<\/a><\/span><\/p>\n<p><span style=\"color: #800000; font-size: 14pt;\"><strong>Aula 02<\/strong><\/span><\/p>\n<p><a href=\"https:\/\/youtu.be\/alW7beiwUS8\"><span style=\"color: #0000ff;\">Seno e Cosseno no Ciclo Trigonom\u00e9trico<\/span><\/a><\/p>\n<p><a href=\"https:\/\/youtu.be\/AA7tMnBqJbw\"><span style=\"color: #0000ff;\">Fun\u00e7\u00e3o Seno e Fun\u00e7\u00e3o Cosseno<\/span><\/a><\/p>\n<p><span style=\"color: #800000; font-size: 14pt;\"><strong>Aula 03<\/strong><\/span><\/p>\n<p><a href=\"https:\/\/youtu.be\/zFlF5H5SgzI\"><span style=\"color: #0000ff;\">Tangente no Ciclo Trigonom\u00e9trico<\/span><\/a><\/p>\n<p><a href=\"https:\/\/youtu.be\/8Naz5dbsNdg\"><span style=\"color: #0000ff;\">Fun\u00e7\u00e3o Tangente<\/span><\/a><\/p>\n<p><a href=\"https:\/\/youtu.be\/D5i-cHxHt-k\"><span style=\"color: #0000ff;\">Cotangente no Ciclo Trigonom\u00e9trico<\/span><\/a><\/p>\n<p><a href=\"https:\/\/youtu.be\/WO9jthOkHO4\"><span style=\"color: #0000ff;\">Fun\u00e7\u00e3o Cotangente<\/span><\/a><\/p>\n<p><span style=\"color: #800000; font-size: 14pt;\"><strong>Aula 04<\/strong><\/span><\/p>\n<p><a href=\"https:\/\/youtu.be\/NJnBamL2xD0\"><span style=\"color: #0000ff;\">Secante no Ciclo Trigonom\u00e9trico<\/span><\/a><\/p>\n<p><a href=\"https:\/\/youtu.be\/ePzi8w0WsNI\"><span style=\"color: #0000ff;\">Fun\u00e7\u00e3o Secante<\/span><\/a><\/p>\n<p><a href=\"https:\/\/youtu.be\/EF1eBN3QAgg\"><span style=\"color: #0000ff;\">Cossecante no Ciclo Trigonom\u00e9trico<\/span><\/a><\/p>\n<p><a href=\"https:\/\/youtu.be\/IT-mWjZOFl8\"><span style=\"color: #0000ff;\">Fun\u00e7\u00e3o Cossecante<\/span><\/a><\/p>\n<p><span style=\"color: #800000; font-size: 14pt;\"><strong>Aula 05<\/strong><\/span><\/p>\n<p><a href=\"https:\/\/youtu.be\/ERXV-a-J_pc\"><span style=\"color: #0000ff;\">Fun\u00e7\u00e3o Exponencial<\/span><\/a><\/p>\n<p><span style=\"color: #800000; font-size: 14pt;\"><strong>Aula 06<\/strong><\/span><\/p>\n<p><a href=\"https:\/\/youtu.be\/VKseNDu7SVA\"><span style=\"color: #0000ff;\">Logaritmos<\/span><\/a><\/p>\n<p><a href=\"https:\/\/youtu.be\/6BGxebs6CYI\"><span style=\"color: #0000ff;\">Fun\u00e7\u00e3o Logar\u00edtmica<\/span><\/a><\/p>\n<p>&nbsp;<\/p>\n<p style=\"text-align: center;\"><span style=\"color: #ff0000; font-size: 14pt;\">Inscreva-se no Canal do Projeto GAMA!!<\/span><\/p>\n<p style=\"text-align: center;\">Al\u00e9m da<span style=\"color: #000000;\">s aulas te\u00f3ricas de Fun\u00e7\u00f5es Trigonom\u00e9tricas, Exponenciais e Logar\u00edtmicas voc\u00ea encontrar\u00e1, <a href=\"https:\/\/www.youtube.com\/channel\/UCB3NUeew6Ji_k39-_GDA3iQ\/playlists\"><span style=\"color: #0000ff;\">canal do GAMA<\/span><\/a> no YOUTUBE, v\u00eddeos pedag\u00f3gicos dos conte\u00fados de Matem\u00e1tica B\u00e1sica, Fun\u00e7\u00f5es, Limites, Derivadas e Integrais.<\/span><\/p>\n<p style=\"text-align: center;\"><a href=\"https:\/\/www.youtube.com\/playlist?list=PLyrTV5WwNPaw-lBvLgXkmUxcpgYMP4sAk\"><span style=\"color: #0000ff;\">Exerc\u00edcios resolvidos<\/span><\/a> <span style=\"color: #000000;\">de trigonometria, exponencias e logaritmos tamb\u00e9m est\u00e3o dispon\u00edveis!<\/span><\/p>\n","protected":false},"excerpt":{"rendered":"<p>Videoaulas do M\u00f3dulo de Fun\u00e7\u00f5es Trigonom\u00e9trica, Exponenciais e Logar\u00edtmicas &nbsp; Os v\u00eddeos a seguir abordam os conte\u00fados deste m\u00f3dulo, por meio de uma sequ\u00eancia did\u00e1tica organizada e detalhada. Acesse tamb\u00e9m [&hellip;]<\/p>\n","protected":false},"author":437,"featured_media":0,"parent":0,"menu_order":0,"comment_status":"closed","ping_status":"closed","template":"","meta":{"jetpack_post_was_ever_published":false,"footnotes":""},"class_list":["post-3047","page","type-page","status-publish","hentry","post"],"jetpack_sharing_enabled":true,"jetpack_shortlink":"https:\/\/wp.me\/P6Slop-N9","_links":{"self":[{"href":"https:\/\/wp.ufpel.edu.br\/projetogama\/wp-json\/wp\/v2\/pages\/3047","targetHints":{"allow":["GET"]}}],"collection":[{"href":"https:\/\/wp.ufpel.edu.br\/projetogama\/wp-json\/wp\/v2\/pages"}],"about":[{"href":"https:\/\/wp.ufpel.edu.br\/projetogama\/wp-json\/wp\/v2\/types\/page"}],"author":[{"embeddable":true,"href":"https:\/\/wp.ufpel.edu.br\/projetogama\/wp-json\/wp\/v2\/users\/437"}],"replies":[{"embeddable":true,"href":"https:\/\/wp.ufpel.edu.br\/projetogama\/wp-json\/wp\/v2\/comments?post=3047"}],"version-history":[{"count":4,"href":"https:\/\/wp.ufpel.edu.br\/projetogama\/wp-json\/wp\/v2\/pages\/3047\/revisions"}],"predecessor-version":[{"id":4070,"href":"https:\/\/wp.ufpel.edu.br\/projetogama\/wp-json\/wp\/v2\/pages\/3047\/revisions\/4070"}],"wp:attachment":[{"href":"https:\/\/wp.ufpel.edu.br\/projetogama\/wp-json\/wp\/v2\/media?parent=3047"}],"curies":[{"name":"wp","href":"https:\/\/api.w.org\/{rel}","templated":true}]}}