{"id":3044,"date":"2018-08-06T20:23:57","date_gmt":"2018-08-06T23:23:57","guid":{"rendered":"https:\/\/wp.ufpel.edu.br\/projetogama\/?page_id=3044"},"modified":"2025-01-25T17:45:16","modified_gmt":"2025-01-25T20:45:16","slug":"funcoes","status":"publish","type":"page","link":"https:\/\/wp.ufpel.edu.br\/projetogama\/funcoes\/","title":{"rendered":"Fun\u00e7\u00f5es"},"content":{"rendered":"<p style=\"text-align: center;\"><span style=\"font-size: 14pt; color: #800000;\"><strong>Videoaulas do M\u00f3dulo de Fun\u00e7\u00f5es<\/strong><\/span><\/p>\n<p><span style=\"font-size: 12pt;\">Os v\u00eddeos a seguir abordam os conte\u00fados deste m\u00f3dulo, por meio de uma sequ\u00eancia did\u00e1tica organizada e detalhada.<\/span><\/p>\n<p><span style=\"font-size: 12pt;\">Acesse tamb\u00e9m o material em PDF com o <a href=\"https:\/\/wp.ufpel.edu.br\/projetogama\/files\/2025\/01\/Funcoes_GAMA_2025.pdf\"><strong><span style=\"color: #0000ff;\">conte\u00fado e exerc\u00edcios<\/span><\/strong>.<\/a><\/span><\/p>\n<p style=\"text-align: left;\"><span style=\"color: #800000; font-size: 14pt;\"><strong>Aula 01<\/strong><\/span><\/p>\n<p><span style=\"color: #0000ff;\"><a style=\"color: #0000ff;\" href=\"https:\/\/youtu.be\/FPSV3CFK_zE\">Defini\u00e7\u00e3o de fun\u00e7\u00e3o, contradom\u00ednio, imagem e representa\u00e7\u00e3o de uma fun\u00e7\u00e3o<\/a><\/span><\/p>\n<p><a href=\"https:\/\/youtu.be\/ckqXFyKTOXI\"><span style=\"color: #0000ff;\">Teste da reta vertical, lei de forma\u00e7\u00e3o e valor num\u00e9rico de uma fun\u00e7\u00e3o<\/span><\/a><\/p>\n<p><span style=\"color: #800000; font-size: 14pt;\"><strong>Aula 02<\/strong><\/span><\/p>\n<p><a href=\"https:\/\/youtu.be\/guZV4_H8Qvg\"><span style=\"color: #0000ff;\">Fun\u00e7\u00e3o do primeiro grau, gr\u00e1fico, monotonia (crescimento\/decrescimento)<\/span><\/a><\/p>\n<p><a href=\"https:\/\/youtu.be\/2bTp_dDNJfk\"><span style=\"color: #0000ff;\">Zeros e sinal da fun\u00e7\u00e3o do primeiro grau<\/span><\/a><\/p>\n<p><a href=\"https:\/\/youtu.be\/FvDdZCOatgY\"><span style=\"color: #0000ff;\">Fun\u00e7\u00e3o do segundo grau, gr\u00e1fico, zeros, sinal, coordenadas do v\u00e9rtice e monotonia da fun\u00e7\u00e3o do segundo grau<\/span><\/a><\/p>\n<p><span style=\"color: #800000; font-size: 14pt;\"><strong>Aula 03<\/strong><\/span><\/p>\n<p><a href=\"https:\/\/youtu.be\/N-WkgKnqx_Y\"><span style=\"color: #0000ff;\">Fun\u00e7\u00e3o definida por v\u00e1rias senten\u00e7as<\/span><\/a><\/p>\n<p><a href=\"https:\/\/youtu.be\/26VHW6cJA9M\"><span style=\"color: #0000ff;\">Fun\u00e7\u00e3o pot\u00eancia, fun\u00e7\u00e3o raiz, fun\u00e7\u00e3o rec\u00edproca<\/span><\/a><\/p>\n<p><span style=\"color: #800000; font-size: 14pt;\"><strong>Aula 04<\/strong><\/span><\/p>\n<p><a href=\"https:\/\/youtu.be\/1qdI8wBPJzk\"><span style=\"color: #0000ff;\">T\u00e9cnicas para esbo\u00e7o de gr\u00e1fico<\/span><\/a> <span style=\"color: #0000ff;\">(Parte 1)<\/span><\/p>\n<p><a href=\"https:\/\/youtu.be\/qtw7ldR2gyI\"><span style=\"color: #0000ff;\">T\u00e9cnicas para esbo\u00e7o de gr\u00e1fico<\/span><\/a> <span style=\"color: #0000ff;\">(Parte 2)<\/span><\/p>\n<p><a href=\"https:\/\/youtu.be\/XZMY_Nh5heo\"><span style=\"color: #0000ff;\">T\u00e9cnicas para esbo\u00e7o de gr\u00e1fico<\/span><\/a> <span style=\"color: #0000ff;\">(Parte 3)<\/span><\/p>\n<p>&nbsp;<\/p>\n<p><span style=\"color: #800000; font-size: 14pt;\"><strong>Aula 05<\/strong><\/span><\/p>\n<p><a href=\"https:\/\/youtu.be\/884x8wd4auM\"><span style=\"color: #0000ff;\">Fun\u00e7\u00e3o composta<\/span><\/a><\/p>\n<p><span style=\"color: #800000; font-size: 14pt;\"><strong>Aula 06<\/strong><\/span><\/p>\n<p><a href=\"https:\/\/youtu.be\/d0a7lmum_3c\"><span style=\"color: #0000ff;\">Fun\u00e7\u00f5es injetoras, teste da reta horizontal, fun\u00e7\u00f5es sobrejetoras e fun\u00e7\u00f5es bijetoras<\/span><\/a><\/p>\n<p><a href=\"https:\/\/youtu.be\/TiT9VUwyrlA\"><span style=\"color: #0000ff;\">Fun\u00e7\u00e3o inversa. Gr\u00e1fico de fun\u00e7\u00e3o inversa<\/span><\/a><\/p>\n<p><span style=\"color: #0000ff;\"><a style=\"color: #0000ff;\" href=\"https:\/\/youtu.be\/KesHXv7k8KM\">Fun\u00e7\u00f5es trigonom\u00e9tricas inversas<\/a><\/span><\/p>\n<p>&nbsp;<\/p>\n<p style=\"text-align: center;\" align=\"center\"><span style=\"font-size: 14.0pt; color: red;\">Inscreva-se no Canal do Projeto GAMA!!<\/span><\/p>\n<p style=\"text-align: center;\" align=\"center\">Al\u00e9m da<span style=\"color: black;\">s aulas te\u00f3ricas de Fun\u00e7\u00f5es voc\u00ea encontrar\u00e1, <span style=\"color: #0000ff;\"><a style=\"color: #0000ff;\" href=\"https:\/\/www.youtube.com\/channel\/UCB3NUeew6Ji_k39-_GDA3iQ\/playlists\">canal do GAMA<\/a><\/span> no YOUTUBE, v\u00eddeos pedag\u00f3gicos dos conte\u00fados de Matem\u00e1tica B\u00e1sica, Fun\u00e7\u00f5es Trigonom\u00e9tricas, Exponenciais e Logar\u00edtmicas, Limites, Derivadas e Integrais.<\/span><\/p>\n<p style=\"text-align: center;\" align=\"center\"><span style=\"color: #0000ff;\">Exerc\u00edcios resolvidos <\/span><span style=\"color: black;\">de fun\u00e7\u00f5es tamb\u00e9m est\u00e3o dispon\u00edveis!<\/span><\/p>\n","protected":false},"excerpt":{"rendered":"<p>Videoaulas do M\u00f3dulo de Fun\u00e7\u00f5es Os v\u00eddeos a seguir abordam os conte\u00fados deste m\u00f3dulo, por meio de uma sequ\u00eancia did\u00e1tica organizada e detalhada. Acesse tamb\u00e9m o material em PDF com o conte\u00fado e exerc\u00edcios. Aula 01 Defini\u00e7\u00e3o de fun\u00e7\u00e3o, contradom\u00ednio, imagem e representa\u00e7\u00e3o de uma fun\u00e7\u00e3o Teste da reta vertical, lei de forma\u00e7\u00e3o e valor [&hellip;]<\/p>\n","protected":false},"author":437,"featured_media":0,"parent":0,"menu_order":0,"comment_status":"closed","ping_status":"closed","template":"","meta":{"jetpack_post_was_ever_published":false,"footnotes":""},"class_list":["post-3044","page","type-page","status-publish","hentry"],"jetpack_sharing_enabled":true,"jetpack_shortlink":"https:\/\/wp.me\/P6Slop-N6","_links":{"self":[{"href":"https:\/\/wp.ufpel.edu.br\/projetogama\/wp-json\/wp\/v2\/pages\/3044","targetHints":{"allow":["GET"]}}],"collection":[{"href":"https:\/\/wp.ufpel.edu.br\/projetogama\/wp-json\/wp\/v2\/pages"}],"about":[{"href":"https:\/\/wp.ufpel.edu.br\/projetogama\/wp-json\/wp\/v2\/types\/page"}],"author":[{"embeddable":true,"href":"https:\/\/wp.ufpel.edu.br\/projetogama\/wp-json\/wp\/v2\/users\/437"}],"replies":[{"embeddable":true,"href":"https:\/\/wp.ufpel.edu.br\/projetogama\/wp-json\/wp\/v2\/comments?post=3044"}],"version-history":[{"count":24,"href":"https:\/\/wp.ufpel.edu.br\/projetogama\/wp-json\/wp\/v2\/pages\/3044\/revisions"}],"predecessor-version":[{"id":5827,"href":"https:\/\/wp.ufpel.edu.br\/projetogama\/wp-json\/wp\/v2\/pages\/3044\/revisions\/5827"}],"wp:attachment":[{"href":"https:\/\/wp.ufpel.edu.br\/projetogama\/wp-json\/wp\/v2\/media?parent=3044"}],"curies":[{"name":"wp","href":"https:\/\/api.w.org\/{rel}","templated":true}]}}