{"id":18,"date":"2016-07-19T04:09:22","date_gmt":"2016-07-19T07:09:22","guid":{"rendered":"https:\/\/wp.ufpel.edu.br\/projetocotas\/?page_id=18"},"modified":"2016-07-19T04:24:00","modified_gmt":"2016-07-19T07:24:00","slug":"o-projeto","status":"publish","type":"page","link":"https:\/\/wp.ufpel.edu.br\/projetocotas\/o-projeto\/","title":{"rendered":"O PROJETO"},"content":{"rendered":"<p>&nbsp;<\/p>\n<p style=\"text-align: center\"><img loading=\"lazy\" decoding=\"async\" class=\"alignnone size-medium wp-image-20\" src=\"https:\/\/wp.ufpel.edu.br\/projetocotas\/files\/2016\/07\/te-liga-nas-cotas-424x241.jpg\" alt=\"te-liga-nas-cotas\" width=\"424\" height=\"241\" srcset=\"https:\/\/wp.ufpel.edu.br\/projetocotas\/files\/2016\/07\/te-liga-nas-cotas-424x241.jpg 424w, https:\/\/wp.ufpel.edu.br\/projetocotas\/files\/2016\/07\/te-liga-nas-cotas-212x120.jpg 212w, https:\/\/wp.ufpel.edu.br\/projetocotas\/files\/2016\/07\/te-liga-nas-cotas-768x436.jpg 768w\" sizes=\"auto, (max-width: 424px) 100vw, 424px\" \/><\/p>\n<p>O projeto de extens\u00e3o <strong>\u201cCotas: um di\u00e1logo afirmativo entre a universidade e a escola\u201d<\/strong> tem por objetivos divulgar as pol\u00edticas de a\u00e7\u00f5es afirmativas nas escolas de educa\u00e7\u00e3o b\u00e1sica de Pelotas e regi\u00e3o, de forma a instrumentalizar os\/as estudantes para acessar tais pol\u00edticas. Visa tamb\u00e9m desenvolver a\u00e7\u00f5es de forma\u00e7\u00e3o junto aos professores da rede p\u00fablica municipal e estadual relacionadas \u00e0 educa\u00e7\u00e3o antirracista e \u00e0s Leis <strong>10.639\/03<\/strong> e <strong>11.645\/08<\/strong> al\u00e9m de contribuir com o debate p\u00fablico em torno das a\u00e7\u00f5es afirmativas e pol\u00edticas de repara\u00e7\u00e3o hist\u00f3ricas no Brasil.<\/p>\n<p style=\"text-align: center\"><img loading=\"lazy\" decoding=\"async\" class=\"alignnone size-medium wp-image-28\" src=\"https:\/\/wp.ufpel.edu.br\/projetocotas\/files\/2016\/07\/13680134_1076781842359639_929548927509969227_o-424x318.jpg\" alt=\"13680134_1076781842359639_929548927509969227_o\" width=\"424\" height=\"318\" srcset=\"https:\/\/wp.ufpel.edu.br\/projetocotas\/files\/2016\/07\/13680134_1076781842359639_929548927509969227_o-424x318.jpg 424w, https:\/\/wp.ufpel.edu.br\/projetocotas\/files\/2016\/07\/13680134_1076781842359639_929548927509969227_o-212x159.jpg 212w, https:\/\/wp.ufpel.edu.br\/projetocotas\/files\/2016\/07\/13680134_1076781842359639_929548927509969227_o-768x576.jpg 768w, https:\/\/wp.ufpel.edu.br\/projetocotas\/files\/2016\/07\/13680134_1076781842359639_929548927509969227_o.jpg 1072w\" sizes=\"auto, (max-width: 424px) 100vw, 424px\" \/><\/p>\n<p>Para dar conta desses objetivos, o projeto prev\u00ea o desenvolvimento de diferentes a\u00e7\u00f5es junto \u00e0s escolas parceiras, aos estudantes e professores\/as da rede p\u00fablica de Pelotas e regi\u00e3o e \u00e0s comunidades quilombolas e ind\u00edgenas. As a\u00e7\u00f5es ser\u00e3o planejadas e desenvolvidas por uma equipe de trabalho que envolve docentes e discentes da Universidade Federal de Pelotas, professores\/as da rede p\u00fablica e integrantes das entidades parceiras, tais como o Conselho de Participa\u00e7\u00e3o e Desenvolvimento da Comunidade Negra de Pelotas, o N\u00facleo de Educadores e Educadoras Negros\/as, o Instituto M\u00e1rio Alves e a Secretaria Municipal de Educa\u00e7\u00e3o de Pelotas.<\/p>\n<hr \/>\n<p style=\"text-align: center\"><strong><u>Principais Linhas de A\u00e7\u00e3o:<\/u><\/strong><\/p>\n<ul>\n<li>A\u00e7\u00f5es voltadas aos estudantes do Ensino Fundamental:<br \/>\nA\u00e7\u00f5es junto aos alunos\/as que cursam os anos finais do Ensino Fundamental, objetivando abordar tem\u00e1ticasvinculadas \u00e0s a\u00e7\u00f5es afirmativas e \u00e0 diversidade \u00e9tnico-racial, bem como divulgar informa\u00e7\u00f5es acerca da reserva de vagas para o ingresso nos institutos federais de educa\u00e7\u00e3o t\u00e9cnica etecnol\u00f3gica (Institutos Federais), conforme prev\u00ea a Lei 12.711\/12.<\/li>\n<\/ul>\n<p style=\"text-align: center\"><img loading=\"lazy\" decoding=\"async\" class=\"alignnone size-medium wp-image-25\" src=\"https:\/\/wp.ufpel.edu.br\/projetocotas\/files\/2016\/07\/11391426_873326499371842_3473808586021917837_n-424x238.jpg\" alt=\"11391426_873326499371842_3473808586021917837_n\" width=\"424\" height=\"238\" srcset=\"https:\/\/wp.ufpel.edu.br\/projetocotas\/files\/2016\/07\/11391426_873326499371842_3473808586021917837_n-424x238.jpg 424w, https:\/\/wp.ufpel.edu.br\/projetocotas\/files\/2016\/07\/11391426_873326499371842_3473808586021917837_n-212x119.jpg 212w, https:\/\/wp.ufpel.edu.br\/projetocotas\/files\/2016\/07\/11391426_873326499371842_3473808586021917837_n-768x431.jpg 768w, https:\/\/wp.ufpel.edu.br\/projetocotas\/files\/2016\/07\/11391426_873326499371842_3473808586021917837_n.jpg 960w\" sizes=\"auto, (max-width: 424px) 100vw, 424px\" \/><\/p>\n<ul>\n<li>A\u00e7\u00f5es voltadas aos estudantes do Ensino M\u00e9dio:<br \/>\nSer\u00e3o realizadas atividades de forma\u00e7\u00e3o sobre tem\u00e1ticas vinculadas ao tema central do projeto: racismo, intoler\u00e2ncia religiosa (focando na quest\u00e3o do preconceito em rela\u00e7\u00e3o \u00e0s religi\u00f5es de matriz africana), hist\u00f3ria, cultura e saberes ind\u00edgenas, direitos humanos, culturas juvenis, entre outras. Estas atividades ser\u00e3o desenvolvidas mensalmente nas escolas parceiras, a partir de diferentes metodologias e linguagens: proje\u00e7\u00e3o e\u00a0<img loading=\"lazy\" decoding=\"async\" class=\"wp-image-26 alignright\" src=\"https:\/\/wp.ufpel.edu.br\/projetocotas\/files\/2016\/07\/13668809_1076783569026133_7255768104946889026_o-424x318.jpg\" alt=\"13668809_1076783569026133_7255768104946889026_o\" width=\"324\" height=\"243\" srcset=\"https:\/\/wp.ufpel.edu.br\/projetocotas\/files\/2016\/07\/13668809_1076783569026133_7255768104946889026_o-424x318.jpg 424w, https:\/\/wp.ufpel.edu.br\/projetocotas\/files\/2016\/07\/13668809_1076783569026133_7255768104946889026_o-212x159.jpg 212w, https:\/\/wp.ufpel.edu.br\/projetocotas\/files\/2016\/07\/13668809_1076783569026133_7255768104946889026_o-768x576.jpg 768w, https:\/\/wp.ufpel.edu.br\/projetocotas\/files\/2016\/07\/13668809_1076783569026133_7255768104946889026_o.jpg 1072w\" sizes=\"auto, (max-width: 324px) 100vw, 324px\" \/>debate de filmes, interven\u00e7\u00f5es art\u00edsticas, debates e oficinas. Nas turmas de Terceiro Ano das escolas parceiras, ser\u00e1 desenvolvido um trabalho de acompanhamento desde o in\u00edcio do ano, visando \u00e0 mobiliza\u00e7\u00e3o e instrumentaliza\u00e7\u00e3o para o ingresso no ensino superior. Este trabalho prev\u00ea a\u00e7\u00f5es de informa\u00e7\u00e3o sobre as diferentes possibilidades de ingresso (ENEM, reserva de vagas\/cotas, programas de financiamento p\u00fablico como o PROUNI) e de acompanhamento relativo \u00e0s etapas do ENEM: inscri\u00e7\u00e3o, solicita\u00e7\u00e3o de isen\u00e7\u00e3o da taxa de inscri\u00e7\u00e3o, orienta\u00e7\u00f5es sobre a estrutura da prova, cria\u00e7\u00e3o de espa\u00e7os de prepara\u00e7\u00e3o, etc.<\/li>\n<\/ul>\n<p>&nbsp;<\/p>\n<ul>\n<li>A\u00e7\u00f5es voltadas aos\/\u00e0s professores\/as, gestores\/as e servidores\/as das escolas:<br \/>\nO projeto prev\u00ea a realiza\u00e7\u00e3o de a\u00e7\u00f5es de sensibiliza\u00e7\u00e3o, discuss\u00e3o e forma\u00e7\u00e3o dos\/as professores\/as, servidores\/as e gestores\/as que atuam nas escolas de educa\u00e7\u00e3o b\u00e1sica da regi\u00e3o, especialmente nas escolas parceiras.<\/li>\n<\/ul>\n<ul>\n<li>A\u00e7\u00f5es direcionadas \u00e0s comunidades ind\u00edgenas e quilombolas:<br \/>\nO projeto prev\u00ea a realiza\u00e7\u00e3o de reuni\u00f5es com representantes e integrantes de comunidades ind\u00edgenas e quilombolas e visitas \u00e0s comunidades.<\/li>\n<\/ul>\n<p><img loading=\"lazy\" decoding=\"async\" class=\" wp-image-24 alignright\" src=\"https:\/\/wp.ufpel.edu.br\/projetocotas\/files\/2016\/07\/11350592_863052993732526_4003474348715488514_n-424x231.jpg\" alt=\"11350592_863052993732526_4003474348715488514_n\" width=\"376\" height=\"205\" srcset=\"https:\/\/wp.ufpel.edu.br\/projetocotas\/files\/2016\/07\/11350592_863052993732526_4003474348715488514_n-424x231.jpg 424w, https:\/\/wp.ufpel.edu.br\/projetocotas\/files\/2016\/07\/11350592_863052993732526_4003474348715488514_n-212x115.jpg 212w, https:\/\/wp.ufpel.edu.br\/projetocotas\/files\/2016\/07\/11350592_863052993732526_4003474348715488514_n-768x418.jpg 768w, https:\/\/wp.ufpel.edu.br\/projetocotas\/files\/2016\/07\/11350592_863052993732526_4003474348715488514_n.jpg 960w\" sizes=\"auto, (max-width: 376px) 100vw, 376px\" \/><\/p>\n<p style=\"text-align: left\"><img loading=\"lazy\" decoding=\"async\" class=\" wp-image-21 alignleft\" src=\"https:\/\/wp.ufpel.edu.br\/projetocotas\/files\/2016\/07\/11214233_863052987065860_192527422736079318_n-424x239.jpg\" alt=\"11214233_863052987065860_192527422736079318_n\" width=\"339\" height=\"190\" srcset=\"https:\/\/wp.ufpel.edu.br\/projetocotas\/files\/2016\/07\/11214233_863052987065860_192527422736079318_n-424x239.jpg 424w, https:\/\/wp.ufpel.edu.br\/projetocotas\/files\/2016\/07\/11214233_863052987065860_192527422736079318_n-212x119.jpg 212w, https:\/\/wp.ufpel.edu.br\/projetocotas\/files\/2016\/07\/11214233_863052987065860_192527422736079318_n-768x432.jpg 768w, https:\/\/wp.ufpel.edu.br\/projetocotas\/files\/2016\/07\/11214233_863052987065860_192527422736079318_n.jpg 960w\" sizes=\"auto, (max-width: 339px) 100vw, 339px\" \/><\/p>\n<p style=\"text-align: center\">\n","protected":false},"excerpt":{"rendered":"<p>&nbsp; O projeto de extens\u00e3o \u201cCotas: um di\u00e1logo afirmativo entre a universidade e a escola\u201d tem por objetivos divulgar as pol\u00edticas de a\u00e7\u00f5es afirmativas nas escolas de educa\u00e7\u00e3o b\u00e1sica de Pelotas e regi\u00e3o, de forma a instrumentalizar os\/as estudantes para acessar tais pol\u00edticas. Visa tamb\u00e9m desenvolver a\u00e7\u00f5es de forma\u00e7\u00e3o junto aos professores da rede p\u00fablica [&hellip;]<\/p>\n","protected":false},"author":660,"featured_media":0,"parent":0,"menu_order":1,"comment_status":"closed","ping_status":"closed","template":"","meta":{"footnotes":""},"class_list":["post-18","page","type-page","status-publish","hentry"],"_links":{"self":[{"href":"https:\/\/wp.ufpel.edu.br\/projetocotas\/wp-json\/wp\/v2\/pages\/18","targetHints":{"allow":["GET"]}}],"collection":[{"href":"https:\/\/wp.ufpel.edu.br\/projetocotas\/wp-json\/wp\/v2\/pages"}],"about":[{"href":"https:\/\/wp.ufpel.edu.br\/projetocotas\/wp-json\/wp\/v2\/types\/page"}],"author":[{"embeddable":true,"href":"https:\/\/wp.ufpel.edu.br\/projetocotas\/wp-json\/wp\/v2\/users\/660"}],"replies":[{"embeddable":true,"href":"https:\/\/wp.ufpel.edu.br\/projetocotas\/wp-json\/wp\/v2\/comments?post=18"}],"version-history":[{"count":8,"href":"https:\/\/wp.ufpel.edu.br\/projetocotas\/wp-json\/wp\/v2\/pages\/18\/revisions"}],"predecessor-version":[{"id":40,"href":"https:\/\/wp.ufpel.edu.br\/projetocotas\/wp-json\/wp\/v2\/pages\/18\/revisions\/40"}],"wp:attachment":[{"href":"https:\/\/wp.ufpel.edu.br\/projetocotas\/wp-json\/wp\/v2\/media?parent=18"}],"curies":[{"name":"wp","href":"https:\/\/api.w.org\/{rel}","templated":true}]}}