{"id":12,"date":"2016-07-11T13:43:23","date_gmt":"2016-07-11T16:43:23","guid":{"rendered":"https:\/\/wp.ufpel.edu.br\/projetocotas\/?page_id=12"},"modified":"2016-08-08T17:35:55","modified_gmt":"2016-08-08T20:35:55","slug":"como-funcionam-as-cotas","status":"publish","type":"page","link":"https:\/\/wp.ufpel.edu.br\/projetocotas\/como-funcionam-as-cotas\/","title":{"rendered":"COTAS"},"content":{"rendered":"<div>\n<p>A lei\u00a0n\u00ba 12.711\/2012, sancionada em agosto de 2012, garante a reserva de 50% das matr\u00edculas por curso e turno nas universidades e institutos federais de educa\u00e7\u00e3o. Essa lei visa garantir o acesso ao ensino superior por popula\u00e7\u00f5es historicamente exclu\u00eddas desses espa\u00e7os de ensino e toca em quest\u00f5es muito profundas da realidade brasileira, como o racismo e o direito a educa\u00e7\u00e3o, por exemplo.<\/p>\n<\/div>\n<p>Essa lei tem sido objeto de discuss\u00e3o na grande m\u00eddia, entre as pessoas e nas pr\u00f3prias institui\u00e7\u00f5es de ensino, o que \u00e9 muito positivo, visto que estas quest\u00f5es durante muito tempo n\u00e3o receberam a aten\u00e7\u00e3o devida. Havendo a necessidade de se levantar esse debate no grande p\u00fablico, este projeto se coloca como uma possibilidade de di\u00e1logo entre a UFPel e a comunidade pelotense.<\/p>\n<p>Por\u00e9m, \u00e9 certo que esse debate est\u00e1 permeado de muitos preconceitos e resist\u00eancias. Nesse caso colocamos a informa\u00e7\u00e3o como resposta para o esclarecimento e para a constru\u00e7\u00e3o de uma educa\u00e7\u00e3o mais justa e igualit\u00e1ria, assim como uma sociedade sem racismo.<\/p>\n<p>Voc\u00ea encontra\u00a0todas as informa\u00e7\u00f5es necess\u00e1rias sobre a Lei de Cotas no <a href=\"http:\/\/portal.mec.gov.br\/cotas\/perguntas-frequentes.html\">site do Minist\u00e9rio da Educa\u00e7\u00e3o<\/a>. <a href=\"http:\/\/portal.mec.gov.br\/cotas\/sobre-sistema.html\">Nesse link<\/a> est\u00e1 dispon\u00edvel um gr\u00e1fico informativo que simplica o funcionamento da Lei (quem pode acessar, quantas vagas ser\u00e3o destinadas, etc).<\/p>\n<p><strong>Acesse tamb\u00e9m:<\/strong><\/p>\n<p>o texto completo da lei:<br \/>\n<a href=\"http:\/\/www.planalto.gov.br\/ccivil_03\/_ato2011-2014\/2012\/lei\/l12711.htm\">http:\/\/www.planalto.gov.br\/ccivil_03\/_ato2011-2014\/2012\/lei\/l12711.htm<\/a><\/p>\n<p>o decreto que regulamenta a lei:<span style=\"font-family: 'Times New Roman', serif;font-size: medium\"><a href=\"http:\/\/www.planalto.gov.br\/ccivil_03\/_ato2011-2014\/2012\/Decreto\/D7824.htm\" target=\"_blank\"><br \/>\nhttp:\/\/www.planalto.gov.br\/ccivil_03\/_ato2011-2014\/2012\/Decreto\/D7824.htm<\/a><\/span><\/p>\n<div align=\"justify\">a portaria normativa que estabelece os conceitos b\u00e1sicos e prev\u00ea as modalidades de reserva de vagas e f\u00f3rmulas de c\u00e1lculo:<\/div>\n<div align=\"justify\"><a href=\"http:\/\/portal.mec.gov.br\/cotas\/docs\/portaria_18.pdf\">http:\/\/portal.mec.gov.br\/cotas\/docs\/portaria_18.pdf<\/a><\/div>\n<p style=\"text-align: center\"><img loading=\"lazy\" decoding=\"async\" class=\"alignnone wp-image-29 size-full\" src=\"https:\/\/wp.ufpel.edu.br\/projetocotas\/files\/2016\/07\/CHARGE.jpg\" alt=\"CHARGE\" width=\"2048\" height=\"1536\" srcset=\"https:\/\/wp.ufpel.edu.br\/projetocotas\/files\/2016\/07\/CHARGE.jpg 2048w, https:\/\/wp.ufpel.edu.br\/projetocotas\/files\/2016\/07\/CHARGE-212x159.jpg 212w, https:\/\/wp.ufpel.edu.br\/projetocotas\/files\/2016\/07\/CHARGE-424x318.jpg 424w, https:\/\/wp.ufpel.edu.br\/projetocotas\/files\/2016\/07\/CHARGE-768x576.jpg 768w\" sizes=\"auto, (max-width: 2048px) 100vw, 2048px\" \/><\/p>\n","protected":false},"excerpt":{"rendered":"<p>A lei\u00a0n\u00ba 12.711\/2012, sancionada em agosto de 2012, garante a reserva de 50% das matr\u00edculas por curso e turno nas universidades e institutos federais de educa\u00e7\u00e3o. Essa lei visa garantir o acesso ao ensino superior por popula\u00e7\u00f5es historicamente exclu\u00eddas desses espa\u00e7os de ensino e toca em quest\u00f5es muito profundas da realidade brasileira, como o racismo [&hellip;]<\/p>\n","protected":false},"author":660,"featured_media":0,"parent":0,"menu_order":2,"comment_status":"closed","ping_status":"closed","template":"","meta":{"footnotes":""},"class_list":["post-12","page","type-page","status-publish","hentry"],"_links":{"self":[{"href":"https:\/\/wp.ufpel.edu.br\/projetocotas\/wp-json\/wp\/v2\/pages\/12","targetHints":{"allow":["GET"]}}],"collection":[{"href":"https:\/\/wp.ufpel.edu.br\/projetocotas\/wp-json\/wp\/v2\/pages"}],"about":[{"href":"https:\/\/wp.ufpel.edu.br\/projetocotas\/wp-json\/wp\/v2\/types\/page"}],"author":[{"embeddable":true,"href":"https:\/\/wp.ufpel.edu.br\/projetocotas\/wp-json\/wp\/v2\/users\/660"}],"replies":[{"embeddable":true,"href":"https:\/\/wp.ufpel.edu.br\/projetocotas\/wp-json\/wp\/v2\/comments?post=12"}],"version-history":[{"count":8,"href":"https:\/\/wp.ufpel.edu.br\/projetocotas\/wp-json\/wp\/v2\/pages\/12\/revisions"}],"predecessor-version":[{"id":87,"href":"https:\/\/wp.ufpel.edu.br\/projetocotas\/wp-json\/wp\/v2\/pages\/12\/revisions\/87"}],"wp:attachment":[{"href":"https:\/\/wp.ufpel.edu.br\/projetocotas\/wp-json\/wp\/v2\/media?parent=12"}],"curies":[{"name":"wp","href":"https:\/\/api.w.org\/{rel}","templated":true}]}}