{"id":53,"date":"2020-06-10T22:52:41","date_gmt":"2020-06-11T01:52:41","guid":{"rendered":"https:\/\/wp.ufpel.edu.br\/projetoauxilia\/?page_id=53"},"modified":"2020-07-08T15:28:27","modified_gmt":"2020-07-08T18:28:27","slug":"materiais","status":"publish","type":"page","link":"https:\/\/wp.ufpel.edu.br\/projetoauxilia\/materiais\/","title":{"rendered":"Materiais"},"content":{"rendered":"<p>Ol\u00e1 Estudantes,<\/p>\n<p>Aqui voc\u00eas ir\u00e3o encontrar todos os materiais que utilizamos no nosso curso.<\/p>\n<p>Est\u00e3o organizados por disciplina!<\/p>\n<p>Para n\u00e3o deixa-los totalmente desamparados, iremos disponibilizar um formul\u00e1rio para voc\u00eas depositarem suas d\u00favidas. As respostas ser\u00e3o enviadas para os seus e-mails.<\/p>\n<p>D\u00daVIDAS<\/p>\n<p>Clicar no link:\u00a0\u00a0<a href=\"https:\/\/forms.gle\/7MYRhzBx52yQsdco8\">https:\/\/forms.gle\/7MYRhzBx52yQsdco8<\/a><\/p>\n","protected":false},"excerpt":{"rendered":"<p>Ol\u00e1 Estudantes, Aqui voc\u00eas ir\u00e3o encontrar todos os materiais que utilizamos no nosso curso. Est\u00e3o organizados por disciplina! Para n\u00e3o deixa-los totalmente desamparados, iremos disponibilizar um formul\u00e1rio para voc\u00eas depositarem suas d\u00favidas. As respostas ser\u00e3o enviadas para os seus e-mails. D\u00daVIDAS Clicar no link:\u00a0\u00a0https:\/\/forms.gle\/7MYRhzBx52yQsdco8<\/p>\n","protected":false},"author":1019,"featured_media":0,"parent":0,"menu_order":0,"comment_status":"closed","ping_status":"closed","template":"","meta":{"footnotes":""},"class_list":["post-53","page","type-page","status-publish","hentry","nodate","item-wrap"],"_links":{"self":[{"href":"https:\/\/wp.ufpel.edu.br\/projetoauxilia\/wp-json\/wp\/v2\/pages\/53","targetHints":{"allow":["GET"]}}],"collection":[{"href":"https:\/\/wp.ufpel.edu.br\/projetoauxilia\/wp-json\/wp\/v2\/pages"}],"about":[{"href":"https:\/\/wp.ufpel.edu.br\/projetoauxilia\/wp-json\/wp\/v2\/types\/page"}],"author":[{"embeddable":true,"href":"https:\/\/wp.ufpel.edu.br\/projetoauxilia\/wp-json\/wp\/v2\/users\/1019"}],"replies":[{"embeddable":true,"href":"https:\/\/wp.ufpel.edu.br\/projetoauxilia\/wp-json\/wp\/v2\/comments?post=53"}],"version-history":[{"count":4,"href":"https:\/\/wp.ufpel.edu.br\/projetoauxilia\/wp-json\/wp\/v2\/pages\/53\/revisions"}],"predecessor-version":[{"id":171,"href":"https:\/\/wp.ufpel.edu.br\/projetoauxilia\/wp-json\/wp\/v2\/pages\/53\/revisions\/171"}],"wp:attachment":[{"href":"https:\/\/wp.ufpel.edu.br\/projetoauxilia\/wp-json\/wp\/v2\/media?parent=53"}],"curies":[{"name":"wp","href":"https:\/\/api.w.org\/{rel}","templated":true}]}}