{"id":263,"date":"2020-08-02T18:23:11","date_gmt":"2020-08-02T21:23:11","guid":{"rendered":"https:\/\/wp.ufpel.edu.br\/projetoauxilia\/?page_id=263"},"modified":"2020-08-02T18:23:11","modified_gmt":"2020-08-02T21:23:11","slug":"auxiliando-dica-1","status":"publish","type":"page","link":"https:\/\/wp.ufpel.edu.br\/projetoauxilia\/auxiliando\/auxiliando-dica-1\/","title":{"rendered":"Auxiliando &#8211; Dica 1"},"content":{"rendered":"<div class=\"embed-container\">\n<div id=\"fb-root\"><\/div>\n<p><script async=\"1\" defer=\"1\" crossorigin=\"anonymous\" src=\"https:\/\/connect.facebook.net\/pt_BR\/sdk.js#xfbml=1&amp;version=v7.0\" nonce=\"tPNc0Du7\"><\/script><\/p>\n<div class=\"fb-video\" data-href=\"https:\/\/www.facebook.com\/auxiliaenem\/videos\/624132495198690\" data-width=\"750\">\n<blockquote cite=\"https:\/\/www.facebook.com\/auxiliaenem\/videos\/624132495198690\/\" class=\"fb-xfbml-parse-ignore\"><p><a href=\"https:\/\/www.facebook.com\/auxiliaenem\/videos\/624132495198690\/\">Auxiliando &#8211; Dica 1<\/a><\/p>\n<p>\u26a0\ufe0f Te liga! \u26a0\ufe0fAuxiliando \u00e9 a nossa s\u00e9rie de dicas para o #ENEM.&#8211;Toda quarta-feira postaremos uma dica para voc\u00eas, estudantes, que est\u00e3o se preparando para essa prova.&#8211;Nossa primeira dica \u00e9 sobre ORGANIZA\u00c7\u00c3O E ROTINA DE ESTUDOS.&#8211;\u27a1\ufe0f N\u00e3o esquece de curtir e compartilhar com os #amigos ?#auxiliando #auxiliaenem #enem2020<\/p>\n<p>Publicado por <a href=\"https:\/\/www.facebook.com\/auxiliaenem\/\">Auxilia &#8211; Curso Preparat\u00f3rio para o Enem<\/a> em Quarta-feira, 22 de julho de 2020<\/p><\/blockquote>\n<\/div>\n<\/div>\n","protected":false},"excerpt":{"rendered":"<p>Auxiliando &#8211; Dica 1 \u26a0\ufe0f Te liga! \u26a0\ufe0fAuxiliando \u00e9 a nossa s\u00e9rie de dicas para o #ENEM.&#8211;Toda quarta-feira postaremos uma dica para voc\u00eas, estudantes, que est\u00e3o se preparando para essa prova.&#8211;Nossa primeira dica \u00e9 sobre ORGANIZA\u00c7\u00c3O E ROTINA DE ESTUDOS.&#8211;\u27a1\ufe0f N\u00e3o esquece de curtir e compartilhar com os #amigos ?#auxiliando #auxiliaenem #enem2020 Publicado por Auxilia &hellip; <\/p>\n<p><a class=\"more-link btn\" href=\"https:\/\/wp.ufpel.edu.br\/projetoauxilia\/auxiliando\/auxiliando-dica-1\/\">Continue lendo<\/a><\/p>\n","protected":false},"author":1019,"featured_media":0,"parent":261,"menu_order":0,"comment_status":"closed","ping_status":"closed","template":"","meta":{"footnotes":""},"class_list":["post-263","page","type-page","status-publish","hentry","nodate","item-wrap"],"_links":{"self":[{"href":"https:\/\/wp.ufpel.edu.br\/projetoauxilia\/wp-json\/wp\/v2\/pages\/263","targetHints":{"allow":["GET"]}}],"collection":[{"href":"https:\/\/wp.ufpel.edu.br\/projetoauxilia\/wp-json\/wp\/v2\/pages"}],"about":[{"href":"https:\/\/wp.ufpel.edu.br\/projetoauxilia\/wp-json\/wp\/v2\/types\/page"}],"author":[{"embeddable":true,"href":"https:\/\/wp.ufpel.edu.br\/projetoauxilia\/wp-json\/wp\/v2\/users\/1019"}],"replies":[{"embeddable":true,"href":"https:\/\/wp.ufpel.edu.br\/projetoauxilia\/wp-json\/wp\/v2\/comments?post=263"}],"version-history":[{"count":1,"href":"https:\/\/wp.ufpel.edu.br\/projetoauxilia\/wp-json\/wp\/v2\/pages\/263\/revisions"}],"predecessor-version":[{"id":264,"href":"https:\/\/wp.ufpel.edu.br\/projetoauxilia\/wp-json\/wp\/v2\/pages\/263\/revisions\/264"}],"up":[{"embeddable":true,"href":"https:\/\/wp.ufpel.edu.br\/projetoauxilia\/wp-json\/wp\/v2\/pages\/261"}],"wp:attachment":[{"href":"https:\/\/wp.ufpel.edu.br\/projetoauxilia\/wp-json\/wp\/v2\/media?parent=263"}],"curies":[{"name":"wp","href":"https:\/\/api.w.org\/{rel}","templated":true}]}}