{"id":163,"date":"2020-07-07T23:18:40","date_gmt":"2020-07-08T02:18:40","guid":{"rendered":"https:\/\/wp.ufpel.edu.br\/projetoauxilia\/?page_id=163"},"modified":"2020-09-10T09:56:53","modified_gmt":"2020-09-10T12:56:53","slug":"portugues","status":"publish","type":"page","link":"https:\/\/wp.ufpel.edu.br\/projetoauxilia\/materiais\/portugues\/","title":{"rendered":"Portugu\u00eas"},"content":{"rendered":"<p><a href=\"https:\/\/wp.ufpel.edu.br\/projetoauxilia\/files\/2020\/07\/Portugu\u00eas-Aula-1.pdf\">Portugu\u00eas &#8211; Aula 1<\/a><\/p>\n<p><a href=\"https:\/\/wp.ufpel.edu.br\/projetoauxilia\/files\/2020\/07\/Portugu\u00eas-Aula-2.pdf\">Portugu\u00eas &#8211; Aula 2<\/a><\/p>\n<p><a href=\"https:\/\/wp.ufpel.edu.br\/projetoauxilia\/files\/2020\/08\/Portugu\u00eas-Aula-3.pdf\">Portugu\u00eas &#8211; Aula 3<\/a><\/p>\n<p><a href=\"https:\/\/wp.ufpel.edu.br\/projetoauxilia\/files\/2020\/08\/Portugu\u00eas-Aula-4.pdf\">Portugu\u00eas &#8211; Aula 4<\/a><\/p>\n<p><a href=\"https:\/\/wp.ufpel.edu.br\/projetoauxilia\/files\/2020\/08\/Portugu\u00eas-Aula-5.pdf\">Portugu\u00eas &#8211; Aula 5<\/a><\/p>\n<p><a href=\"https:\/\/wp.ufpel.edu.br\/projetoauxilia\/files\/2020\/09\/Portugues-Aulas-6-e-7.pdf\">Portugu\u00eas &#8211; Aulas 6 e 7<\/a><\/p>\n","protected":false},"excerpt":{"rendered":"<p>Portugu\u00eas &#8211; Aula 1 Portugu\u00eas &#8211; Aula 2 Portugu\u00eas &#8211; Aula 3 Portugu\u00eas &#8211; Aula 4 Portugu\u00eas &#8211; Aula 5 Portugu\u00eas &#8211; Aulas 6 e 7<\/p>\n","protected":false},"author":1019,"featured_media":0,"parent":53,"menu_order":0,"comment_status":"closed","ping_status":"closed","template":"","meta":{"footnotes":""},"class_list":["post-163","page","type-page","status-publish","hentry","nodate","item-wrap"],"_links":{"self":[{"href":"https:\/\/wp.ufpel.edu.br\/projetoauxilia\/wp-json\/wp\/v2\/pages\/163","targetHints":{"allow":["GET"]}}],"collection":[{"href":"https:\/\/wp.ufpel.edu.br\/projetoauxilia\/wp-json\/wp\/v2\/pages"}],"about":[{"href":"https:\/\/wp.ufpel.edu.br\/projetoauxilia\/wp-json\/wp\/v2\/types\/page"}],"author":[{"embeddable":true,"href":"https:\/\/wp.ufpel.edu.br\/projetoauxilia\/wp-json\/wp\/v2\/users\/1019"}],"replies":[{"embeddable":true,"href":"https:\/\/wp.ufpel.edu.br\/projetoauxilia\/wp-json\/wp\/v2\/comments?post=163"}],"version-history":[{"count":6,"href":"https:\/\/wp.ufpel.edu.br\/projetoauxilia\/wp-json\/wp\/v2\/pages\/163\/revisions"}],"predecessor-version":[{"id":348,"href":"https:\/\/wp.ufpel.edu.br\/projetoauxilia\/wp-json\/wp\/v2\/pages\/163\/revisions\/348"}],"up":[{"embeddable":true,"href":"https:\/\/wp.ufpel.edu.br\/projetoauxilia\/wp-json\/wp\/v2\/pages\/53"}],"wp:attachment":[{"href":"https:\/\/wp.ufpel.edu.br\/projetoauxilia\/wp-json\/wp\/v2\/media?parent=163"}],"curies":[{"name":"wp","href":"https:\/\/api.w.org\/{rel}","templated":true}]}}