{"id":157,"date":"2020-07-07T23:16:55","date_gmt":"2020-07-08T02:16:55","guid":{"rendered":"https:\/\/wp.ufpel.edu.br\/projetoauxilia\/?page_id=157"},"modified":"2020-09-10T09:56:25","modified_gmt":"2020-09-10T12:56:25","slug":"matematica","status":"publish","type":"page","link":"https:\/\/wp.ufpel.edu.br\/projetoauxilia\/materiais\/matematica\/","title":{"rendered":"Matem\u00e1tica"},"content":{"rendered":"<p><a href=\"https:\/\/wp.ufpel.edu.br\/projetoauxilia\/files\/2020\/07\/Matem\u00e1tica-Aula-1.pdf\">Matem\u00e1tica &#8211; Aula 1<\/a><\/p>\n<p><a href=\"https:\/\/wp.ufpel.edu.br\/projetoauxilia\/files\/2020\/07\/Matem\u00e1tica-Aula-2.pdf\">Matem\u00e1tica &#8211; Aula 2<\/a><\/p>\n<p><a href=\"https:\/\/wp.ufpel.edu.br\/projetoauxilia\/files\/2020\/08\/Matem\u00e1tica-Aula-3.pdf\">Matem\u00e1tica &#8211; Aula 3<\/a><\/p>\n<p><a href=\"https:\/\/wp.ufpel.edu.br\/projetoauxilia\/files\/2020\/08\/Matem\u00e1tica-Aula-4.pdf\">Matem\u00e1tica &#8211; Aula 4<\/a><\/p>\n<p><a href=\"https:\/\/wp.ufpel.edu.br\/projetoauxilia\/files\/2020\/08\/Matem\u00e1tica-Aula-5.pdf\">Matem\u00e1tica &#8211; Aula 5<\/a><\/p>\n<p><a href=\"https:\/\/wp.ufpel.edu.br\/projetoauxilia\/files\/2020\/08\/Matem\u00e1tica-Aula-6.pdf\">Matem\u00e1tica &#8211; Aula 6<\/a><\/p>\n<p><a style=\"color: #9538c5\" href=\"https:\/\/wp.ufpel.edu.br\/projetoauxilia\/files\/2020\/09\/Matematica-Aulas-7-e-8.pdf\">Matem\u00e1tica &#8211; Aulas 7 e 8<\/a><\/p>\n<p><a href=\"https:\/\/wp.ufpel.edu.br\/projetoauxilia\/files\/2020\/09\/Matematica-Aula-9.pdf\">Matem\u00e1tica &#8211; Aula 9<\/a><\/p>\n","protected":false},"excerpt":{"rendered":"<p>Matem\u00e1tica &#8211; Aula 1 Matem\u00e1tica &#8211; Aula 2 Matem\u00e1tica &#8211; Aula 3 Matem\u00e1tica &#8211; Aula 4 Matem\u00e1tica &#8211; Aula 5 Matem\u00e1tica &#8211; Aula 6 Matem\u00e1tica &#8211; Aulas 7 e 8 Matem\u00e1tica &#8211; Aula 9<\/p>\n","protected":false},"author":1019,"featured_media":0,"parent":53,"menu_order":0,"comment_status":"closed","ping_status":"closed","template":"","meta":{"footnotes":""},"class_list":["post-157","page","type-page","status-publish","hentry","nodate","item-wrap"],"_links":{"self":[{"href":"https:\/\/wp.ufpel.edu.br\/projetoauxilia\/wp-json\/wp\/v2\/pages\/157","targetHints":{"allow":["GET"]}}],"collection":[{"href":"https:\/\/wp.ufpel.edu.br\/projetoauxilia\/wp-json\/wp\/v2\/pages"}],"about":[{"href":"https:\/\/wp.ufpel.edu.br\/projetoauxilia\/wp-json\/wp\/v2\/types\/page"}],"author":[{"embeddable":true,"href":"https:\/\/wp.ufpel.edu.br\/projetoauxilia\/wp-json\/wp\/v2\/users\/1019"}],"replies":[{"embeddable":true,"href":"https:\/\/wp.ufpel.edu.br\/projetoauxilia\/wp-json\/wp\/v2\/comments?post=157"}],"version-history":[{"count":6,"href":"https:\/\/wp.ufpel.edu.br\/projetoauxilia\/wp-json\/wp\/v2\/pages\/157\/revisions"}],"predecessor-version":[{"id":346,"href":"https:\/\/wp.ufpel.edu.br\/projetoauxilia\/wp-json\/wp\/v2\/pages\/157\/revisions\/346"}],"up":[{"embeddable":true,"href":"https:\/\/wp.ufpel.edu.br\/projetoauxilia\/wp-json\/wp\/v2\/pages\/53"}],"wp:attachment":[{"href":"https:\/\/wp.ufpel.edu.br\/projetoauxilia\/wp-json\/wp\/v2\/media?parent=157"}],"curies":[{"name":"wp","href":"https:\/\/api.w.org\/{rel}","templated":true}]}}