{"id":22,"date":"2021-08-23T10:55:35","date_gmt":"2021-08-23T13:55:35","guid":{"rendered":"https:\/\/wp.ufpel.edu.br\/projeto3a\/?page_id=22"},"modified":"2021-08-23T11:06:49","modified_gmt":"2021-08-23T14:06:49","slug":"contato","status":"publish","type":"page","link":"https:\/\/wp.ufpel.edu.br\/projeto3a\/contato\/","title":{"rendered":"Contato"},"content":{"rendered":"<p>O Projeto &#8220;Aprendendo com o Usu\u00e1rio. Estrat\u00e9gias de transforma\u00e7\u00e3o do espa\u00e7o habitacional&#8221; \u00e9 resultado de uma parceria entre dois laborat\u00f3rios da Faculdade de Arquitetura e Urbanismo da Universidade Federal de Pelotas. Cada um deles pode ser contatado atrav\u00e9s dos seguintes meios:<\/p>\n<p><strong>N\u00facleo de Pesquisas em Arquitetura e Urbanismo (NAUrb)<\/strong><\/p>\n<p><strong>Endere\u00e7o:<\/strong>\u00a0\u00a0Rua Benjamin Constant, 1359.<br \/>\nPelotas \u2013 RS, 96010-020 \u2013 Campus FAUrb, sala 215.<br \/>\n<strong>Telefone:<\/strong>\u00a0\u00a0(53) 3284-5507<br \/>\n<strong>E-mail:\u00a0<\/strong>naurb.ufpel@gmail.com<br \/>\n<strong>Site:<\/strong>\u00a0<a href=\"https:\/\/wp.ufpel.edu.br\/naurb\/\">https:\/\/wp.ufpel.edu.br\/naurb\/<\/a><\/p>\n<p>&nbsp;<\/p>\n<p><strong>Laborat\u00f3rio de Conforto e Efici\u00eancia Energ\u00e9tica (LabCEE)<\/strong><\/p>\n<p><strong>Endere\u00e7o:<\/strong>\u00a0\u00a0Rua Benjamin Constant, 1359.<br \/>\nPelotas \u2013 RS, 96010-020 \u2013 Campus FAUrb, sala 111.<br \/>\n<strong>Telefone:<\/strong>\u00a0\u00a0(53) 3284-5508<br \/>\n<strong>E-mail:\u00a0<\/strong>labcee@hotmail.com<br \/>\n<strong>Site:\u00a0<\/strong><a href=\"https:\/\/wp.ufpel.edu.br\/labcee\/\">https:\/\/wp.ufpel.edu.br\/labcee\/<\/a><\/p>\n","protected":false},"excerpt":{"rendered":"<p>O Projeto &#8220;Aprendendo com o Usu\u00e1rio. Estrat\u00e9gias de transforma\u00e7\u00e3o do espa\u00e7o habitacional&#8221; \u00e9 resultado de uma parceria entre dois laborat\u00f3rios da Faculdade de Arquitetura e Urbanismo da Universidade Federal de Pelotas. Cada um deles pode ser contatado atrav\u00e9s dos seguintes meios: N\u00facleo de Pesquisas em Arquitetura e Urbanismo (NAUrb) Endere\u00e7o:\u00a0\u00a0Rua Benjamin Constant, 1359. Pelotas \u2013 [&hellip;]<\/p>\n","protected":false},"author":553,"featured_media":0,"parent":0,"menu_order":0,"comment_status":"closed","ping_status":"closed","template":"","meta":{"footnotes":""},"class_list":["post-22","page","type-page","status-publish","hentry"],"_links":{"self":[{"href":"https:\/\/wp.ufpel.edu.br\/projeto3a\/wp-json\/wp\/v2\/pages\/22","targetHints":{"allow":["GET"]}}],"collection":[{"href":"https:\/\/wp.ufpel.edu.br\/projeto3a\/wp-json\/wp\/v2\/pages"}],"about":[{"href":"https:\/\/wp.ufpel.edu.br\/projeto3a\/wp-json\/wp\/v2\/types\/page"}],"author":[{"embeddable":true,"href":"https:\/\/wp.ufpel.edu.br\/projeto3a\/wp-json\/wp\/v2\/users\/553"}],"replies":[{"embeddable":true,"href":"https:\/\/wp.ufpel.edu.br\/projeto3a\/wp-json\/wp\/v2\/comments?post=22"}],"version-history":[{"count":3,"href":"https:\/\/wp.ufpel.edu.br\/projeto3a\/wp-json\/wp\/v2\/pages\/22\/revisions"}],"predecessor-version":[{"id":38,"href":"https:\/\/wp.ufpel.edu.br\/projeto3a\/wp-json\/wp\/v2\/pages\/22\/revisions\/38"}],"wp:attachment":[{"href":"https:\/\/wp.ufpel.edu.br\/projeto3a\/wp-json\/wp\/v2\/media?parent=22"}],"curies":[{"name":"wp","href":"https:\/\/api.w.org\/{rel}","templated":true}]}}