{"id":21,"date":"2021-08-23T10:55:34","date_gmt":"2021-08-23T13:55:34","guid":{"rendered":"https:\/\/wp.ufpel.edu.br\/projeto3a\/?page_id=21"},"modified":"2021-08-23T16:37:31","modified_gmt":"2021-08-23T19:37:31","slug":"equipe","status":"publish","type":"page","link":"https:\/\/wp.ufpel.edu.br\/projeto3a\/equipe\/","title":{"rendered":"Equipe"},"content":{"rendered":"<p><span style=\"font-weight: 400\">Nirce Saffer Medvedovski &#8211; Professora da Universidade Federal de Pelotas e Coordenadora do NAUrb<\/span><\/p>\n<p><span style=\"font-weight: 400\">Rafaela Bortolini &#8211; Professora da Universidade Federal de Pelotas<\/span><\/p>\n<p><span style=\"font-weight: 400\">Ricardo Luis Sampaio Pintado &#8211; Professor da Universidade Federal de Pelotas<\/span><\/p>\n<p><span style=\"font-weight: 400\">Eduardo Grala da Cunha &#8211; Professor da Universidade Federal de Pelotas<\/span><\/p>\n<p><span style=\"font-weight: 400\">Sara Parlato &#8211; Arquiteta da Associa\u00e7\u00e3o Italiana AK0<\/span><\/p>\n<p><span style=\"font-weight: 400\">Stefan Pollak &#8211; Arquiteto da\u00a0 Associa\u00e7\u00e3o Italiana AK0<\/span><\/p>\n<p><span style=\"font-weight: 400\">Lu\u00edsa de Azevedo dos Santos &#8211; Arquiteta e Respons\u00e1vel T\u00e9cnica<\/span><\/p>\n<p><span style=\"font-weight: 400\">Cassius Baumgarten &#8211; Arquiteto e Urbanista<\/span><\/p>\n<p><span style=\"font-weight: 400\">Gustavo Benedetti &#8211; Bolsista do Projeto<\/span><\/p>\n<p><span style=\"font-weight: 400\">Luana Helena Loureiro Alves dos Santos &#8211; Bolsista de Extens\u00e3o do NAUrb<\/span><\/p>\n<p><span style=\"font-weight: 400\">Carolina Mesquita Vieira &#8211; Graduanda em Arquitetura e Urbanismo<\/span><\/p>\n<p><span style=\"font-weight: 400\">Raul Zanetti Dittgen &#8211; Graduando em Arquitetura e Urbanismo<\/span><\/p>\n<p><span style=\"font-weight: 400\">Rodrigo Karini Leitzke &#8211; Mestrando PROGRAU<\/span><\/p>\n<p><span style=\"font-weight: 400\">Andressa Noviski &#8211; Mestranda do PROGRAU<\/span><\/p>\n<p><span style=\"font-weight: 400\">Marcelo Rodrigues &#8211; Marceneiro contratado pela Associa\u00e7\u00e3o Italiana AK0<\/span><\/p>\n<p><span style=\"font-weight: 400\">Rog\u00e9rio &#8211; Videomaker<\/span><\/p>\n<p><span style=\"font-weight: 400\">Lenon Westphal &#8211; Engenheiro respons\u00e1vel pelo Projeto Estrutural<\/span><\/p>\n","protected":false},"excerpt":{"rendered":"<p>Nirce Saffer Medvedovski &#8211; Professora da Universidade Federal de Pelotas e Coordenadora do NAUrb Rafaela Bortolini &#8211; Professora da Universidade Federal de Pelotas Ricardo Luis Sampaio Pintado &#8211; Professor da Universidade Federal de Pelotas Eduardo Grala da Cunha &#8211; Professor da Universidade Federal de Pelotas Sara Parlato &#8211; Arquiteta da Associa\u00e7\u00e3o Italiana AK0 Stefan Pollak [&hellip;]<\/p>\n","protected":false},"author":553,"featured_media":0,"parent":0,"menu_order":0,"comment_status":"closed","ping_status":"closed","template":"","meta":{"footnotes":""},"class_list":["post-21","page","type-page","status-publish","hentry"],"_links":{"self":[{"href":"https:\/\/wp.ufpel.edu.br\/projeto3a\/wp-json\/wp\/v2\/pages\/21","targetHints":{"allow":["GET"]}}],"collection":[{"href":"https:\/\/wp.ufpel.edu.br\/projeto3a\/wp-json\/wp\/v2\/pages"}],"about":[{"href":"https:\/\/wp.ufpel.edu.br\/projeto3a\/wp-json\/wp\/v2\/types\/page"}],"author":[{"embeddable":true,"href":"https:\/\/wp.ufpel.edu.br\/projeto3a\/wp-json\/wp\/v2\/users\/553"}],"replies":[{"embeddable":true,"href":"https:\/\/wp.ufpel.edu.br\/projeto3a\/wp-json\/wp\/v2\/comments?post=21"}],"version-history":[{"count":4,"href":"https:\/\/wp.ufpel.edu.br\/projeto3a\/wp-json\/wp\/v2\/pages\/21\/revisions"}],"predecessor-version":[{"id":64,"href":"https:\/\/wp.ufpel.edu.br\/projeto3a\/wp-json\/wp\/v2\/pages\/21\/revisions\/64"}],"wp:attachment":[{"href":"https:\/\/wp.ufpel.edu.br\/projeto3a\/wp-json\/wp\/v2\/media?parent=21"}],"curies":[{"name":"wp","href":"https:\/\/api.w.org\/{rel}","templated":true}]}}