{"id":2,"date":"2021-08-19T16:31:08","date_gmt":"2021-08-19T19:31:08","guid":{"rendered":"https:\/\/wp.ufpel.edu.br\/projeto3a\/?page_id=2"},"modified":"2021-08-23T17:06:11","modified_gmt":"2021-08-23T20:06:11","slug":"pagina-exemplo","status":"publish","type":"page","link":"https:\/\/wp.ufpel.edu.br\/projeto3a\/pagina-exemplo\/","title":{"rendered":"Sobre o Projeto:"},"content":{"rendered":"\r\n<p><a href=\"https:\/\/wp.ufpel.edu.br\/projeto3a\/cropped-imagem_2021-08-23_170413-png\/\"><img loading=\"lazy\" decoding=\"async\" class=\"size-medium wp-image-76 aligncenter\" src=\"https:\/\/wp.ufpel.edu.br\/projeto3a\/files\/2021\/08\/cropped-imagem_2021-08-23_170413-400x159.png\" alt=\"\" width=\"400\" height=\"159\" srcset=\"https:\/\/wp.ufpel.edu.br\/projeto3a\/files\/2021\/08\/cropped-imagem_2021-08-23_170413-400x159.png 400w, https:\/\/wp.ufpel.edu.br\/projeto3a\/files\/2021\/08\/cropped-imagem_2021-08-23_170413-768x305.png 768w, https:\/\/wp.ufpel.edu.br\/projeto3a\/files\/2021\/08\/cropped-imagem_2021-08-23_170413.png 778w\" sizes=\"auto, (max-width: 400px) 100vw, 400px\" \/><\/a><\/p>\r\n<p style=\"text-align: justify\"><strong>Aprendendo com o usu\u00e1rio &#8211; FASE 1 (2017-2019):<\/strong><\/p>\r\n<p style=\"text-align: justify\">O espa\u00e7o habitacional \u00e9 um dos pilares necess\u00e1rios para a promo\u00e7\u00e3o do bem-estar e da qualidade de vida. Em alguns casos, a Habita\u00e7\u00e3o de Interesse Social, a Casa M\u00ednima e a Casa Padr\u00e3o, s\u00e3o materializadas objetivando condi\u00e7\u00f5es m\u00ednimas de habitabilidade, sem considerar as diferentes necessidades e mudan\u00e7as de cada fam\u00edlia ao longo do ciclo de vida.<\/p>\r\n<p style=\"text-align: justify\">Posto isto, observa-se um fen\u00f4meno recorrente de modifica\u00e7\u00e3o e personaliza\u00e7\u00e3o das unidades habitacionais originais a partir de iniciativas espont\u00e2neas de autoconstru\u00e7\u00e3o, sem aux\u00edlio de um profissional especializado. Torna-se necess\u00e1rio, ent\u00e3o, encontrar solu\u00e7\u00f5es habitacionais flex\u00edveis que respeitem as diferentes necessidades e mudan\u00e7as de cada fam\u00edlia ao longo da sua vida, para garantir uma maior satisfa\u00e7\u00e3o com o espa\u00e7o dom\u00e9stico e um espa\u00e7o f\u00edsico adequado para o desempenho para as atividades cotidianas.<\/p>\r\n<p style=\"text-align: justify\">O presente Projeto de Extens\u00e3o prop\u00f5e uma aproxima\u00e7\u00e3o com o universo dom\u00e9stico em comunidades populares do munic\u00edpio de Pelotas, aproximando futuros arquitetos-urbanistas e profissionais de \u00e1reas afins da realidade socioespacial dos moradores em \u00e1reas de interesse social. A partir da sele\u00e7\u00e3o pr\u00e9via de uma comunidade de Pelotas\/RS, o projeto pretende, sob uma perspectiva participativa, avaliar a qualidade da inser\u00e7\u00e3o urbana da localidade, conhecer a realidade socioecon\u00f4mica e o perfil familiar dos moradores, compreender o processo de evolu\u00e7\u00e3o das transforma\u00e7\u00f5es executadas espontaneamente pelos moradores em projetos padronizados, em distintas etapas do ciclo de vida, identificando instrumentos de personaliza\u00e7\u00e3o e flexibilidade espacial que possam ser adaptados aos novos projetos em realidade semelhante.<\/p>\r\n<p style=\"text-align: justify\">A metodologia do trabalho compreende uma imers\u00e3o no espa\u00e7o dom\u00e9stico das fam\u00edlias, com etapas distintas: caracteriza\u00e7\u00e3o do perfil familiar; coleta de depoimentos e narrativas conectadas \u00e0s transforma\u00e7\u00f5es efetuadas na habita\u00e7\u00e3o; levantamento planialtim\u00e9trico e registro fotogr\u00e1fico das unidades habitacionais; identifica\u00e7\u00e3o de meios t\u00e9cnicos e dispositivos de transforma\u00e7\u00e3o empregados; desenvolvimento de repert\u00f3rio gr\u00e1fico de registro das transforma\u00e7\u00f5es e, por fim, a cria\u00e7\u00e3o de uma cartilha com diretrizes projetuais que considere a flexibilidade continua da habita\u00e7\u00e3o e a personaliza\u00e7\u00e3o, instrumentos que poder\u00e3o servir para futuras interven\u00e7\u00f5es, subsidiadas por profissionais qualificados. O trabalho considera a perspectiva do morador como essencial para a formula\u00e7\u00e3o de concep\u00e7\u00f5es futuras, \u00e0 luz de demandas contempor\u00e2neas e prefer\u00eancias da sociedade em constante transforma\u00e7\u00e3o.<\/p>\r\n<p style=\"text-align: justify\"><strong>Aprendendo com o usu\u00e1rio &#8211; FASE 2 (2020 &#8211; em andamento):<\/strong><\/p>\r\n<p style=\"text-align: justify\">Nos assentamentos preca\u0301rios a autoconstruc\u0327a\u0303o te\u0302m sido a u\u0301nica soluc\u0327a\u0303o em larga escala para fornecer moradia para pessoas de baixa renda. Para ter uma casa, sem poder acessar o mercado imobilia\u0301rio, o morador a constro\u0301i, muitas vezes junto com os outros habitantes, mas sem a ajuda de pessoal especializado, dedicando seu tempo livre a\u0300 sua realizac\u0327a\u0303o. As casas resultam preca\u0301rias e criadas com materiais e componentes de baixa qualidade. Muitas vezes o edifi\u0301cio ocupa todo o lote causando um crescimento compacto, em que as casas sa\u0303o pro\u0301ximas umas das outras, sem qualquer espac\u0327o de ventilac\u0327a\u0303o e iluminac\u0327a\u0303o entre elas. As condic\u0327o\u0303es clima\u0301ticas dentro das casas geralmente pioram, tambe\u0301m devido a uma distribuic\u0327a\u0303o espacial na\u0303o planejada. A falta de aberturas suficientes na\u0303o apenas causa falta de ventilac\u0327a\u0303o interna, como tambe\u0301m agrava a relac\u0327a\u0303o das casas com o espac\u0327o externo, que muitas vezes e\u0301 percebido como um lugar hostil e inseguro.<\/p>\r\n<p style=\"text-align: justify\"><br \/>O presente Projeto de Extensa\u0303o e\u0301 relativo a a\u0301rea do loteamento Anglo, no bairro da Balsa, localizada na regia\u0303o Leste da cidade de Pelotas\/RS, Zona Bioclima\u0301tica 2, Sul do Brasil. O projeto avalia a qualidade te\u0301rmico-energe\u0301tica das unidades habitacionais do loteamento, a maioria delas sendo habitac\u0327o\u0303es de interesse social promovidas pelo Programa PAC, atrave\u0301s da coleta de dados de campo, e propo\u0303e soluc\u0327o\u0303es para mitigar os problemas detectados. A proposta e\u0301 usar a estrate\u0301gia de adic\u0327a\u0303o &#8211; uma intervenc\u0327a\u0303o que preve\u0302 o enxerto de volumes em arquiteturas ja\u0301 existentes \u2013 como uma ferramenta para transformar as casas: elementos auto construi\u0301dos podem ser adicionados a\u0300s habitac\u0327o\u0303es que podem melhorar o microclima, o espac\u0327o e a percepc\u0327a\u0303o este\u0301tica.<\/p>\r\n<p>&nbsp;<\/p>\r\n<p>&nbsp;<\/p>\r\n","protected":false},"excerpt":{"rendered":"<p>Aprendendo com o usu\u00e1rio &#8211; FASE 1 (2017-2019): O espa\u00e7o habitacional \u00e9 um dos pilares necess\u00e1rios para a promo\u00e7\u00e3o do bem-estar e da qualidade de vida. Em alguns casos, a Habita\u00e7\u00e3o de Interesse Social, a Casa M\u00ednima e a Casa Padr\u00e3o, s\u00e3o materializadas objetivando condi\u00e7\u00f5es m\u00ednimas de habitabilidade, sem considerar as diferentes necessidades e mudan\u00e7as [&hellip;]<\/p>\n","protected":false},"author":553,"featured_media":76,"parent":0,"menu_order":0,"comment_status":"closed","ping_status":"closed","template":"","meta":{"footnotes":""},"class_list":["post-2","page","type-page","status-publish","has-post-thumbnail","hentry"],"_links":{"self":[{"href":"https:\/\/wp.ufpel.edu.br\/projeto3a\/wp-json\/wp\/v2\/pages\/2","targetHints":{"allow":["GET"]}}],"collection":[{"href":"https:\/\/wp.ufpel.edu.br\/projeto3a\/wp-json\/wp\/v2\/pages"}],"about":[{"href":"https:\/\/wp.ufpel.edu.br\/projeto3a\/wp-json\/wp\/v2\/types\/page"}],"author":[{"embeddable":true,"href":"https:\/\/wp.ufpel.edu.br\/projeto3a\/wp-json\/wp\/v2\/users\/553"}],"replies":[{"embeddable":true,"href":"https:\/\/wp.ufpel.edu.br\/projeto3a\/wp-json\/wp\/v2\/comments?post=2"}],"version-history":[{"count":8,"href":"https:\/\/wp.ufpel.edu.br\/projeto3a\/wp-json\/wp\/v2\/pages\/2\/revisions"}],"predecessor-version":[{"id":79,"href":"https:\/\/wp.ufpel.edu.br\/projeto3a\/wp-json\/wp\/v2\/pages\/2\/revisions\/79"}],"wp:featuredmedia":[{"embeddable":true,"href":"https:\/\/wp.ufpel.edu.br\/projeto3a\/wp-json\/wp\/v2\/media\/76"}],"wp:attachment":[{"href":"https:\/\/wp.ufpel.edu.br\/projeto3a\/wp-json\/wp\/v2\/media?parent=2"}],"curies":[{"name":"wp","href":"https:\/\/api.w.org\/{rel}","templated":true}]}}