{"id":97,"date":"2023-11-28T11:16:57","date_gmt":"2023-11-28T14:16:57","guid":{"rendered":"https:\/\/wp.ufpel.edu.br\/prograufaurb\/?page_id=97"},"modified":"2026-03-19T09:35:58","modified_gmt":"2026-03-19T12:35:58","slug":"docentes","status":"publish","type":"page","link":"https:\/\/wp.ufpel.edu.br\/prograufaurb\/docentes\/","title":{"rendered":"docentes"},"content":{"rendered":"<p class=\"p1\"><span style=\"font-size: 12pt;\">O <a href=\"https:\/\/wp.ufpel.edu.br\/prograufaurb\/corpo-docente\/\"><span style=\"color: #ff9900;\"><strong>Corpo Docente<\/strong><\/span><\/a> do Programa de P\u00f3s-gradua\u00e7\u00e3o em Arquitetura e Urbanismo \u00e9 constitu\u00eddo por professores permanentes, por professores colaboradores e professores visitantes.<\/span><\/p>\n","protected":false},"excerpt":{"rendered":"<p>O Corpo Docente do Programa de P\u00f3s-gradua\u00e7\u00e3o em Arquitetura e Urbanismo \u00e9 constitu\u00eddo por professores permanentes, por professores colaboradores e professores visitantes.<\/p>\n","protected":false},"author":1345,"featured_media":0,"parent":0,"menu_order":0,"comment_status":"closed","ping_status":"closed","template":"templates\/template-home.php","meta":{"footnotes":""},"class_list":["post-97","page","type-page","status-publish","hentry"],"_links":{"self":[{"href":"https:\/\/wp.ufpel.edu.br\/prograufaurb\/wp-json\/wp\/v2\/pages\/97","targetHints":{"allow":["GET"]}}],"collection":[{"href":"https:\/\/wp.ufpel.edu.br\/prograufaurb\/wp-json\/wp\/v2\/pages"}],"about":[{"href":"https:\/\/wp.ufpel.edu.br\/prograufaurb\/wp-json\/wp\/v2\/types\/page"}],"author":[{"embeddable":true,"href":"https:\/\/wp.ufpel.edu.br\/prograufaurb\/wp-json\/wp\/v2\/users\/1345"}],"replies":[{"embeddable":true,"href":"https:\/\/wp.ufpel.edu.br\/prograufaurb\/wp-json\/wp\/v2\/comments?post=97"}],"version-history":[{"count":4,"href":"https:\/\/wp.ufpel.edu.br\/prograufaurb\/wp-json\/wp\/v2\/pages\/97\/revisions"}],"predecessor-version":[{"id":3387,"href":"https:\/\/wp.ufpel.edu.br\/prograufaurb\/wp-json\/wp\/v2\/pages\/97\/revisions\/3387"}],"wp:attachment":[{"href":"https:\/\/wp.ufpel.edu.br\/prograufaurb\/wp-json\/wp\/v2\/media?parent=97"}],"curies":[{"name":"wp","href":"https:\/\/api.w.org\/{rel}","templated":true}]}}