{"id":912,"date":"2023-12-17T09:52:25","date_gmt":"2023-12-17T12:52:25","guid":{"rendered":"https:\/\/wp.ufpel.edu.br\/prograufaurb\/?page_id=912"},"modified":"2025-05-14T17:00:44","modified_gmt":"2025-05-14T20:00:44","slug":"orientacoes-e-formularios-2","status":"publish","type":"page","link":"https:\/\/wp.ufpel.edu.br\/prograufaurb\/orientacoes-e-formularios-2\/","title":{"rendered":"orienta\u00e7\u00f5es e formul\u00e1rios"},"content":{"rendered":"<p><a href=\"https:\/\/wp.ufpel.edu.br\/prograufaurb\/files\/2025\/03\/Minuta_Resolucao_Ingresso_Permanencia.pdf\" target=\"_blank\" rel=\"noopener\"><span style=\"color: #ff9900;\"><strong><span style=\"font-size: 12pt;\">Resolu\u00e7\u00e3o de Ingresso e Perman\u00eancia no PROGRAU<\/span><\/strong><\/span><\/a><\/p>\n<p><span style=\"color: #ff9900; font-family: arial, helvetica, sans-serif;\"><strong><a style=\"color: #ff9900;\" href=\"https:\/\/wp.ufpel.edu.br\/prograufaurb\/files\/2024\/12\/Carta-de-Avaliacao-do-Orientador.docx\">Carta de Avalia\u00e7\u00e3o do Orientador &#8211; discente bolsista CAPES<\/a><\/strong><\/span><\/p>\n<p><span style=\"color: #ff9900;\"><a style=\"color: #ff9900;\" href=\"https:\/\/wp.ufpel.edu.br\/prograufaurb\/files\/2023\/12\/Passo-a-passo_processo-de-bancas-via-SEI_NOVO.pdf\"><strong>Passo a passo_processo de bancas via SEI_NOVO<\/strong><\/a><\/span><\/p>\n<p><a href=\"https:\/\/wp.ufpel.edu.br\/prograufaurb\/files\/2025\/04\/ATA7qualificacao-3-1.docx\"><span style=\"color: #ff9900;\"><strong>ATA 7 qualifica\u00e7\u00e3o<\/strong><\/span><\/a><\/p>\n<p><a href=\"https:\/\/wp.ufpel.edu.br\/prograufaurb\/files\/2025\/05\/fichadeavaliacaoqualificacao-1.doc\" target=\"_blank\" rel=\"noopener\"><span style=\"color: #ff9900;\"><strong>Ficha de avalia\u00e7\u00e3o qualifica\u00e7\u00e3o<\/strong><\/span><\/a><\/p>\n<p><a href=\"https:\/\/wp.ufpel.edu.br\/prograufaurb\/files\/2024\/11\/check-List-Banca-Defesa-3.docx\" target=\"_blank\" rel=\"noopener\"><span style=\"color: #ff9900;\"><strong>Check List Banca Defesa<\/strong><\/span><\/a><\/p>\n<p><span style=\"color: #ff9900;\"><a style=\"color: #ff9900;\" href=\"https:\/\/wp.ufpel.edu.br\/prograufaurb\/files\/2023\/12\/ata5AcorrecoesDefesa.docx\"><strong>Ata 5A Corre\u00e7\u00f5es Defesa<\/strong><\/a><\/span><\/p>\n<p><a href=\"https:\/\/wp.ufpel.edu.br\/prograufaurb\/files\/2024\/11\/Formulario-marcacao-banca-qualificacao-PROGRAU-2024-1.doc\" target=\"_blank\" rel=\"noopener\"><span style=\"color: #ff9900;\"><strong>Formul\u00e1rio de Marca\u00e7\u00e3o de Banca de Qualifica\u00e7\u00e3o<\/strong><\/span><\/a><\/p>\n<p><a href=\"https:\/\/wp.ufpel.edu.br\/prograufaurb\/files\/2024\/11\/formulario_marcacao_bancas_Defesa-1-6.pdf\" target=\"_blank\" rel=\"noopener\"><span style=\"color: #ff9900;\"><strong>Formul\u00e1rio de Marca\u00e7\u00e3o de Banca de Defesa de Disserta\u00e7\u00e3o<\/strong><\/span><\/a><\/p>\n","protected":false},"excerpt":{"rendered":"<p>Resolu\u00e7\u00e3o de Ingresso e Perman\u00eancia no PROGRAU Carta de Avalia\u00e7\u00e3o do Orientador &#8211; discente bolsista CAPES Passo a passo_processo de bancas via SEI_NOVO ATA 7 qualifica\u00e7\u00e3o Ficha de avalia\u00e7\u00e3o qualifica\u00e7\u00e3o Check List Banca Defesa Ata 5A Corre\u00e7\u00f5es Defesa Formul\u00e1rio de Marca\u00e7\u00e3o de Banca de Qualifica\u00e7\u00e3o Formul\u00e1rio de Marca\u00e7\u00e3o de Banca de Defesa de Disserta\u00e7\u00e3o<\/p>\n","protected":false},"author":1345,"featured_media":0,"parent":0,"menu_order":0,"comment_status":"closed","ping_status":"closed","template":"","meta":{"footnotes":""},"class_list":["post-912","page","type-page","status-publish","hentry"],"_links":{"self":[{"href":"https:\/\/wp.ufpel.edu.br\/prograufaurb\/wp-json\/wp\/v2\/pages\/912","targetHints":{"allow":["GET"]}}],"collection":[{"href":"https:\/\/wp.ufpel.edu.br\/prograufaurb\/wp-json\/wp\/v2\/pages"}],"about":[{"href":"https:\/\/wp.ufpel.edu.br\/prograufaurb\/wp-json\/wp\/v2\/types\/page"}],"author":[{"embeddable":true,"href":"https:\/\/wp.ufpel.edu.br\/prograufaurb\/wp-json\/wp\/v2\/users\/1345"}],"replies":[{"embeddable":true,"href":"https:\/\/wp.ufpel.edu.br\/prograufaurb\/wp-json\/wp\/v2\/comments?post=912"}],"version-history":[{"count":21,"href":"https:\/\/wp.ufpel.edu.br\/prograufaurb\/wp-json\/wp\/v2\/pages\/912\/revisions"}],"predecessor-version":[{"id":2654,"href":"https:\/\/wp.ufpel.edu.br\/prograufaurb\/wp-json\/wp\/v2\/pages\/912\/revisions\/2654"}],"wp:attachment":[{"href":"https:\/\/wp.ufpel.edu.br\/prograufaurb\/wp-json\/wp\/v2\/media?parent=912"}],"curies":[{"name":"wp","href":"https:\/\/api.w.org\/{rel}","templated":true}]}}