{"id":905,"date":"2023-12-17T09:49:12","date_gmt":"2023-12-17T12:49:12","guid":{"rendered":"https:\/\/wp.ufpel.edu.br\/prograufaurb\/?page_id=905"},"modified":"2023-12-18T14:09:16","modified_gmt":"2023-12-18T17:09:16","slug":"2023-3","status":"publish","type":"page","link":"https:\/\/wp.ufpel.edu.br\/prograufaurb\/2023-3\/","title":{"rendered":"2023"},"content":{"rendered":"<p><span style=\"font-size: 12pt; font-family: arial, helvetica, sans-serif;\">Est\u00e3o abertas de <strong><span style=\"color: #ff9900;\">04\/05\/2023 at\u00e9 o dia 12\/06\/2023, 23h50minutos<\/span><\/strong> as inscri\u00e7\u00f5es para ingresso e perman\u00eancia de professores no Programa de P\u00f3s-Gradua\u00e7\u00e3o em Arquitetura e Urbanismo da Universidade Federal de Pelotas ano 2023.<\/span><\/p>\n<p><span style=\"font-size: 12pt; font-family: arial, helvetica, sans-serif;\">O\u00a0Edital, a\u00a0ficha de inscri\u00e7\u00e3o e a\u00a0planilha de pontua\u00e7\u00e3o, como tamb\u00e9m a\u00a0resolu\u00e7\u00e3o que rege o ingresso, credenciamento e descredenciamento de professores do programa, podem ser encontrados nos seguintes links:<\/span><\/p>\n<h2><span style=\"font-size: 12pt; font-family: arial, helvetica, sans-serif; color: #ff9900;\"><strong><a style=\"color: #ff9900;\" href=\"https:\/\/wp.ufpel.edu.br\/prograu\/files\/2023\/05\/SEI_UFPel-2149781-Edital.pdf\" target=\"_blank\" rel=\"noopener\">Edital<\/a><\/strong><\/span><\/h2>\n<h2><span style=\"font-size: 12pt; font-family: arial, helvetica, sans-serif;\"><strong><a href=\"https:\/\/docs.google.com\/document\/d\/1rwC_glEoSk5H54QQ4fF97CijPWKvFd_hfe-_UVZ69w8\/edit?usp=share_link\" target=\"_blank\" rel=\"noopener\">Ficha de inscri\u00e7\u00e3o<\/a><\/strong><\/span><\/h2>\n<h2><span style=\"font-size: 12pt; font-family: arial, helvetica, sans-serif;\"><strong><a href=\"https:\/\/docs.google.com\/spreadsheets\/d\/1zuOEpk64ZC7F1GCBpFhHFSJ8cCEeob4Z\/edit#gid=1559379878\" target=\"_blank\" rel=\"noopener\">Planilha de pontua\u00e7\u00e3o<\/a><\/strong><\/span><\/h2>\n<h2><span style=\"font-size: 12pt; font-family: arial, helvetica, sans-serif;\"><strong><a href=\"https:\/\/wp.ufpel.edu.br\/prograu\/files\/2020\/02\/Minuta_Resoluc%CC%A7a%CC%83o_Ingresso_Permane%CC%82ncia.pdf\">Resolu\u00e7\u00e3o que rege o ingresso, credenciamento e descredenciamento de professores do programa<\/a><\/strong><\/span><\/h2>\n","protected":false},"excerpt":{"rendered":"<p>Est\u00e3o abertas de 04\/05\/2023 at\u00e9 o dia 12\/06\/2023, 23h50minutos as inscri\u00e7\u00f5es para ingresso e perman\u00eancia de professores no Programa de P\u00f3s-Gradua\u00e7\u00e3o em Arquitetura e Urbanismo da Universidade Federal de Pelotas ano 2023. O\u00a0Edital, a\u00a0ficha de inscri\u00e7\u00e3o e a\u00a0planilha de pontua\u00e7\u00e3o, como tamb\u00e9m a\u00a0resolu\u00e7\u00e3o que rege o ingresso, credenciamento e descredenciamento de professores do programa, podem [&hellip;]<\/p>\n","protected":false},"author":1345,"featured_media":0,"parent":0,"menu_order":0,"comment_status":"closed","ping_status":"closed","template":"","meta":{"footnotes":""},"class_list":["post-905","page","type-page","status-publish","hentry"],"_links":{"self":[{"href":"https:\/\/wp.ufpel.edu.br\/prograufaurb\/wp-json\/wp\/v2\/pages\/905","targetHints":{"allow":["GET"]}}],"collection":[{"href":"https:\/\/wp.ufpel.edu.br\/prograufaurb\/wp-json\/wp\/v2\/pages"}],"about":[{"href":"https:\/\/wp.ufpel.edu.br\/prograufaurb\/wp-json\/wp\/v2\/types\/page"}],"author":[{"embeddable":true,"href":"https:\/\/wp.ufpel.edu.br\/prograufaurb\/wp-json\/wp\/v2\/users\/1345"}],"replies":[{"embeddable":true,"href":"https:\/\/wp.ufpel.edu.br\/prograufaurb\/wp-json\/wp\/v2\/comments?post=905"}],"version-history":[{"count":4,"href":"https:\/\/wp.ufpel.edu.br\/prograufaurb\/wp-json\/wp\/v2\/pages\/905\/revisions"}],"predecessor-version":[{"id":1007,"href":"https:\/\/wp.ufpel.edu.br\/prograufaurb\/wp-json\/wp\/v2\/pages\/905\/revisions\/1007"}],"wp:attachment":[{"href":"https:\/\/wp.ufpel.edu.br\/prograufaurb\/wp-json\/wp\/v2\/media?parent=905"}],"curies":[{"name":"wp","href":"https:\/\/api.w.org\/{rel}","templated":true}]}}