{"id":89,"date":"2023-11-28T11:16:35","date_gmt":"2023-11-28T14:16:35","guid":{"rendered":"https:\/\/wp.ufpel.edu.br\/prograufaurb\/?page_id=89"},"modified":"2023-12-19T11:23:19","modified_gmt":"2023-12-19T14:23:19","slug":"prograu","status":"publish","type":"page","link":"https:\/\/wp.ufpel.edu.br\/prograufaurb\/prograu\/","title":{"rendered":"prograu"},"content":{"rendered":"<p><span style=\"font-weight: 400;\">Alinhado aos preceitos da UFPel de promo\u00e7\u00e3o de uma forma\u00e7\u00e3o integral e permanente e com compromisso social, o PROGRAU UFPEL tem como <strong><span style=\"color: #ff9900;\">miss\u00e3o<\/span><\/strong>, qualificar professores, pesquisadores e profissionais, na \u00e1rea de Arquitetura e Urbanismo, investindo em uma forma\u00e7\u00e3o cient\u00edfica, te\u00f3rica, pr\u00e1tica e cr\u00edtica de alto n\u00edvel, que possibilite a interven\u00e7\u00e3o competente e respons\u00e1vel na concep\u00e7\u00e3o e organiza\u00e7\u00e3o do espa\u00e7o das cidades e das aglomera\u00e7\u00f5es urbanas, nas suas diferentes escalas. <span style=\"color: #000000;\">Atrav\u00e9s da investiga\u00e7\u00e3o e produ\u00e7\u00e3o do conhecimento nos temas do patrim\u00f4nio ambiental e cultural, rela\u00e7\u00f5es entre cidade e sociedade e avalia\u00e7\u00e3o de qualidade do ambiente constru\u00eddo, visa assumir o compromisso com a melhoria das condi\u00e7\u00f5es de vida de seus habitantes.<\/span><\/span><\/p>\n<p><span style=\"font-weight: 400;\">Nesse contexto, se pretende potencializar o papel da Universidade Federal de Pelotas e da Faculdade de Arquitetura e Urbanismo como atores sociais capazes de fortalecer sua identidade regional, seus v\u00ednculos com a comunidade e com institui\u00e7\u00f5es p\u00fablicas e privadas da Regi\u00e3o Sul do Rio Grande do Sul e da Am\u00e9rica Latina\/Cone Sul.<\/span><\/p>\n<p><span style=\"font-weight: 400;\">As atividades devem sempre ser guiadas por valores \u00e9ticos elevados e pela consci\u00eancia de seu papel na promo\u00e7\u00e3o do conhecimento pertinente \u00e0 sua \u00e1rea, como instrumento de desenvolvimento do conjunto da sociedade .<\/span><\/p>\n<p><span style=\"font-weight: 400;\">O PROGRAU tem se consolidado atrav\u00e9s de sua atua\u00e7\u00e3o na regi\u00e3o sul do continente, de a\u00e7\u00f5es pioneiras na salvaguarda e conserva\u00e7\u00e3o do patrim\u00f4nio edificado e do meio ambiente, e sua forte tradi\u00e7\u00e3o &#8211; ligada \u00e0 hist\u00f3ria da UFPel, de extens\u00e3o universit\u00e1ria, apresentando, assim, suas seguintes <strong><span style=\"color: #ff9900;\">caracter\u00edsticas diferenciais<\/span><\/strong>:<\/span><\/p>\n<ol>\n<li><span style=\"font-weight: 400;\">Uma efetiva<strong><span style=\"color: #ff9900;\"> inser\u00e7\u00e3o regional<\/span><\/strong>, levada a cabo sob as diferentes abordagens das linhas de pesquisa integradas, num lugar com aspectos clim\u00e1ticos, s\u00f3cio-geogr\u00e1ficos e culturais pr\u00f3prios da localiza\u00e7\u00e3o austral e de regi\u00e3o de fronteira internacional. <\/span><span style=\"font-weight: 400;\">Os investimentos de internacionaliza\u00e7\u00e3o em rela\u00e7\u00e3o aos pa\u00edses latino-americanos foram intensificados nos \u00faltimos anos, constituindo uma voca\u00e7\u00e3o do programa para a coopera\u00e7\u00e3o com os pa\u00edses fronteiri\u00e7os. <\/span><span style=\"font-weight: 400;\">As investiga\u00e7\u00f5es do PROGRAU refletem o compromisso com a regi\u00e3o em seus aspectos de planejamento sustent\u00e1vel, resili\u00eancia e efici\u00eancia energ\u00e9tica, alguns implementados em edifica\u00e7\u00f5es p\u00fablicas da pr\u00f3pria universidade, que foram contempladas, desse modo, com a Etiqueta Nacional de Conserva\u00e7\u00e3o de Energia de edifica\u00e7\u00f5es (ENCE).<\/span><\/li>\n<li>Um <strong><span style=\"color: #ff9900;\">olhar contempor\u00e2neo<\/span><\/strong>, de compreens\u00e3o simult\u00e2nea de passado, presente e futuro, atrav\u00e9s da produ\u00e7\u00e3o sobre o patrim\u00f4nio cultural edificado e seu entorno imediato, o patrim\u00f4nio da paisagem urbana e natural, com o prop\u00f3sito de serem considerados, interpretados, problematizados e apropriados como valores coletivos. \u00c9 importante destacar um significativo investimento do Programa no estudo de meios e de pol\u00edticas p\u00fablicas, de legisla\u00e7\u00f5es relativas \u00e0 prote\u00e7\u00e3o do patrim\u00f4nio cultural e aos processos de educa\u00e7\u00e3o patrimonial. Por outro lado, sua produ\u00e7\u00e3o, com tradi\u00e7\u00e3o na \u00e1rea da hist\u00f3ria da arquitetura, assumiu um incremento importante com a associa\u00e7\u00e3o com a antropologia, atenta a uma importante heran\u00e7a do regime escravocrata da regi\u00e3o, que infelizmente segue reafirmando a l\u00f3gica da discrimina\u00e7\u00e3o racial nas rela\u00e7\u00f5es de poder s\u00f3cio-econ\u00f4mico.<\/li>\n<li>A forte <strong><span style=\"color: #ff9900;\">voca\u00e7\u00e3o extensionista<\/span> <\/strong>do PROGRAU, refletida na grande parte das a\u00e7\u00f5es e atividades do Programa, consolidadas atrav\u00e9s da pesquisa e pr\u00e1tica dos processos de planejamento participativos, das assessorias aos munic\u00edpios de pequeno porte, da assist\u00eancia t\u00e9cnica em comunidades com fragilidades s\u00f3cio-ambientais, e da inser\u00e7\u00e3o das novas tecnologias de informa\u00e7\u00e3o e comunica\u00e7\u00e3o.<\/li>\n<\/ol>\n<p><span style=\"font-weight: 400;\">A miss\u00e3o do PROGRAU tamb\u00e9m est\u00e1 embasada no PDI da UFPel no que diz respeito \u00e0 pr\u00e1tica bastante consolidada no programa de aproxima\u00e7\u00e3o entre o ensino de gradua\u00e7\u00e3o e p\u00f3s-gradua\u00e7\u00e3o e de di\u00e1logo entre pesquisa, ensino e extens\u00e3o, contribuindo para qualificar a forma\u00e7\u00e3o do profissional da Arquitetura e Urbanismo.<\/span><\/p>\n","protected":false},"excerpt":{"rendered":"<p>Alinhado aos preceitos da UFPel de promo\u00e7\u00e3o de uma forma\u00e7\u00e3o integral e permanente e com compromisso social, o PROGRAU UFPEL tem como miss\u00e3o, qualificar professores, pesquisadores e profissionais, na \u00e1rea de Arquitetura e Urbanismo, investindo em uma forma\u00e7\u00e3o cient\u00edfica, te\u00f3rica, pr\u00e1tica e cr\u00edtica de alto n\u00edvel, que possibilite a interven\u00e7\u00e3o competente e respons\u00e1vel na concep\u00e7\u00e3o [&hellip;]<\/p>\n","protected":false},"author":1345,"featured_media":584,"parent":0,"menu_order":0,"comment_status":"closed","ping_status":"closed","template":"templates\/template-home.php","meta":{"footnotes":""},"class_list":["post-89","page","type-page","status-publish","has-post-thumbnail","hentry"],"_links":{"self":[{"href":"https:\/\/wp.ufpel.edu.br\/prograufaurb\/wp-json\/wp\/v2\/pages\/89","targetHints":{"allow":["GET"]}}],"collection":[{"href":"https:\/\/wp.ufpel.edu.br\/prograufaurb\/wp-json\/wp\/v2\/pages"}],"about":[{"href":"https:\/\/wp.ufpel.edu.br\/prograufaurb\/wp-json\/wp\/v2\/types\/page"}],"author":[{"embeddable":true,"href":"https:\/\/wp.ufpel.edu.br\/prograufaurb\/wp-json\/wp\/v2\/users\/1345"}],"replies":[{"embeddable":true,"href":"https:\/\/wp.ufpel.edu.br\/prograufaurb\/wp-json\/wp\/v2\/comments?post=89"}],"version-history":[{"count":6,"href":"https:\/\/wp.ufpel.edu.br\/prograufaurb\/wp-json\/wp\/v2\/pages\/89\/revisions"}],"predecessor-version":[{"id":1093,"href":"https:\/\/wp.ufpel.edu.br\/prograufaurb\/wp-json\/wp\/v2\/pages\/89\/revisions\/1093"}],"wp:featuredmedia":[{"embeddable":true,"href":"https:\/\/wp.ufpel.edu.br\/prograufaurb\/wp-json\/wp\/v2\/media\/584"}],"wp:attachment":[{"href":"https:\/\/wp.ufpel.edu.br\/prograufaurb\/wp-json\/wp\/v2\/media?parent=89"}],"curies":[{"name":"wp","href":"https:\/\/api.w.org\/{rel}","templated":true}]}}