{"id":499,"date":"2023-12-10T09:16:23","date_gmt":"2023-12-10T12:16:23","guid":{"rendered":"https:\/\/wp.ufpel.edu.br\/prograufaurb\/?page_id=499"},"modified":"2026-03-03T14:13:25","modified_gmt":"2026-03-03T17:13:25","slug":"pos-doutorands","status":"publish","type":"page","link":"https:\/\/wp.ufpel.edu.br\/prograufaurb\/pos-doutorands\/","title":{"rendered":"p\u00f3s-doutorand@s"},"content":{"rendered":"<p><img loading=\"lazy\" decoding=\"async\" class=\"alignnone wp-image-2708\" src=\"https:\/\/wp.ufpel.edu.br\/prograufaurb\/files\/2025\/06\/Design-sem-nome-1-400x400.jpg\" alt=\"\" width=\"182\" height=\"182\" srcset=\"https:\/\/wp.ufpel.edu.br\/prograufaurb\/files\/2025\/06\/Design-sem-nome-1-400x400.jpg 400w, https:\/\/wp.ufpel.edu.br\/prograufaurb\/files\/2025\/06\/Design-sem-nome-1-1024x1024.jpg 1024w, https:\/\/wp.ufpel.edu.br\/prograufaurb\/files\/2025\/06\/Design-sem-nome-1-200x200.jpg 200w, https:\/\/wp.ufpel.edu.br\/prograufaurb\/files\/2025\/06\/Design-sem-nome-1-768x768.jpg 768w, https:\/\/wp.ufpel.edu.br\/prograufaurb\/files\/2025\/06\/Design-sem-nome-1-600x600.jpg 600w, https:\/\/wp.ufpel.edu.br\/prograufaurb\/files\/2025\/06\/Design-sem-nome-1-150x150.jpg 150w, https:\/\/wp.ufpel.edu.br\/prograufaurb\/files\/2025\/06\/Design-sem-nome-1.jpg 1080w\" sizes=\"auto, (max-width: 182px) 100vw, 182px\" \/><\/p>\n<p><span style=\"font-family: arial, helvetica, sans-serif; color: #ff9900; font-size: 12pt;\"><strong>DARLAN DE MAMANN MARCHI<\/strong><\/span><\/p>\n<p><strong><span style=\"font-family: arial, helvetica, sans-serif;\">Per\u00edodo: (01\/03\/2025 \u00e0 28\/02\/2027)<\/span><\/strong><br \/>\n<span style=\"font-family: arial, helvetica, sans-serif;\">Licenciado em Hist\u00f3ria, doutor em Mem\u00f3ria Social e Patrim\u00f4nio Cultural<\/span><br \/>\n<span style=\"font-family: arial, helvetica, sans-serif;\">E-mail: darlanmarchi@gmail.com<\/span><br \/>\n<span style=\"font-family: arial, helvetica, sans-serif;\">Lattes: http:\/\/lattes.cnpq.br\/8197594647849111 <\/span><br \/>\n<span style=\"font-family: arial, helvetica, sans-serif;\">Projeto de Pesquisa: Patrim\u00f4nio cultural, poder e usos do passado: uma abordagem cr\u00edtica das pol\u00edticas de preserva\u00e7\u00e3o em S\u00e3o Miguel das Miss\u00f5es-RS.<\/span><\/p>\n<p>&nbsp;<\/p>\n<p><img loading=\"lazy\" decoding=\"async\" class=\"alignnone wp-image-2174\" src=\"https:\/\/wp.ufpel.edu.br\/prograufaurb\/files\/2024\/12\/Design-sem-nome-1-400x400.jpg\" alt=\"\" width=\"190\" height=\"190\" srcset=\"https:\/\/wp.ufpel.edu.br\/prograufaurb\/files\/2024\/12\/Design-sem-nome-1-400x400.jpg 400w, https:\/\/wp.ufpel.edu.br\/prograufaurb\/files\/2024\/12\/Design-sem-nome-1-1024x1024.jpg 1024w, https:\/\/wp.ufpel.edu.br\/prograufaurb\/files\/2024\/12\/Design-sem-nome-1-200x200.jpg 200w, https:\/\/wp.ufpel.edu.br\/prograufaurb\/files\/2024\/12\/Design-sem-nome-1-768x768.jpg 768w, https:\/\/wp.ufpel.edu.br\/prograufaurb\/files\/2024\/12\/Design-sem-nome-1-600x600.jpg 600w, https:\/\/wp.ufpel.edu.br\/prograufaurb\/files\/2024\/12\/Design-sem-nome-1-150x150.jpg 150w, https:\/\/wp.ufpel.edu.br\/prograufaurb\/files\/2024\/12\/Design-sem-nome-1.jpg 1080w\" sizes=\"auto, (max-width: 190px) 100vw, 190px\" \/><\/p>\n<p><span style=\"font-family: arial, helvetica, sans-serif; font-size: 12pt; color: #ff9900;\"><strong>LUANA PAVAN DETONI<\/strong><\/span><\/p>\n<p><strong><span style=\"font-family: arial, helvetica, sans-serif;\">Per\u00edodo: (01\/12\/2024 a 30\/11\/2026)<\/span><\/strong><br \/>\n<span style=\"font-family: arial, helvetica, sans-serif;\">Arquiteta e urbanista<\/span><br \/>\n<span style=\"font-family: arial, helvetica, sans-serif;\">E-mail: luanadetoni@gmail.com<\/span><br \/>\n<span style=\"font-family: arial, helvetica, sans-serif;\">Lattes: \u00a0http:\/\/lattes.cnpq.br\/1703526475128461<\/span><br \/>\n<span style=\"font-family: arial, helvetica, sans-serif;\">Projeto de Pesquisa: Simulacros poss\u00edveis entre os territ\u00f3rios \u00e0 margem: pequenas cidades\/localidades e periferias urbanas nas regi\u00f5es de Marab\u00e1\/BR, Pelotas\/BR e Comodoro Rivadavia\/AR.<\/span><\/p>\n<p>&nbsp;<\/p>\n<p><img loading=\"lazy\" decoding=\"async\" class=\"alignnone wp-image-2099\" src=\"https:\/\/wp.ufpel.edu.br\/prograufaurb\/files\/2024\/12\/Nino-400x400.jpg\" alt=\"\" width=\"170\" height=\"170\" srcset=\"https:\/\/wp.ufpel.edu.br\/prograufaurb\/files\/2024\/12\/Nino-400x400.jpg 400w, https:\/\/wp.ufpel.edu.br\/prograufaurb\/files\/2024\/12\/Nino-1024x1024.jpg 1024w, https:\/\/wp.ufpel.edu.br\/prograufaurb\/files\/2024\/12\/Nino-200x200.jpg 200w, https:\/\/wp.ufpel.edu.br\/prograufaurb\/files\/2024\/12\/Nino-768x768.jpg 768w, https:\/\/wp.ufpel.edu.br\/prograufaurb\/files\/2024\/12\/Nino-600x600.jpg 600w, https:\/\/wp.ufpel.edu.br\/prograufaurb\/files\/2024\/12\/Nino-150x150.jpg 150w, https:\/\/wp.ufpel.edu.br\/prograufaurb\/files\/2024\/12\/Nino.jpg 1080w\" sizes=\"auto, (max-width: 170px) 100vw, 170px\" \/><\/p>\n<p><span style=\"font-family: arial, helvetica, sans-serif; font-size: 12pt;\"><strong><span style=\"color: #ff9900;\">NINO RAFAEL MEDEIROS KRUGER<\/span><\/strong><\/span><\/p>\n<p><strong><span style=\"font-family: arial, helvetica, sans-serif;\">Per\u00edodo: (01\/03\/2024 a 28\/02\/2026)<\/span><\/strong><br \/>\n<span style=\"font-family: arial, helvetica, sans-serif;\">Graduado em Servi\u00e7o Social<\/span><br \/>\n<span style=\"font-family: arial, helvetica, sans-serif;\">E-mail: contatorafaelkruger@gmail.com<\/span><br \/>\n<span style=\"font-family: arial, helvetica, sans-serif;\">Lattes: \u00a0http:\/\/lattes.cnpq.br\/7589656126773352<\/span><br \/>\n<span style=\"font-family: arial, helvetica, sans-serif;\">Projeto de Pesquisa: Cidades de me\u0301dio porte do extremo do sul do Brasil e em zona de fronteira: qualificac\u0327a\u0303o e proposic\u0327a\u0303o de espac\u0327os pu\u0301blicos sensi\u0301veis a\u0300s relac\u0327o\u0303es intergeracionais, inclusivas e sustenta\u0301veis.<\/span><\/p>\n<p>&nbsp;<\/p>\n<p><img loading=\"lazy\" decoding=\"async\" class=\"alignnone wp-image-2181\" src=\"https:\/\/wp.ufpel.edu.br\/prograufaurb\/files\/2024\/12\/Design-sem-nome-2-400x400.jpg\" alt=\"\" width=\"172\" height=\"172\" srcset=\"https:\/\/wp.ufpel.edu.br\/prograufaurb\/files\/2024\/12\/Design-sem-nome-2-400x400.jpg 400w, https:\/\/wp.ufpel.edu.br\/prograufaurb\/files\/2024\/12\/Design-sem-nome-2-1024x1024.jpg 1024w, https:\/\/wp.ufpel.edu.br\/prograufaurb\/files\/2024\/12\/Design-sem-nome-2-200x200.jpg 200w, https:\/\/wp.ufpel.edu.br\/prograufaurb\/files\/2024\/12\/Design-sem-nome-2-768x768.jpg 768w, https:\/\/wp.ufpel.edu.br\/prograufaurb\/files\/2024\/12\/Design-sem-nome-2-600x600.jpg 600w, https:\/\/wp.ufpel.edu.br\/prograufaurb\/files\/2024\/12\/Design-sem-nome-2-150x150.jpg 150w, https:\/\/wp.ufpel.edu.br\/prograufaurb\/files\/2024\/12\/Design-sem-nome-2.jpg 1080w\" sizes=\"auto, (max-width: 172px) 100vw, 172px\" \/><\/p>\n<p style=\"font-weight: 400;\"><span style=\"font-family: arial, helvetica, sans-serif; font-size: 12pt; color: #ff9900;\"><b>TUIZE SILVA ROVERE<\/b> <\/span><\/p>\n<p><strong><span style=\"font-family: arial, helvetica, sans-serif;\">Per\u00edodo: (20\/12\/2024 a 19\/12\/2025)<\/span><\/strong><br \/>\n<span style=\"font-family: arial, helvetica, sans-serif;\">Arquiteta e urbanista<\/span><br \/>\n<span style=\"font-family: arial, helvetica, sans-serif;\">E-mail: tuize.rovere@gmail.com<\/span><br \/>\n<span style=\"font-family: arial, helvetica, sans-serif;\">Lattes: http:\/\/lattes.cnpq.br\/6925144527047116<\/span><br \/>\n<span style=\"font-family: arial, helvetica, sans-serif;\">Projeto de Pesquisa: A cidade atrav\u00e9s do corpo: olhares feminists e decoloniais sobre a caminhografia nas margens.<\/span><\/p>\n<p>&nbsp;<\/p>\n<p><img loading=\"lazy\" decoding=\"async\" class=\"alignnone wp-image-2098\" src=\"https:\/\/wp.ufpel.edu.br\/prograufaurb\/files\/2024\/12\/Fernanda-400x400.jpg\" alt=\"\" width=\"170\" height=\"170\" srcset=\"https:\/\/wp.ufpel.edu.br\/prograufaurb\/files\/2024\/12\/Fernanda-400x400.jpg 400w, https:\/\/wp.ufpel.edu.br\/prograufaurb\/files\/2024\/12\/Fernanda-1024x1024.jpg 1024w, https:\/\/wp.ufpel.edu.br\/prograufaurb\/files\/2024\/12\/Fernanda-200x200.jpg 200w, https:\/\/wp.ufpel.edu.br\/prograufaurb\/files\/2024\/12\/Fernanda-768x768.jpg 768w, https:\/\/wp.ufpel.edu.br\/prograufaurb\/files\/2024\/12\/Fernanda-600x600.jpg 600w, https:\/\/wp.ufpel.edu.br\/prograufaurb\/files\/2024\/12\/Fernanda-150x150.jpg 150w, https:\/\/wp.ufpel.edu.br\/prograufaurb\/files\/2024\/12\/Fernanda.jpg 1080w\" sizes=\"auto, (max-width: 170px) 100vw, 170px\" \/><\/p>\n<p><span style=\"color: #ff9900; font-family: arial, helvetica, sans-serif; font-size: 12pt;\"><strong>FERNANDA JAHN VERRI<\/strong><\/span><\/p>\n<p><strong><span style=\"font-family: arial, helvetica, sans-serif;\">Per\u00edodo: (01\/03\/2023 a 30\/06\/2025)<\/span><\/strong><br \/>\n<span style=\"font-family: arial, helvetica, sans-serif;\">Arquiteta e Urbanista<\/span><br \/>\n<span style=\"font-family: arial, helvetica, sans-serif;\">E-mail: fernanda.jverri@gmail.com<\/span><br \/>\n<span style=\"font-family: arial, helvetica, sans-serif;\">Lattes: http:\/\/lattes.cnpq.br\/6494330260679720<\/span><br \/>\n<span style=\"font-family: arial, helvetica, sans-serif;\">Projeto de Pesquisa: Cidades de me\u0301dio porte do extremo do sul do Brasil e em zona de fronteira: qualificac\u0327a\u0303o e proposic\u0327a\u0303o de espac\u0327os pu\u0301blicos sensi\u0301veis a\u0300s relac\u0327o\u0303es intergeracionais, inclusivas e sustenta\u0301veis.<\/span><\/p>\n<p>&nbsp;<\/p>\n<p><img loading=\"lazy\" decoding=\"async\" class=\"alignnone wp-image-2100\" src=\"https:\/\/wp.ufpel.edu.br\/prograufaurb\/files\/2024\/12\/Luis-Eduardo-400x400.jpg\" alt=\"\" width=\"170\" height=\"170\" srcset=\"https:\/\/wp.ufpel.edu.br\/prograufaurb\/files\/2024\/12\/Luis-Eduardo-400x400.jpg 400w, https:\/\/wp.ufpel.edu.br\/prograufaurb\/files\/2024\/12\/Luis-Eduardo-1024x1024.jpg 1024w, https:\/\/wp.ufpel.edu.br\/prograufaurb\/files\/2024\/12\/Luis-Eduardo-200x200.jpg 200w, https:\/\/wp.ufpel.edu.br\/prograufaurb\/files\/2024\/12\/Luis-Eduardo-768x768.jpg 768w, https:\/\/wp.ufpel.edu.br\/prograufaurb\/files\/2024\/12\/Luis-Eduardo-600x600.jpg 600w, https:\/\/wp.ufpel.edu.br\/prograufaurb\/files\/2024\/12\/Luis-Eduardo-150x150.jpg 150w, https:\/\/wp.ufpel.edu.br\/prograufaurb\/files\/2024\/12\/Luis-Eduardo.jpg 1080w\" sizes=\"auto, (max-width: 170px) 100vw, 170px\" \/><\/p>\n<p><span style=\"font-family: arial, helvetica, sans-serif; font-size: 12pt; color: #ff9900;\"><strong>LUI\u0301S EDUARDO AZEVEDO MODLER<\/strong><\/span><\/p>\n<p><strong><span style=\"font-family: arial, helvetica, sans-serif;\">Per\u00edodo: (19\/02\/2024 a 31\/12\/2024)<\/span><\/strong><br \/>\n<span style=\"font-family: arial, helvetica, sans-serif;\">Engenheiro Civil<\/span><br \/>\n<span style=\"font-family: arial, helvetica, sans-serif;\">E-mail: luismodler@gmail.com<\/span><br \/>\n<span style=\"font-family: arial, helvetica, sans-serif;\">Lattes: http:\/\/lattes.cnpq.br\/2462809977181091<\/span><br \/>\n<span style=\"font-family: arial, helvetica, sans-serif;\">Projeto de Pesquisa: Desempenho higrote\u0301rmico de materiais de revestimento de paredes como fator condicionante da habitabilidade e durabilidade das edificac\u0327o\u0303es.<\/span><\/p>\n<p>&nbsp;<\/p>\n<p><img loading=\"lazy\" decoding=\"async\" class=\"alignnone wp-image-2101\" src=\"https:\/\/wp.ufpel.edu.br\/prograufaurb\/files\/2024\/12\/Nebora-400x400.jpg\" alt=\"\" width=\"171\" height=\"171\" srcset=\"https:\/\/wp.ufpel.edu.br\/prograufaurb\/files\/2024\/12\/Nebora-400x400.jpg 400w, https:\/\/wp.ufpel.edu.br\/prograufaurb\/files\/2024\/12\/Nebora-1024x1024.jpg 1024w, https:\/\/wp.ufpel.edu.br\/prograufaurb\/files\/2024\/12\/Nebora-200x200.jpg 200w, https:\/\/wp.ufpel.edu.br\/prograufaurb\/files\/2024\/12\/Nebora-768x768.jpg 768w, https:\/\/wp.ufpel.edu.br\/prograufaurb\/files\/2024\/12\/Nebora-600x600.jpg 600w, https:\/\/wp.ufpel.edu.br\/prograufaurb\/files\/2024\/12\/Nebora-150x150.jpg 150w, https:\/\/wp.ufpel.edu.br\/prograufaurb\/files\/2024\/12\/Nebora.jpg 1080w\" sizes=\"auto, (max-width: 171px) 100vw, 171px\" \/><\/p>\n<p><span style=\"font-family: arial, helvetica, sans-serif; font-size: 12pt; color: #ff9900;\"><strong>NE\u0301BORA LAZZAROTTO MODLER<\/strong><\/span><\/p>\n<p><strong><span style=\"font-family: arial, helvetica, sans-serif;\">Per\u00edodo: (02\/01\/2024 a 31\/12\/2024)<\/span><\/strong><br \/>\n<span style=\"font-family: arial, helvetica, sans-serif;\">Arquiteta e Urbanista<\/span><br \/>\n<span style=\"font-family: arial, helvetica, sans-serif;\">E-mail: nebora.modler@uffs.edu.br<\/span><br \/>\n<span style=\"font-family: arial, helvetica, sans-serif;\">Lattes: http:\/\/lattes.cnpq.br\/2462809977181091<\/span><br \/>\n<span style=\"font-family: arial, helvetica, sans-serif;\">Projeto de Pesquisa: Habitac\u0327a\u0303o de Interesse Social e percepc\u0327a\u0303o ambiental: estudo de caso na Zona Bioclima\u0301tica 2.<\/span><\/p>\n<p>&nbsp;<\/p>\n<p><img loading=\"lazy\" decoding=\"async\" class=\"alignnone wp-image-2097\" src=\"https:\/\/wp.ufpel.edu.br\/prograufaurb\/files\/2024\/12\/Fuao-400x400.png\" alt=\"\" width=\"170\" height=\"170\" srcset=\"https:\/\/wp.ufpel.edu.br\/prograufaurb\/files\/2024\/12\/Fuao-400x400.png 400w, https:\/\/wp.ufpel.edu.br\/prograufaurb\/files\/2024\/12\/Fuao-1024x1024.png 1024w, https:\/\/wp.ufpel.edu.br\/prograufaurb\/files\/2024\/12\/Fuao-200x200.png 200w, https:\/\/wp.ufpel.edu.br\/prograufaurb\/files\/2024\/12\/Fuao-768x768.png 768w, https:\/\/wp.ufpel.edu.br\/prograufaurb\/files\/2024\/12\/Fuao-600x600.png 600w, https:\/\/wp.ufpel.edu.br\/prograufaurb\/files\/2024\/12\/Fuao-150x150.png 150w, https:\/\/wp.ufpel.edu.br\/prograufaurb\/files\/2024\/12\/Fuao.png 1080w\" sizes=\"auto, (max-width: 170px) 100vw, 170px\" \/><\/p>\n<p><span style=\"color: #ff9900; font-family: arial, helvetica, sans-serif; font-size: 12pt;\"><strong>FERNANDO DELFINO DE FREITAS FUAO <\/strong><\/span><\/p>\n<p><strong><span style=\"color: #000000; font-family: arial, helvetica, sans-serif;\">Per\u00edodo: (01\/11\/2022 a 31\/10\/2023)<\/span><\/strong><br \/>\n<span style=\"font-family: arial, helvetica, sans-serif; color: #000000;\">Arquiteto e Urbanista<\/span><br \/>\n<span style=\"font-family: arial, helvetica, sans-serif; color: #000000;\">E-mail: fuaofernando@yahoo.com<\/span><br \/>\n<span style=\"font-family: arial, helvetica, sans-serif; color: #000000;\">Lattes: http:\/\/lattes.cnpq.br\/3852560888851492<\/span><br \/>\n<span style=\"font-family: arial, helvetica, sans-serif; color: #000000;\">Projeto de Pesquisa: Caminhografia das ocupa\u00e7\u00f5es.<\/span><\/p>\n<p>&nbsp;<\/p>\n<p><img loading=\"lazy\" decoding=\"async\" class=\"alignnone size-full wp-image-3327\" src=\"https:\/\/wp.ufpel.edu.br\/prograufaurb\/files\/2026\/03\/SILVIA-HELENA-DOS-SANTOS-CARDOSO.jpg\" alt=\"\" width=\"143\" height=\"197\" \/><\/p>\n<p><span style=\"font-size: 12pt;\"><b><span style=\"font-family: 'Arial','sans-serif'; color: #ff9900;\">SILVIA HELENA DOS SANTOS CARDOSO<\/span><\/b><span style=\"color: #ff9900; font-family: arial, helvetica, sans-serif;\"><strong>\u00a0<\/strong><\/span><\/span><\/p>\n<p><strong><span style=\"color: #000000; font-family: arial, helvetica, sans-serif;\">Per\u00edodo: (17\/03\/2025 a 16\/03\/2026)<\/span><\/strong><br \/>\n<span style=\"font-family: arial, helvetica, sans-serif; color: #000000;\">Licenciatura em Ci\u00eancias Sociais<\/span><br \/>\n<span style=\"font-family: arial, helvetica, sans-serif; color: #000000;\">E-mail: silvia.cardoso@unifesspa.edu.br<\/span><br \/>\n<span style=\"font-family: arial, helvetica, sans-serif; color: #000000;\">Lattes: https:\/\/lattes.cnpq.br\/9139447923408621<\/span><br \/>\n<span style=\"font-family: arial, helvetica, sans-serif; color: #000000;\">Projeto de Pesquisa: Caminhar, Aprender e Saber \u2013 Caminhografias Urbanas nos Confins da Am\u00e9rica do Sul.<\/span><\/p>\n<p>&nbsp;<\/p>\n<p>&nbsp;<\/p>\n","protected":false},"excerpt":{"rendered":"<p>DARLAN DE MAMANN MARCHI Per\u00edodo: (01\/03\/2025 \u00e0 28\/02\/2027) Licenciado em Hist\u00f3ria, doutor em Mem\u00f3ria Social e Patrim\u00f4nio Cultural E-mail: darlanmarchi@gmail.com Lattes: http:\/\/lattes.cnpq.br\/8197594647849111 Projeto de Pesquisa: Patrim\u00f4nio cultural, poder e usos do passado: uma abordagem cr\u00edtica das pol\u00edticas de preserva\u00e7\u00e3o em S\u00e3o Miguel das Miss\u00f5es-RS. &nbsp; LUANA PAVAN DETONI Per\u00edodo: (01\/12\/2024 a 30\/11\/2026) Arquiteta e urbanista [&hellip;]<\/p>\n","protected":false},"author":1345,"featured_media":0,"parent":0,"menu_order":0,"comment_status":"closed","ping_status":"closed","template":"","meta":{"footnotes":""},"class_list":["post-499","page","type-page","status-publish","hentry"],"_links":{"self":[{"href":"https:\/\/wp.ufpel.edu.br\/prograufaurb\/wp-json\/wp\/v2\/pages\/499","targetHints":{"allow":["GET"]}}],"collection":[{"href":"https:\/\/wp.ufpel.edu.br\/prograufaurb\/wp-json\/wp\/v2\/pages"}],"about":[{"href":"https:\/\/wp.ufpel.edu.br\/prograufaurb\/wp-json\/wp\/v2\/types\/page"}],"author":[{"embeddable":true,"href":"https:\/\/wp.ufpel.edu.br\/prograufaurb\/wp-json\/wp\/v2\/users\/1345"}],"replies":[{"embeddable":true,"href":"https:\/\/wp.ufpel.edu.br\/prograufaurb\/wp-json\/wp\/v2\/comments?post=499"}],"version-history":[{"count":4,"href":"https:\/\/wp.ufpel.edu.br\/prograufaurb\/wp-json\/wp\/v2\/pages\/499\/revisions"}],"predecessor-version":[{"id":3328,"href":"https:\/\/wp.ufpel.edu.br\/prograufaurb\/wp-json\/wp\/v2\/pages\/499\/revisions\/3328"}],"wp:attachment":[{"href":"https:\/\/wp.ufpel.edu.br\/prograufaurb\/wp-json\/wp\/v2\/media?parent=499"}],"curies":[{"name":"wp","href":"https:\/\/api.w.org\/{rel}","templated":true}]}}