{"id":349,"date":"2023-12-09T09:27:15","date_gmt":"2023-12-09T12:27:15","guid":{"rendered":"https:\/\/wp.ufpel.edu.br\/prograufaurb\/?page_id=349"},"modified":"2025-04-02T14:34:24","modified_gmt":"2025-04-02T17:34:24","slug":"planejamento-estrategico","status":"publish","type":"page","link":"https:\/\/wp.ufpel.edu.br\/prograufaurb\/planejamento-estrategico\/","title":{"rendered":"planejamento estrat\u00e9gico"},"content":{"rendered":"<p><span style=\"font-weight: 400; font-family: arial, helvetica, sans-serif; font-size: 12pt; color: #000000;\">O Planejamento Estrat\u00e9gico do PROGRAU est\u00e1 alinhado com os <span style=\"color: #ff9900;\"><strong>objetivos estrat\u00e9gicos e espec\u00edficos da p\u00f3s-gradua\u00e7\u00e3o da Universidade Federal de Pelotas (UFPel)<\/strong><\/span> para o per\u00edodo de 2022-2026. Estes objetivos incluem a promo\u00e7\u00e3o de pol\u00edticas de integra\u00e7\u00e3o e interc\u00e2mbio, a consolida\u00e7\u00e3o da internacionaliza\u00e7\u00e3o, a valoriza\u00e7\u00e3o da produ\u00e7\u00e3o cultural e art\u00edstica, o fortalecimento das rela\u00e7\u00f5es entre universidade e sociedade, a produ\u00e7\u00e3o e dissemina\u00e7\u00e3o de conhecimentos, bem como o desenvolvimento cont\u00ednuo da qualifica\u00e7\u00e3o dos servidores e a expans\u00e3o da p\u00f3s-gradua\u00e7\u00e3o.<\/span><\/p>\n<p><span style=\"font-family: arial, helvetica, sans-serif; font-size: 12pt; color: #000000;\"><span style=\"font-weight: 400;\">Os objetivos estrat\u00e9gicos do PROGRAU est\u00e3o associados aos <strong><span style=\"color: #ff9900;\">eixos de Avalia\u00e7\u00e3o da CAPES<\/span><\/strong> (Programa, Forma\u00e7\u00e3o e Impacto na Sociedade) referentes ao \u00faltimo quadri\u00eanio (2017-2020). Cada objetivo estrat\u00e9gico \u00e9 acompanhado por objetivos t\u00e1ticos e operacionais vinculados aos eixos mencionados, que orientar\u00e3o as iniciativas e metas delineadas pelo programa.<\/span><\/span><\/p>\n<p><span style=\"font-family: arial, helvetica, sans-serif; font-size: 12pt; color: #000000;\"><span style=\"font-weight: 400;\">Os <strong><span style=\"color: #ff9900;\">seis objetivos estrat\u00e9gicos definidos para o PROGRAU<\/span><\/strong> visam realizar sua miss\u00e3o. Eles abrangem a participa\u00e7\u00e3o no desenvolvimento regional, o fortalecimento de iniciativas ambientais e urbanas, a associa\u00e7\u00e3o entre pesquisa e extens\u00e3o, a consolida\u00e7\u00e3o e qualifica\u00e7\u00e3o do programa, a articula\u00e7\u00e3o internacional do ensino e a amplia\u00e7\u00e3o da pol\u00edtica de gest\u00e3o acad\u00eamica.<\/span><\/span><\/p>\n<ol>\n<li><span style=\"font-weight: 400; font-family: arial, helvetica, sans-serif; font-size: 12pt; color: #000000;\">Objetivo estrat\u00e9gico\u00a0 [<strong><span style=\"color: #ff9900;\">Eixos Forma\u00e7\u00e3o e Impacto na Sociedade<\/span><\/strong>] &#8211; participar do desenvolvimento regional, particularmente em regi\u00e3o de fronteira do Rio Grande do Sul com pa\u00edses vizinhos e o Cone Sul, assumindo as tem\u00e1ticas estruturadoras do PROGRAU quais sejam, patrim\u00f4nio e paisagem cultural, de rela\u00e7\u00f5es entre cidade e sociedade, de produ\u00e7\u00e3o, inova\u00e7\u00e3o e de colabora\u00e7\u00e3o em desenvolvimento tecnol\u00f3gico.<\/span><\/li>\n<li><span style=\"font-size: 12pt;\"><span style=\"font-weight: 400; font-family: arial, helvetica, sans-serif; color: #000000;\">Objetivo estrat\u00e9gico<\/span> [<strong><span style=\"color: #ff9900;\">Eixo Impacto na Sociedade<\/span><\/strong>] &#8211; fortalecer iniciativas de proteger e<span style=\"color: #000000;\"> salvaguardar o meio ambiente, o desenvolvimento das cidades e assentamentos urbanos seguros, resilientes e sustent\u00e1veis<\/span>, de acordo com a Agenda 21 (ONU).<\/span><\/li>\n<li><span style=\"font-size: 12pt;\"><span style=\"font-weight: 400; font-family: arial, helvetica, sans-serif; color: #000000;\">Objetivo estrat\u00e9gico<\/span> [<strong><span style=\"color: #ff9900;\">Eixos Programa e Impacto na Sociedade<\/span><\/strong>] &#8211; associar os esfor\u00e7os de pesquisa e forma\u00e7\u00e3o acad\u00eamica com a\u00e7\u00f5es de extens\u00e3o e processos participativos oportunizando trocas e produ\u00e7\u00e3o de saberes com a comunidade externa, de modo a potencializar essa tradi\u00e7\u00e3o da Faculdade de Arquitetura e Urbanismo, unidade acad\u00eamica onde se situa o PROGRAU.<\/span><\/li>\n<li><span style=\"font-size: 12pt;\"><span style=\"font-weight: 400; font-family: arial, helvetica, sans-serif; color: #000000;\">Objetivo estrat\u00e9gico<\/span> [<strong><span style=\"color: #ff9900;\">Eixos Programa, Forma\u00e7\u00e3o e Impacto na Sociedade<\/span><\/strong>] &#8211; consolidar e qualificar o programa com base na interdisciplinaridade entre os saberes, fazeres e \u00e1reas de conhecimento, na integra\u00e7\u00e3o entre as linhas de pesquisa e na conex\u00e3o com os diferentes n\u00edveis acad\u00eamicos (inicia\u00e7\u00e3o cient\u00edfica, especializa\u00e7\u00e3o, mestrado e doutorado).<\/span><\/li>\n<li><span style=\"font-size: 12pt;\"><span style=\"font-weight: 400; font-family: arial, helvetica, sans-serif; color: #000000;\">Objetivo estrat\u00e9gico<\/span> [<strong><span style=\"color: #ff9900;\">Eixos Forma\u00e7\u00e3o e Impacto na Sociedade<\/span><\/strong>] &#8211; articular o ensino do PROGRAU com processos de coopera\u00e7\u00e3o acad\u00eamica nacionais e internacionais, por interm\u00e9dio da participa\u00e7\u00e3o e promo\u00e7\u00e3o de programas, conv\u00eanios e outras formas de colabora\u00e7\u00e3o, estimulando a mobilidade estudantil e docente entre a UFPel e outras institui\u00e7\u00f5es.<\/span><\/li>\n<li><span style=\"font-size: 12pt;\"><span style=\"font-weight: 400; font-family: arial, helvetica, sans-serif; color: #000000;\">Objetivo estrat\u00e9gico<\/span> [<strong><span style=\"color: #ff9900;\">Eixo Programa<\/span><\/strong>] \u2013 ampliar a pol\u00edtica geral de gest\u00e3o acad\u00eamica (corpo discente \u2013 mestrandos\/doutorandos, processos administrativos) visando a consolida\u00e7\u00e3o da qualidade do ensino e da produ\u00e7\u00e3o de conhecimento no PROGRAU.<\/span><\/li>\n<\/ol>\n<h5><span style=\"color: #ff9900; font-size: 10pt;\"><span style=\"font-family: arial, helvetica, sans-serif;\">Link: \u00a0<\/span><\/span><span style=\"color: #ff9900; font-size: 10pt;\"><strong><span style=\"font-family: arial, helvetica, sans-serif;\"><a style=\"color: #ff9900;\" href=\"https:\/\/wp.ufpel.edu.br\/prograufaurb\/files\/2025\/03\/PLANEJAMENTO-ESTRATE\u0301GICO-PROGRAU.pdf\" target=\"_blank\" rel=\"noopener\">Planejamento Estrat\u00e9gico (completo)<\/a><\/span><\/strong><\/span><\/h5>\n","protected":false},"excerpt":{"rendered":"<p>O Planejamento Estrat\u00e9gico do PROGRAU est\u00e1 alinhado com os objetivos estrat\u00e9gicos e espec\u00edficos da p\u00f3s-gradua\u00e7\u00e3o da Universidade Federal de Pelotas (UFPel) para o per\u00edodo de 2022-2026. Estes objetivos incluem a promo\u00e7\u00e3o de pol\u00edticas de integra\u00e7\u00e3o e interc\u00e2mbio, a consolida\u00e7\u00e3o da internacionaliza\u00e7\u00e3o, a valoriza\u00e7\u00e3o da produ\u00e7\u00e3o cultural e art\u00edstica, o fortalecimento das rela\u00e7\u00f5es entre universidade e [&hellip;]<\/p>\n","protected":false},"author":1345,"featured_media":0,"parent":0,"menu_order":0,"comment_status":"closed","ping_status":"closed","template":"","meta":{"footnotes":""},"class_list":["post-349","page","type-page","status-publish","hentry"],"_links":{"self":[{"href":"https:\/\/wp.ufpel.edu.br\/prograufaurb\/wp-json\/wp\/v2\/pages\/349","targetHints":{"allow":["GET"]}}],"collection":[{"href":"https:\/\/wp.ufpel.edu.br\/prograufaurb\/wp-json\/wp\/v2\/pages"}],"about":[{"href":"https:\/\/wp.ufpel.edu.br\/prograufaurb\/wp-json\/wp\/v2\/types\/page"}],"author":[{"embeddable":true,"href":"https:\/\/wp.ufpel.edu.br\/prograufaurb\/wp-json\/wp\/v2\/users\/1345"}],"replies":[{"embeddable":true,"href":"https:\/\/wp.ufpel.edu.br\/prograufaurb\/wp-json\/wp\/v2\/comments?post=349"}],"version-history":[{"count":9,"href":"https:\/\/wp.ufpel.edu.br\/prograufaurb\/wp-json\/wp\/v2\/pages\/349\/revisions"}],"predecessor-version":[{"id":2497,"href":"https:\/\/wp.ufpel.edu.br\/prograufaurb\/wp-json\/wp\/v2\/pages\/349\/revisions\/2497"}],"wp:attachment":[{"href":"https:\/\/wp.ufpel.edu.br\/prograufaurb\/wp-json\/wp\/v2\/media?parent=349"}],"curies":[{"name":"wp","href":"https:\/\/api.w.org\/{rel}","templated":true}]}}