{"id":339,"date":"2023-12-09T09:20:55","date_gmt":"2023-12-09T12:20:55","guid":{"rendered":"https:\/\/wp.ufpel.edu.br\/prograufaurb\/?page_id=339"},"modified":"2025-08-22T10:28:40","modified_gmt":"2025-08-22T13:28:40","slug":"periodicos","status":"publish","type":"page","link":"https:\/\/wp.ufpel.edu.br\/prograufaurb\/periodicos\/","title":{"rendered":"peri\u00f3dicos"},"content":{"rendered":"<table style=\"border-collapse: collapse; width: 100%;\" border=\"0\">\n<tbody>\n<tr style=\"height: 185px;\">\n<td style=\"width: 47.5158%; height: 185px;\" colspan=\"3\"><span style=\"font-family: arial, helvetica, sans-serif; font-size: 10pt; color: #000000;\"><a href=\"https:\/\/revistas.ufpel.edu.br\/index.php\/pixo\/index\"><span style=\"font-size: 10pt;\"><img loading=\"lazy\" decoding=\"async\" class=\"alignnone wp-image-607\" src=\"https:\/\/wp.ufpel.edu.br\/prograufaurb\/files\/2023\/12\/40-400x400.jpg\" alt=\"\" width=\"160\" height=\"160\" srcset=\"https:\/\/wp.ufpel.edu.br\/prograufaurb\/files\/2023\/12\/40-400x400.jpg 400w, https:\/\/wp.ufpel.edu.br\/prograufaurb\/files\/2023\/12\/40-1024x1024.jpg 1024w, https:\/\/wp.ufpel.edu.br\/prograufaurb\/files\/2023\/12\/40-200x200.jpg 200w, https:\/\/wp.ufpel.edu.br\/prograufaurb\/files\/2023\/12\/40-768x768.jpg 768w, https:\/\/wp.ufpel.edu.br\/prograufaurb\/files\/2023\/12\/40-600x600.jpg 600w, https:\/\/wp.ufpel.edu.br\/prograufaurb\/files\/2023\/12\/40-150x150.jpg 150w, https:\/\/wp.ufpel.edu.br\/prograufaurb\/files\/2023\/12\/40.jpg 1080w\" sizes=\"auto, (max-width: 160px) 100vw, 160px\" \/><\/span><\/a><\/span><span style=\"font-size: 10pt; font-family: arial, helvetica, sans-serif; color: #000000;\"><br \/>\n<\/span><\/td>\n<\/tr>\n<tr style=\"height: 33px;\">\n<td style=\"width: 47.5158%; height: 33px;\" colspan=\"3\">\n<h3><a href=\"https:\/\/revistas.ufpel.edu.br\/index.php\/pixo\/index\"><span style=\"font-family: arial, helvetica, sans-serif; font-size: 14pt; color: #ff9900;\"><strong>PIXO<\/strong><\/span><\/a><\/h3>\n<\/td>\n<\/tr>\n<tr style=\"height: 127px;\">\n<td style=\"height: 127px;\" colspan=\"3\"><span style=\"font-family: arial, helvetica, sans-serif; font-size: 12pt; color: #000000;\">A \u201cPIXO \u2013 RRevista de Arquitetura, Cidade e Contemporaneidade\u201d abrange as seguintes \u00e1reas do conhecimento: Arquitetura e Urbanismo, Artes, Filosofia, Educa\u00e7\u00e3o, Geografia e Psicologia. Uma iniciativa conjunta dos Grupos de Pesquisa CNPQ <a style=\"color: #000000;\" href=\"https:\/\/periodicos.ufpel.edu.br\/ojs2\/index.php\/pixo\/manager\/setup\/dgp.cnpq.br\/dgp\/espelhogrupo\/7082086254120698\">Cidade+Contemporanenidade<\/a>\u00a0(PROGRAU\/UFPel) e\u00a0<a style=\"color: #000000;\" href=\"https:\/\/periodicos.ufpel.edu.br\/ojs2\/index.php\/pixo\/manager\/setup\/dgp.cnpq.br\/dgp\/espelhogrupo\/2233234822838385\">Arquitetura, Derrida e Interconex\u00f5es<\/a>\u00a0(PROPAR\/UFRGS), com classifica\u00e7\u00e3o CAPES QUALIS-peri\u00f3dicos\u00a0<strong>B1<\/strong> (para\u00a0Avalia\u00e7\u00e3o Quadrienal de 2017-2020).<\/span><span style=\"font-size: 10pt; font-family: arial, helvetica, sans-serif; color: #000000;\"><em><br \/>\n<\/em><\/span><span style=\"font-size: 10pt; font-family: arial, helvetica, sans-serif; color: #000000;\"><br \/>\n<\/span><\/td>\n<\/tr>\n<tr style=\"height: 160px;\">\n<td style=\"height: 160px;\" colspan=\"3\"><span style=\"font-family: arial, helvetica, sans-serif; font-size: 12pt; color: #000000;\"><a href=\"https:\/\/periodicos.ufpel.edu.br\/index.php\/Projectare\" target=\"_blank\" rel=\"noopener\"><span style=\"font-size: 10pt;\"><img loading=\"lazy\" decoding=\"async\" class=\"alignnone wp-image-608\" src=\"https:\/\/wp.ufpel.edu.br\/prograufaurb\/files\/2023\/12\/41-400x400.jpg\" alt=\"\" width=\"160\" height=\"160\" srcset=\"https:\/\/wp.ufpel.edu.br\/prograufaurb\/files\/2023\/12\/41-400x400.jpg 400w, https:\/\/wp.ufpel.edu.br\/prograufaurb\/files\/2023\/12\/41-1024x1024.jpg 1024w, https:\/\/wp.ufpel.edu.br\/prograufaurb\/files\/2023\/12\/41-200x200.jpg 200w, https:\/\/wp.ufpel.edu.br\/prograufaurb\/files\/2023\/12\/41-768x768.jpg 768w, https:\/\/wp.ufpel.edu.br\/prograufaurb\/files\/2023\/12\/41-600x600.jpg 600w, https:\/\/wp.ufpel.edu.br\/prograufaurb\/files\/2023\/12\/41-150x150.jpg 150w, https:\/\/wp.ufpel.edu.br\/prograufaurb\/files\/2023\/12\/41.jpg 1080w\" sizes=\"auto, (max-width: 160px) 100vw, 160px\" \/><\/span><\/a><\/span><\/td>\n<\/tr>\n<tr style=\"height: 70px;\">\n<td style=\"height: 70px;\" colspan=\"3\">\n<h3><a href=\"https:\/\/periodicos.ufpel.edu.br\/index.php\/Projectare\" target=\"_blank\" rel=\"noopener\"><span style=\"font-family: arial, helvetica, sans-serif; font-size: 14pt; color: #ff9900;\"><strong>PROJECTARE<\/strong><\/span><\/a><\/h3>\n<\/td>\n<\/tr>\n<tr style=\"height: 48px;\">\n<td style=\"width: 47.5158%; height: 48px;\" colspan=\"3\"><span style=\"font-family: arial, helvetica, sans-serif;\">A PROJECTARE \u2013 Revista de Arquitetura e Urbanismo \u2013 \u00e9 uma publica\u00e7\u00e3o da Faculdade de Arquitetura e Urbanismo da Universidade Federal de Pelotas. Fundada em 1999, pelo grupo PET\/ FAUrb, atualmente \u00e9 mantida pelo Programa de P\u00f3s-gradua\u00e7\u00e3o em Arquitetura e Urbanismo \u2013 PROGRAU\/UFPel.<\/span><\/td>\n<\/tr>\n<\/tbody>\n<\/table>\n<p>&nbsp;<\/p>\n","protected":false},"excerpt":{"rendered":"<p>PIXO A \u201cPIXO \u2013 RRevista de Arquitetura, Cidade e Contemporaneidade\u201d abrange as seguintes \u00e1reas do conhecimento: Arquitetura e Urbanismo, Artes, Filosofia, Educa\u00e7\u00e3o, Geografia e Psicologia. Uma iniciativa conjunta dos Grupos de Pesquisa CNPQ Cidade+Contemporanenidade\u00a0(PROGRAU\/UFPel) e\u00a0Arquitetura, Derrida e Interconex\u00f5es\u00a0(PROPAR\/UFRGS), com classifica\u00e7\u00e3o CAPES QUALIS-peri\u00f3dicos\u00a0B1 (para\u00a0Avalia\u00e7\u00e3o Quadrienal de 2017-2020). PROJECTARE A PROJECTARE \u2013 Revista de Arquitetura e Urbanismo [&hellip;]<\/p>\n","protected":false},"author":1345,"featured_media":0,"parent":0,"menu_order":0,"comment_status":"closed","ping_status":"closed","template":"","meta":{"footnotes":""},"class_list":["post-339","page","type-page","status-publish","hentry"],"_links":{"self":[{"href":"https:\/\/wp.ufpel.edu.br\/prograufaurb\/wp-json\/wp\/v2\/pages\/339","targetHints":{"allow":["GET"]}}],"collection":[{"href":"https:\/\/wp.ufpel.edu.br\/prograufaurb\/wp-json\/wp\/v2\/pages"}],"about":[{"href":"https:\/\/wp.ufpel.edu.br\/prograufaurb\/wp-json\/wp\/v2\/types\/page"}],"author":[{"embeddable":true,"href":"https:\/\/wp.ufpel.edu.br\/prograufaurb\/wp-json\/wp\/v2\/users\/1345"}],"replies":[{"embeddable":true,"href":"https:\/\/wp.ufpel.edu.br\/prograufaurb\/wp-json\/wp\/v2\/comments?post=339"}],"version-history":[{"count":4,"href":"https:\/\/wp.ufpel.edu.br\/prograufaurb\/wp-json\/wp\/v2\/pages\/339\/revisions"}],"predecessor-version":[{"id":2965,"href":"https:\/\/wp.ufpel.edu.br\/prograufaurb\/wp-json\/wp\/v2\/pages\/339\/revisions\/2965"}],"wp:attachment":[{"href":"https:\/\/wp.ufpel.edu.br\/prograufaurb\/wp-json\/wp\/v2\/media?parent=339"}],"curies":[{"name":"wp","href":"https:\/\/api.w.org\/{rel}","templated":true}]}}