{"id":273,"date":"2023-12-08T09:27:40","date_gmt":"2023-12-08T12:27:40","guid":{"rendered":"https:\/\/wp.ufpel.edu.br\/prograufaurb\/?page_id=273"},"modified":"2023-12-19T11:20:25","modified_gmt":"2023-12-19T14:20:25","slug":"insercao-social-2","status":"publish","type":"page","link":"https:\/\/wp.ufpel.edu.br\/prograufaurb\/insercao-social-2\/","title":{"rendered":"impacto social"},"content":{"rendered":"<p>No quesito <strong><span style=\"color: #ff9900;\">impacto na sociedade<\/span><\/strong> os itens a serem destacados s\u00e3o:<\/p>\n<ol>\n<li><span style=\"font-family: arial, helvetica, sans-serif; font-size: 12pt;\"><span style=\"color: #ff9900;\"><strong>Impacto e car\u00e1ter inovador da produ\u00e7\u00e3o intelectual em fun\u00e7\u00e3o da natureza do programa; impacto econ\u00f4mico, social e cultural do programa<\/strong><\/span>. <\/span>Indicadores: m\u00e9todos e tecnologias inovadoras destinados a melhoria das condi\u00e7\u00f5es de vida da popula\u00e7\u00e3o atrav\u00e9s de atividades extensionistas; integra\u00e7\u00e3o com a comunidade local e regional atrav\u00e9s de a\u00e7\u00f5es extensionistas; contribui\u00e7\u00e3o de formula\u00e7\u00e3o e implementa\u00e7\u00e3o de pol\u00edticas p\u00fablicas; dissemina\u00e7\u00e3o de tecnologias culturais e sociais, como pr\u00e1ticas de projeto colaborativo com organiza\u00e7\u00f5es sociais e aplica\u00e7\u00e3o de novos procedimentos tecnol\u00f3gicos em comunidades vulner\u00e1veis; inser\u00e7\u00e3o social, cultural e econ\u00f4mica dos egressos.<\/li>\n<li><span style=\"color: #ff9900;\"><strong>Internacionaliza\u00e7\u00e3o<\/strong><\/span>. Indicadores: n\u00famero de projetos de pesquisa em rede ou com participa\u00e7\u00e3o de institui\u00e7\u00e3o estrangeira; n\u00famero de miss\u00f5es com participa\u00e7\u00e3o discente e docente; porcentagem de docentes com de est\u00e1gios p\u00f3s-doutoral ou est\u00e1gio s\u00eanior de pesquisa no exterior; recebimento de estrangeiros em est\u00e1gio p\u00f3s-doutoral ou como professor visitante; n\u00famero de publica\u00e7\u00f5es em ve\u00edculos internacionais de docentes e discentes; n\u00famero de publica\u00e7\u00f5es e produtos t\u00e9cnicos em coautoria com pesquisadores estrangeiros; oferta de disciplinas em l\u00edngua estrangeira; organiza\u00e7\u00e3o de eventos internacionais.<\/li>\n<li><strong><span style=\"color: #ff9900;\">Inser\u00e7\u00e3o local, regional e nacional<\/span><\/strong>. Indicadores: n\u00famero de projetos de pesquisa em rede ou com participa\u00e7\u00e3o de outra institui\u00e7\u00e3o brasileira; n\u00famero de miss\u00f5es com participa\u00e7\u00e3o discente e docente; n\u00famero de docentes com de est\u00e1gios p\u00f3s-doutoral ou est\u00e1gio s\u00eanior de pesquisa no Brasil; recebimento de pesquisador brasileiro como professor visitante; n\u00famero de publica\u00e7\u00f5es e produtos t\u00e9cnicos de discentes e docentes em coautoria com pesquisadores brasileiros de outra institui\u00e7\u00e3o; organiza\u00e7\u00e3o de eventos nacionais; atividades de coorienta\u00e7\u00e3o; recebimento de alunos de outra IES para mestrado e doutorado; coordena\u00e7\u00e3o de associa\u00e7\u00f5es ou redes nacionais de pesquisadores; editoria de peri\u00f3dicos de reconhecimento nacional; organiza\u00e7\u00e3o de eventos; desenvolvimento de atividades acad\u00eamicas em outras institui\u00e7\u00f5es brasileiras (doc\u00eancia, bancas, semin\u00e1rios); organiza\u00e7\u00e3o de concursos; participa\u00e7\u00e3o em j\u00fari de concursos sobre tem\u00e1ticas pertinentes a \u00c1rea de AU<\/li>\n<li><strong><span style=\"color: #ff9900;\">Impacto local e regional<\/span><\/strong>. Indicadores: n\u00famero de projetos de pesquisa com a\u00e7\u00f5es extensionistas; presen\u00e7a de produ\u00e7\u00e3o discente e docente com resultados de pesquisa com formatos que permitam a interlocu\u00e7\u00e3o com a comunidade; ATHIS e a\u00e7\u00f5es que envolvam o projeto de Arquitetura e Urbanismo de modo a proporcionar melhor qualidade de vida \u00e0 popula\u00e7\u00e3o mais social, econ\u00f4mica e ambientalmente mais vulner\u00e1vel.<\/li>\n<\/ol>\n","protected":false},"excerpt":{"rendered":"<p>No quesito impacto na sociedade os itens a serem destacados s\u00e3o: Impacto e car\u00e1ter inovador da produ\u00e7\u00e3o intelectual em fun\u00e7\u00e3o da natureza do programa; impacto econ\u00f4mico, social e cultural do programa. Indicadores: m\u00e9todos e tecnologias inovadoras destinados a melhoria das condi\u00e7\u00f5es de vida da popula\u00e7\u00e3o atrav\u00e9s de atividades extensionistas; integra\u00e7\u00e3o com a comunidade local e [&hellip;]<\/p>\n","protected":false},"author":1345,"featured_media":0,"parent":0,"menu_order":0,"comment_status":"closed","ping_status":"closed","template":"templates\/template-home.php","meta":{"footnotes":""},"class_list":["post-273","page","type-page","status-publish","hentry"],"_links":{"self":[{"href":"https:\/\/wp.ufpel.edu.br\/prograufaurb\/wp-json\/wp\/v2\/pages\/273","targetHints":{"allow":["GET"]}}],"collection":[{"href":"https:\/\/wp.ufpel.edu.br\/prograufaurb\/wp-json\/wp\/v2\/pages"}],"about":[{"href":"https:\/\/wp.ufpel.edu.br\/prograufaurb\/wp-json\/wp\/v2\/types\/page"}],"author":[{"embeddable":true,"href":"https:\/\/wp.ufpel.edu.br\/prograufaurb\/wp-json\/wp\/v2\/users\/1345"}],"replies":[{"embeddable":true,"href":"https:\/\/wp.ufpel.edu.br\/prograufaurb\/wp-json\/wp\/v2\/comments?post=273"}],"version-history":[{"count":7,"href":"https:\/\/wp.ufpel.edu.br\/prograufaurb\/wp-json\/wp\/v2\/pages\/273\/revisions"}],"predecessor-version":[{"id":777,"href":"https:\/\/wp.ufpel.edu.br\/prograufaurb\/wp-json\/wp\/v2\/pages\/273\/revisions\/777"}],"wp:attachment":[{"href":"https:\/\/wp.ufpel.edu.br\/prograufaurb\/wp-json\/wp\/v2\/media?parent=273"}],"curies":[{"name":"wp","href":"https:\/\/api.w.org\/{rel}","templated":true}]}}