{"id":2655,"date":"2025-05-15T08:53:05","date_gmt":"2025-05-15T11:53:05","guid":{"rendered":"https:\/\/wp.ufpel.edu.br\/prograufaurb\/?page_id=2655"},"modified":"2025-05-15T09:08:44","modified_gmt":"2025-05-15T12:08:44","slug":"instrucoes-para-a-entrega-de-versao-final-de-dissertacao","status":"publish","type":"page","link":"https:\/\/wp.ufpel.edu.br\/prograufaurb\/instrucoes-para-a-entrega-de-versao-final-de-dissertacao\/","title":{"rendered":"Instru\u00e7\u00f5es para a entrega de vers\u00e3o final de disserta\u00e7\u00e3o ou tese"},"content":{"rendered":"<ul>\n<li><span style=\"font-family: arial, helvetica, sans-serif; font-size: 12pt;\">O discente deve consultar as <span style=\"color: #ff9900;\"><strong data-start=\"122\" data-end=\"167\">Normas da UFPel para Trabalhos Acad\u00eamicos<\/strong><\/span>, dispon\u00edveis no link: <span style=\"color: #ff9900;\"><a style=\"color: #ff9900;\" href=\"https:\/\/wp.ufpel.edu.br\/sisbi\/files\/2023\/11\/Manual-versao-final-novembro-1.pdf\" target=\"_blank\" rel=\"noopener\">https:\/\/wp.ufpel.edu.br\/sisbi\/files\/2023\/11\/Manual-versao-final-novembro-1.pdf<\/a><\/span><\/span><\/li>\n<li><span style=\"font-family: arial, helvetica, sans-serif; font-size: 12pt;\">Na vers\u00e3o final do trabalho, deve constar a ficha catalogr\u00e1fica, a ser solicitada pelo aluno \u00e0 biblioteca, por meio do sistema Cobalto: <span style=\"color: #ff9900;\">h<a style=\"color: #ff9900;\" href=\"ttps:\/\/wp.ufpel.edu.br\/sisbi\/files\/2024\/10\/SOLICITACAO-DE-FICHA.pdf\" target=\"_blank\" rel=\"noopener\">ttps:\/\/wp.ufpel.edu.br\/sisbi\/files\/2024\/10\/SOLICITACAO-DE-FICHA.pdf<\/a><\/span><\/span><\/li>\n<li><span style=\"font-size: 12pt; font-family: arial, helvetica, sans-serif;\">A vers\u00e3o final deve ser enviada para o e-mail do PROGRAU (<span style=\"color: #ff9900;\">prograu.ufpel@gmail.com<\/span>) em arquivo \u00fanico no formato PDF.<\/span><\/li>\n<li><span style=\"font-family: arial, helvetica, sans-serif; font-size: 12pt;\">Al\u00e9m da vers\u00e3o final do trabalho acad\u00eamico, os documentos a seguir tamb\u00e9m devem ser enviados para a elabora\u00e7\u00e3o do processo de expedi\u00e7\u00e3o do diploma:<\/span><\/li>\n<\/ul>\n<p style=\"padding-left: 40px;\"><span style=\"font-family: arial, helvetica, sans-serif; font-size: 12pt;\">&#8211;<strong><span style=\"color: #ff9900;\"> carteira de identidade<\/span><\/strong> (frente e verso, leg\u00edvel e que seja poss\u00edvel identificar o aluno pela foto) ou CNH;<\/span><\/p>\n<p style=\"padding-left: 40px;\"><span style=\"font-family: arial, helvetica, sans-serif; font-size: 12pt;\">&#8211; <strong><span style=\"color: #ff9900;\">certid\u00e3o<\/span><\/strong> mais recente (nascimento ou casamento, no caso de troca de nome e que conste local de nascimento, leg\u00edvel);<\/span><\/p>\n<p style=\"padding-left: 40px;\"><span style=\"font-family: arial, helvetica, sans-serif; font-size: 12pt;\">&#8211; <strong><span style=\"color: #ff9900;\">diploma de gradua\u00e7\u00e3o<\/span><\/strong> (frente e verso);<\/span><\/p>\n<p style=\"padding-left: 40px;\"><span style=\"font-family: arial, helvetica, sans-serif; font-size: 12pt;\">&#8211; <strong><span style=\"color: #ff9900;\">Termo de autoriza\u00e7\u00e3o<\/span><\/strong> para disponibiliza\u00e7\u00e3o das teses e disserta\u00e7\u00f5es no Reposit\u00f3rio Institucional Guaiaca. : <span style=\"color: #ff9900;\"><a style=\"color: #ff9900;\" href=\"https:\/\/wp.ufpel.edu.br\/sisbi\/files\/2024\/02\/Termo-Dissertacoes-e-Teses.pdf\" target=\"_blank\" rel=\"noopener\">https:\/\/wp.ufpel.edu.br\/sisbi\/files\/2024\/02\/Termo-Dissertacoes-e-Teses.pdf<\/a><\/span><\/span><\/p>\n<p style=\"padding-left: 40px;\"><span style=\"font-family: arial, helvetica, sans-serif; font-size: 12pt;\">&#8211; <strong><span style=\"color: #ff9900;\">Atestado<\/span><\/strong> assinado pelo orientador(a): <span style=\"color: #ff9900;\"><a style=\"color: #ff9900;\" href=\"https:\/\/wp.ufpel.edu.br\/prograufaurb\/files\/2025\/05\/ATESTADO-entregadissertacao-2.doc\" target=\"_blank\" rel=\"noopener\">https:\/\/wp.ufpel.edu.br\/prograufaurb\/files\/2025\/05\/ATESTADO-entregadissertacao-2.doc<\/a><\/span><\/span><\/p>\n<p>&nbsp;<\/p>\n<p>&nbsp;<\/p>\n","protected":false},"excerpt":{"rendered":"<p>O discente deve consultar as Normas da UFPel para Trabalhos Acad\u00eamicos, dispon\u00edveis no link: https:\/\/wp.ufpel.edu.br\/sisbi\/files\/2023\/11\/Manual-versao-final-novembro-1.pdf Na vers\u00e3o final do trabalho, deve constar a ficha catalogr\u00e1fica, a ser solicitada pelo aluno \u00e0 biblioteca, por meio do sistema Cobalto: https:\/\/wp.ufpel.edu.br\/sisbi\/files\/2024\/10\/SOLICITACAO-DE-FICHA.pdf A vers\u00e3o final deve ser enviada para o e-mail do PROGRAU (prograu.ufpel@gmail.com) em arquivo \u00fanico no formato [&hellip;]<\/p>\n","protected":false},"author":1345,"featured_media":0,"parent":0,"menu_order":0,"comment_status":"closed","ping_status":"closed","template":"","meta":{"footnotes":""},"class_list":["post-2655","page","type-page","status-publish","hentry"],"_links":{"self":[{"href":"https:\/\/wp.ufpel.edu.br\/prograufaurb\/wp-json\/wp\/v2\/pages\/2655","targetHints":{"allow":["GET"]}}],"collection":[{"href":"https:\/\/wp.ufpel.edu.br\/prograufaurb\/wp-json\/wp\/v2\/pages"}],"about":[{"href":"https:\/\/wp.ufpel.edu.br\/prograufaurb\/wp-json\/wp\/v2\/types\/page"}],"author":[{"embeddable":true,"href":"https:\/\/wp.ufpel.edu.br\/prograufaurb\/wp-json\/wp\/v2\/users\/1345"}],"replies":[{"embeddable":true,"href":"https:\/\/wp.ufpel.edu.br\/prograufaurb\/wp-json\/wp\/v2\/comments?post=2655"}],"version-history":[{"count":5,"href":"https:\/\/wp.ufpel.edu.br\/prograufaurb\/wp-json\/wp\/v2\/pages\/2655\/revisions"}],"predecessor-version":[{"id":2665,"href":"https:\/\/wp.ufpel.edu.br\/prograufaurb\/wp-json\/wp\/v2\/pages\/2655\/revisions\/2665"}],"wp:attachment":[{"href":"https:\/\/wp.ufpel.edu.br\/prograufaurb\/wp-json\/wp\/v2\/media?parent=2655"}],"curies":[{"name":"wp","href":"https:\/\/api.w.org\/{rel}","templated":true}]}}