{"id":260,"date":"2023-11-28T12:58:39","date_gmt":"2023-11-28T15:58:39","guid":{"rendered":"https:\/\/wp.ufpel.edu.br\/prograufaurb\/?page_id=260"},"modified":"2025-11-05T13:41:17","modified_gmt":"2025-11-05T16:41:17","slug":"teoria-e-patrimonio-cultural","status":"publish","type":"page","link":"https:\/\/wp.ufpel.edu.br\/prograufaurb\/teoria-e-patrimonio-cultural\/","title":{"rendered":"teoria e patrim\u00f4nio cultural"},"content":{"rendered":"<p style=\"text-align: justify;\">A linha de pesquisa Teoria e Patrim\u00f4nio Cultural investiga a produ\u00e7\u00e3o arquitet\u00f4nica e do espa\u00e7o urbano, entendido como tecido f\u00edsico e social que envolve as dimens\u00f5es te\u00f3rica, hist\u00f3rica e simb\u00f3lica, em diversas temporalidades.<\/p>\n<p style=\"text-align: justify;\"><span style=\"color: #ff9900;\"><strong>Temas de interesse:<\/strong><\/span><\/p>\n<p style=\"text-align: justify;\">a) patrim\u00f4nio cultural, pol\u00edticas p\u00fablicas de preserva\u00e7\u00e3o, documenta\u00e7\u00e3o e meios de representa\u00e7\u00e3o e interven\u00e7\u00f5es em preexist\u00eancias de valor cultural;<\/p>\n<p style=\"text-align: justify;\">b) arquitetura e habita\u00e7\u00e3o, cidade moderna e contempor\u00e2nea, processos projetuais e apropria\u00e7\u00e3o dos espa\u00e7os;<\/p>\n<p style=\"text-align: justify;\">c) patrim\u00f4nio e sociedade, aspectos simb\u00f3licos da materialidade e da cidade, processos identit\u00e1rios, direito \u00e0 cidade e grupos em vulnerabilidade;<\/p>\n<p style=\"text-align: justify;\">d) procedimentos de an\u00e1lise da configura\u00e7\u00e3o arquitet\u00f4nica e urbana e estudos de morfologia e tipologia, rela\u00e7\u00e3o forma urbana e ocupa\u00e7\u00e3o espacial;<\/p>\n<p style=\"text-align: justify;\">e) teoria e hist\u00f3ria do urbanismo, plano e projeto de cidades novas.<\/p>\n<p style=\"text-align: justify;\">As investiga\u00e7\u00f5es articulam saberes cient\u00edficos e eruditos com saberes locais e vernaculares, bem como abordagens transdisciplinares, para compreender o processo din\u00e2mico de concep\u00e7\u00e3o, constru\u00e7\u00e3o e uso dos espa\u00e7os, o que envolve a sua manuten\u00e7\u00e3o e documenta\u00e7\u00e3o ao longo do tempo. Contempla um olhar especial para o contexto local e latino-americano.<\/p>\n<p style=\"text-align: justify;\">Esta linha de pesquisa se articula com as outras duas atrav\u00e9s dos estudos sobre a qualidade e apropria\u00e7\u00e3o dos espa\u00e7os urbanos e sobre o direito \u00e0 cidade, nas interfaces entre patrim\u00f4nio e t\u00e9cnicas construtivas, assim como nos procedimentos que utilizam t\u00e9cnicas digitais e nos estudos das quest\u00f5es regionais.<\/p>\n<p style=\"text-align: justify;\"><strong><a style=\"color: #ff9900;\" href=\"https:\/\/wp.ufpel.edu.br\/prograufaurb\/corpo-docente\/\">Docentes<\/a>:<\/strong> Adriane Borda Almeida da Silva, Aline Montagna da Silveira, Ana L\u00facia Costa de Oliveira, Celia Helena Castro Gonsales, Juliana Cavalheiro Rodrighiero, Nat\u00e1lia Naoumova e Roberta Mulazzani Doleys Soares.<\/p>\n","protected":false},"excerpt":{"rendered":"<p>A linha de pesquisa Teoria e Patrim\u00f4nio Cultural investiga a produ\u00e7\u00e3o arquitet\u00f4nica e do espa\u00e7o urbano, entendido como tecido f\u00edsico e social que envolve as dimens\u00f5es te\u00f3rica, hist\u00f3rica e simb\u00f3lica, em diversas temporalidades. Temas de interesse: a) patrim\u00f4nio cultural, pol\u00edticas p\u00fablicas de preserva\u00e7\u00e3o, documenta\u00e7\u00e3o e meios de representa\u00e7\u00e3o e interven\u00e7\u00f5es em preexist\u00eancias de valor cultural; [&hellip;]<\/p>\n","protected":false},"author":1345,"featured_media":0,"parent":0,"menu_order":0,"comment_status":"closed","ping_status":"closed","template":"","meta":{"footnotes":""},"class_list":["post-260","page","type-page","status-publish","hentry"],"_links":{"self":[{"href":"https:\/\/wp.ufpel.edu.br\/prograufaurb\/wp-json\/wp\/v2\/pages\/260","targetHints":{"allow":["GET"]}}],"collection":[{"href":"https:\/\/wp.ufpel.edu.br\/prograufaurb\/wp-json\/wp\/v2\/pages"}],"about":[{"href":"https:\/\/wp.ufpel.edu.br\/prograufaurb\/wp-json\/wp\/v2\/types\/page"}],"author":[{"embeddable":true,"href":"https:\/\/wp.ufpel.edu.br\/prograufaurb\/wp-json\/wp\/v2\/users\/1345"}],"replies":[{"embeddable":true,"href":"https:\/\/wp.ufpel.edu.br\/prograufaurb\/wp-json\/wp\/v2\/comments?post=260"}],"version-history":[{"count":4,"href":"https:\/\/wp.ufpel.edu.br\/prograufaurb\/wp-json\/wp\/v2\/pages\/260\/revisions"}],"predecessor-version":[{"id":3091,"href":"https:\/\/wp.ufpel.edu.br\/prograufaurb\/wp-json\/wp\/v2\/pages\/260\/revisions\/3091"}],"wp:attachment":[{"href":"https:\/\/wp.ufpel.edu.br\/prograufaurb\/wp-json\/wp\/v2\/media?parent=260"}],"curies":[{"name":"wp","href":"https:\/\/api.w.org\/{rel}","templated":true}]}}