{"id":259,"date":"2023-11-28T12:58:39","date_gmt":"2023-11-28T15:58:39","guid":{"rendered":"https:\/\/wp.ufpel.edu.br\/prograufaurb\/?page_id=259"},"modified":"2025-11-05T13:40:33","modified_gmt":"2025-11-05T16:40:33","slug":"arquitetura-e-tecnologia","status":"publish","type":"page","link":"https:\/\/wp.ufpel.edu.br\/prograufaurb\/arquitetura-e-tecnologia\/","title":{"rendered":"arquitetura e tecnologia"},"content":{"rendered":"<p style=\"text-align: justify;\">A linha de pesquisa Arquitetura e Tecnologia tem como objetivo promover estudos de integra\u00e7\u00e3o entre tecnologias e o ambiente constru\u00eddo, proporcionando maior qualidade ao usu\u00e1rio, bom desempenho do edif\u00edcio e sustentabilidade ambiental.<\/p>\n<p style=\"text-align: justify;\"><span style=\"color: #ff9900;\"><strong>Temas de interesse:<\/strong><\/span><\/p>\n<p style=\"text-align: justify;\">a) conforto ambiental em edifica\u00e7\u00f5es;<\/p>\n<p style=\"text-align: justify;\">b) ilumina\u00e7\u00e3o na arquitetura;<\/p>\n<p style=\"text-align: justify;\">c) retrofit de edifica\u00e7\u00f5es;<\/p>\n<p style=\"text-align: justify;\">d) coberturas e fachadas verdes;<\/p>\n<p style=\"text-align: justify;\">e) ergonomia e fatores humanos;<\/p>\n<p style=\"text-align: justify;\">f) desempenho energ\u00e9tico de edifica\u00e7\u00f5es;<\/p>\n<p style=\"text-align: justify;\">g) sustentabilidade, gest\u00e3o das etapas de projeto, constru\u00e7\u00e3o, uso, opera\u00e7\u00e3o e manuten\u00e7\u00e3o de edifica\u00e7\u00f5es;<\/p>\n<p style=\"text-align: justify;\">h) BIM na gest\u00e3o de facilidades de edif\u00edcios institucionais (\u00eanfase na gest\u00e3o da manuten\u00e7\u00e3o);<\/p>\n<p style=\"text-align: justify;\">i) industrializa\u00e7\u00e3o e pr\u00e9-fabrica\u00e7\u00e3o na constru\u00e7\u00e3o;<\/p>\n<p style=\"text-align: justify;\">j) modelagem e simula\u00e7\u00e3o computacional;<\/p>\n<p style=\"text-align: justify;\">k) geometrias complexas da arquitetura;<\/p>\n<p style=\"text-align: justify;\">l) parametriza\u00e7\u00e3o e automa\u00e7\u00e3o;<\/p>\n<p style=\"text-align: justify;\">m) biomim\u00e9tica e modelos geom\u00e9tricos performativos da arquitetura;<\/p>\n<p style=\"text-align: justify;\">n) fabrica\u00e7\u00e3o digital.<\/p>\n<p style=\"text-align: justify;\">As investiga\u00e7\u00f5es s\u00e3o conduzidas atrav\u00e9s de estudos e an\u00e1lises experimentais atrav\u00e9s da aplica\u00e7\u00e3o de ferramentas digitais de modelagem, simula\u00e7\u00e3o e parametriza\u00e7\u00e3o, adaptadas ao contexto nacional e ao ambiente clim\u00e1tico local, proporcionando boas pr\u00e1ticas e aprimoramento de solu\u00e7\u00f5es arquitet\u00f4nicas.<\/p>\n<p style=\"text-align: justify;\">Esta linha de pesquisa se articula com as outras duas linhas do programa atrav\u00e9s das interfaces patrim\u00f4nio e t\u00e9cnicas construtivas, an\u00e1lises de desempenho e avalia\u00e7\u00e3o do patrim\u00f4nio em uso; tamb\u00e9m nos procedimentos que utilizam t\u00e9cnicas digitais de modelagem e simula\u00e7\u00f5es; e na rela\u00e7\u00e3o entre psicologia ambiental, comportamento dos usu\u00e1rios e qualidade do ambiente externo, incluindo avalia\u00e7\u00f5es do espa\u00e7o urbano e suas condi\u00e7\u00f5es de conforto e acessibilidade.<\/p>\n<p style=\"text-align: justify;\"><strong><span style=\"color: #ff9900;\"><a href=\"https:\/\/wp.ufpel.edu.br\/prograufaurb\/corpo-docente\/\"><span style=\"color: #ff9900;\">Docentes<\/span><\/a><\/span>: <\/strong>Adriane Borda Almeida da Silva, Ant\u00f4nio C\u00e9sar Silveira Baptista da Silva, Celina Maria Britto Correa, Eduardo Grala da Cunha, Janice de Freitas Pires, Lu\u00eds Ant\u00f4nio dos Santos Franz, F\u00e1bio Kellermann Schramm, Lu\u00edsa Rodrigues F\u00e9lix Dalla Vecchia, Olavo Avalone Neto e Roberta Mulazzani Doleys Soares.<\/p>\n","protected":false},"excerpt":{"rendered":"<p>A linha de pesquisa Arquitetura e Tecnologia tem como objetivo promover estudos de integra\u00e7\u00e3o entre tecnologias e o ambiente constru\u00eddo, proporcionando maior qualidade ao usu\u00e1rio, bom desempenho do edif\u00edcio e sustentabilidade ambiental. Temas de interesse: a) conforto ambiental em edifica\u00e7\u00f5es; b) ilumina\u00e7\u00e3o na arquitetura; c) retrofit de edifica\u00e7\u00f5es; d) coberturas e fachadas verdes; e) ergonomia [&hellip;]<\/p>\n","protected":false},"author":1345,"featured_media":0,"parent":0,"menu_order":0,"comment_status":"closed","ping_status":"closed","template":"","meta":{"footnotes":""},"class_list":["post-259","page","type-page","status-publish","hentry"],"_links":{"self":[{"href":"https:\/\/wp.ufpel.edu.br\/prograufaurb\/wp-json\/wp\/v2\/pages\/259","targetHints":{"allow":["GET"]}}],"collection":[{"href":"https:\/\/wp.ufpel.edu.br\/prograufaurb\/wp-json\/wp\/v2\/pages"}],"about":[{"href":"https:\/\/wp.ufpel.edu.br\/prograufaurb\/wp-json\/wp\/v2\/types\/page"}],"author":[{"embeddable":true,"href":"https:\/\/wp.ufpel.edu.br\/prograufaurb\/wp-json\/wp\/v2\/users\/1345"}],"replies":[{"embeddable":true,"href":"https:\/\/wp.ufpel.edu.br\/prograufaurb\/wp-json\/wp\/v2\/comments?post=259"}],"version-history":[{"count":4,"href":"https:\/\/wp.ufpel.edu.br\/prograufaurb\/wp-json\/wp\/v2\/pages\/259\/revisions"}],"predecessor-version":[{"id":3090,"href":"https:\/\/wp.ufpel.edu.br\/prograufaurb\/wp-json\/wp\/v2\/pages\/259\/revisions\/3090"}],"wp:attachment":[{"href":"https:\/\/wp.ufpel.edu.br\/prograufaurb\/wp-json\/wp\/v2\/media?parent=259"}],"curies":[{"name":"wp","href":"https:\/\/api.w.org\/{rel}","templated":true}]}}