{"id":2543,"date":"2025-04-12T08:53:18","date_gmt":"2025-04-12T11:53:18","guid":{"rendered":"https:\/\/wp.ufpel.edu.br\/prograufaurb\/?page_id=2543"},"modified":"2025-04-12T08:53:18","modified_gmt":"2025-04-12T11:53:18","slug":"linhas-de-pesquisa","status":"publish","type":"page","link":"https:\/\/wp.ufpel.edu.br\/prograufaurb\/linhas-de-pesquisa\/","title":{"rendered":"linhas de pesquisa"},"content":{"rendered":"<p><span style=\"font-family: arial, helvetica, sans-serif; font-size: 12pt;\">A \u00e1rea de concentra\u00e7\u00e3o <span style=\"color: #ff9900;\"><strong>Fundamentos, Projeto e Tecnologia da Arquitetura e Urbanismo<\/strong><\/span>, integra investiga\u00e7\u00f5es sobre o espa\u00e7o arquitet\u00f4nico e urbano, incluindo desde a concep\u00e7\u00e3o at\u00e9 a materialidade, a produ\u00e7\u00e3o e a preserva\u00e7\u00e3o patrimonial, abordando os preceitos, teorias e aspectos da cr\u00edtica que lhe d\u00e3o suporte. Aborda as rela\u00e7\u00f5es entre ambiente, espa\u00e7o e sociedade, a gest\u00e3o, a produ\u00e7\u00e3o, a manuten\u00e7\u00e3o e o desempenho de edifica\u00e7\u00f5es, assim como os processos de projeto, de representa\u00e7\u00e3o e de avalia\u00e7\u00e3o do espa\u00e7o constru\u00eddo. Para isso apresenta tr\u00eas linhas de pesquisa, as quais articulam esses saberes de modo a avan\u00e7ar na produ\u00e7\u00e3o de conhecimentos no campo dos fundamentos, do projeto e dastecnologias em arquitetura e urbanismo:<\/span><\/p>\n<h3><span style=\"color: #ff9900;\"><a style=\"color: #ff9900;\" href=\"https:\/\/wp.ufpel.edu.br\/prograufaurb\/arquitetura-e-tecnologia\/\"><span style=\"font-family: arial, helvetica, sans-serif; font-size: 14pt;\"><strong>1. arquitetura e tecnologia<\/strong><\/span><\/a><\/span><\/h3>\n<h3><span style=\"color: #ff9900;\"><a style=\"color: #ff9900;\" href=\"https:\/\/wp.ufpel.edu.br\/prograufaurb\/cidade-e-sociedade\/\"><span style=\"font-family: arial, helvetica, sans-serif; font-size: 14pt;\"><strong>2. cidade e sociedade<\/strong><\/span><\/a><\/span><\/h3>\n<h3><span style=\"color: #ff9900;\"><a style=\"color: #ff9900;\" href=\"https:\/\/wp.ufpel.edu.br\/prograufaurb\/teoria-e-patrimonio-cultural\/\"><span style=\"font-family: arial, helvetica, sans-serif; font-size: 14pt;\"><strong>3. teoria e patrim\u00f4nio cultural<\/strong><\/span><\/a><\/span><\/h3>\n","protected":false},"excerpt":{"rendered":"<p>A \u00e1rea de concentra\u00e7\u00e3o Fundamentos, Projeto e Tecnologia da Arquitetura e Urbanismo, integra investiga\u00e7\u00f5es sobre o espa\u00e7o arquitet\u00f4nico e urbano, incluindo desde a concep\u00e7\u00e3o at\u00e9 a materialidade, a produ\u00e7\u00e3o e a preserva\u00e7\u00e3o patrimonial, abordando os preceitos, teorias e aspectos da cr\u00edtica que lhe d\u00e3o suporte. Aborda as rela\u00e7\u00f5es entre ambiente, espa\u00e7o e sociedade, a gest\u00e3o, [&hellip;]<\/p>\n","protected":false},"author":1345,"featured_media":0,"parent":0,"menu_order":0,"comment_status":"closed","ping_status":"closed","template":"","meta":{"footnotes":""},"class_list":["post-2543","page","type-page","status-publish","hentry"],"_links":{"self":[{"href":"https:\/\/wp.ufpel.edu.br\/prograufaurb\/wp-json\/wp\/v2\/pages\/2543","targetHints":{"allow":["GET"]}}],"collection":[{"href":"https:\/\/wp.ufpel.edu.br\/prograufaurb\/wp-json\/wp\/v2\/pages"}],"about":[{"href":"https:\/\/wp.ufpel.edu.br\/prograufaurb\/wp-json\/wp\/v2\/types\/page"}],"author":[{"embeddable":true,"href":"https:\/\/wp.ufpel.edu.br\/prograufaurb\/wp-json\/wp\/v2\/users\/1345"}],"replies":[{"embeddable":true,"href":"https:\/\/wp.ufpel.edu.br\/prograufaurb\/wp-json\/wp\/v2\/comments?post=2543"}],"version-history":[{"count":1,"href":"https:\/\/wp.ufpel.edu.br\/prograufaurb\/wp-json\/wp\/v2\/pages\/2543\/revisions"}],"predecessor-version":[{"id":2545,"href":"https:\/\/wp.ufpel.edu.br\/prograufaurb\/wp-json\/wp\/v2\/pages\/2543\/revisions\/2545"}],"wp:attachment":[{"href":"https:\/\/wp.ufpel.edu.br\/prograufaurb\/wp-json\/wp\/v2\/media?parent=2543"}],"curies":[{"name":"wp","href":"https:\/\/api.w.org\/{rel}","templated":true}]}}