{"id":2539,"date":"2025-04-12T08:42:38","date_gmt":"2025-04-12T11:42:38","guid":{"rendered":"https:\/\/wp.ufpel.edu.br\/prograufaurb\/?page_id=2539"},"modified":"2025-04-24T17:05:19","modified_gmt":"2025-04-24T20:05:19","slug":"2025-regular-doutorado","status":"publish","type":"page","link":"https:\/\/wp.ufpel.edu.br\/prograufaurb\/2025-regular-doutorado\/","title":{"rendered":"2025\/regular\/doutorado"},"content":{"rendered":"<header class=\"vl-main-header\">\n<h1 style=\"text-align: center;\"><img loading=\"lazy\" decoding=\"async\" class=\"alignnone size-medium wp-image-2584\" src=\"https:\/\/wp.ufpel.edu.br\/prograufaurb\/files\/2025\/04\/Edital-doutorado-366x400.jpg\" alt=\"\" width=\"366\" height=\"400\" srcset=\"https:\/\/wp.ufpel.edu.br\/prograufaurb\/files\/2025\/04\/Edital-doutorado-366x400.jpg 366w, https:\/\/wp.ufpel.edu.br\/prograufaurb\/files\/2025\/04\/Edital-doutorado-938x1024.jpg 938w, https:\/\/wp.ufpel.edu.br\/prograufaurb\/files\/2025\/04\/Edital-doutorado-768x839.jpg 768w, https:\/\/wp.ufpel.edu.br\/prograufaurb\/files\/2025\/04\/Edital-doutorado.jpg 1063w\" sizes=\"auto, (max-width: 366px) 100vw, 366px\" \/><\/h1>\n<h1><span style=\"font-size: 15px; font-weight: 400;\">As inscri\u00e7\u00f5es para sele\u00e7\u00e3o de alunos regulares para o <\/span><strong style=\"font-size: 15px;\">doutorado<\/strong><span style=\"font-size: 15px; font-weight: 400;\">\u00a0do PROGRAU estar\u00e3o abertas de\u00a0<\/span><strong style=\"font-size: 15px;\">05 de maio \u00e0 16 de junho de 2025<\/strong><span style=\"font-size: 15px; font-weight: 400;\">.<\/span><\/h1>\n<\/header>\n<article id=\"post-1627\" class=\"vl-article-content post-1627 page type-page status-publish hentry\">\n<div class=\"entry-content\">\n<p>O Programa disponibiliza 16 vagas, distribu\u00eddas por linhas de pesquisa.<\/p>\n<p><a href=\"https:\/\/wp.ufpel.edu.br\/prograufaurb\/files\/2025\/04\/SEI_3038954_Edital_de_selecao_PRPPG_61.pdf\" target=\"_blank\" rel=\"noopener\"><strong>Para acessar o Edital clique aqui\u00a0<\/strong><\/a><\/p>\n<p><a href=\"https:\/\/wp.ufpel.edu.br\/prograufaurb\/files\/2024\/05\/FORMULARIO-DE-INSCRICAO_doutorado-1.doc\"><strong>Formul\u00e1rio de Inscri\u00e7\u00e3o<\/strong><\/a><\/p>\n<p><a href=\"https:\/\/wp.ufpel.edu.br\/prograufaurb\/files\/2024\/04\/ANEXO-A.pdf\"><strong>Anexo A<\/strong><\/a><\/p>\n<p><strong><a href=\"https:\/\/wp.ufpel.edu.br\/prograu\/files\/2022\/12\/Declaracao-de-Etnia-Pos-Graduacao.pdf\" target=\"_blank\" rel=\"noopener\">Autodeclara\u00e7\u00e3o de Etnia<\/a><\/strong><\/p>\n<p><strong><a href=\"https:\/\/wp.ufpel.edu.br\/prograu\/files\/2022\/12\/Autodeclaracao_de_Identidade_de_Genero.pdf\" target=\"_blank\" rel=\"noopener\">Autodeclara\u00e7\u00e3o de Identidade de G\u00eanero<\/a><\/strong><\/p>\n<p><em>O FORMUL\u00c1RIO DE INSCRI\u00c7\u00c3O E OS DEMAIS DOCUMENTOS DEVEM SER ENVIADOS PARA O E-MAIL:<\/em><\/p>\n<p class=\"p1\"><span class=\"s1\"><a href=\"mailto:selecaoprograudoutorado@gmail.com\"><b>selecaoprograudoutorado@gmail.com<\/b><\/a><\/span><\/p>\n<\/div>\n<\/article>\n","protected":false},"excerpt":{"rendered":"<p>As inscri\u00e7\u00f5es para sele\u00e7\u00e3o de alunos regulares para o doutorado\u00a0do PROGRAU estar\u00e3o abertas de\u00a005 de maio \u00e0 16 de junho de 2025. O Programa disponibiliza 16 vagas, distribu\u00eddas por linhas de pesquisa. Para acessar o Edital clique aqui\u00a0 Formul\u00e1rio de Inscri\u00e7\u00e3o Anexo A Autodeclara\u00e7\u00e3o de Etnia Autodeclara\u00e7\u00e3o de Identidade de G\u00eanero O FORMUL\u00c1RIO DE INSCRI\u00c7\u00c3O [&hellip;]<\/p>\n","protected":false},"author":1345,"featured_media":0,"parent":0,"menu_order":0,"comment_status":"closed","ping_status":"closed","template":"","meta":{"footnotes":""},"class_list":["post-2539","page","type-page","status-publish","hentry"],"_links":{"self":[{"href":"https:\/\/wp.ufpel.edu.br\/prograufaurb\/wp-json\/wp\/v2\/pages\/2539","targetHints":{"allow":["GET"]}}],"collection":[{"href":"https:\/\/wp.ufpel.edu.br\/prograufaurb\/wp-json\/wp\/v2\/pages"}],"about":[{"href":"https:\/\/wp.ufpel.edu.br\/prograufaurb\/wp-json\/wp\/v2\/types\/page"}],"author":[{"embeddable":true,"href":"https:\/\/wp.ufpel.edu.br\/prograufaurb\/wp-json\/wp\/v2\/users\/1345"}],"replies":[{"embeddable":true,"href":"https:\/\/wp.ufpel.edu.br\/prograufaurb\/wp-json\/wp\/v2\/comments?post=2539"}],"version-history":[{"count":5,"href":"https:\/\/wp.ufpel.edu.br\/prograufaurb\/wp-json\/wp\/v2\/pages\/2539\/revisions"}],"predecessor-version":[{"id":2589,"href":"https:\/\/wp.ufpel.edu.br\/prograufaurb\/wp-json\/wp\/v2\/pages\/2539\/revisions\/2589"}],"wp:attachment":[{"href":"https:\/\/wp.ufpel.edu.br\/prograufaurb\/wp-json\/wp\/v2\/media?parent=2539"}],"curies":[{"name":"wp","href":"https:\/\/api.w.org\/{rel}","templated":true}]}}