{"id":2463,"date":"2025-03-26T16:25:21","date_gmt":"2025-03-26T19:25:21","guid":{"rendered":"https:\/\/wp.ufpel.edu.br\/prograufaurb\/?page_id=2463"},"modified":"2025-04-15T15:04:22","modified_gmt":"2025-04-15T18:04:22","slug":"agenda","status":"publish","type":"page","link":"https:\/\/wp.ufpel.edu.br\/prograufaurb\/agenda\/","title":{"rendered":"agenda"},"content":{"rendered":"<p><span style=\"color: #ff9900; font-family: arial, helvetica, sans-serif;\"><strong><span style=\"font-size: 14pt;\">EVENTOS<\/span><\/strong> <\/span><\/p>\n<p><span style=\"font-family: arial, helvetica, sans-serif;\"><strong><span style=\"color: #ff9900;\">XXI ENANPUR: Ideias, pol\u00edticas e pr\u00e1ticas em territorialidades do Sul Global<\/span><\/strong><\/span><br \/>\n<span style=\"font-family: arial, helvetica, sans-serif;\">Data: 19 a 23 de maio de 2025<\/span><br \/>\n<span style=\"font-family: arial, helvetica, sans-serif;\">Local: Curitiba &#8211; PR<\/span><br \/>\n<span style=\"font-family: arial, helvetica, sans-serif;\">Site do evento: <a href=\"https:\/\/xxienanpur.anpur.org.br\/\" target=\"_blank\" rel=\"noopener\"><span style=\"color: #ff9900;\">https:\/\/xxienanpur.anpur.org.br\/<\/span><\/a><\/span><\/p>\n<p><span style=\"font-family: arial, helvetica, sans-serif;\"><strong><span style=\"color: #ff9900;\">III Semin\u00e1rio Internacional de Patrim\u00f4nio Industrial Alimento e Sustentabilidade: Tecnologias Produtivas antigas e atuais em Museus e Comunidades Sustent\u00e1veis<\/span><\/strong><\/span><br \/>\n<span style=\"font-family: arial, helvetica, sans-serif;\">Data: 28 a 31 de Maio de 2025<\/span><br \/>\n<span style=\"font-family: arial, helvetica, sans-serif;\">Local: Pelotas &#8211; RS<\/span><br \/>\n<span style=\"font-family: arial, helvetica, sans-serif;\">Site do evento: <span style=\"color: #ff9900;\">https:\/\/www.even3.com.br\/sempias2025\/<\/span><\/span><\/p>\n<p><span style=\"font-family: arial, helvetica, sans-serif;\"><strong><span style=\"color: #ff9900;\">GRAPHICA<\/span><\/strong><\/span><br \/>\n<span style=\"font-family: arial, helvetica, sans-serif;\">Data: 27 a 30 de Maio de 2025<\/span><br \/>\n<span style=\"font-family: arial, helvetica, sans-serif;\">Local: Pelotas &#8211; RS<\/span><br \/>\n<span style=\"font-family: arial, helvetica, sans-serif;\">Site do evento: <a href=\"https:\/\/www.even3.com.br\/graphica-430628\/\" target=\"_blank\" rel=\"noopener\"><span style=\"color: #ff9900;\">https:\/\/www.even3.com.br\/graphica-430628\/<\/span><\/a><\/span><\/p>\n<p><span style=\"color: #ff9900; font-family: arial, helvetica, sans-serif;\"><strong>XXVI Jornadas Internacionales de Patrimonio Industrial<\/strong><\/span><br \/>\n<span style=\"font-family: arial, helvetica, sans-serif;\">Data: 18 a 21 de Junho de 2025<\/span><br \/>\n<span style=\"font-family: arial, helvetica, sans-serif;\">Local: Asturias &#8211; Espanha<\/span><br \/>\n<span style=\"font-family: arial, helvetica, sans-serif;\">Site do evento: <a href=\"https:\/\/incuna.es\/jornadas-internacionales-de-patrimonio-industrial\/jornadas-2025\/\" target=\"_blank\" rel=\"noopener\"><span style=\"color: #ff9900;\">https:\/\/incuna.es\/jornadas-internacionales-de-patrimonio-industrial\/jornadas-2025\/<\/span><\/a><\/span><\/p>\n<p><span style=\"color: #ff9900; font-family: arial, helvetica, sans-serif;\"><strong>PNUM 2025 &#8211; Para al\u00e9m da forma: Territ\u00f3rio e Desafio Societais<\/strong><\/span><br \/>\n<span style=\"font-family: arial, helvetica, sans-serif;\">Data: 25 a 27 de Junho de 2025<\/span><br \/>\n<span style=\"font-family: arial, helvetica, sans-serif;\">Local: Porto &#8211; Portugal<\/span><br \/>\n<span style=\"font-family: arial, helvetica, sans-serif;\">Site do evento: <a href=\"https:\/\/ciaud-upt.upt.pt\/pt\/pnum-2025\/\" target=\"_blank\" rel=\"noopener\"><span style=\"color: #ff9900;\">https:\/\/ciaud-upt.upt.pt\/pt\/pnum-2025\/<\/span><\/a><\/span><\/p>\n<p><span style=\"font-family: arial, helvetica, sans-serif;\"><strong><span style=\"color: #ff9900;\">XVII Semin\u00e1rio Internacional de Investiga\u00e7\u00e3o em Urbanismo<\/span><\/strong><\/span><br \/>\n<span style=\"font-family: arial, helvetica, sans-serif;\">Data: 21 a 22 de Agosto<\/span><br \/>\n<span style=\"font-family: arial, helvetica, sans-serif;\">Local: Campinas &#8211; SP<\/span><br \/>\n<span style=\"font-family: arial, helvetica, sans-serif;\">Site do evento: <a href=\"https:\/\/www.even3.com.br\/xvii-seminario-internacional-de-investigacao-em-urbanismo-514377\/\" target=\"_blank\" rel=\"noopener\"><span style=\"color: #ff9900;\">https:\/\/www.even3.com.br\/xvii-seminario-internacional-de-investigacao-em-urbanismo-514377\/<\/span><\/a><\/span><\/p>\n<p><span style=\"font-family: arial, helvetica, sans-serif;\"><strong><span style=\"color: #ff9900;\">PROJETAR 2025: Reexistir no mundo contempor\u00e2neo<\/span><\/strong><\/span><br \/>\n<span style=\"font-family: arial, helvetica, sans-serif;\">Data: 14 a 17 de Outubro de 2025<\/span><br \/>\n<span style=\"font-family: arial, helvetica, sans-serif;\">Local: Pelotas &#8211; RS<\/span><br \/>\n<span style=\"font-family: arial, helvetica, sans-serif;\">Site do evento: <a href=\"https:\/\/www.even3.com.br\/projetar2025\/\" target=\"_blank\" rel=\"noopener\"><span style=\"color: #ff9900;\">https:\/\/www.even3.com.br\/projetar2025\/<\/span><\/a><\/span><\/p>\n<p><span style=\"font-family: arial, helvetica, sans-serif;\"><strong><span style=\"color: #ff9900;\">XII Congresso Brasileiro de Direito Urban\u00edstico (CBDU)<\/span><\/strong><\/span><br \/>\n<span style=\"font-family: arial, helvetica, sans-serif;\">Data: 21 a 23 de Outubro de 2025<\/span><br \/>\n<span style=\"font-family: arial, helvetica, sans-serif;\">Local: H\u00edbrido<\/span><br \/>\n<span style=\"font-family: arial, helvetica, sans-serif;\">Site do evento: <a href=\"https:\/\/ibdu.org.br\/\" target=\"_blank\" rel=\"noopener\"><span style=\"color: #ff9900;\">https:\/\/ibdu.org.br\/<\/span><\/a><\/span><\/p>\n<p><span style=\"color: #ff9900; font-family: arial, helvetica, sans-serif;\"><strong>16\u00ba DOCOMO BRASIL &#8211; O futuro do passado: Arquitetura Moderno viva e urbana<\/strong><\/span><br \/>\n<span style=\"font-family: arial, helvetica, sans-serif;\">Data: 10 a 14 de novembro de 2025<\/span><br \/>\n<span style=\"font-family: arial, helvetica, sans-serif;\">Local: Porto Alegre &#8211; RS<\/span><br \/>\n<span style=\"font-family: arial, helvetica, sans-serif;\">Site do evento: <a href=\"https:\/\/16docomomobrasil.wixsite.com\/docomomo-brasil\" target=\"_blank\" rel=\"noopener\"><span style=\"color: #ff9900;\">https:\/\/16docomomobrasil.wixsite.com\/docomomo-brasil<\/span><\/a><\/span><\/p>\n<p><span style=\"font-family: arial, helvetica, sans-serif;\"><strong><span style=\"color: #ff9900;\">IX Simp\u00f3sio Brasileiro de Qualidade do Projeto (SBPQ 2025) &#8211; Requalifica\u00e7\u00e3o urbana: das habita\u00e7\u00f5es aos equipamentos culturais na era digital<\/span><\/strong><\/span><br \/>\n<span style=\"font-family: arial, helvetica, sans-serif;\">Data: 17 a 19 de novembro de 2025<\/span><br \/>\n<span style=\"font-family: arial, helvetica, sans-serif;\">Local: S\u00e3o Paulo &#8211; SP<\/span><br \/>\n<span style=\"font-family: arial, helvetica, sans-serif;\">Site do evento: <a href=\"https:\/\/www.sbqp2025.fau.usp.br\/\" target=\"_blank\" rel=\"noopener\"><span style=\"color: #ff9900;\">https:\/\/www.sbqp2025.fau.usp.br\/<\/span><\/a><\/span><\/p>\n<p><span style=\"font-family: arial, helvetica, sans-serif;\"><strong><span style=\"color: #ff9900;\">Curso de Imers\u00e3o &#8211; Educa\u00e7\u00e3o Ambiental: Escola e Territ\u00f3rio em A\u00e7\u00e3o<\/span><\/strong><\/span><br \/>\n<span style=\"font-family: arial, helvetica, sans-serif;\">Data: 21 de Mar\u00e7o de 2025 a 14 de Mar\u00e7o de 2026<\/span><br \/>\n<span style=\"font-family: arial, helvetica, sans-serif;\">Local: Online<\/span><br \/>\n<span style=\"font-family: arial, helvetica, sans-serif;\">Site do evento: <a href=\"https:\/\/www.even3.com.br\/curso_ed_ambiental\/\" target=\"_blank\" rel=\"noopener\"><span style=\"color: #ff9900;\">https:\/\/www.even3.com.br\/curso_ed_ambiental\/<\/span><\/a><\/span><\/p>\n<p><span style=\"font-size: 14pt; font-family: arial, helvetica, sans-serif;\"><strong><span style=\"color: #ff9900;\">CHAMADA DE PERI\u00d3DICOS<\/span><\/strong><\/span><\/p>\n<p><span style=\"font-family: arial, helvetica, sans-serif;\"><strong><span style=\"color: #ff9900;\">Revista Acervo<\/span><\/strong><\/span><br \/>\n<span style=\"font-family: arial, helvetica, sans-serif;\">Tema: Mem\u00f3rias coletivas e identidades locais em institui\u00e7\u00f5es patrimoniais<\/span><br \/>\n<span style=\"font-family: arial, helvetica, sans-serif;\">Data limite: 30 de Abril de 2025<\/span><br \/>\n<span style=\"font-family: arial, helvetica, sans-serif;\">Site do peri\u00f3dico: <a href=\"https:\/\/revistaacervo.an.gov.br\/index.php\/revistaacervo\/%20announcement\/view\/101\" target=\"_blank\" rel=\"noopener\"><span style=\"color: #ff9900;\">https:\/\/revistaacervo.an.gov.br\/index.php\/revistaacervo\/%20announcement\/view\/101<\/span><\/a><\/span><\/p>\n<p><span style=\"font-family: arial, helvetica, sans-serif;\"><strong><span style=\"color: #ff9900;\">Revista Brasileira de Estudos Urbanos e Regionais<\/span><\/strong><\/span><br \/>\n<span style=\"font-family: arial, helvetica, sans-serif;\">Tema: Dossi\u00ea: Entre variega\u00e7\u00e3o, nega\u00e7\u00e3o e constitui\u00e7\u00e3o. Refundar o pensamento urbano-regional latino-americano<\/span><br \/>\n<span style=\"font-family: arial, helvetica, sans-serif;\">Data limite: 30 de Abril de 2025<\/span><br \/>\n<span style=\"font-family: arial, helvetica, sans-serif;\">Site do peri\u00f3dico: <a href=\"https:\/\/rbeur.anpur.org.br\/rbeur\/announcement\/view\/30\" target=\"_blank\" rel=\"noopener\"><span style=\"color: #ff9900;\">https:\/\/rbeur.anpur.org.br\/rbeur\/announcement\/view\/30<\/span><\/a><\/span><\/p>\n<p><span style=\"font-family: arial, helvetica, sans-serif;\"><strong><span style=\"color: #ff9900;\">Pol\u00edticas Culturais em Revista<\/span><\/strong><\/span><br \/>\n<span style=\"font-family: arial, helvetica, sans-serif;\">Tema: Cultura e Mudan\u00e7as Clim\u00e1ticas: Pol\u00edticas para regenerar o mundo<\/span><br \/>\n<span style=\"font-family: arial, helvetica, sans-serif;\">Data limite: 30 de Abril de 2025<\/span><br \/>\n<span style=\"font-family: arial, helvetica, sans-serif;\">Site do peri\u00f3dico: <a href=\"https:\/\/periodicos.ufba.br\/index.php\/pculturais\/announcement\/view\/834\" target=\"_blank\" rel=\"noopener\"><span style=\"color: #ff9900;\">https:\/\/periodicos.ufba.br\/index.php\/pculturais\/announcement\/view\/834<\/span><\/a><\/span><\/p>\n<p><span style=\"font-family: arial, helvetica, sans-serif;\"><strong><span style=\"color: #ff9900;\">PROJECTARE<\/span><\/strong><\/span><br \/>\n<span style=\"font-family: arial, helvetica, sans-serif;\">Tema: Cidades M\u00e9dias: Protagonismo Territorial, Sustentabilidade e Inclus\u00e3o Social<\/span><br \/>\n<span style=\"font-family: arial, helvetica, sans-serif;\">Data limite: 18 de Maio de 2025<\/span><br \/>\n<span style=\"font-family: arial, helvetica, sans-serif;\">Site do peri\u00f3dico: <a href=\"https:\/\/periodicos.ufpel.edu.br\/index.php\/Projectare\" target=\"_blank\" rel=\"noopener\"><span style=\"color: #ff9900;\">https:\/\/periodicos.ufpel.edu.br\/index.php\/Projectare<\/span><\/a><\/span><\/p>\n<p><span style=\"font-family: arial, helvetica, sans-serif;\"><strong><span style=\"color: #ff9900;\">Revista Mem\u00f3ria em Rede<\/span><\/strong><\/span><br \/>\n<span style=\"font-family: arial, helvetica, sans-serif;\">Tema: Dossi\u00ea: Disputas pelas mem\u00f3rias e patrim\u00f4nios nos contextos de infocracia<\/span><br \/>\n<span style=\"font-family: arial, helvetica, sans-serif;\">Data limite: 31 de Maio de 2025<\/span><br \/>\n<span style=\"font-family: arial, helvetica, sans-serif;\">Site do peri\u00f3dico: <a href=\"https:\/\/periodicos.ufpel.edu.br\/index.php\/Memoria\/announcement\" target=\"_blank\" rel=\"noopener\"><span style=\"color: #ff9900;\">https:\/\/periodicos.ufpel.edu.br\/index.php\/Memoria\/announcement<\/span><\/a><\/span><\/p>\n<p><span style=\"font-family: arial, helvetica, sans-serif;\"><strong><span style=\"color: #ff9900;\">Revista Tempo e Argumento<\/span><\/strong><\/span><br \/>\n<span style=\"font-family: arial, helvetica, sans-serif;\">Tema: Movimentos rebeldes e popula\u00e7\u00f5es afro-amer\u00edndias na Am\u00e9rica Latina<\/span><br \/>\n<span style=\"font-family: arial, helvetica, sans-serif;\">Data limite: 31 de Maio de 2025<\/span><br \/>\n<span style=\"font-family: arial, helvetica, sans-serif;\">Site do peri\u00f3dico: <a href=\"https:\/\/revistas.udesc.br\/index.php\/tempo\/index\" target=\"_blank\" rel=\"noopener\"><span style=\"color: #ff9900;\">https:\/\/revistas.udesc.br\/index.php\/tempo\/index<\/span><\/a><\/span><\/p>\n<p><span style=\"font-family: arial, helvetica, sans-serif;\"><strong><span style=\"color: #ff9900;\">Revista Patrim\u00f4nio e Mem\u00f3ria<\/span><\/strong><\/span><br \/>\n<span style=\"font-family: arial, helvetica, sans-serif;\">Tema: Dossi\u00ea Patrim\u00f4nios Dif\u00edceis<\/span><br \/>\n<span style=\"font-family: arial, helvetica, sans-serif;\">Data limite: 30 de Junho de 2025<\/span><br \/>\n<span style=\"font-family: arial, helvetica, sans-serif;\">Site do peri\u00f3dico: <a href=\"https:\/\/pem.assis.unesp.br\/index.php\/pem\/announcement\/view\/55\" target=\"_blank\" rel=\"noopener\"><span style=\"color: #ff9900;\">https:\/\/pem.assis.unesp.br\/index.php\/pem\/announcement\/view\/55<\/span><\/a><\/span><\/p>\n<p><span style=\"font-family: arial, helvetica, sans-serif;\"><strong><span style=\"color: #ff9900;\">HISTORIAE<\/span><\/strong><\/span><br \/>\n<span style=\"font-family: arial, helvetica, sans-serif;\">Tema: Dossi\u00ea Hist\u00f3ria das mulheres, das rela\u00e7\u00f5es de g\u00eanero e das viol\u00eancias: interseccionalidades e interdisciplinaridades<\/span><br \/>\n<span style=\"font-family: arial, helvetica, sans-serif;\">Data limite: 30 de Junho de 2025<\/span><br \/>\n<span style=\"font-family: arial, helvetica, sans-serif;\">Site do peri\u00f3dico: <a href=\"https:\/\/periodicos.furg.br\/hist\/announcement\/view\/495\" target=\"_blank\" rel=\"noopener\"><span style=\"color: #ff9900;\">https:\/\/periodicos.furg.br\/hist\/announcement\/view\/495<\/span><\/a><\/span><\/p>\n<p><span style=\"font-family: arial, helvetica, sans-serif;\"><strong><span style=\"color: #ff9900;\">\u00cdMPETO<\/span><\/strong><\/span><br \/>\n<span style=\"font-family: arial, helvetica, sans-serif;\">Tema: Dossi\u00ea Escola como equipamento de estrutura\u00e7\u00e3o da vida cotidiana<\/span><br \/>\n<span style=\"font-family: arial, helvetica, sans-serif;\">Data limite: 30 de Junho de 2025<\/span><br \/>\n<span style=\"font-family: arial, helvetica, sans-serif;\">Site do peri\u00f3dico: <a href=\"https:\/\/www.seer.ufal.br\/index.php\/revistaimpeto\/announcement\/view\/291\" target=\"_blank\" rel=\"noopener\"><span style=\"color: #ff9900;\">https:\/\/www.seer.ufal.br\/index.php\/revistaimpeto\/announcement\/view\/291<\/span><\/a><\/span><\/p>\n<p><span style=\"font-family: arial, helvetica, sans-serif;\"><strong><span style=\"color: #ff9900;\">Of\u00edcios de Clio<\/span><\/strong><\/span><br \/>\n<span style=\"font-family: arial, helvetica, sans-serif;\">Tema: Teorias da Hist\u00f3ria e Usos do Passado<\/span><br \/>\n<span style=\"font-family: arial, helvetica, sans-serif;\">Data limite: 30 de Junho de 2025<\/span><br \/>\n<span style=\"font-family: arial, helvetica, sans-serif;\">Site do peri\u00f3dico: <a href=\"https:\/\/periodicos.ufpel.edu.br\/index.php\/CLIO\/announcement\" target=\"_blank\" rel=\"noopener\"><span style=\"color: #ff9900;\">https:\/\/periodicos.ufpel.edu.br\/index.php\/CLIO\/announcement<\/span><\/a><\/span><\/p>\n<p><span style=\"font-family: arial, helvetica, sans-serif;\"><strong><span style=\"color: #ff9900;\">PIXO<\/span><\/strong><\/span><br \/>\n<span style=\"font-family: arial, helvetica, sans-serif;\">Tema: Saberes Ancestrais: Aproxima\u00e7\u00f5es com Arquitetura, Urbanismo e Cidades<\/span><br \/>\n<span style=\"font-family: arial, helvetica, sans-serif;\">Data limite: 16 de Julho de 2025<\/span><br \/>\n<span style=\"font-family: arial, helvetica, sans-serif;\">Site do peri\u00f3dico: <a href=\"https:\/\/periodicos.ufpel.edu.br\/index.php\/pixo\/announcement\/view\/685\" target=\"_blank\" rel=\"noopener\"><span style=\"color: #ff9900;\">https:\/\/periodicos.ufpel.edu.br\/index.php\/pixo\/announcement\/view\/685<\/span><\/a><\/span><\/p>\n<p><span style=\"font-family: arial, helvetica, sans-serif;\"><strong><span style=\"color: #ff9900;\">Escritas do Tempo<\/span><\/strong><\/span><br \/>\n<span style=\"font-family: arial, helvetica, sans-serif;\">Tema: Conflitos e Viol\u00eancia no campo e nos biomas: Mem\u00f3rias e Hist\u00f3rias por escrito<\/span><br \/>\n<span style=\"font-family: arial, helvetica, sans-serif;\">Data limite: 30 de Julho de 2025<\/span><br \/>\n<span style=\"font-family: arial, helvetica, sans-serif;\">Site do peri\u00f3dico:<a href=\"https:\/\/periodicos.unifesspa.edu.br\/index.php\/escritasdotempo\/announcement\/view\/92\" target=\"_blank\" rel=\"noopener\"><span style=\"color: #ff9900;\"> https:\/\/periodicos.unifesspa.edu.br\/index.php\/escritasdotempo\/announcement\/view\/92<\/span><\/a><\/span><\/p>\n<p><span style=\"font-family: arial, helvetica, sans-serif;\"><strong><span style=\"color: #ff9900;\">Revista do Patrim\u00f4nio &#8211; IPHAN<\/span><\/strong><\/span><br \/>\n<span style=\"font-family: arial, helvetica, sans-serif;\">Tema: Patrim\u00f4nios Culturais: O imaterial como pot\u00eancia<\/span><br \/>\n<span style=\"font-family: arial, helvetica, sans-serif;\">Data limite: 31 de Julho de 2025<\/span><br \/>\n<span style=\"font-family: arial, helvetica, sans-serif;\">Site do peri\u00f3dico: <a href=\"https:\/\/www.gov.br\/iphan\/pt-br\/centrais-de-conteudo\/publicacoes\/revista-do-patrimonio\/chamadas-abertas\" target=\"_blank\" rel=\"noopener\"><span style=\"color: #ff9900;\">https:\/\/www.gov.br\/iphan\/pt-br\/centrais-de-conteudo\/publicacoes\/revista-do-patrimonio\/chamadas-abertas<\/span><\/a><\/span><\/p>\n<p>&nbsp;<\/p>\n","protected":false},"excerpt":{"rendered":"<p>EVENTOS XXI ENANPUR: Ideias, pol\u00edticas e pr\u00e1ticas em territorialidades do Sul Global Data: 19 a 23 de maio de 2025 Local: Curitiba &#8211; PR Site do evento: https:\/\/xxienanpur.anpur.org.br\/ III Semin\u00e1rio Internacional de Patrim\u00f4nio Industrial Alimento e Sustentabilidade: Tecnologias Produtivas antigas e atuais em Museus e Comunidades Sustent\u00e1veis Data: 28 a 31 de Maio de 2025 [&hellip;]<\/p>\n","protected":false},"author":1345,"featured_media":0,"parent":0,"menu_order":0,"comment_status":"closed","ping_status":"closed","template":"","meta":{"footnotes":""},"class_list":["post-2463","page","type-page","status-publish","hentry"],"_links":{"self":[{"href":"https:\/\/wp.ufpel.edu.br\/prograufaurb\/wp-json\/wp\/v2\/pages\/2463","targetHints":{"allow":["GET"]}}],"collection":[{"href":"https:\/\/wp.ufpel.edu.br\/prograufaurb\/wp-json\/wp\/v2\/pages"}],"about":[{"href":"https:\/\/wp.ufpel.edu.br\/prograufaurb\/wp-json\/wp\/v2\/types\/page"}],"author":[{"embeddable":true,"href":"https:\/\/wp.ufpel.edu.br\/prograufaurb\/wp-json\/wp\/v2\/users\/1345"}],"replies":[{"embeddable":true,"href":"https:\/\/wp.ufpel.edu.br\/prograufaurb\/wp-json\/wp\/v2\/comments?post=2463"}],"version-history":[{"count":8,"href":"https:\/\/wp.ufpel.edu.br\/prograufaurb\/wp-json\/wp\/v2\/pages\/2463\/revisions"}],"predecessor-version":[{"id":2560,"href":"https:\/\/wp.ufpel.edu.br\/prograufaurb\/wp-json\/wp\/v2\/pages\/2463\/revisions\/2560"}],"wp:attachment":[{"href":"https:\/\/wp.ufpel.edu.br\/prograufaurb\/wp-json\/wp\/v2\/media?parent=2463"}],"curies":[{"name":"wp","href":"https:\/\/api.w.org\/{rel}","templated":true}]}}