{"id":244,"date":"2023-11-28T12:49:09","date_gmt":"2023-11-28T15:49:09","guid":{"rendered":"https:\/\/wp.ufpel.edu.br\/prograufaurb\/?page_id=244"},"modified":"2025-12-05T08:49:13","modified_gmt":"2025-12-05T11:49:13","slug":"2026-1","status":"publish","type":"page","link":"https:\/\/wp.ufpel.edu.br\/prograufaurb\/2026-1\/","title":{"rendered":"2026\/regular\/mestrado"},"content":{"rendered":"<p><span style=\"font-family: arial, helvetica, sans-serif; font-size: 12pt;\">As inscri\u00e7\u00f5es para sele\u00e7\u00e3o de alunos regulares para o mestrado do PROGRAU estar\u00e3o abertas de 30 de novembro de 2025 a 30 de janeiro de 2026<\/span><\/p>\n<p><span style=\"font-family: arial, helvetica, sans-serif; font-size: 12pt;\">O Programa disponibiliza 29 vagas, distribu\u00eddas por linha de pesquisa.<\/span><\/p>\n<p><span style=\"font-size: 18pt;\"><strong><span style=\"color: #ff9900; font-family: arial, helvetica, sans-serif;\"><a style=\"color: #ff9900;\" href=\"https:\/\/wp.ufpel.edu.br\/prograufaurb\/files\/2025\/11\/SEI_3480927_Edital_de_selecao_PRPPG_221.pdf\">Edital clique aqui<\/a><\/span><\/strong><\/span><\/p>\n<p><strong><span style=\"color: #ff9900; font-family: arial, helvetica, sans-serif; font-size: 12pt;\"><a style=\"color: #ff9900;\" href=\"https:\/\/wp.ufpel.edu.br\/prograufaurb\/files\/2025\/12\/Anexo-A.pdf\" target=\"_blank\" rel=\"noopener\">Anexo A<\/a><\/span><\/strong><\/p>\n<p><strong><span style=\"color: #ff9900; font-family: arial, helvetica, sans-serif; font-size: 12pt;\"><a style=\"color: #ff9900;\" href=\"https:\/\/wp.ufpel.edu.br\/prograufaurb\/files\/2025\/11\/Anexo-B-Pontuacao-do-Curriculo-Lattes.pdf\" target=\"_blank\" rel=\"noopener\">Anexo B<\/a><\/span><\/strong><\/p>\n<p><strong><span style=\"font-family: arial, helvetica, sans-serif; color: #ff9900; font-size: 12pt;\"><a style=\"color: #ff9900;\" href=\"https:\/\/wp.ufpel.edu.br\/prograufaurb\/files\/2024\/11\/FORMULARIO-DE-INSCRICAO-1.doc\" target=\"_blank\" rel=\"noopener\">Formul\u00e1rio de Inscri\u00e7\u00e3o<\/a><\/span><\/strong><\/p>\n<p>&nbsp;<\/p>\n<p><span style=\"font-family: arial, helvetica, sans-serif; font-size: 12pt;\"><em>O FORMUL\u00c1RIO DE INSCRI\u00c7\u00c3O E OS DEMAIS DOCUMENTOS DEVEM SER ENVIADOS PARA O E-MAIL:<\/em>\u00a0<\/span><\/p>\n<p><span style=\"font-size: 14pt; color: #ff9900;\"><a style=\"color: #ff9900;\" href=\"selecaoprograumestrado@gmail.com\"><span style=\"font-family: arial, helvetica, sans-serif;\"><strong>selecaoprograumestrado@gmail.com<\/strong><\/span><\/a><\/span><\/p>\n","protected":false},"excerpt":{"rendered":"<p>As inscri\u00e7\u00f5es para sele\u00e7\u00e3o de alunos regulares para o mestrado do PROGRAU estar\u00e3o abertas de 30 de novembro de 2025 a 30 de janeiro de 2026 O Programa disponibiliza 29 vagas, distribu\u00eddas por linha de pesquisa. Edital clique aqui Anexo A Anexo B Formul\u00e1rio de Inscri\u00e7\u00e3o &nbsp; O FORMUL\u00c1RIO DE INSCRI\u00c7\u00c3O E OS DEMAIS DOCUMENTOS [&hellip;]<\/p>\n","protected":false},"author":1345,"featured_media":0,"parent":0,"menu_order":0,"comment_status":"closed","ping_status":"closed","template":"","meta":{"footnotes":""},"class_list":["post-244","page","type-page","status-publish","hentry"],"_links":{"self":[{"href":"https:\/\/wp.ufpel.edu.br\/prograufaurb\/wp-json\/wp\/v2\/pages\/244","targetHints":{"allow":["GET"]}}],"collection":[{"href":"https:\/\/wp.ufpel.edu.br\/prograufaurb\/wp-json\/wp\/v2\/pages"}],"about":[{"href":"https:\/\/wp.ufpel.edu.br\/prograufaurb\/wp-json\/wp\/v2\/types\/page"}],"author":[{"embeddable":true,"href":"https:\/\/wp.ufpel.edu.br\/prograufaurb\/wp-json\/wp\/v2\/users\/1345"}],"replies":[{"embeddable":true,"href":"https:\/\/wp.ufpel.edu.br\/prograufaurb\/wp-json\/wp\/v2\/comments?post=244"}],"version-history":[{"count":4,"href":"https:\/\/wp.ufpel.edu.br\/prograufaurb\/wp-json\/wp\/v2\/pages\/244\/revisions"}],"predecessor-version":[{"id":3183,"href":"https:\/\/wp.ufpel.edu.br\/prograufaurb\/wp-json\/wp\/v2\/pages\/244\/revisions\/3183"}],"wp:attachment":[{"href":"https:\/\/wp.ufpel.edu.br\/prograufaurb\/wp-json\/wp\/v2\/media?parent=244"}],"curies":[{"name":"wp","href":"https:\/\/api.w.org\/{rel}","templated":true}]}}