{"id":2380,"date":"2025-03-13T16:31:40","date_gmt":"2025-03-13T19:31:40","guid":{"rendered":"https:\/\/wp.ufpel.edu.br\/prograufaurb\/?page_id=2380"},"modified":"2025-03-13T16:39:44","modified_gmt":"2025-03-13T19:39:44","slug":"area-de-concentracao","status":"publish","type":"page","link":"https:\/\/wp.ufpel.edu.br\/prograufaurb\/area-de-concentracao\/","title":{"rendered":"\u00e1rea de concentra\u00e7\u00e3o"},"content":{"rendered":"<p><span style=\"color: #ff9900;\"><strong><span style=\"font-family: arial, helvetica, sans-serif;\">Fundamentos, Projeto e Tecnologia da Arquitetura e Urbanismo<\/span><\/strong><\/span><br \/>\n<span style=\"font-family: arial, helvetica, sans-serif;\">A \u00e1rea de concentra\u00e7\u00e3o integra investiga\u00e7\u00f5es sobre o espa\u00e7o arquitet\u00f4nico e urbano,<\/span><br \/>\n<span style=\"font-family: arial, helvetica, sans-serif;\">incluindo desde a concep\u00e7\u00e3o at\u00e9 a materialidade, a produ\u00e7\u00e3o e a preserva\u00e7\u00e3o<\/span><br \/>\n<span style=\"font-family: arial, helvetica, sans-serif;\">patrimonial, abordando os preceitos, teorias e aspectos da cr\u00edtica que lhe d\u00e3o suporte.<\/span><br \/>\n<span style=\"font-family: arial, helvetica, sans-serif;\">Aborda as rela\u00e7\u00f5es entre ambiente, espa\u00e7o e sociedade, a gest\u00e3o, a produ\u00e7\u00e3o, a<\/span><br \/>\n<span style=\"font-family: arial, helvetica, sans-serif;\">manuten\u00e7\u00e3o e o desempenho de edifica\u00e7\u00f5es, assim como os processos de projeto, de<\/span><br \/>\n<span style=\"font-family: arial, helvetica, sans-serif;\">representa\u00e7\u00e3o e de avalia\u00e7\u00e3o do espa\u00e7o constru\u00eddo. Para isso apresenta tr\u00eas linhas de<\/span><br \/>\n<span style=\"font-family: arial, helvetica, sans-serif;\">pesquisa, as quais articulam esses saberes de modo a avan\u00e7ar na produ\u00e7\u00e3o de<\/span><br \/>\n<span style=\"font-family: arial, helvetica, sans-serif;\">conhecimentos no campo dos fundamentos, do projeto e das tecnologias em<\/span><br \/>\n<span style=\"font-family: arial, helvetica, sans-serif;\">arquitetura e urbanismo: 1) Teoria e Patrim\u00f4nio Cultural, 2) Cidade e Sociedade e 3)<\/span><br \/>\n<span style=\"font-family: arial, helvetica, sans-serif;\">Arquitetura e Tecnologia. A \u00e1rea de concentra\u00e7\u00e3o tem como objeto de estudo as<\/span><br \/>\n<span style=\"font-family: arial, helvetica, sans-serif;\">agendas globais, as tem\u00e1ticas emergentes e especialmente as quest\u00f5es regionais e os<\/span><br \/>\n<span style=\"font-family: arial, helvetica, sans-serif;\">contextos locais, tendo como foco temas que potencializem uma rela\u00e7\u00e3o dial\u00f3gica com<\/span><br \/>\n<span style=\"font-family: arial, helvetica, sans-serif;\">a sociedade.<\/span><\/p>\n<p>&nbsp;<\/p>\n","protected":false},"excerpt":{"rendered":"<p>Fundamentos, Projeto e Tecnologia da Arquitetura e Urbanismo A \u00e1rea de concentra\u00e7\u00e3o integra investiga\u00e7\u00f5es sobre o espa\u00e7o arquitet\u00f4nico e urbano, incluindo desde a concep\u00e7\u00e3o at\u00e9 a materialidade, a produ\u00e7\u00e3o e a preserva\u00e7\u00e3o patrimonial, abordando os preceitos, teorias e aspectos da cr\u00edtica que lhe d\u00e3o suporte. Aborda as rela\u00e7\u00f5es entre ambiente, espa\u00e7o e sociedade, a gest\u00e3o, [&hellip;]<\/p>\n","protected":false},"author":1345,"featured_media":0,"parent":0,"menu_order":0,"comment_status":"closed","ping_status":"closed","template":"","meta":{"footnotes":""},"class_list":["post-2380","page","type-page","status-publish","hentry"],"_links":{"self":[{"href":"https:\/\/wp.ufpel.edu.br\/prograufaurb\/wp-json\/wp\/v2\/pages\/2380","targetHints":{"allow":["GET"]}}],"collection":[{"href":"https:\/\/wp.ufpel.edu.br\/prograufaurb\/wp-json\/wp\/v2\/pages"}],"about":[{"href":"https:\/\/wp.ufpel.edu.br\/prograufaurb\/wp-json\/wp\/v2\/types\/page"}],"author":[{"embeddable":true,"href":"https:\/\/wp.ufpel.edu.br\/prograufaurb\/wp-json\/wp\/v2\/users\/1345"}],"replies":[{"embeddable":true,"href":"https:\/\/wp.ufpel.edu.br\/prograufaurb\/wp-json\/wp\/v2\/comments?post=2380"}],"version-history":[{"count":6,"href":"https:\/\/wp.ufpel.edu.br\/prograufaurb\/wp-json\/wp\/v2\/pages\/2380\/revisions"}],"predecessor-version":[{"id":2388,"href":"https:\/\/wp.ufpel.edu.br\/prograufaurb\/wp-json\/wp\/v2\/pages\/2380\/revisions\/2388"}],"wp:attachment":[{"href":"https:\/\/wp.ufpel.edu.br\/prograufaurb\/wp-json\/wp\/v2\/media?parent=2380"}],"curies":[{"name":"wp","href":"https:\/\/api.w.org\/{rel}","templated":true}]}}