{"id":2334,"date":"2025-03-08T01:06:53","date_gmt":"2025-03-08T04:06:53","guid":{"rendered":"https:\/\/wp.ufpel.edu.br\/prograufaurb\/?page_id=2334"},"modified":"2026-04-13T14:54:21","modified_gmt":"2026-04-13T17:54:21","slug":"1-semestre-2","status":"publish","type":"page","link":"https:\/\/wp.ufpel.edu.br\/prograufaurb\/1-semestre-2\/","title":{"rendered":"1. semestre"},"content":{"rendered":"<h1 style=\"text-align: center;\"><\/h1>\n<h1 style=\"text-align: center;\"><a href=\"https:\/\/wp.ufpel.edu.br\/prograufaurb\/files\/2026\/04\/horario-1-semestre-2026.pdf\"><span style=\"font-family: arial, helvetica, sans-serif;\">Hor\u00e1rio 1\u00b0 semestre 2026<\/span><\/a><\/h1>\n<p style=\"text-align: center;\"><a href=\"https:\/\/wp.ufpel.edu.br\/prograufaurb\/files\/2026\/04\/horario-1-semestre-2026.pdf\"><img loading=\"lazy\" decoding=\"async\" class=\"alignnone size-medium wp-image-3438\" src=\"https:\/\/wp.ufpel.edu.br\/prograufaurb\/files\/2026\/04\/horario-12026-PROGRAU.png-400x225.jpg\" alt=\"\" width=\"400\" height=\"225\" srcset=\"https:\/\/wp.ufpel.edu.br\/prograufaurb\/files\/2026\/04\/horario-12026-PROGRAU.png-400x225.jpg 400w, https:\/\/wp.ufpel.edu.br\/prograufaurb\/files\/2026\/04\/horario-12026-PROGRAU.png-1024x576.jpg 1024w, https:\/\/wp.ufpel.edu.br\/prograufaurb\/files\/2026\/04\/horario-12026-PROGRAU.png-768x432.jpg 768w, https:\/\/wp.ufpel.edu.br\/prograufaurb\/files\/2026\/04\/horario-12026-PROGRAU.png-780x440.jpg 780w, https:\/\/wp.ufpel.edu.br\/prograufaurb\/files\/2026\/04\/horario-12026-PROGRAU.png.jpg 1280w\" sizes=\"auto, (max-width: 400px) 100vw, 400px\" \/><\/a><\/p>\n<p>&nbsp;<\/p>\n<div><span style=\"font-family: arial, sans-serif;\">Ol\u00e1 alunos do PROGRAU!<br \/>\n<\/span><\/div>\n<div><span style=\"font-family: arial, sans-serif;\">\u00a0<\/span><\/div>\n<div style=\"text-align: justify;\"><span style=\"font-family: arial, sans-serif;\"><b>Est\u00e1 aberto o per\u00edodo de solicita\u00e7\u00e3o de\u00a0matr\u00edcula\u00a0para o semestre 01\/2026 atrav\u00e9s do Cobalto (<\/b><a href=\"https:\/\/cobalto.ufpel.edu.br\/\" target=\"_blank\" rel=\"noopener\" data-saferedirecturl=\"https:\/\/www.google.com\/url?q=https:\/\/cobalto.ufpel.edu.br\/&amp;source=gmail&amp;ust=1772277798217000&amp;usg=AOvVaw1PdsXGNFyut-62VvkT_DD6\">https:\/\/cobalto.ufpel.edu.br\/<\/a><wbr \/>)<b>.<\/b><\/span><\/div>\n<div>\n<ul>\n<li><span style=\"font-family: arial, sans-serif;\">In\u00edcio das aulas em\u00a0<b>23\/03\/2026<\/b><b>\u00a0<\/b>e fim das aulas em<b>\u00a025\/07\/2026;\u00a0<\/b>\u00a0<\/span><\/li>\n<li><span style=\"font-family: arial, sans-serif;\">Os mestrandos que n\u00e3o forem se matricular em nenhuma disciplina devem realizar\u00a0matr\u00edcula\u00a0em\u00a0<b>&#8220;<wbr \/>Elabora\u00e7\u00e3o de disserta\u00e7\u00e3o&#8221; (c\u00f3d. 99999803);\u00a0<\/b>e doutorandos em<b>\u00a0&#8220;<\/b><b>Elabora\u00e7\u00e3o de tese&#8221; <\/b><b>(c\u00f3d. 99999802).<\/b><\/span><\/li>\n<\/ul>\n<\/div>\n","protected":false},"excerpt":{"rendered":"<p>Hor\u00e1rio 1\u00b0 semestre 2026 &nbsp; Ol\u00e1 alunos do PROGRAU! \u00a0 Est\u00e1 aberto o per\u00edodo de solicita\u00e7\u00e3o de\u00a0matr\u00edcula\u00a0para o semestre 01\/2026 atrav\u00e9s do Cobalto (https:\/\/cobalto.ufpel.edu.br\/). In\u00edcio das aulas em\u00a023\/03\/2026\u00a0e fim das aulas em\u00a025\/07\/2026;\u00a0\u00a0 Os mestrandos que n\u00e3o forem se matricular em nenhuma disciplina devem realizar\u00a0matr\u00edcula\u00a0em\u00a0&#8220;Elabora\u00e7\u00e3o de disserta\u00e7\u00e3o&#8221; (c\u00f3d. 99999803);\u00a0e doutorandos em\u00a0&#8220;Elabora\u00e7\u00e3o de tese&#8221; (c\u00f3d. 99999802).<\/p>\n","protected":false},"author":1345,"featured_media":3438,"parent":0,"menu_order":0,"comment_status":"closed","ping_status":"closed","template":"","meta":{"footnotes":""},"class_list":["post-2334","page","type-page","status-publish","has-post-thumbnail","hentry"],"_links":{"self":[{"href":"https:\/\/wp.ufpel.edu.br\/prograufaurb\/wp-json\/wp\/v2\/pages\/2334","targetHints":{"allow":["GET"]}}],"collection":[{"href":"https:\/\/wp.ufpel.edu.br\/prograufaurb\/wp-json\/wp\/v2\/pages"}],"about":[{"href":"https:\/\/wp.ufpel.edu.br\/prograufaurb\/wp-json\/wp\/v2\/types\/page"}],"author":[{"embeddable":true,"href":"https:\/\/wp.ufpel.edu.br\/prograufaurb\/wp-json\/wp\/v2\/users\/1345"}],"replies":[{"embeddable":true,"href":"https:\/\/wp.ufpel.edu.br\/prograufaurb\/wp-json\/wp\/v2\/comments?post=2334"}],"version-history":[{"count":3,"href":"https:\/\/wp.ufpel.edu.br\/prograufaurb\/wp-json\/wp\/v2\/pages\/2334\/revisions"}],"predecessor-version":[{"id":3440,"href":"https:\/\/wp.ufpel.edu.br\/prograufaurb\/wp-json\/wp\/v2\/pages\/2334\/revisions\/3440"}],"wp:featuredmedia":[{"embeddable":true,"href":"https:\/\/wp.ufpel.edu.br\/prograufaurb\/wp-json\/wp\/v2\/media\/3438"}],"wp:attachment":[{"href":"https:\/\/wp.ufpel.edu.br\/prograufaurb\/wp-json\/wp\/v2\/media?parent=2334"}],"curies":[{"name":"wp","href":"https:\/\/api.w.org\/{rel}","templated":true}]}}