{"id":220,"date":"2023-11-28T12:46:53","date_gmt":"2023-11-28T15:46:53","guid":{"rendered":"https:\/\/wp.ufpel.edu.br\/prograufaurb\/?page_id=220"},"modified":"2025-08-27T13:54:46","modified_gmt":"2025-08-27T16:54:46","slug":"2-semestre","status":"publish","type":"page","link":"https:\/\/wp.ufpel.edu.br\/prograufaurb\/2-semestre\/","title":{"rendered":"2. semestre"},"content":{"rendered":"<p style=\"text-align: center;\"><span style=\"color: #ff9900;\"><strong><span style=\"font-family: arial, helvetica, sans-serif; font-size: 18pt;\">Hor\u00e1rios PROGRAU 2\/2025<\/span><\/strong><\/span><a href=\"https:\/\/wp.ufpel.edu.br\/prograufaurb\/files\/2025\/08\/horario-2-semestre-2025-2_Atualizado-2.pdf\" target=\"_blank\" rel=\"noopener\"><img loading=\"lazy\" decoding=\"async\" class=\"alignnone size-medium wp-image-2931 aligncenter\" src=\"https:\/\/wp.ufpel.edu.br\/prograufaurb\/files\/2025\/08\/Captura-de-tela-2025-08-13-175914-400x257.jpg\" alt=\"\" width=\"400\" height=\"257\" srcset=\"https:\/\/wp.ufpel.edu.br\/prograufaurb\/files\/2025\/08\/Captura-de-tela-2025-08-13-175914-400x257.jpg 400w, https:\/\/wp.ufpel.edu.br\/prograufaurb\/files\/2025\/08\/Captura-de-tela-2025-08-13-175914-1024x659.jpg 1024w, https:\/\/wp.ufpel.edu.br\/prograufaurb\/files\/2025\/08\/Captura-de-tela-2025-08-13-175914-768x494.jpg 768w, https:\/\/wp.ufpel.edu.br\/prograufaurb\/files\/2025\/08\/Captura-de-tela-2025-08-13-175914.jpg 1127w\" sizes=\"auto, (max-width: 400px) 100vw, 400px\" \/><\/a><\/p>\n<p>*Disciplina: Caminhografia Urbana (4 Cr.), Professor: Eduardo Rocha:<strong> Esta disciplina ter\u00e1 momentos de caminhada na cidade de Pelotas.<\/strong><br \/>\n**Disciplina: Introdu\u00e7\u00e3o ao Conforto Ambiental em Espa\u00e7os Urbanos Abertos (3 Cr.): <strong>Esta disciplina ser\u00e1 ministrada em ingl\u00eas.<\/strong><\/p>\n<p>***<span style=\"color: #ff6600;\"><strong><span style=\"font-family: arial, helvetica, sans-serif;\">IN\u00cdCIO DO SEMESTRE: 18\/\/08\/2025. FIM DO SEMESTE: 19\/12\/2025.<\/span><\/strong><\/span><\/p>\n<p>&nbsp;<\/p>\n","protected":false},"excerpt":{"rendered":"<p>Hor\u00e1rios PROGRAU 2\/2025 *Disciplina: Caminhografia Urbana (4 Cr.), Professor: Eduardo Rocha: Esta disciplina ter\u00e1 momentos de caminhada na cidade de Pelotas. **Disciplina: Introdu\u00e7\u00e3o ao Conforto Ambiental em Espa\u00e7os Urbanos Abertos (3 Cr.): Esta disciplina ser\u00e1 ministrada em ingl\u00eas. ***IN\u00cdCIO DO SEMESTRE: 18\/\/08\/2025. FIM DO SEMESTE: 19\/12\/2025. &nbsp;<\/p>\n","protected":false},"author":1345,"featured_media":0,"parent":0,"menu_order":0,"comment_status":"closed","ping_status":"closed","template":"","meta":{"footnotes":""},"class_list":["post-220","page","type-page","status-publish","hentry"],"_links":{"self":[{"href":"https:\/\/wp.ufpel.edu.br\/prograufaurb\/wp-json\/wp\/v2\/pages\/220","targetHints":{"allow":["GET"]}}],"collection":[{"href":"https:\/\/wp.ufpel.edu.br\/prograufaurb\/wp-json\/wp\/v2\/pages"}],"about":[{"href":"https:\/\/wp.ufpel.edu.br\/prograufaurb\/wp-json\/wp\/v2\/types\/page"}],"author":[{"embeddable":true,"href":"https:\/\/wp.ufpel.edu.br\/prograufaurb\/wp-json\/wp\/v2\/users\/1345"}],"replies":[{"embeddable":true,"href":"https:\/\/wp.ufpel.edu.br\/prograufaurb\/wp-json\/wp\/v2\/comments?post=220"}],"version-history":[{"count":4,"href":"https:\/\/wp.ufpel.edu.br\/prograufaurb\/wp-json\/wp\/v2\/pages\/220\/revisions"}],"predecessor-version":[{"id":2993,"href":"https:\/\/wp.ufpel.edu.br\/prograufaurb\/wp-json\/wp\/v2\/pages\/220\/revisions\/2993"}],"wp:attachment":[{"href":"https:\/\/wp.ufpel.edu.br\/prograufaurb\/wp-json\/wp\/v2\/media?parent=220"}],"curies":[{"name":"wp","href":"https:\/\/api.w.org\/{rel}","templated":true}]}}