{"id":2197,"date":"2024-12-20T15:20:41","date_gmt":"2024-12-20T18:20:41","guid":{"rendered":"https:\/\/wp.ufpel.edu.br\/prograufaurb\/?page_id=2197"},"modified":"2026-03-27T10:59:53","modified_gmt":"2026-03-27T13:59:53","slug":"avaliacao-capes","status":"publish","type":"page","link":"https:\/\/wp.ufpel.edu.br\/prograufaurb\/avaliacao-capes\/","title":{"rendered":"Avalia\u00e7\u00e3o Capes"},"content":{"rendered":"<h2 style=\"text-align: center;\"><span style=\"font-family: arial, helvetica, sans-serif; color: #ff9900;\"><strong>Avalia\u00e7\u00e3o Quadrienal 2026<\/strong><\/span><\/h2>\n<p style=\"text-align: center;\"><a href=\"https:\/\/wp.ufpel.edu.br\/prograufaurb\/avaliacao-capes-2026-2\/\"><img loading=\"lazy\" decoding=\"async\" class=\"alignnone wp-image-3410 size-medium\" src=\"https:\/\/wp.ufpel.edu.br\/prograufaurb\/files\/2026\/03\/Avaliacao-Capes-2026-1-396x400.png\" alt=\"\" width=\"396\" height=\"400\" srcset=\"https:\/\/wp.ufpel.edu.br\/prograufaurb\/files\/2026\/03\/Avaliacao-Capes-2026-1-396x400.png 396w, https:\/\/wp.ufpel.edu.br\/prograufaurb\/files\/2026\/03\/Avaliacao-Capes-2026-1.png 657w\" sizes=\"auto, (max-width: 396px) 100vw, 396px\" \/><\/a><\/p>\n<p>&nbsp;<\/p>\n<h2 style=\"text-align: center;\"><span style=\"font-family: arial, helvetica, sans-serif; color: #ff9900;\"><strong>Avalia\u00e7\u00e3o Quadrienal 2021<\/strong><\/span><\/h2>\n<p style=\"text-align: center;\"><a href=\"https:\/\/wp.ufpel.edu.br\/prograufaurb\/files\/2024\/12\/Avaliac\u0327a\u0303o-Quadrienal-2021.pdf\" target=\"_blank\" rel=\"noopener\"><img loading=\"lazy\" decoding=\"async\" class=\"alignnone size-medium wp-image-2199\" src=\"https:\/\/wp.ufpel.edu.br\/prograufaurb\/files\/2024\/12\/2021-400x395.jpg\" alt=\"\" width=\"400\" height=\"395\" srcset=\"https:\/\/wp.ufpel.edu.br\/prograufaurb\/files\/2024\/12\/2021-400x395.jpg 400w, https:\/\/wp.ufpel.edu.br\/prograufaurb\/files\/2024\/12\/2021-768x759.jpg 768w, https:\/\/wp.ufpel.edu.br\/prograufaurb\/files\/2024\/12\/2021.jpg 906w\" sizes=\"auto, (max-width: 400px) 100vw, 400px\" \/><\/a><\/p>\n<p>&nbsp;<\/p>\n<h2 style=\"text-align: center;\"><span style=\"font-family: arial, helvetica, sans-serif; color: #ff9900;\">Avalia\u00e7\u00e3o Quadrienal 2017<\/span><\/h2>\n<p style=\"text-align: center;\"><a href=\"https:\/\/wp.ufpel.edu.br\/prograufaurb\/files\/2024\/12\/Avaliac\u0327a\u0303o-Quadrienal-2017.pdf\" target=\"_blank\" rel=\"noopener\"><img loading=\"lazy\" decoding=\"async\" class=\"alignnone size-medium wp-image-2201\" src=\"https:\/\/wp.ufpel.edu.br\/prograufaurb\/files\/2024\/12\/2017-398x400.jpg\" alt=\"\" width=\"398\" height=\"400\" srcset=\"https:\/\/wp.ufpel.edu.br\/prograufaurb\/files\/2024\/12\/2017-398x400.jpg 398w, https:\/\/wp.ufpel.edu.br\/prograufaurb\/files\/2024\/12\/2017-200x200.jpg 200w, https:\/\/wp.ufpel.edu.br\/prograufaurb\/files\/2024\/12\/2017-768x771.jpg 768w, https:\/\/wp.ufpel.edu.br\/prograufaurb\/files\/2024\/12\/2017-150x150.jpg 150w, https:\/\/wp.ufpel.edu.br\/prograufaurb\/files\/2024\/12\/2017.jpg 893w\" sizes=\"auto, (max-width: 398px) 100vw, 398px\" \/><\/a><\/p>\n","protected":false},"excerpt":{"rendered":"<p>Avalia\u00e7\u00e3o Quadrienal 2026 &nbsp; Avalia\u00e7\u00e3o Quadrienal 2021 &nbsp; Avalia\u00e7\u00e3o Quadrienal 2017<\/p>\n","protected":false},"author":1345,"featured_media":0,"parent":0,"menu_order":0,"comment_status":"closed","ping_status":"closed","template":"","meta":{"footnotes":""},"class_list":["post-2197","page","type-page","status-publish","hentry"],"_links":{"self":[{"href":"https:\/\/wp.ufpel.edu.br\/prograufaurb\/wp-json\/wp\/v2\/pages\/2197","targetHints":{"allow":["GET"]}}],"collection":[{"href":"https:\/\/wp.ufpel.edu.br\/prograufaurb\/wp-json\/wp\/v2\/pages"}],"about":[{"href":"https:\/\/wp.ufpel.edu.br\/prograufaurb\/wp-json\/wp\/v2\/types\/page"}],"author":[{"embeddable":true,"href":"https:\/\/wp.ufpel.edu.br\/prograufaurb\/wp-json\/wp\/v2\/users\/1345"}],"replies":[{"embeddable":true,"href":"https:\/\/wp.ufpel.edu.br\/prograufaurb\/wp-json\/wp\/v2\/comments?post=2197"}],"version-history":[{"count":4,"href":"https:\/\/wp.ufpel.edu.br\/prograufaurb\/wp-json\/wp\/v2\/pages\/2197\/revisions"}],"predecessor-version":[{"id":3411,"href":"https:\/\/wp.ufpel.edu.br\/prograufaurb\/wp-json\/wp\/v2\/pages\/2197\/revisions\/3411"}],"wp:attachment":[{"href":"https:\/\/wp.ufpel.edu.br\/prograufaurb\/wp-json\/wp\/v2\/media?parent=2197"}],"curies":[{"name":"wp","href":"https:\/\/api.w.org\/{rel}","templated":true}]}}