{"id":218,"date":"2023-11-28T12:46:52","date_gmt":"2023-11-28T15:46:52","guid":{"rendered":"https:\/\/wp.ufpel.edu.br\/prograufaurb\/?page_id=218"},"modified":"2023-12-19T13:31:57","modified_gmt":"2023-12-19T16:31:57","slug":"recredenciamento","status":"publish","type":"page","link":"https:\/\/wp.ufpel.edu.br\/prograufaurb\/recredenciamento\/","title":{"rendered":"[re]credenciamento"},"content":{"rendered":"<p class=\"p1\">Participam do <strong><span style=\"color: #ff9900;\"><a style=\"color: #ff9900;\" href=\"https:\/\/wp.ufpel.edu.br\/prograufaurb\/corpo-docente\/\">corpo docente<\/a> <\/span><\/strong>permanente e colaborador os professores que atendam aos requisitos de avalia\u00e7\u00e3o do processo decredenciamento e recredenciamento que acontece periodicamente, seguindo indica\u00e7\u00e3o do Colegiado.<\/p>\n<p class=\"p1\">O processo de credenciamento, recredenciamento e descredenciamento de docentes ser\u00e1 regulamentado por instrumento de avalia\u00e7\u00e3o e se dar\u00e1 conforme <span style=\"color: #ff9900;\"><strong>edital espec\u00edfico<\/strong><\/span>. O instrumento de avalia\u00e7\u00e3o poder\u00e1\u0301 ser alterado em raz\u00e3o de novas orienta\u00e7\u00f5es e defini\u00e7\u00f5es da Capes, doPrograma ou da Institui\u00e7\u00e3o.<\/p>\n","protected":false},"excerpt":{"rendered":"<p>Participam do corpo docente permanente e colaborador os professores que atendam aos requisitos de avalia\u00e7\u00e3o do processo decredenciamento e recredenciamento que acontece periodicamente, seguindo indica\u00e7\u00e3o do Colegiado. O processo de credenciamento, recredenciamento e descredenciamento de docentes ser\u00e1 regulamentado por instrumento de avalia\u00e7\u00e3o e se dar\u00e1 conforme edital espec\u00edfico. O instrumento de avalia\u00e7\u00e3o poder\u00e1\u0301 ser alterado [&hellip;]<\/p>\n","protected":false},"author":1345,"featured_media":0,"parent":0,"menu_order":0,"comment_status":"closed","ping_status":"closed","template":"templates\/template-home.php","meta":{"footnotes":""},"class_list":["post-218","page","type-page","status-publish","hentry"],"_links":{"self":[{"href":"https:\/\/wp.ufpel.edu.br\/prograufaurb\/wp-json\/wp\/v2\/pages\/218","targetHints":{"allow":["GET"]}}],"collection":[{"href":"https:\/\/wp.ufpel.edu.br\/prograufaurb\/wp-json\/wp\/v2\/pages"}],"about":[{"href":"https:\/\/wp.ufpel.edu.br\/prograufaurb\/wp-json\/wp\/v2\/types\/page"}],"author":[{"embeddable":true,"href":"https:\/\/wp.ufpel.edu.br\/prograufaurb\/wp-json\/wp\/v2\/users\/1345"}],"replies":[{"embeddable":true,"href":"https:\/\/wp.ufpel.edu.br\/prograufaurb\/wp-json\/wp\/v2\/comments?post=218"}],"version-history":[{"count":6,"href":"https:\/\/wp.ufpel.edu.br\/prograufaurb\/wp-json\/wp\/v2\/pages\/218\/revisions"}],"predecessor-version":[{"id":1023,"href":"https:\/\/wp.ufpel.edu.br\/prograufaurb\/wp-json\/wp\/v2\/pages\/218\/revisions\/1023"}],"wp:attachment":[{"href":"https:\/\/wp.ufpel.edu.br\/prograufaurb\/wp-json\/wp\/v2\/media?parent=218"}],"curies":[{"name":"wp","href":"https:\/\/api.w.org\/{rel}","templated":true}]}}