{"id":2156,"date":"2024-12-16T10:35:05","date_gmt":"2024-12-16T13:35:05","guid":{"rendered":"https:\/\/wp.ufpel.edu.br\/prograufaurb\/?page_id=2156"},"modified":"2025-04-03T09:25:22","modified_gmt":"2025-04-03T12:25:22","slug":"perfil-e-acompanhamento-do-egresso","status":"publish","type":"page","link":"https:\/\/wp.ufpel.edu.br\/prograufaurb\/perfil-e-acompanhamento-do-egresso\/","title":{"rendered":"Perfil e acompanhamento do egresso"},"content":{"rendered":"<p><span style=\"font-family: arial, helvetica, sans-serif; color: #ff9900;\"><strong>PERFIL E ACOMPANHAMENTO DO EGRESSO DO PROGRAU<\/strong><\/span><\/p>\n<p><span style=\"font-family: arial, helvetica, sans-serif; color: #ff9900;\">O Perfil do egresso desejado pelo Programa contempla um indiv\u00edduo:<\/span><\/p>\n<p><span style=\"font-family: arial, helvetica, sans-serif;\">&#8211; com uma s\u00f3lida forma\u00e7\u00e3o te\u00f3rico-metodol\u00f3gica na \u00e1rea de Arquitetura e Urbanismo, que o capacite para a investiga\u00e7\u00e3o cient\u00edfica de excel\u00eancia e para uma doc\u00eancia altamente qualificada comprometida com a l\u00f3gica da indissociabilidade entre pesquisa, ensino e extens\u00e3o de maneira a impactar positivamente sobre a sociedade;<\/span><\/p>\n<p><span style=\"font-family: arial, helvetica, sans-serif;\">&#8211; com uma alargada capacidade de atua\u00e7\u00e3o multidisciplinar e portador de m\u00e9todos e tecnologias inovadoras que o habilite a contribui\u00e7\u00f5es tanto no \u00e2mbito dos administra\u00e7\u00e3o p\u00fablica como da iniciativa privada;<\/span><\/p>\n<p><span style=\"font-family: arial, helvetica, sans-serif;\">&#8211; com aptid\u00e3o para a promo\u00e7\u00e3o de rotinas ligadas \u00e0 sua realidade local e regional, considerando aspectos culturais, geogr\u00e1ficos e clim\u00e1ticos, mas que o capacite, atrav\u00e9s de uma postura cr\u00edtica, ativa e resiliente, para atuar em realidades e lugares\u00a0 diversos;<\/span><\/p>\n<p><span style=\"font-family: arial, helvetica, sans-serif;\">&#8211; com a compreens\u00e3o de uma sociedade diversa e plural e com inser\u00e7\u00e3o nas discuss\u00f5es e a\u00e7\u00f5es sobre os temas emergentes e urgentes da sociedade no contexto nacional e internacional, como habita\u00e7\u00e3o social, conserva\u00e7\u00e3o do patrim\u00f4nio, cidades acess\u00edveis e inclusivas e sustentabilidade.<\/span><\/p>\n<p><span style=\"font-family: arial, helvetica, sans-serif; color: #ff9900;\">Destino e atua\u00e7\u00e3o dos egressos<\/span><\/p>\n<p><span style=\"font-family: arial, helvetica, sans-serif;\">O PROGRAU faz um acompanhamento das atividades realizadas pelos egressos a partir das redes sociais e de question\u00e1rio dispon\u00edvel no site do Programa. A proposta \u00e9 o acompanhamento de forma sistematizada das atividades desenvolvidas por estes mestres em arquitetura e urbanismo titulados no Programa: 157 at\u00e9 dezembro de 2020 e mais 91 no quadri\u00eanio 2021-2024.<\/span><\/p>\n<p><span style=\"font-family: arial, helvetica, sans-serif; color: #ff9900;\">Situa\u00e7\u00e3o dos egressos em 2020<\/span><\/p>\n<p><span style=\"font-family: arial, helvetica, sans-serif;\">A maioria encontrava-se empregada em Institui\u00e7\u00f5es de Ensino e Pesquisa (Universidades Federais, Privadas ou Escolas T\u00e9cnicas de terceiro grau). Foi verificado que muitos mestres egressos do PROGRAU que estavam no mercado como aut\u00f4nomos logo que receberam o t\u00edtulo, se inseriram no ensino t\u00e9cnico ou superior no segundo ano ap\u00f3s titulados.<\/span><\/p>\n<p><span style=\"font-family: arial, helvetica, sans-serif;\">Destacamos o impacto positivo da atua\u00e7\u00e3o do PROGRAU sobre a microrregi\u00e3o onde est\u00e1 inserido, contribuindo para a capacita\u00e7\u00e3o do corpo docente da pr\u00f3pria UFPEL, como das demais institui\u00e7\u00f5es de ensino superior da regi\u00e3o (UCPEL, IFSul, IFRS, IFSM, IFCE, UNIPAMPA, UFSM, UNIFRA, FURG, ULBRA, UNIVATES, UCS, INTA \u2013 UNINTA, Sobral-CE. e UNISSINOS), como explicitado a seguir (cerca de 60% dos ex-alunos est\u00e3o envolvidos com doc\u00eancia em 2020):<\/span><\/p>\n<p><span style=\"font-family: arial, helvetica, sans-serif;\">CINQUENTA E DOIS mestres titulados pelo PROGRAU em dezembro de 2020 trabalhavam como docentes concursados em Institui\u00e7\u00f5es de Ensino Federal de terceiro grau;<\/span><\/p>\n<p><span style=\"font-family: arial, helvetica, sans-serif;\">DEZESSEIS mestres titulados pelo PROGRAU trabalhavam em 2020 como docentes em Institui\u00e7\u00e3o de Ensino Privado de terceiro grau;<\/span><\/p>\n<p><span style=\"font-family: arial, helvetica, sans-serif;\">TRINTA E CINCO mestres titulados pelo PROGRAU em 2020 trabalhavam como Arquitetos e Urbanistas em Institui\u00e7\u00e3o P\u00fablica;<\/span><\/p>\n<p><span style=\"font-family: arial, helvetica, sans-serif;\">QUARENTA mestres titulados pelo PROGRAU em 2020 trabalhavam como profissionais aut\u00f4nomos na \u00e1rea de arquitetura e urbanismo;<\/span><\/p>\n<p><span style=\"font-family: arial, helvetica, sans-serif;\">QUATORZE mestres titulados pelo PROGRAU encontravam-se em doutoramento em 2020;<\/span><\/p>\n<p>&nbsp;<\/p>\n<p><img loading=\"lazy\" decoding=\"async\" class=\"alignnone wp-image-2447 aligncenter\" src=\"https:\/\/wp.ufpel.edu.br\/prograufaurb\/files\/2025\/03\/Imagem1-400x298.png\" alt=\"\" width=\"480\" height=\"357\" srcset=\"https:\/\/wp.ufpel.edu.br\/prograufaurb\/files\/2025\/03\/Imagem1-400x298.png 400w, https:\/\/wp.ufpel.edu.br\/prograufaurb\/files\/2025\/03\/Imagem1-1024x763.png 1024w, https:\/\/wp.ufpel.edu.br\/prograufaurb\/files\/2025\/03\/Imagem1-768x572.png 768w, https:\/\/wp.ufpel.edu.br\/prograufaurb\/files\/2025\/03\/Imagem1-1536x1145.png 1536w, https:\/\/wp.ufpel.edu.br\/prograufaurb\/files\/2025\/03\/Imagem1.png 1950w\" sizes=\"auto, (max-width: 480px) 100vw, 480px\" \/><\/p>\n<p>&nbsp;<\/p>\n<p><span style=\"font-family: arial, helvetica, sans-serif; color: #ff9900;\">Situa\u00e7\u00e3o dos egressos de 2021 a 2024<\/span><\/p>\n<p><span style=\"font-family: arial, helvetica, sans-serif;\">A maioria encontrava-se empregada em Institui\u00e7\u00f5es de Ensino e Pesquisa (Universidades Federais, Privadas ou Escolas T\u00e9cnicas de terceiro grau). Foi verificado que muitos mestres egressos do PROGRAU que estavam no mercado como aut\u00f4nomos logo que receberam o t\u00edtulo, se inseriram no ensino t\u00e9cnico ou superior no segundo ano ap\u00f3s titulados.<\/span><\/p>\n<p><span style=\"font-family: arial, helvetica, sans-serif;\">Destacamos o impacto positivo da atua\u00e7\u00e3o do PROGRAU sobre a microrregi\u00e3o onde est\u00e1 inserido, contribuindo para a capacita\u00e7\u00e3o do corpo t\u00e9cnico e docente <span style=\"text-decoration: line-through;\">da pr\u00f3pria UFPEL<\/span>, como das demais institui\u00e7\u00f5es de ensino superior da regi\u00e3o (UCPEL, IFSul, URI, Anhanguera, IFSC, FASC), como explicitado a seguir (cerca de 11% dos ex-alunos est\u00e3o envolvidos com doc\u00eancia em 2021-2024):<\/span><\/p>\n<p><span style=\"font-family: arial, helvetica, sans-serif;\">CINCO mestres titulados pelo PROGRAU de 2021 a 2024 trabalhavam como docentes concursados em Institui\u00e7\u00f5es de Ensino Federal de terceiro grau;<\/span><\/p>\n<p><span style=\"font-family: arial, helvetica, sans-serif;\">CINCO mestres titulados pelo PROGRAU de 2021 a 2024 trabalhavam como docentes em Institui\u00e7\u00e3o de Ensino Privado de terceiro grau;<\/span><\/p>\n<p><span style=\"font-family: arial, helvetica, sans-serif;\">DEZESSEIS mestres titulados pelo PROGRAU de 2021 a 2024, trabalhavam como Arquitetos e Urbanistas em Institui\u00e7\u00e3o P\u00fablica;<\/span><\/p>\n<p><span style=\"font-family: arial, helvetica, sans-serif;\">TRINTA E TR\u00caS mestres titulados pelo PROGRAU de 2021 a 2024, trabalhavam como profissionais aut\u00f4nomos na \u00e1rea de arquitetura e urbanismo;<\/span><\/p>\n<p><span style=\"font-family: arial, helvetica, sans-serif;\">DEZENOVE mestres titulados pelo PROGRAU encontravam-se em doutoramento em 2024;<\/span><\/p>\n<p>&nbsp;<\/p>\n<p><img loading=\"lazy\" decoding=\"async\" class=\" wp-image-2448 aligncenter\" src=\"https:\/\/wp.ufpel.edu.br\/prograufaurb\/files\/2025\/03\/Imagem2-400x298.png\" alt=\"\" width=\"484\" height=\"360\" srcset=\"https:\/\/wp.ufpel.edu.br\/prograufaurb\/files\/2025\/03\/Imagem2-400x298.png 400w, https:\/\/wp.ufpel.edu.br\/prograufaurb\/files\/2025\/03\/Imagem2-1024x764.png 1024w, https:\/\/wp.ufpel.edu.br\/prograufaurb\/files\/2025\/03\/Imagem2-768x573.png 768w, https:\/\/wp.ufpel.edu.br\/prograufaurb\/files\/2025\/03\/Imagem2-1536x1145.png 1536w, https:\/\/wp.ufpel.edu.br\/prograufaurb\/files\/2025\/03\/Imagem2.png 1950w\" sizes=\"auto, (max-width: 484px) 100vw, 484px\" \/><\/p>\n<p>&nbsp;<\/p>\n<p><span style=\"font-family: arial, helvetica, sans-serif;\"><span style=\"font-size: 12pt;\">Egresso do PROGRAU, gostar\u00edamos que nos contactasse<\/span><strong><span style=\"font-size: 12pt;\">: <\/span><\/strong><span style=\"font-size: 14pt; color: #ff9900;\"><a style=\"color: #ff9900;\" href=\"https:\/\/docs.google.com\/forms\/d\/e\/1FAIpQLSfJRvKZutApB5NdtBXJuBC8oZFpanNFHQujVhqnkRhPAplCbQ\/viewform?usp=header\" target=\"_blank\" rel=\"noopener\"><strong>Question\u00e1rio para egressos<\/strong><\/a>.<\/span><\/span><\/p>\n<p>&nbsp;<\/p>\n","protected":false},"excerpt":{"rendered":"<p>PERFIL E ACOMPANHAMENTO DO EGRESSO DO PROGRAU O Perfil do egresso desejado pelo Programa contempla um indiv\u00edduo: &#8211; com uma s\u00f3lida forma\u00e7\u00e3o te\u00f3rico-metodol\u00f3gica na \u00e1rea de Arquitetura e Urbanismo, que o capacite para a investiga\u00e7\u00e3o cient\u00edfica de excel\u00eancia e para uma doc\u00eancia altamente qualificada comprometida com a l\u00f3gica da indissociabilidade entre pesquisa, ensino e extens\u00e3o [&hellip;]<\/p>\n","protected":false},"author":1345,"featured_media":0,"parent":0,"menu_order":0,"comment_status":"closed","ping_status":"closed","template":"","meta":{"footnotes":""},"class_list":["post-2156","page","type-page","status-publish","hentry"],"_links":{"self":[{"href":"https:\/\/wp.ufpel.edu.br\/prograufaurb\/wp-json\/wp\/v2\/pages\/2156","targetHints":{"allow":["GET"]}}],"collection":[{"href":"https:\/\/wp.ufpel.edu.br\/prograufaurb\/wp-json\/wp\/v2\/pages"}],"about":[{"href":"https:\/\/wp.ufpel.edu.br\/prograufaurb\/wp-json\/wp\/v2\/types\/page"}],"author":[{"embeddable":true,"href":"https:\/\/wp.ufpel.edu.br\/prograufaurb\/wp-json\/wp\/v2\/users\/1345"}],"replies":[{"embeddable":true,"href":"https:\/\/wp.ufpel.edu.br\/prograufaurb\/wp-json\/wp\/v2\/comments?post=2156"}],"version-history":[{"count":10,"href":"https:\/\/wp.ufpel.edu.br\/prograufaurb\/wp-json\/wp\/v2\/pages\/2156\/revisions"}],"predecessor-version":[{"id":2505,"href":"https:\/\/wp.ufpel.edu.br\/prograufaurb\/wp-json\/wp\/v2\/pages\/2156\/revisions\/2505"}],"wp:attachment":[{"href":"https:\/\/wp.ufpel.edu.br\/prograufaurb\/wp-json\/wp\/v2\/media?parent=2156"}],"curies":[{"name":"wp","href":"https:\/\/api.w.org\/{rel}","templated":true}]}}