{"id":197,"date":"2023-11-28T12:43:54","date_gmt":"2023-11-28T15:43:54","guid":{"rendered":"https:\/\/wp.ufpel.edu.br\/prograufaurb\/?page_id=197"},"modified":"2026-03-12T10:45:08","modified_gmt":"2026-03-12T13:45:08","slug":"orientacoes-e-formularios","status":"publish","type":"page","link":"https:\/\/wp.ufpel.edu.br\/prograufaurb\/orientacoes-e-formularios\/","title":{"rendered":"orienta\u00e7\u00f5es e formul\u00e1rios"},"content":{"rendered":"<p><span style=\"color: #ff9900;\"><strong><a style=\"color: #ff9900;\" href=\"https:\/\/wp.ufpel.edu.br\/prograufaurb\/files\/2024\/03\/PRODUC\u0327A\u0303O-E-ATIVIDADES-OBRIGATO\u0301RIAS-DISCENTE.pdf\" target=\"_blank\" rel=\"noopener\">PRODUC\u0327A\u0303O E ATIVIDADES OBRIGATO\u0301RIAS DISCENTE<\/a><\/strong><\/span><\/p>\n<p><span style=\"font-family: arial, helvetica, sans-serif; font-size: 12pt;\"><a href=\"https:\/\/wp.ufpel.edu.br\/prograufaurb\/files\/2026\/02\/SEI-23110.004748_2026-87-Resolucao-012026-Distribuicao-de-bolsas.pdf\"><span style=\"color: #ff9900;\"><strong>RESOLU\u00c7\u00c3O 1\/2026 &#8211; DISTRIBUI\u00c7\u00c3O E MANU<\/strong><\/span><\/a><\/span><span style=\"font-family: arial, helvetica, sans-serif; font-size: 12pt;\"><a href=\"https:\/\/wp.ufpel.edu.br\/prograufaurb\/files\/2026\/02\/SEI-23110.004748_2026-87-Resolucao-012026-Distribuicao-de-bolsas.pdf\"><span style=\"color: #ff9900;\"><strong>TEN\u00c7\u00c3O DE BOLSAS<\/strong><\/span><\/a><\/span><\/p>\n<p><span style=\"color: #ff9900;\"><a style=\"color: #ff9900;\" href=\"https:\/\/wp.ufpel.edu.br\/prograufaurb\/files\/2023\/12\/TermodeCompromissoDS.docx\"><span style=\"font-family: arial, helvetica, sans-serif; font-size: 12pt;\"><strong>Novo Termo de Compromisso Bolsa<\/strong><\/span><\/a><\/span><\/p>\n<p><span style=\"color: #ff9900;\"><a style=\"color: #ff9900;\" href=\"https:\/\/wp.ufpel.edu.br\/prograufaurb\/files\/2023\/12\/DeclaraodeAcmulos1.docx\"><span style=\"font-family: arial, helvetica, sans-serif; font-size: 12pt;\"><strong>Declara\u00e7\u00e3o Ac\u00famulo de Bolsa<\/strong><\/span><\/a><\/span><\/p>\n<p><a href=\"https:\/\/wp.ufpel.edu.br\/prograufaurb\/files\/2024\/11\/RelatoriodeEstagioDocencia-2021-Modelo-3.doc\" target=\"_blank\" rel=\"noopener\"><span style=\"color: #ff9900;\"><span style=\"font-family: arial, helvetica, sans-serif; font-size: 12pt;\"><strong>Relat\u00f3rio de Est\u00e1gio Docente (MODELO)<\/strong><\/span><\/span><\/a><\/p>\n<p><a href=\"https:\/\/wp.ufpel.edu.br\/prograufaurb\/files\/2026\/02\/Anexo-3-Relatorio-de-atividades.pdf\" target=\"_blank\" rel=\"noopener\"><span style=\"font-size: 12pt; color: #ff9900;\"><strong><span style=\"font-family: arial, helvetica, sans-serif;\">Relat\u00f3rio Anual de Atividades PROGRAU<\/span><\/strong><\/span><\/a><\/p>\n<p><span style=\"color: #ff9900;\"><a style=\"color: #ff9900;\" href=\"https:\/\/wp.ufpel.edu.br\/prograufaurb\/files\/2023\/12\/Formulario-de-aproveitamento-de-creditos.doc\"><span style=\"font-family: arial, helvetica, sans-serif; font-size: 12pt;\"><strong>Formul\u00e1rio de Aproveitamento de Cr\u00e9ditos<\/strong><\/span><\/a><\/span><\/p>\n<p><a href=\"https:\/\/wp.ufpel.edu.br\/prograufaurb\/files\/2024\/11\/MODELO-PRORROGACAO-DISSERTACAO.docx\" target=\"_blank\" rel=\"noopener\"><span style=\"color: #ff9900;\"><span style=\"font-family: arial, helvetica, sans-serif; font-size: 12pt;\"><strong>Solicita\u00e7\u00e3o de Prorroga\u00e7\u00e3o de Defesa de Disserta\u00e7\u00e3o<\/strong><\/span><\/span><\/a><\/p>\n<p><span style=\"color: #ff9900;\"><a style=\"color: #ff9900;\" href=\"https:\/\/wp.ufpel.edu.br\/prograufaurb\/files\/2023\/12\/TRANCAMENTO-DE-MATRICULA-ATUALIZADO-3.doc\"><span style=\"font-family: arial, helvetica, sans-serif; font-size: 12pt;\"><strong>Trancamento de Matr\u00edcula<\/strong><\/span><\/a><\/span><\/p>\n<p><a href=\"https:\/\/wp.ufpel.edu.br\/prograufaurb\/files\/2025\/09\/Solicitacao-de-auxilio-financeiro-modelo-2.pdf\" target=\"_blank\" rel=\"noopener\"><span style=\"color: #ff9900;\"><span style=\"font-family: arial, helvetica, sans-serif; font-size: 12pt;\"><strong>Solicitac\u0327a\u0303o de Auxi\u0301lio Financeiro (modelo)<\/strong><\/span><\/span><\/a><\/p>\n<p><span style=\"font-size: 12pt; color: #ff9900;\"><strong><a style=\"color: #ff9900;\" href=\"https:\/\/wp.ufpel.edu.br\/prograufaurb\/files\/2024\/10\/RELATORIO-DE-VIAGEM-VISITA-TECNICA.docx\">Relat\u00f3rio\/presta\u00e7\u00e3o de contas aux\u00edlio financeiro<\/a>\u00a0<\/strong><\/span><\/p>\n<p><a href=\"https:\/\/wp.ufpel.edu.br\/prograufaurb\/files\/2024\/11\/Requerimento-de-documentos.pdf\" target=\"_blank\" rel=\"noopener\"><span style=\"color: #ff9900;\"><span style=\"font-family: arial, helvetica, sans-serif; font-size: 12pt;\"><strong>Formul\u00e1rio de Solicita\u00e7\u00e3o de Documentos na Secretaria\u00a0<\/strong><\/span><\/span><\/a><\/p>\n","protected":false},"excerpt":{"rendered":"<p>PRODUC\u0327A\u0303O E ATIVIDADES OBRIGATO\u0301RIAS DISCENTE RESOLU\u00c7\u00c3O 1\/2026 &#8211; DISTRIBUI\u00c7\u00c3O E MANUTEN\u00c7\u00c3O DE BOLSAS Novo Termo de Compromisso Bolsa Declara\u00e7\u00e3o Ac\u00famulo de Bolsa Relat\u00f3rio de Est\u00e1gio Docente (MODELO) Relat\u00f3rio Anual de Atividades PROGRAU Formul\u00e1rio de Aproveitamento de Cr\u00e9ditos Solicita\u00e7\u00e3o de Prorroga\u00e7\u00e3o de Defesa de Disserta\u00e7\u00e3o Trancamento de Matr\u00edcula Solicitac\u0327a\u0303o de Auxi\u0301lio Financeiro (modelo) Relat\u00f3rio\/presta\u00e7\u00e3o de contas [&hellip;]<\/p>\n","protected":false},"author":1345,"featured_media":0,"parent":0,"menu_order":0,"comment_status":"closed","ping_status":"closed","template":"","meta":{"footnotes":""},"class_list":["post-197","page","type-page","status-publish","hentry"],"_links":{"self":[{"href":"https:\/\/wp.ufpel.edu.br\/prograufaurb\/wp-json\/wp\/v2\/pages\/197","targetHints":{"allow":["GET"]}}],"collection":[{"href":"https:\/\/wp.ufpel.edu.br\/prograufaurb\/wp-json\/wp\/v2\/pages"}],"about":[{"href":"https:\/\/wp.ufpel.edu.br\/prograufaurb\/wp-json\/wp\/v2\/types\/page"}],"author":[{"embeddable":true,"href":"https:\/\/wp.ufpel.edu.br\/prograufaurb\/wp-json\/wp\/v2\/users\/1345"}],"replies":[{"embeddable":true,"href":"https:\/\/wp.ufpel.edu.br\/prograufaurb\/wp-json\/wp\/v2\/comments?post=197"}],"version-history":[{"count":4,"href":"https:\/\/wp.ufpel.edu.br\/prograufaurb\/wp-json\/wp\/v2\/pages\/197\/revisions"}],"predecessor-version":[{"id":3365,"href":"https:\/\/wp.ufpel.edu.br\/prograufaurb\/wp-json\/wp\/v2\/pages\/197\/revisions\/3365"}],"wp:attachment":[{"href":"https:\/\/wp.ufpel.edu.br\/prograufaurb\/wp-json\/wp\/v2\/media?parent=197"}],"curies":[{"name":"wp","href":"https:\/\/api.w.org\/{rel}","templated":true}]}}